{"id":15388,"date":"2023-08-23T23:54:40","date_gmt":"2023-08-23T15:54:40","guid":{"rendered":"https:\/\/tononplastics.com\/?post_type=product&#038;p=15388"},"modified":"2024-03-25T13:03:23","modified_gmt":"2024-03-25T05:03:23","slug":"polycarbonate-canopy-clear-pc-awning-600600mm-aluminum-canopy-bracket","status":"publish","type":"product","link":"https:\/\/www.tononplastics.com\/fr\/product\/polycarbonate-canopy-clear-pc-awning-600600mm-aluminum-canopy-bracket\/","title":{"rendered":"Auvent en polycarbonate transparent 600*600mm Support d'auvent en aluminium"},"content":{"rendered":"<figure class=\"wp-block-gallery has-nested-images columns-default is-cropped wp-block-gallery-1 is-layout-flex wp-block-gallery-is-layout-flex\">\n<figure class=\"wp-block-image size-large\"><img fetchpriority=\"high\" decoding=\"async\" width=\"700\" height=\"700\" data-id=\"16070\" src=\"https:\/\/www.tononplastics.com\/wp-content\/uploads\/2024\/03\/f5914ee846c17af2eb989e2af1327d2b.png\" alt=\"\" class=\"wp-image-16070\" title=\"\" srcset=\"https:\/\/www.tononplastics.com\/wp-content\/uploads\/2024\/03\/f5914ee846c17af2eb989e2af1327d2b.png 700w, https:\/\/www.tononplastics.com\/wp-content\/uploads\/2024\/03\/f5914ee846c17af2eb989e2af1327d2b-300x300.png 300w, https:\/\/www.tononplastics.com\/wp-content\/uploads\/2024\/03\/f5914ee846c17af2eb989e2af1327d2b-150x150.png 150w, https:\/\/www.tononplastics.com\/wp-content\/uploads\/2024\/03\/f5914ee846c17af2eb989e2af1327d2b-12x12.png 12w\" sizes=\"(max-width: 700px) 100vw, 700px\" \/><\/figure>\n\n\n\n<figure class=\"wp-block-image size-large\"><img decoding=\"async\" width=\"712\" height=\"499\" data-id=\"15376\" src=\"https:\/\/www.tononplastics.com\/wp-content\/uploads\/2023\/08\/H145c9c7432d4497e82ab7af0f96fa1d5d.png\" alt=\"\" class=\"wp-image-15376\" title=\"\" srcset=\"https:\/\/www.tononplastics.com\/wp-content\/uploads\/2023\/08\/H145c9c7432d4497e82ab7af0f96fa1d5d.png 712w, https:\/\/www.tononplastics.com\/wp-content\/uploads\/2023\/08\/H145c9c7432d4497e82ab7af0f96fa1d5d-300x210.png 300w\" sizes=\"(max-width: 712px) 100vw, 712px\" \/><\/figure>\n<\/figure>\n\n\n<p>1. design novateur 100cm en alliage d'aluminium<br \/>2. assemblage et installation faciles<br \/>3. r\u00e9sistant aux intemp\u00e9ries<br \/>4. Peu d'entretien<\/p>\n<div>\n<p><strong>polycarbonate auvent en aluminium<\/strong><br \/>1. 1000X1200mm<br \/>2. 2010Ann\u00e9e Conception nouvelle et in\u00e9dite<br \/>3,20 ans garantis<br \/>4. Simplement install\u00e9<\/p>\n<p>\u00a0\u00a0\u00a0\u00a0 Les mat\u00e9riaux utilis\u00e9s pour les auvents sur le march\u00e9 actuel ne sont pas toujours tr\u00e8s convenables, surtout par mauvais temps.  Le store en toile ne r\u00e9siste pas au vent violent, tandis que l'acrylique se brise facilement. En revanche, le store en inox le plus solide fait beaucoup de bruit lorsqu'il pleut.<\/p>\n<p>\u00a0\u00a0\u00a0\u00a0\u00a0\u00a0\u00a0\u00a0\u00a0\u00a0\u00a0\u00a0\u00a0\u00a0 L'auvent en polycarbonate peut r\u00e9soudre ce probl\u00e8me de mani\u00e8re excellente. Il est assembl\u00e9 \u00e0 l'aide d'un support en alliage plastique flexible et d'une feuille de polycarbonate. Cette nouvelle conception est simple, mais elle change la fa\u00e7on traditionnelle de personnaliser l'auvent non standard et de souder l'armature en acier.\u00a0<\/p>\n<p>\u00a0\u00a0\u00a0\u00a0\u00a0\u00a0\u00a0\u00a0\u00a0\u00a0\u00a0\u00a0\u00a0\u00a0L'auvent en polycarbonate est de conception nouvelle, solide et durable.  Il peut \u00eatre install\u00e9 au-dessus d'une porte, d'une fen\u00eatre, d'un climatiseur, d'un distributeur automatique de billets, d'une bo\u00eete aux lettres \u00e0 l'ext\u00e9rieur, etc. pour prot\u00e9ger du soleil et des temp\u00eates. Les pi\u00e8ces d'assemblage sont toutes produites en quantit\u00e9 par des machines de qualit\u00e9 constante. Son incorruptibilit\u00e9 peut \u00eatre test\u00e9e par l'impact d'une bille d'acier de 4,5 kg et son anti-vieillissement test\u00e9 par un test de vieillissement acc\u00e9l\u00e9r\u00e9 montrant une dur\u00e9e de vie de 15 ans utilis\u00e9 \u00e0 l'ext\u00e9rieur - 8 \u00e0 15 fois comme un auvent ordinaire. De plus, il est prot\u00e9g\u00e9 contre les UV et peut r\u00e9sister au typhon 12.  Cette s\u00e9rie est prot\u00e9g\u00e9e par un brevet et b\u00e9n\u00e9ficie d'une qualit\u00e9 constante.<\/p>\n<p>\u00a0\u00a0\u00a0\u00a0\u00a0\u00a0\u00a0\u00a0\u00a0\u00a0\u00a0\u00a0Le store en polycarbonate est produit en quantit\u00e9 et sa qualit\u00e9 est garantie.  Il est facile \u00e0 installer et constitue le meilleur choix pour la solution d'auvent pour les promoteurs immobiliers et les soci\u00e9t\u00e9s de gestion immobili\u00e8re.  Il n'est pas n\u00e9cessaire d'avoir un atelier et des ouvriers pour fabriquer le store traditionnel en acier, ce qui permet de r\u00e9duire les co\u00fbts.<\/p>\n<p>\u00a0<img decoding=\"async\" src=\"https:\/\/sc01.alicdn.com\/kf\/H099167a0f65f4900bf63ad604b9e13e7V\/200162319\/H099167a0f65f4900bf63ad604b9e13e7V.jpg\" alt=\"Auvent en polycarbonate transparent 600*600mm Support d&#039;auvent en aluminium\" width=\"630\" height=\"630\" data-src=\"\/\/sc01.alicdn.com\/kf\/H099167a0f65f4900bf63ad604b9e13e7V\/200162319\/H099167a0f65f4900bf63ad604b9e13e7V.jpg\" data-alt=\"Polycarbonate canopy clear pc awning 600*600mm Aluminum canopy bracket\" data-width=\"630\" data- title=\"\"><img decoding=\"async\" src=\"https:\/\/sc02.alicdn.com\/kf\/HTB1c_rWJVXXXXXfXXXXq6xXFXXX4\/200162319\/HTB1c_rWJVXXXXXfXXXXq6xXFXXX4.jpg\" alt=\"Auvent en polycarbonate transparent 600*600mm Support d&#039;auvent en aluminium\" width=\"630\" height=\"436.9893899204244\" data-src=\"\/\/sc02.alicdn.com\/kf\/HTB1c_rWJVXXXXXfXXXXq6xXFXXX4\/200162319\/HTB1c_rWJVXXXXXfXXXXq6xXFXXX4.jpg\" data-alt=\"Polycarbonate canopy clear pc awning 600*600mm Aluminum canopy bracket\" data-width=\"630\" data- title=\"\"><img decoding=\"async\" src=\"https:\/\/sc02.alicdn.com\/kf\/Hab2ac95f2ca34cec9459c4b7915aac1ef\/200162319\/Hab2ac95f2ca34cec9459c4b7915aac1ef.png\" alt=\"Auvent en polycarbonate transparent 600*600mm Support d&#039;auvent en aluminium\" width=\"630\" height=\"507.27272727272725\" data-src=\"\/\/sc02.alicdn.com\/kf\/Hab2ac95f2ca34cec9459c4b7915aac1ef\/200162319\/Hab2ac95f2ca34cec9459c4b7915aac1ef.png\" data-alt=\"Polycarbonate canopy clear pc awning 600*600mm Aluminum canopy bracket\" data-width=\"630\" data- title=\"\"><img decoding=\"async\" src=\"https:\/\/sc01.alicdn.com\/kf\/H9272fa42caf843959a9af6e8f6554a49Z\/200162319\/H9272fa42caf843959a9af6e8f6554a49Z.jpg\" alt=\"Auvent en polycarbonate transparent 600*600mm Support d&#039;auvent en aluminium\" width=\"630\" height=\"420.21000000000004\" data-src=\"\/\/sc01.alicdn.com\/kf\/H9272fa42caf843959a9af6e8f6554a49Z\/200162319\/H9272fa42caf843959a9af6e8f6554a49Z.jpg\" data-alt=\"Polycarbonate canopy clear pc awning 600*600mm Aluminum canopy bracket\" data-width=\"630\" data- title=\"\"><img decoding=\"async\" src=\"https:\/\/sc01.alicdn.com\/kf\/H8ab2ccf15d5542e7a82269c541d00856p\/200162319\/H8ab2ccf15d5542e7a82269c541d00856p.jpg\" alt=\"Auvent en polycarbonate transparent 600*600mm Support d&#039;auvent en aluminium\" width=\"630\" height=\"420.21000000000004\" data-src=\"\/\/sc01.alicdn.com\/kf\/H8ab2ccf15d5542e7a82269c541d00856p\/200162319\/H8ab2ccf15d5542e7a82269c541d00856p.jpg\" data-alt=\"Polycarbonate canopy clear pc awning 600*600mm Aluminum canopy bracket\" data-width=\"630\" data- title=\"\"><\/p>\n<\/div>\n<div id=\"ali-anchor-AliPostDhMb-7du1m\" data-section=\"AliPostDhMb-7du1m\" data-section-title=\"Packaging &amp; Shipping\">\n<div id=\"ali-title-AliPostDhMb-7du1m\">Emballage et exp\u00e9dition<\/div>\n<div>\n<p>\u00a0<img decoding=\"async\" src=\"https:\/\/sc01.alicdn.com\/kf\/Hb3bdebb96a2849458ce6dfcbaa19c5d15\/200162319\/Hb3bdebb96a2849458ce6dfcbaa19c5d15.png\" alt=\"Auvent en polycarbonate transparent 600*600mm Support d&#039;auvent en aluminium\" width=\"630\" height=\"312.9083665338646\" data-src=\"\/\/sc01.alicdn.com\/kf\/Hb3bdebb96a2849458ce6dfcbaa19c5d15\/200162319\/Hb3bdebb96a2849458ce6dfcbaa19c5d15.png\" data-alt=\"Polycarbonate canopy clear pc awning 600*600mm Aluminum canopy bracket\" data-width=\"630\" data- title=\"\"><img decoding=\"async\" src=\"https:\/\/sc02.alicdn.com\/kf\/Hd05fdb0988024155a7956963ea5973acD\/200162319\/Hd05fdb0988024155a7956963ea5973acD.png\" alt=\"Auvent en polycarbonate transparent 600*600mm Support d&#039;auvent en aluminium\" width=\"630\" height=\"474.58885941644564\" data-src=\"\/\/sc02.alicdn.com\/kf\/Hd05fdb0988024155a7956963ea5973acD\/200162319\/Hd05fdb0988024155a7956963ea5973acD.png\" data-alt=\"Polycarbonate canopy clear pc awning 600*600mm Aluminum canopy bracket\" data-width=\"630\" data- title=\"\"><img decoding=\"async\" src=\"https:\/\/sc02.alicdn.com\/kf\/H02a52324dc024cdcbaee8c550d0c5b3cR\/200162319\/H02a52324dc024cdcbaee8c550d0c5b3cR.png\" alt=\"Auvent en polycarbonate transparent 600*600mm Support d&#039;auvent en aluminium\" width=\"630\" height=\"214.7347480106101\" data-src=\"\/\/sc02.alicdn.com\/kf\/H02a52324dc024cdcbaee8c550d0c5b3cR\/200162319\/H02a52324dc024cdcbaee8c550d0c5b3cR.png\" data-alt=\"Polycarbonate canopy clear pc awning 600*600mm Aluminum canopy bracket\" data-width=\"630\" data- title=\"\"><\/p>\n<\/div>\n<\/div>","protected":false},"featured_media":14364,"parent":0,"template":"","product-catagories":[171],"product-tag":[],"class_list":["post-15388","product","type-product","status-publish","has-post-thumbnail","hentry","product-catagories-awning"],"acf":[],"_links":{"self":[{"href":"https:\/\/www.tononplastics.com\/fr\/wp-json\/wp\/v2\/product\/15388","targetHints":{"allow":["GET"]}}],"collection":[{"href":"https:\/\/www.tononplastics.com\/fr\/wp-json\/wp\/v2\/product"}],"about":[{"href":"https:\/\/www.tononplastics.com\/fr\/wp-json\/wp\/v2\/types\/product"}],"version-history":[{"count":0,"href":"https:\/\/www.tononplastics.com\/fr\/wp-json\/wp\/v2\/product\/15388\/revisions"}],"wp:featuredmedia":[{"embeddable":true,"href":"https:\/\/www.tononplastics.com\/fr\/wp-json\/wp\/v2\/media\/14364"}],"wp:attachment":[{"href":"https:\/\/www.tononplastics.com\/fr\/wp-json\/wp\/v2\/media?parent=15388"}],"wp:term":[{"taxonomy":"product-catagories","embeddable":true,"href":"https:\/\/www.tononplastics.com\/fr\/wp-json\/wp\/v2\/product-catagories?post=15388"},{"taxonomy":"product-tag","embeddable":true,"href":"https:\/\/www.tononplastics.com\/fr\/wp-json\/wp\/v2\/product-tag?post=15388"}],"curies":[{"name":"wp","href":"https:\/\/api.w.org\/{rel}","templated":true}]}}