{"id":15390,"date":"2023-08-23T23:55:39","date_gmt":"2023-08-23T15:55:39","guid":{"rendered":"https:\/\/tononplastics.com\/?post_type=product&#038;p=15390"},"modified":"2024-03-25T13:08:22","modified_gmt":"2024-03-25T05:08:22","slug":"polycarbonate-awning-roof-canopy-diy-awning-door-aanopy-window-awning-canopy","status":"publish","type":"product","link":"https:\/\/www.tononplastics.com\/fr\/product\/polycarbonate-awning-roof-canopy-diy-awning-door-aanopy-window-awning-canopy\/","title":{"rendered":"Auvent de toit en polycarbonate auvent DIY auvent de porte auvent de fen\u00eatre auvent de fen\u00eatre"},"content":{"rendered":"<p><strong>Caract\u00e9ristiques du produit<\/strong><br \/>\nR\u00e9sistance au vent,R\u00e9sistance aux chocs,Anti-vieillissement,Anti-corrosion,Auto-nettoyage par l'eau de pluie<br \/>\nConception courb\u00e9e pour r\u00e9duire le bruit, filtration UV, transmission de la lumi\u00e8re 80%<br \/>\nFeuille:Feuille solide en PC, Feuille solaire en PC<br \/>\nMat\u00e9riau du support de l'auvent : fonte d'aluminium<br \/>\nPi\u00e8ces de raccordement : Profil\u00e9 en aluminium<br \/>\nAccessoires:boulon d'expansion<br \/>\n<strong>Dimension:600mm,800mm,1000mm,1200mm<\/strong><\/p>\n<p><strong>Sp\u00e9cification :<\/strong><\/p>\n<table class=\"aliDataTable\" style=\"height: 628px;\" width=\"810\">\n<tbody>\n<tr align=\"left\">\n<td valign=\"top\">\n<p>Non.<\/td>\n<td align=\"center\" valign=\"top\">\n<p>Mod\u00e8le<\/td>\n<td valign=\"top\">\n<p>Spec.(w*D)mm<\/td>\n<\/tr>\n<tr align=\"left\">\n<td rowspan=\"5\" valign=\"top\">\n<p>Auvent am\u00e9ricain<\/td>\n<td align=\"center\" valign=\"top\">\n<p>600<\/td>\n<td valign=\"top\">\n<p>600*600, 600*800, 600*1000<\/td>\n<\/tr>\n<tr align=\"left\">\n<td align=\"center\" valign=\"top\">\n<p>800<\/td>\n<td valign=\"top\">\n<p>800*800 ,800*1000, 800*1200<\/td>\n<\/tr>\n<tr align=\"left\">\n<td align=\"center\" valign=\"top\">\n<p>1000<\/td>\n<td valign=\"top\">\n<p>1000*1000 ,1000*1200,1000*1500<\/td>\n<\/tr>\n<tr align=\"left\">\n<td align=\"center\" valign=\"top\">\n<p>1200<\/td>\n<td valign=\"top\">\n<p>1200*1200 ,1200*1000,,1200*1500<\/td>\n<\/tr>\n<tr align=\"left\">\n<td align=\"center\" valign=\"top\">\n<p>1500<\/td>\n<td valign=\"top\">\n<p>1500*1000 ,1500*1200<\/td>\n<\/tr>\n<\/tbody>\n<\/table>\n<div><strong>Panneau Type de feuille :<\/strong> Feuille solide en polycarbonate, feuille creuse en polycarbonate<\/div>\n<div><strong>Mat\u00e9riau du support :<\/strong> PP ou aluminium<\/div>\n<div><strong>Connexion :<\/strong> Profil\u00e9s en aluminium<\/div>\n<div><strong>Accessoires :<\/strong>Boulon en acier inoxydable<\/div>\n<div><\/div>\n<div><img fetchpriority=\"high\" decoding=\"async\" src=\"https:\/\/sc02.alicdn.com\/kf\/HTB1c_rWJVXXXXXfXXXXq6xXFXXX4\/200162319\/HTB1c_rWJVXXXXXfXXXXq6xXFXXX4.jpg\" alt=\"Auvent de toit en polycarbonate auvent DIY auvent de porte auvent de fen\u00eatre auvent de fen\u00eatre\" width=\"630\" height=\"437\" data-src=\"\/\/sc02.alicdn.com\/kf\/HTB1c_rWJVXXXXXfXXXXq6xXFXXX4\/200162319\/HTB1c_rWJVXXXXXfXXXXq6xXFXXX4.jpg\" data-alt=\"Polycarbonate Awning roof Canopy DIY Awning Door Aanopy Window Awning Canopy\" data-width=\"630\" data-height=\"437\" data- title=\"\"><\/div>\n<div><img decoding=\"async\" src=\"https:\/\/sc02.alicdn.com\/kf\/HTB1xO6PJVXXXXXQXpXXq6xXFXXXE\/200162319\/HTB1xO6PJVXXXXXQXpXXq6xXFXXXE.jpg\" alt=\"Auvent de toit en polycarbonate auvent DIY auvent de porte auvent de fen\u00eatre auvent de fen\u00eatre\" width=\"630\" height=\"763.5600000000001\" data-src=\"\/\/sc02.alicdn.com\/kf\/HTB1xO6PJVXXXXXQXpXXq6xXFXXXE\/200162319\/HTB1xO6PJVXXXXXQXpXXq6xXFXXXE.jpg\" data-alt=\"Polycarbonate Awning roof Canopy DIY Awning Door Aanopy Window Awning Canopy\" data-width=\"630\" data- title=\"\"><\/div>\n<div>\n<p><img decoding=\"async\" src=\"https:\/\/sc01.alicdn.com\/kf\/H2f4db787a3b343c8b287bd745f006630r\/200162319\/H2f4db787a3b343c8b287bd745f006630r.png\" alt=\"Auvent de toit en polycarbonate auvent DIY auvent de porte auvent de fen\u00eatre auvent de fen\u00eatre\" width=\"630\" height=\"362.2162740899357\" data-src=\"\/\/sc01.alicdn.com\/kf\/H2f4db787a3b343c8b287bd745f006630r\/200162319\/H2f4db787a3b343c8b287bd745f006630r.png\" data-alt=\"Polycarbonate Awning roof Canopy DIY Awning Door Aanopy Window Awning Canopy\" data-width=\"630\" data- title=\"\"><\/p>\n<p><strong style=\"color: initial;\">Emballage et exp\u00e9dition<\/strong><\/p>\n<\/div>\n<div id=\"ali-anchor-AliPostDhMb-1bdoq\" data-section=\"AliPostDhMb-1bdoq\" data-section-title=\"Packaging &amp; Shipping\">\n<div>\n<p>\u00a0<img decoding=\"async\" src=\"https:\/\/sc01.alicdn.com\/kf\/Hb3bdebb96a2849458ce6dfcbaa19c5d15\/200162319\/Hb3bdebb96a2849458ce6dfcbaa19c5d15.png\" alt=\"Auvent de toit en polycarbonate auvent DIY auvent de porte auvent de fen\u00eatre auvent de fen\u00eatre\" width=\"630\" height=\"312.9083665338646\" data-src=\"\/\/sc01.alicdn.com\/kf\/Hb3bdebb96a2849458ce6dfcbaa19c5d15\/200162319\/Hb3bdebb96a2849458ce6dfcbaa19c5d15.png\" data-alt=\"Polycarbonate Awning roof Canopy DIY Awning Door Aanopy Window Awning Canopy\" data-width=\"630\" data- title=\"\"><img decoding=\"async\" src=\"https:\/\/sc02.alicdn.com\/kf\/Hd05fdb0988024155a7956963ea5973acD\/200162319\/Hd05fdb0988024155a7956963ea5973acD.png\" alt=\"Auvent de toit en polycarbonate auvent DIY auvent de porte auvent de fen\u00eatre auvent de fen\u00eatre\" width=\"630\" height=\"474.58885941644564\" data-src=\"\/\/sc02.alicdn.com\/kf\/Hd05fdb0988024155a7956963ea5973acD\/200162319\/Hd05fdb0988024155a7956963ea5973acD.png\" data-alt=\"Polycarbonate Awning roof Canopy DIY Awning Door Aanopy Window Awning Canopy\" data-width=\"630\" data- title=\"\"><img decoding=\"async\" src=\"https:\/\/sc02.alicdn.com\/kf\/H02a52324dc024cdcbaee8c550d0c5b3cR\/200162319\/H02a52324dc024cdcbaee8c550d0c5b3cR.png\" alt=\"Auvent de toit en polycarbonate auvent DIY auvent de porte auvent de fen\u00eatre auvent de fen\u00eatre\" width=\"630\" height=\"214.7347480106101\" data-src=\"\/\/sc02.alicdn.com\/kf\/H02a52324dc024cdcbaee8c550d0c5b3cR\/200162319\/H02a52324dc024cdcbaee8c550d0c5b3cR.png\" data-alt=\"Polycarbonate Awning roof Canopy DIY Awning Door Aanopy Window Awning Canopy\" data-width=\"630\" data- title=\"\"><\/p>\n<\/div>\n<\/div>","protected":false},"featured_media":15376,"parent":0,"template":"","product-catagories":[171],"product-tag":[],"class_list":["post-15390","product","type-product","status-publish","has-post-thumbnail","hentry","product-catagories-awning"],"acf":[],"_links":{"self":[{"href":"https:\/\/www.tononplastics.com\/fr\/wp-json\/wp\/v2\/product\/15390","targetHints":{"allow":["GET"]}}],"collection":[{"href":"https:\/\/www.tononplastics.com\/fr\/wp-json\/wp\/v2\/product"}],"about":[{"href":"https:\/\/www.tononplastics.com\/fr\/wp-json\/wp\/v2\/types\/product"}],"version-history":[{"count":0,"href":"https:\/\/www.tononplastics.com\/fr\/wp-json\/wp\/v2\/product\/15390\/revisions"}],"wp:featuredmedia":[{"embeddable":true,"href":"https:\/\/www.tononplastics.com\/fr\/wp-json\/wp\/v2\/media\/15376"}],"wp:attachment":[{"href":"https:\/\/www.tononplastics.com\/fr\/wp-json\/wp\/v2\/media?parent=15390"}],"wp:term":[{"taxonomy":"product-catagories","embeddable":true,"href":"https:\/\/www.tononplastics.com\/fr\/wp-json\/wp\/v2\/product-catagories?post=15390"},{"taxonomy":"product-tag","embeddable":true,"href":"https:\/\/www.tononplastics.com\/fr\/wp-json\/wp\/v2\/product-tag?post=15390"}],"curies":[{"name":"wp","href":"https:\/\/api.w.org\/{rel}","templated":true}]}}