{"id":15392,"date":"2023-08-23T23:57:06","date_gmt":"2023-08-23T15:57:06","guid":{"rendered":"https:\/\/tononplastics.com\/?post_type=product&#038;p=15392"},"modified":"2024-03-25T17:18:59","modified_gmt":"2024-03-25T09:18:59","slug":"durable-polycarbonate-window-awning-brackets-for-canopy","status":"publish","type":"product","link":"https:\/\/www.tononplastics.com\/fr\/product\/durable-polycarbonate-window-awning-brackets-for-canopy\/","title":{"rendered":"Supports en polycarbonate durables pour auvent de fen\u00eatre"},"content":{"rendered":"<p><strong>Auvent Caract\u00e9ristique du produit :<\/strong><\/p>\n<p data-spm-anchor-id=\"a2700.details.0.i27.5cb425173i2LV2\">R\u00e9sistance au vent, r\u00e9sistance aux chocs, antivieillissement, anticorrosion, autonettoyage par l'eau de pluie, conception courb\u00e9e pour r\u00e9duire le bruit, filtration des UV, transmission de la lumi\u00e8re 80%.<\/p>\n<p><strong>La sp\u00e9cification de l'auvent :<\/strong><\/p>\n<table class=\"aliDataTable\" style=\"width: 636px; height: 560px;\">\n<tbody>\n<tr style=\"height: 28px;\" align=\"left\">\n<td style=\"height: 28px;\" valign=\"top\">\n<p>Non.<\/p>\n<\/td>\n<td style=\"height: 28px;\" align=\"center\" valign=\"top\">\n<p>Mod\u00e8le<\/p>\n<\/td>\n<td style=\"height: 28px;\" valign=\"top\">\n<p>Spec.(w*D)mm<\/p>\n<\/td>\n<\/tr>\n<tr style=\"height: 118px;\" align=\"left\">\n<td style=\"height: 590px;\" rowspan=\"5\" valign=\"top\">\n<p>Auvent am\u00e9ricain<\/p>\n<\/td>\n<td style=\"height: 118px;\" align=\"center\" valign=\"top\">\n<p>600<\/p>\n<\/td>\n<td style=\"height: 118px;\" valign=\"top\">\n<p>600*600, 600*800, 600*1000<\/p>\n<\/td>\n<\/tr>\n<tr style=\"height: 118px;\" align=\"left\">\n<td style=\"height: 118px;\" align=\"center\" valign=\"top\">\n<p>800<\/p>\n<\/td>\n<td style=\"height: 118px;\" valign=\"top\">\n<p>800*800 ,800*1000, 800*1200<\/p>\n<\/td>\n<\/tr>\n<tr style=\"height: 118px;\" align=\"left\">\n<td style=\"height: 118px;\" align=\"center\" valign=\"top\">\n<p>1000<\/p>\n<\/td>\n<td style=\"height: 118px;\" valign=\"top\">\n<p>1000*1000 ,1000*1200,1000*1500<\/p>\n<\/td>\n<\/tr>\n<tr style=\"height: 118px;\" align=\"left\">\n<td style=\"height: 118px;\" align=\"center\" valign=\"top\">\n<p>1200<\/p>\n<\/td>\n<td style=\"height: 118px;\" valign=\"top\">\n<p>1200*1200 ,1200*1000,,1200*1500<\/p>\n<\/td>\n<\/tr>\n<tr style=\"height: 118px;\" align=\"left\">\n<td style=\"height: 118px;\" align=\"center\" valign=\"top\">\n<p>1500<\/p>\n<\/td>\n<td style=\"height: 118px;\" valign=\"top\">\n<p>1500*1000 ,1500*1200<\/p>\n<\/td>\n<\/tr>\n<\/tbody>\n<\/table>\n<div><img decoding=\"async\" src=\"https:\/\/sc02.alicdn.com\/kf\/HTB1c_rWJVXXXXXfXXXXq6xXFXXX4\/200162319\/HTB1c_rWJVXXXXXfXXXXq6xXFXXX4.jpg\" alt=\"Supports en polycarbonate durables pour auvent de fen\u00eatre\" width=\"630\" height=\"436.9893899204244\" data-src=\"\/\/sc02.alicdn.com\/kf\/HTB1c_rWJVXXXXXfXXXXq6xXFXXX4\/200162319\/HTB1c_rWJVXXXXXfXXXXq6xXFXXX4.jpg\" data-alt=\"Durable polycarbonate window awning brackets for canopy\" data-width=\"630\" data- title=\"\"><\/div>\n<div><img decoding=\"async\" src=\"https:\/\/sc02.alicdn.com\/kf\/HTB1xO6PJVXXXXXQXpXXq6xXFXXXE\/200162319\/HTB1xO6PJVXXXXXQXpXXq6xXFXXXE.jpg\" alt=\"Supports en polycarbonate durables pour auvent de fen\u00eatre\" width=\"630\" height=\"763.5600000000001\" data-src=\"\/\/sc02.alicdn.com\/kf\/HTB1xO6PJVXXXXXQXpXXq6xXFXXXE\/200162319\/HTB1xO6PJVXXXXXQXpXXq6xXFXXXE.jpg\" data-alt=\"Durable polycarbonate window awning brackets for canopy\" data-width=\"630\" data- title=\"\"><\/div>\n<div>\u00a0<\/div>\n<div id=\"ali-anchor-AliPostDhMb-w8n97\" data-section=\"AliPostDhMb-w8n97\" data-section-title=\"Packaging &amp; Shipping\">\n<div id=\"ali-title-AliPostDhMb-w8n97\"><strong>Emballage et exp\u00e9dition<\/strong><\/div>\n<div>\n<p>\u00a0<img decoding=\"async\" src=\"https:\/\/sc01.alicdn.com\/kf\/HTB1whXpKXXXXXckXFXXq6xXFXXXA\/200162319\/HTB1whXpKXXXXXckXFXXq6xXFXXXA.jpg\" width=\"630\" height=\"191.33858267716533\" data-src=\"\/\/sc01.alicdn.com\/kf\/HTB1whXpKXXXXXckXFXXq6xXFXXXA\/200162319\/HTB1whXpKXXXXXckXFXXq6xXFXXXA.jpg\" data-width=\"630\" data- alt=\"\" title=\"\"><\/p>\n<p>\u00a0<\/p>\n<\/div>\n<\/div>\n<p><strong><span style=\"font-size: revert; color: initial;\">Transmission de la lumi\u00e8re<\/span><\/strong><\/p>\n<div>\n<p>La transmission de la lumi\u00e8re atteint 12%-82% en fonction de la couleur et de l'\u00e9paisseur.<\/p>\n<p><strong>Protection contre les UV<\/strong><br \/>Gr\u00e2ce \u00e0 un rev\u00eatement anti-UV exclusif, les lanterneaux en polycarbonate conservent des performances m\u00e9caniques et optiques parfaites apr\u00e8s avoir \u00e9t\u00e9 expos\u00e9s.<\/p>\n<p><strong>Capacit\u00e9 m\u00e9t\u00e9orologique<\/strong><br \/>Il est tr\u00e8s r\u00e9sistant aux intemp\u00e9ries et conserve d'excellentes performances dans une large gamme de temp\u00e9ratures allant de -40\u00b0C \u00e0 120\u00b0C.<br \/>Retardateur de flamme :UL Flammability 94 V-2<\/p>\n<p><strong>Installation facile<\/strong><br \/>Facile \u00e0 installer et pliable \u00e0 froid<\/p>\n<p><strong>R\u00e9sistance aux chocs<\/strong><br \/>250-300 fois la r\u00e9sistance \u00e0 l'impact du verre ordinaire et 30 fois celle des panneaux acryliques de m\u00eame \u00e9paisseur, soit 2-20 fois la r\u00e9sistance du verre tremp\u00e9 tombant de deux m\u00e8tres sous un marteau de 3 kg, sans fissure ni cassure.<\/p>\n<p><img decoding=\"async\" src=\"https:\/\/sc01.alicdn.com\/kf\/H0ae698f80b9840449576927fcabf54feZ\/200162319\/H0ae698f80b9840449576927fcabf54feZ.jpg\" alt=\"Supports en polycarbonate durables pour auvent de fen\u00eatre\" width=\"630\" height=\"662.76\" data-src=\"\/\/sc01.alicdn.com\/kf\/H0ae698f80b9840449576927fcabf54feZ\/200162319\/H0ae698f80b9840449576927fcabf54feZ.jpg\" data-alt=\"Durable polycarbonate window awning brackets for canopy\" data-width=\"630\" data- title=\"\"><img decoding=\"async\" src=\"https:\/\/sc02.alicdn.com\/kf\/HTB1c_rWJVXXXXXfXXXXq6xXFXXX4\/200162319\/HTB1c_rWJVXXXXXfXXXXq6xXFXXX4.jpg\" alt=\"Supports en polycarbonate durables pour auvent de fen\u00eatre\" width=\"630\" height=\"436.9893899204244\" data-src=\"\/\/sc02.alicdn.com\/kf\/HTB1c_rWJVXXXXXfXXXXq6xXFXXX4\/200162319\/HTB1c_rWJVXXXXXfXXXXq6xXFXXX4.jpg\" data-alt=\"Durable polycarbonate window awning brackets for canopy\" data-width=\"630\" data- title=\"\"><img decoding=\"async\" src=\"https:\/\/sc01.alicdn.com\/kf\/H8ab2ccf15d5542e7a82269c541d00856p\/200162319\/H8ab2ccf15d5542e7a82269c541d00856p.jpg\" alt=\"Supports en polycarbonate durables pour auvent de fen\u00eatre\" width=\"630\" height=\"420.21000000000004\" data-src=\"\/\/sc01.alicdn.com\/kf\/H8ab2ccf15d5542e7a82269c541d00856p\/200162319\/H8ab2ccf15d5542e7a82269c541d00856p.jpg\" data-alt=\"Durable polycarbonate window awning brackets for canopy\" data-width=\"630\" data- title=\"\"><img decoding=\"async\" src=\"https:\/\/sc01.alicdn.com\/kf\/Hd35db4f291a3474c9fed03fab96b343dt\/200162319\/Hd35db4f291a3474c9fed03fab96b343dt.jpg\" alt=\"Supports en polycarbonate durables pour auvent de fen\u00eatre\" width=\"630\" height=\"420.21000000000004\" data-src=\"\/\/sc01.alicdn.com\/kf\/Hd35db4f291a3474c9fed03fab96b343dt\/200162319\/Hd35db4f291a3474c9fed03fab96b343dt.jpg\" data-alt=\"Durable polycarbonate window awning brackets for canopy\" data-width=\"630\" data- title=\"\"><\/p>\n<\/div>","protected":false},"featured_media":15401,"parent":0,"template":"","product-catagories":[171],"product-tag":[],"class_list":["post-15392","product","type-product","status-publish","has-post-thumbnail","hentry","product-catagories-awning"],"acf":[],"_links":{"self":[{"href":"https:\/\/www.tononplastics.com\/fr\/wp-json\/wp\/v2\/product\/15392","targetHints":{"allow":["GET"]}}],"collection":[{"href":"https:\/\/www.tononplastics.com\/fr\/wp-json\/wp\/v2\/product"}],"about":[{"href":"https:\/\/www.tononplastics.com\/fr\/wp-json\/wp\/v2\/types\/product"}],"version-history":[{"count":0,"href":"https:\/\/www.tononplastics.com\/fr\/wp-json\/wp\/v2\/product\/15392\/revisions"}],"wp:featuredmedia":[{"embeddable":true,"href":"https:\/\/www.tononplastics.com\/fr\/wp-json\/wp\/v2\/media\/15401"}],"wp:attachment":[{"href":"https:\/\/www.tononplastics.com\/fr\/wp-json\/wp\/v2\/media?parent=15392"}],"wp:term":[{"taxonomy":"product-catagories","embeddable":true,"href":"https:\/\/www.tononplastics.com\/fr\/wp-json\/wp\/v2\/product-catagories?post=15392"},{"taxonomy":"product-tag","embeddable":true,"href":"https:\/\/www.tononplastics.com\/fr\/wp-json\/wp\/v2\/product-tag?post=15392"}],"curies":[{"name":"wp","href":"https:\/\/api.w.org\/{rel}","templated":true}]}}