{"id":15394,"date":"2023-08-24T00:01:21","date_gmt":"2023-08-23T16:01:21","guid":{"rendered":"https:\/\/tononplastics.com\/?post_type=product&#038;p=15394"},"modified":"2024-04-22T09:03:42","modified_gmt":"2024-04-22T01:03:42","slug":"songlang-polycarbonate-profile-h","status":"publish","type":"product","link":"https:\/\/www.tononplastics.com\/fr\/product\/songlang-polycarbonate-profile-h\/","title":{"rendered":"Polycarbonate Profil H"},"content":{"rendered":"<figure class=\"wp-block-gallery has-nested-images columns-default is-cropped wp-block-gallery-1 is-layout-flex wp-block-gallery-is-layout-flex\">\n<figure class=\"wp-block-image size-large\"><img fetchpriority=\"high\" decoding=\"async\" width=\"800\" height=\"800\" data-id=\"13968\" src=\"https:\/\/www.tononplastics.com\/wp-content\/uploads\/2023\/05\/polycarbonate-redge-cap.jpg\" alt=\"\" class=\"wp-image-13968\" title=\"\" srcset=\"https:\/\/www.tononplastics.com\/wp-content\/uploads\/2023\/05\/polycarbonate-redge-cap.jpg 800w, https:\/\/www.tononplastics.com\/wp-content\/uploads\/2023\/05\/polycarbonate-redge-cap-300x300.jpg 300w, https:\/\/www.tononplastics.com\/wp-content\/uploads\/2023\/05\/polycarbonate-redge-cap-150x150.jpg 150w, https:\/\/www.tononplastics.com\/wp-content\/uploads\/2023\/05\/polycarbonate-redge-cap-768x768.jpg 768w\" sizes=\"(max-width: 800px) 100vw, 800px\" \/><\/figure>\n\n\n\n<figure class=\"wp-block-image size-large\"><img decoding=\"async\" width=\"800\" height=\"800\" data-id=\"13745\" src=\"https:\/\/www.tononplastics.com\/wp-content\/uploads\/2023\/05\/transparent-roofing-sheet.jpg\" alt=\"\" class=\"wp-image-13745\" title=\"\" srcset=\"https:\/\/www.tononplastics.com\/wp-content\/uploads\/2023\/05\/transparent-roofing-sheet.jpg 800w, https:\/\/www.tononplastics.com\/wp-content\/uploads\/2023\/05\/transparent-roofing-sheet-300x300.jpg 300w, https:\/\/www.tononplastics.com\/wp-content\/uploads\/2023\/05\/transparent-roofing-sheet-150x150.jpg 150w, https:\/\/www.tononplastics.com\/wp-content\/uploads\/2023\/05\/transparent-roofing-sheet-768x768.jpg 768w\" sizes=\"(max-width: 800px) 100vw, 800px\" \/><\/figure>\n<\/figure>\n\n\n\n<p>ensoleill\u00e9 par superposition est principalement utilis\u00e9 dans les joints de plaques et de plaques et dans les grandes port\u00e9es entre les planches et les planches.<br>La couleur peut \u00eatre s\u00e9lectionn\u00e9e en fonction de la synchronisation des couleurs de la feuille d'installation de l'ing\u00e9nierie,<\/p>\n\n\n\n<p><strong>Mat\u00e9riau :<\/strong>\u00a0Polycarbonate Markolon de l'Allemand Bayer\/Polycarbonate Lexan de l'Am\u00e9ricain GE<br><strong>Sp\u00e9cification :<\/strong>\u00a06 m\/a, quantit\u00e9 ou longueur selon les besoins sp\u00e9ciaux des clients (dans les conditions de transport autoris\u00e9es).<\/p>\n\n\n\n<p>4 mm PC-H ramasser 6 mm dans PC-H prendre 8 mm dans PC-H ramasser 10 mm dans PC-H de 12 mm par ~ 20 mm trois couches PC-H dans PC soleil panneau U rencontrer le bord est principalement utilis\u00e9 dans les extr\u00e9mit\u00e9s du soleil sceller le panneau, emp\u00eacher la poussi\u00e8re, la pluie, et les insectes dans le trou du panneau, affecte la dur\u00e9e de vie de la planche et belle !<\/p>\n\n\n\n<p>\u00a0<strong>Mat\u00e9riau : <\/strong>Polycarbonate Markolon de l'Allemand Bayer\/Polycarbonate Lexan de l'Am\u00e9ricain GE<br><strong>Sp\u00e9cification :<\/strong> 6 m\/a, quantit\u00e9 ou selon les besoins sp\u00e9ciaux des clients longueur (dans les conditions de transport autoris\u00e9es). 4 mm ~ 6 mm PC-U pour recevoir un bord \u00e0 8 mm \u00e0 10 mmPC-U le bord<\/p>\n\n\n\n<figure class=\"wp-block-image\"><img decoding=\"async\" src=\"https:\/\/sc02.alicdn.com\/kf\/H4a5e33e5f1034bce8dde77f9a90d1cd9q\/200162319\/H4a5e33e5f1034bce8dde77f9a90d1cd9q.png\" alt=\"Profil\u00e9 en polycarbonate Songlang H\" title=\"\"><\/figure>\n\n\n\n<figure class=\"wp-block-image\"><img decoding=\"async\" src=\"https:\/\/sc02.alicdn.com\/kf\/Hd05fdb0988024155a7956963ea5973acD\/200162319\/Hd05fdb0988024155a7956963ea5973acD.png\" alt=\"Profil\u00e9 en polycarbonate Songlang H\" title=\"\"><\/figure>\n\n\n\n<figure class=\"wp-block-image\"><img decoding=\"async\" src=\"https:\/\/sc02.alicdn.com\/kf\/H02a52324dc024cdcbaee8c550d0c5b3cR\/200162319\/H02a52324dc024cdcbaee8c550d0c5b3cR.png\" alt=\"Profil\u00e9 en polycarbonate Songlang H\" title=\"\"><\/figure>\n\n\n\n<div class=\"wp-block-columns is-layout-flex wp-container-core-columns-is-layout-28f84493 wp-block-columns-is-layout-flex\"><\/div>","protected":false},"featured_media":16747,"parent":0,"template":"","product-catagories":[174,172],"product-tag":[],"class_list":["post-15394","product","type-product","status-publish","has-post-thumbnail","hentry","product-catagories-polycarbonate-corrugated-sheet","product-catagories-polycarbonate-light-diffuse-sheet"],"acf":[],"_links":{"self":[{"href":"https:\/\/www.tononplastics.com\/fr\/wp-json\/wp\/v2\/product\/15394","targetHints":{"allow":["GET"]}}],"collection":[{"href":"https:\/\/www.tononplastics.com\/fr\/wp-json\/wp\/v2\/product"}],"about":[{"href":"https:\/\/www.tononplastics.com\/fr\/wp-json\/wp\/v2\/types\/product"}],"version-history":[{"count":0,"href":"https:\/\/www.tononplastics.com\/fr\/wp-json\/wp\/v2\/product\/15394\/revisions"}],"wp:featuredmedia":[{"embeddable":true,"href":"https:\/\/www.tononplastics.com\/fr\/wp-json\/wp\/v2\/media\/16747"}],"wp:attachment":[{"href":"https:\/\/www.tononplastics.com\/fr\/wp-json\/wp\/v2\/media?parent=15394"}],"wp:term":[{"taxonomy":"product-catagories","embeddable":true,"href":"https:\/\/www.tononplastics.com\/fr\/wp-json\/wp\/v2\/product-catagories?post=15394"},{"taxonomy":"product-tag","embeddable":true,"href":"https:\/\/www.tononplastics.com\/fr\/wp-json\/wp\/v2\/product-tag?post=15394"}],"curies":[{"name":"wp","href":"https:\/\/api.w.org\/{rel}","templated":true}]}}