{"id":15397,"date":"2023-01-22T11:01:23","date_gmt":"2023-01-22T03:01:23","guid":{"rendered":"https:\/\/tononplastics.com\/?post_type=product&#038;p=15397"},"modified":"2024-03-25T16:31:18","modified_gmt":"2024-03-25T08:31:18","slug":"colorful-polycarbonate-profile-h-for-polycarbonate-sheet-pc-profile-h","status":"publish","type":"product","link":"https:\/\/www.tononplastics.com\/fr\/product\/colorful-polycarbonate-profile-h-for-polycarbonate-sheet-pc-profile-h\/","title":{"rendered":"Accessoire polycarbonate 4-16mm profil H et U"},"content":{"rendered":"<p><strong>Carte PC H<\/strong> ensoleill\u00e9 par stratification est principalement utilis\u00e9 dans les joints de plaques et de plaques et dans les grandes port\u00e9es entre les panneaux d'utilisation.\u00a0<span style=\"font-size: revert; color: initial;\">et la planche, la connexion entre les planches. C'est \u00e0 la fois beau et facile, l'installation de la construction est pratique,\u00a0<\/span><span style=\"font-size: revert; color: initial;\">La couleur peut \u00eatre s\u00e9lectionn\u00e9e en fonction de la synchronisation des couleurs de la feuille d'installation technique.\u00a0<\/span><\/p>\n<p><strong>Mat\u00e9riau :<\/strong>\u00a0Polycarbonate Markolon de l'Allemand Bayer \/ Lexan de l'Am\u00e9ricain GE<\/p>\n<p><img fetchpriority=\"high\" decoding=\"async\" class=\"\" src=\"https:\/\/sc02.alicdn.com\/kf\/Ha019b4cbc98f4e77838162ef3e28ca98z\/200162319\/Ha019b4cbc98f4e77838162ef3e28ca98z.jpg\" alt=\"Profil H en polycarbonate color\u00e9 pour feuille de polycarbonate pc profil H\" width=\"381\" height=\"381\" data-src=\"\/\/sc02.alicdn.com\/kf\/Ha019b4cbc98f4e77838162ef3e28ca98z\/200162319\/Ha019b4cbc98f4e77838162ef3e28ca98z.jpg\" data-alt=\"Colorful polycarbonate profile H for polycarbonate sheet pc  profile H\" data-width=\"600\" data- title=\"\"><img decoding=\"async\" class=\"\" src=\"https:\/\/sc01.alicdn.com\/kf\/H62e1d0749c0e47d8a7f0117ffaa51eear\/200162319\/H62e1d0749c0e47d8a7f0117ffaa51eear.jpg\" alt=\"Profil H en polycarbonate color\u00e9 pour feuille de polycarbonate pc profil H\" width=\"384\" height=\"384\" data-src=\"\/\/sc01.alicdn.com\/kf\/H62e1d0749c0e47d8a7f0117ffaa51eear\/200162319\/H62e1d0749c0e47d8a7f0117ffaa51eear.jpg\" data-alt=\"Colorful polycarbonate profile H for polycarbonate sheet pc  profile H\" data-width=\"600\" data- title=\"\"><\/p>\n<div id=\"ali-anchor-AliPostDhMb-n9vgt\" data-section=\"AliPostDhMb-n9vgt\" data-section-title=\"Product Description\">\n<div id=\"ali-title-AliPostDhMb-n9vgt\"><strong>Description du produit<\/strong><br \/>\n<span style=\"color: initial; font-size: revert;\">Sp\u00e9cification du polycarbonate : 6 m\/a, quantit\u00e9 ou selon la demande du client\u2019 <\/span><span style=\"font-size: revert; color: initial;\">longueur des besoins sp\u00e9ciaux (en transport)\u00a0<\/span><span style=\"font-size: revert; color: initial;\">conditions autoris\u00e9es).\u00a0<\/span><\/div>\n<\/div>\n<p>4 mm PC-H pick up 6 mm dans PC-H take 8 mm dans PC-H pick 10 mm<\/p>\n<p>en PC-H de 12 mm par ~ 20 mm carte \u00e0 trois couches PC-H en PC carte soleil U rencontrer le bord est principalement utilis\u00e9 dans les extr\u00e9mit\u00e9s du soleil.<\/p>\n<p>Le scellement des planches emp\u00eache la poussi\u00e8re, la pluie et les insectes de p\u00e9n\u00e9trer dans le trou de la planche, ce qui affecte la planche.<\/p>\n<p>la vie de service et la beaut\u00e9 !<\/p>\n<div id=\"ali-anchor-AliPostDhMb-fcokm\" data-section=\"AliPostDhMb-fcokm\" data-section-title=\"Company Information\">\n<div id=\"ali-title-AliPostDhMb-fcokm\"><strong>Informations sur l'entreprise<\/strong><\/div>\n<div>\n<p>\u00a0<img decoding=\"async\" src=\"https:\/\/sc01.alicdn.com\/kf\/Hc6401cfcb4334b6db778c359d08238c0l\/200162319\/Hc6401cfcb4334b6db778c359d08238c0l.jpg\" alt=\"Profil H en polycarbonate color\u00e9 pour feuille de polycarbonate pc profil H\" width=\"630\" height=\"1226.3999999999999\" data-src=\"\/\/sc01.alicdn.com\/kf\/Hc6401cfcb4334b6db778c359d08238c0l\/200162319\/Hc6401cfcb4334b6db778c359d08238c0l.jpg\" data-alt=\"Colorful polycarbonate profile H for polycarbonate sheet pc  profile H\" data-width=\"630\" data- title=\"\"><img decoding=\"async\" src=\"https:\/\/sc01.alicdn.com\/kf\/H74247c1d61554ba2a775e9ce59244207e\/200162319\/H74247c1d61554ba2a775e9ce59244207e.jpg\" alt=\"Profil H en polycarbonate color\u00e9 pour feuille de polycarbonate pc profil H\" width=\"630\" height=\"509.04\" data-src=\"\/\/sc01.alicdn.com\/kf\/H74247c1d61554ba2a775e9ce59244207e\/200162319\/H74247c1d61554ba2a775e9ce59244207e.jpg\" data-alt=\"Colorful polycarbonate profile H for polycarbonate sheet pc  profile H\" data-width=\"630\" data- title=\"\"><img decoding=\"async\" src=\"https:\/\/sc02.alicdn.com\/kf\/Hd05fdb0988024155a7956963ea5973acD\/200162319\/Hd05fdb0988024155a7956963ea5973acD.png\" alt=\"Profil H en polycarbonate color\u00e9 pour feuille de polycarbonate pc profil H\" width=\"630\" height=\"474.58885941644564\" data-src=\"\/\/sc02.alicdn.com\/kf\/Hd05fdb0988024155a7956963ea5973acD\/200162319\/Hd05fdb0988024155a7956963ea5973acD.png\" data-alt=\"Colorful polycarbonate profile H for polycarbonate sheet pc  profile H\" data-width=\"630\" data- title=\"\"><img decoding=\"async\" src=\"https:\/\/sc02.alicdn.com\/kf\/H02a52324dc024cdcbaee8c550d0c5b3cR\/200162319\/H02a52324dc024cdcbaee8c550d0c5b3cR.png\" alt=\"Profil H en polycarbonate color\u00e9 pour feuille de polycarbonate pc profil H\" width=\"630\" height=\"214.7347480106101\" data-src=\"\/\/sc02.alicdn.com\/kf\/H02a52324dc024cdcbaee8c550d0c5b3cR\/200162319\/H02a52324dc024cdcbaee8c550d0c5b3cR.png\" data-alt=\"Colorful polycarbonate profile H for polycarbonate sheet pc  profile H\" data-width=\"630\" data- title=\"\"><img decoding=\"async\" src=\"https:\/\/sc02.alicdn.com\/kf\/H4a5e33e5f1034bce8dde77f9a90d1cd9q\/200162319\/H4a5e33e5f1034bce8dde77f9a90d1cd9q.png\" alt=\"Profil H en polycarbonate color\u00e9 pour feuille de polycarbonate pc profil H\" width=\"630\" height=\"586.3781624500665\" data-src=\"\/\/sc02.alicdn.com\/kf\/H4a5e33e5f1034bce8dde77f9a90d1cd9q\/200162319\/H4a5e33e5f1034bce8dde77f9a90d1cd9q.png\" data-alt=\"Colorful polycarbonate profile H for polycarbonate sheet pc  profile H\" data-width=\"630\" data- title=\"\"><\/p>\n<\/div>\n<\/div>","protected":false},"featured_media":15410,"parent":0,"template":"","product-catagories":[172],"product-tag":[],"class_list":["post-15397","product","type-product","status-publish","has-post-thumbnail","hentry","product-catagories-polycarbonate-light-diffuse-sheet"],"acf":[],"_links":{"self":[{"href":"https:\/\/www.tononplastics.com\/fr\/wp-json\/wp\/v2\/product\/15397","targetHints":{"allow":["GET"]}}],"collection":[{"href":"https:\/\/www.tononplastics.com\/fr\/wp-json\/wp\/v2\/product"}],"about":[{"href":"https:\/\/www.tononplastics.com\/fr\/wp-json\/wp\/v2\/types\/product"}],"version-history":[{"count":0,"href":"https:\/\/www.tononplastics.com\/fr\/wp-json\/wp\/v2\/product\/15397\/revisions"}],"wp:featuredmedia":[{"embeddable":true,"href":"https:\/\/www.tononplastics.com\/fr\/wp-json\/wp\/v2\/media\/15410"}],"wp:attachment":[{"href":"https:\/\/www.tononplastics.com\/fr\/wp-json\/wp\/v2\/media?parent=15397"}],"wp:term":[{"taxonomy":"product-catagories","embeddable":true,"href":"https:\/\/www.tononplastics.com\/fr\/wp-json\/wp\/v2\/product-catagories?post=15397"},{"taxonomy":"product-tag","embeddable":true,"href":"https:\/\/www.tononplastics.com\/fr\/wp-json\/wp\/v2\/product-tag?post=15397"}],"curies":[{"name":"wp","href":"https:\/\/api.w.org\/{rel}","templated":true}]}}