{"id":15398,"date":"2024-03-25T17:10:28","date_gmt":"2024-03-25T09:10:28","guid":{"rendered":"https:\/\/tononplastics.com\/?post_type=product&#038;p=15398"},"modified":"2024-03-25T17:12:10","modified_gmt":"2024-03-25T09:12:10","slug":"colorful-polycarbonate-profile-h-for-polycarbonate-sheet-pc-profile-h-2","status":"publish","type":"product","link":"https:\/\/www.tononplastics.com\/fr\/product\/colorful-polycarbonate-profile-h-for-polycarbonate-sheet-pc-profile-h-2\/","title":{"rendered":"Profil H en polycarbonate color\u00e9 pour feuille de polycarbonate pc profil H"},"content":{"rendered":"<p>Les profil\u00e9s PC sont fabriqu\u00e9s en r\u00e9sine Makrolon de Bayer. Ils permettent non seulement une installation rapide et pratique, mais aussi d'\u00e9viter efficacement que les feuilles ne se cassent en faisant des trous dans la feuille. En outre, l'utilisation de profil\u00e9s en PC permet de simplifier l'\u00e9tanch\u00e9it\u00e9.&nbsp;<br>Caract\u00e9ristiques du produit :&nbsp;<br>1. L\u00e9g\u00e8ret\u00e9&nbsp;<br>2. Rester coh\u00e9rent avec la fiche PC en ce qui concerne les performances physiques&nbsp;<br>3. Bonne performance en mati\u00e8re d'\u00e9tanch\u00e9it\u00e9&nbsp;<br>4. Bonne r\u00e9sistance aux intemp\u00e9ries et protection contre les UV&nbsp;<br>5. Simplement install\u00e9&nbsp;<br>6. Certifi\u00e9 par ISO9001:2000&nbsp;<br>7. Garantie de 10 ans&nbsp;<\/p>\n\n\n\n<figure class=\"wp-block-gallery has-nested-images columns-default is-cropped wp-block-gallery-1 is-layout-flex wp-block-gallery-is-layout-flex\">\n<figure class=\"wp-block-image size-large\"><img decoding=\"async\" data-id=\"15284\" src=\"https:\/\/www.tononplastics.com\/wp-content\/uploads\/2023\/08\/H24c6424deccc4e299e7a21e4fdb2c22bl.png\" alt=\"\" class=\"wp-image-15284\" title=\"\"><\/figure>\n\n\n\n<figure class=\"wp-block-image size-large\"><img decoding=\"async\" data-id=\"15282\" src=\"https:\/\/www.tononplastics.com\/wp-content\/uploads\/2023\/08\/H1cbb870bbc214fd782f8e4ea067b0f87t.png\" alt=\"\" class=\"wp-image-15282\" title=\"\"><\/figure>\n\n\n\n<figure class=\"wp-block-image size-large\"><img decoding=\"async\" data-id=\"15268\" src=\"https:\/\/www.tononplastics.com\/wp-content\/uploads\/2023\/08\/HTB1wYcHkS8YBeNkSnb4q6yevFXaH.jpg\" alt=\"\" class=\"wp-image-15268\" title=\"\"><\/figure>\n<\/figure>\n\n\n\n<h2 class=\"wp-block-heading\">Domaines d'utilisation :<\/h2>\n\n\n\n<ul class=\"wp-block-list\">\n<li>Le profil\u00e9 de raccordement en polycarbonate est principalement utilis\u00e9 comme raccord entre les feuilles de polycarbonate \u00e0 parois multiples pour les serres et les toits solides.<\/li>\n\n\n\n<li>scellement des bords en polycarbonate<\/li>\n\n\n\n<li>permet une installation rapide et facile<\/li>\n\n\n\n<li>facilite la manipulation&nbsp;<\/li>\n\n\n\n<li>emp\u00eacher le d\u00e9placement de la feuille<br><\/li>\n\n\n\n<li><strong>PRINCIPALES PROPRI\u00c9T\u00c9S DES PLAQUES MONOLITHIQUES<\/strong><\/li>\n\n\n\n<li>Les plaques monolithiques sont un mat\u00e9riau pr\u00e9sentant une excellente combinaison de propri\u00e9t\u00e9s physiques et m\u00e9caniques, qui sont conserv\u00e9es dans diff\u00e9rentes conditions de temp\u00e9rature et de taux d'humidit\u00e9.<\/li>\n\n\n\n<li>\u00a0<\/li>\n\n\n\n<li>Les feuilles de polycarbonate remplacent id\u00e9alement les mat\u00e9riaux de vitrage traditionnels. Elles sont s\u00fbres et faciles \u00e0 couper, \u00e0 installer et \u00e0 utiliser, et presque impossibles \u00e0 briser. En raison de leur faible poids sp\u00e9cifique, les plaques de polycarbonate peuvent all\u00e9ger et r\u00e9duire consid\u00e9rablement le co\u00fbt de la structure porteuse par rapport \u00e0 la structure dans laquelle le verre est utilis\u00e9, ce qui contribue \u00e0 une r\u00e9duction significative des co\u00fbts de transport, de manutention et d'installation.<\/li>\n\n\n\n<li><strong>Protection UV<\/strong><\/li>\n\n\n\n<li>Le rayonnement solaire a un effet n\u00e9faste sur les mat\u00e9riaux polym\u00e8res, provoquant leur destruction et leur fissuration superficielle. Ces petites fissures sont encore agrandies par l'eau, la poussi\u00e8re et les produits chimiques.<\/li>\n\n\n\n<li>Les plaques monolithiques en polycarbonate ont une surface sur laquelle est appliqu\u00e9e une couche protectrice contre les rayons ultraviolets, ce qui leur conf\u00e8re une excellente r\u00e9sistance aux intemp\u00e9ries.<\/li>\n\n\n\n<li><strong>Vitrage arqu\u00e9<\/strong><\/li>\n\n\n\n<li>Toutes les feuilles de polycarbonate monolithique sont form\u00e9es \u00e0 froid en profil\u00e9s de vitrage courbes. Si le rayon de courbure de la feuille est sup\u00e9rieur \u00e0 la valeur minimale recommand\u00e9e, la contrainte m\u00e9canique r\u00e9sultant du formage \u00e0 froid n'affecte pas les propri\u00e9t\u00e9s m\u00e9caniques de la feuille.<\/li>\n\n\n\n<li><strong>La dur\u00e9e de vie garantie des feuilles est de 15 ans.<\/strong><\/li>\n<\/ul>","protected":false},"featured_media":16195,"parent":0,"template":"","product-catagories":[177],"product-tag":[],"class_list":["post-15398","product","type-product","status-publish","has-post-thumbnail","hentry","product-catagories-polycarbonate-solid-sheet"],"acf":[],"_links":{"self":[{"href":"https:\/\/www.tononplastics.com\/fr\/wp-json\/wp\/v2\/product\/15398","targetHints":{"allow":["GET"]}}],"collection":[{"href":"https:\/\/www.tononplastics.com\/fr\/wp-json\/wp\/v2\/product"}],"about":[{"href":"https:\/\/www.tononplastics.com\/fr\/wp-json\/wp\/v2\/types\/product"}],"version-history":[{"count":0,"href":"https:\/\/www.tononplastics.com\/fr\/wp-json\/wp\/v2\/product\/15398\/revisions"}],"wp:featuredmedia":[{"embeddable":true,"href":"https:\/\/www.tononplastics.com\/fr\/wp-json\/wp\/v2\/media\/16195"}],"wp:attachment":[{"href":"https:\/\/www.tononplastics.com\/fr\/wp-json\/wp\/v2\/media?parent=15398"}],"wp:term":[{"taxonomy":"product-catagories","embeddable":true,"href":"https:\/\/www.tononplastics.com\/fr\/wp-json\/wp\/v2\/product-catagories?post=15398"},{"taxonomy":"product-tag","embeddable":true,"href":"https:\/\/www.tononplastics.com\/fr\/wp-json\/wp\/v2\/product-tag?post=15398"}],"curies":[{"name":"wp","href":"https:\/\/api.w.org\/{rel}","templated":true}]}}