{"id":15400,"date":"2023-08-22T11:03:53","date_gmt":"2023-08-22T03:03:53","guid":{"rendered":"https:\/\/tononplastics.com\/?post_type=product&#038;p=15400"},"modified":"2024-03-25T17:01:23","modified_gmt":"2024-03-25T09:01:23","slug":"clear-plastic-h-shape-profile-for-pc-sheet-plastic-h-profile","status":"publish","type":"product","link":"https:\/\/www.tononplastics.com\/fr\/product\/clear-plastic-h-shape-profile-for-pc-sheet-plastic-h-profile\/","title":{"rendered":"Profil\u00e9 en forme de H en plastique transparent pour pc Profil\u00e9 en forme de H en plastique transparent pour pc"},"content":{"rendered":"<p><strong data-spm-anchor-id=\"a2700.details.0.i27.5b8cd6130ierTZ\">Accessoire polycarbonate 4-16mm profil H et U<\/strong><\/p>\n<p><strong><img decoding=\"async\" src=\"https:\/\/sc02.alicdn.com\/kf\/He979813a31034a4dad4c712088b4d5e0z\/200162319\/He979813a31034a4dad4c712088b4d5e0z.jpg\" alt=\"Accessoire polycarbonate 4-16mm profil H et U\" width=\"630\" height=\"419.895\" data-src=\"\/\/sc02.alicdn.com\/kf\/He979813a31034a4dad4c712088b4d5e0z\/200162319\/He979813a31034a4dad4c712088b4d5e0z.jpg\" data-alt=\"4-16mm polycarbonate accessory H and U profile\" data-width=\"630\" data- title=\"\"><\/strong><\/p>\n<div id=\"ali-anchor-AliPostDhMb-j4dxw\" data-section=\"AliPostDhMb-j4dxw\" data-section-title=\"Product Description\">\n<div id=\"ali-title-AliPostDhMb-j4dxw\"><strong>Description du produit<\/strong><\/div>\n<div>\n<p>1. r\u00e9sistance \u00e0 la chaleur<\/p>\n<p>Les propri\u00e9t\u00e9s m\u00e9caniques sont modifi\u00e9es en fonction de la temp\u00e9rature, ce qui est favorable \u00e0 la conception de la r\u00e9sistance.<\/p>\n<p>2. r\u00e9sistance aux chocs<\/p>\n<p>Le film PC est un type de plastique technique dot\u00e9 d'une excellente r\u00e9sistance aux chocs. M\u00eame dans un environnement de -40\u2103, la r\u00e9sistance aux chocs est aussi bonne qu'\u00e0 une temp\u00e9rature normale.<\/p>\n<p>3. r\u00e9sistance aux chocs<\/p>\n<p>Sa r\u00e9sistance exceptionnelle offre une meilleure protection contre la casse pendant le transport, l'installation et l'utilisation. La r\u00e9sistance aux chocs est 10 \u00e0 27 fois sup\u00e9rieure \u00e0 celle du plexiglas.<\/p>\n<p>4. la transparence<\/p>\n<p>Film PC transparent avec une excellente transparence dans les mat\u00e9riaux hautement transparents, qui sont largement utilis\u00e9s dans l'impression et l'optique \u00e0 la place du verre inorganique. La transmission de la lumi\u00e8re est de 88%.<\/p>\n<p>5.Capacit\u00e9 m\u00e9t\u00e9orologique<\/p>\n<p>Il a une bonne r\u00e9sistance aux intemp\u00e9ries et peut conserver d'excellentes propri\u00e9t\u00e9s dans une large gamme de temp\u00e9ratures allant de -40\u2103 \u00e0 120\u2103.<\/p>\n<p>6. isolation acoustique<\/p>\n<p>Les plaques structurelles creuses (r\u00e9sine de polycarbonate) pr\u00e9sentent un avantage significatif en mati\u00e8re d'isolation acoustique.<\/p>\n<\/div>\n<\/div>\n<p><strong><img decoding=\"async\" src=\"https:\/\/sc01.alicdn.com\/kf\/Hd357ffc3316a4d49b018310865825bf17\/200162319\/Hd357ffc3316a4d49b018310865825bf17.jpg\" alt=\"Accessoire polycarbonate 4-16mm profil H et U\" width=\"630\" height=\"419.895\" data-src=\"\/\/sc01.alicdn.com\/kf\/Hd357ffc3316a4d49b018310865825bf17\/200162319\/Hd357ffc3316a4d49b018310865825bf17.jpg\" data-alt=\"4-16mm polycarbonate accessory H and U profile\" data-width=\"630\" data- title=\"\"><img decoding=\"async\" src=\"https:\/\/sc01.alicdn.com\/kf\/HTB1e.EGkS8YBeNkSnb4q6yevFXaM\/200162319\/HTB1e.EGkS8YBeNkSnb4q6yevFXaM.jpg\" alt=\"Accessoire polycarbonate 4-16mm profil H et U\" width=\"630\" height=\"472.5\" data-src=\"\/\/sc01.alicdn.com\/kf\/HTB1e.EGkS8YBeNkSnb4q6yevFXaM\/200162319\/HTB1e.EGkS8YBeNkSnb4q6yevFXaM.jpg\" data-alt=\"4-16mm polycarbonate accessory H and U profile\" data-width=\"630\" data- title=\"\"><img decoding=\"async\" src=\"https:\/\/sc02.alicdn.com\/kf\/HTB12Bt8th9YBuNjy0Ffq6xIsVXak\/200162319\/HTB12Bt8th9YBuNjy0Ffq6xIsVXak.jpg\" alt=\"Accessoire polycarbonate 4-16mm profil H et U\" width=\"630\" height=\"472.5\" data-src=\"\/\/sc02.alicdn.com\/kf\/HTB12Bt8th9YBuNjy0Ffq6xIsVXak\/200162319\/HTB12Bt8th9YBuNjy0Ffq6xIsVXak.jpg\" data-alt=\"4-16mm polycarbonate accessory H and U profile\" data-width=\"630\" data- title=\"\"><\/strong><\/p>","protected":false},"featured_media":0,"parent":0,"template":"","product-catagories":[172],"product-tag":[],"class_list":["post-15400","product","type-product","status-publish","hentry","product-catagories-polycarbonate-light-diffuse-sheet"],"acf":[],"_links":{"self":[{"href":"https:\/\/www.tononplastics.com\/fr\/wp-json\/wp\/v2\/product\/15400","targetHints":{"allow":["GET"]}}],"collection":[{"href":"https:\/\/www.tononplastics.com\/fr\/wp-json\/wp\/v2\/product"}],"about":[{"href":"https:\/\/www.tononplastics.com\/fr\/wp-json\/wp\/v2\/types\/product"}],"version-history":[{"count":0,"href":"https:\/\/www.tononplastics.com\/fr\/wp-json\/wp\/v2\/product\/15400\/revisions"}],"wp:attachment":[{"href":"https:\/\/www.tononplastics.com\/fr\/wp-json\/wp\/v2\/media?parent=15400"}],"wp:term":[{"taxonomy":"product-catagories","embeddable":true,"href":"https:\/\/www.tononplastics.com\/fr\/wp-json\/wp\/v2\/product-catagories?post=15400"},{"taxonomy":"product-tag","embeddable":true,"href":"https:\/\/www.tononplastics.com\/fr\/wp-json\/wp\/v2\/product-tag?post=15400"}],"curies":[{"name":"wp","href":"https:\/\/api.w.org\/{rel}","templated":true}]}}