{"id":15407,"date":"2023-08-22T11:06:28","date_gmt":"2023-08-22T03:06:28","guid":{"rendered":"https:\/\/tononplastics.com\/?post_type=product&#038;p=15407"},"modified":"2024-03-25T16:58:25","modified_gmt":"2024-03-25T08:58:25","slug":"bathroom-partition-polycarbonate-grinding-sheet","status":"publish","type":"product","link":"https:\/\/www.tononplastics.com\/fr\/product\/bathroom-partition-polycarbonate-grinding-sheet\/","title":{"rendered":"Cloison de salle de bains - Plaque de broyage en polycarbonate"},"content":{"rendered":"<p>Caract\u00e9ristiques techniques :<\/p>\n<p>1, r\u00e9sistance aux chocs : 850 J\/m<\/p>\n<p>2, taux d'euphose : 90%<\/p>\n<p>3, r\u00e9sistance \u00e0 la traction : &gt; 60 N\/was<\/p>\n<p>4, r\u00e9sistance \u00e0 la flexion : 100 N\/was<\/p>\n<p>5, temp\u00e9rature de d\u00e9formation thermique : 140 \u00b0C<\/p>\n<p>6, r\u00e9sistance \u00e0 la flexion longitudinale : 112 MPa<\/p>\n<p>7 et r\u00e9sistance \u00e0 la flexion lat\u00e9rale : 107 MPa<\/p>\n<p>8, l'indice d'oxyg\u00e8ne : 21%<\/p>\n<p><img fetchpriority=\"high\" decoding=\"async\" class=\"\" src=\"https:\/\/sc02.alicdn.com\/kf\/Hc7e08cb76a9a41b984ddcf4983f499c38\/200162319\/Hc7e08cb76a9a41b984ddcf4983f499c38.jpg\" alt=\"Cloison de salle de bains--plaque de broyage en polycarbonate\" width=\"378\" height=\"378\" data-src=\"\/\/sc02.alicdn.com\/kf\/Hc7e08cb76a9a41b984ddcf4983f499c38\/200162319\/Hc7e08cb76a9a41b984ddcf4983f499c38.jpg\" data-alt=\"Bathroom partition---polycarbonate Grinding sheet\" data-width=\"630\" data- title=\"\"><img decoding=\"async\" class=\"\" src=\"https:\/\/sc02.alicdn.com\/kf\/Hbdfc9ad4c729484daa1291b1050c2c2fx\/200162319\/Hbdfc9ad4c729484daa1291b1050c2c2fx.jpg\" alt=\"Cloison de salle de bains--plaque de broyage en polycarbonate\" width=\"428\" height=\"428\" data-src=\"\/\/sc02.alicdn.com\/kf\/Hbdfc9ad4c729484daa1291b1050c2c2fx\/200162319\/Hbdfc9ad4c729484daa1291b1050c2c2fx.jpg\" data-alt=\"Bathroom partition---polycarbonate Grinding sheet\" data-width=\"630\" data- title=\"\"><img decoding=\"async\" class=\"\" src=\"https:\/\/sc01.alicdn.com\/kf\/He8274ae2b415410ca5198fdb7cc29c56f\/200162319\/He8274ae2b415410ca5198fdb7cc29c56f.jpg\" alt=\"Cloison de salle de bains--plaque de broyage en polycarbonate\" width=\"367\" height=\"367\" data-src=\"\/\/sc01.alicdn.com\/kf\/He8274ae2b415410ca5198fdb7cc29c56f\/200162319\/He8274ae2b415410ca5198fdb7cc29c56f.jpg\" data-alt=\"Bathroom partition---polycarbonate Grinding sheet\" data-width=\"630\" data- title=\"\"><img loading=\"lazy\" decoding=\"async\" class=\"\" src=\"https:\/\/sc01.alicdn.com\/kf\/HTB1g6aWSFXXXXbQapXXq6xXFXXXu\/200162319\/HTB1g6aWSFXXXXbQapXXq6xXFXXXu.jpg\" alt=\"Cloison de salle de bains--plaque de broyage en polycarbonate\" width=\"471\" height=\"315\" data-src=\"\/\/sc01.alicdn.com\/kf\/HTB1g6aWSFXXXXbQapXXq6xXFXXXu\/200162319\/HTB1g6aWSFXXXXbQapXXq6xXFXXXu.jpg\" data-alt=\"Bathroom partition---polycarbonate Grinding sheet\" data-width=\"630\" data- title=\"\"><\/p>\n<p>(1) la qualit\u00e9 de la lumi\u00e8re est bonne : le taux d'euphorie des cartes PC transparentes peut atteindre 88%<\/p>\n<p>(2) R\u00e9sistance aux chocs : la r\u00e9sistance aux chocs du verre ordinaire est de 250 \u00e0 300 fois, celle de la feuille acrylique de m\u00eame \u00e9paisseur est de 30 fois, l'utilisation d'un marteau de 3 kg n'entra\u00eene pas de chute de deux m\u00e8tres et ne provoque pas de fissure.<\/p>\n<p>(3) Pr\u00e9vention des ultraviolets : la surface du produit est dot\u00e9e d'une couche coextrud\u00e9e contre les ultraviolets, ce qui permet de bloquer les rayons ultraviolets et de prot\u00e9ger les objets d'art et d'exposition pr\u00e9cieux contre les dommages caus\u00e9s par les ultraviolets.<\/p>\n<p>(4) Poids l\u00e9ger : seulement la moiti\u00e9 de la proportion de verre, ce qui permet d'\u00e9conomiser le transport, le d\u00e9chargement, l'installation et le cadre de soutien des co\u00fbts.<\/p>\n<p>(5) retardateur de flamme : Le point d'\u00e9clair des cartes PC est de 580 degr\u00e9s Celsius. Apr\u00e8s l'extinction du feu, les br\u00fblures ne produisent pas de gaz toxiques et ne favorisent pas la propagation de l'incendie.<\/p>\n<p>(6) peut \u00eatre cintr\u00e9 : selon la conception, sur place, en mode de cintrage \u00e0 froid.<\/p>\n<p><strong><span style=\"color: initial;\">Informations sur l'entreprise<\/span><\/strong><\/p>\n<div id=\"ali-anchor-AliPostDhMb-lc90p\" data-section=\"AliPostDhMb-lc90p\" data-section-title=\"Company Information\">\n<div>\n<p><img decoding=\"async\" src=\"https:\/\/sc01.alicdn.com\/kf\/H74247c1d61554ba2a775e9ce59244207e\/200162319\/H74247c1d61554ba2a775e9ce59244207e.jpg\" alt=\"Cloison de salle de bains--plaque de broyage en polycarbonate\" width=\"630\" height=\"509.04\" data-src=\"\/\/sc01.alicdn.com\/kf\/H74247c1d61554ba2a775e9ce59244207e\/200162319\/H74247c1d61554ba2a775e9ce59244207e.jpg\" data-alt=\"Bathroom partition---polycarbonate Grinding sheet\" data-width=\"630\" data- title=\"\"><img decoding=\"async\" src=\"https:\/\/sc02.alicdn.com\/kf\/H02a52324dc024cdcbaee8c550d0c5b3cR\/200162319\/H02a52324dc024cdcbaee8c550d0c5b3cR.png\" alt=\"Cloison de salle de bains--plaque de broyage en polycarbonate\" width=\"630\" height=\"214.7347480106101\" data-src=\"\/\/sc02.alicdn.com\/kf\/H02a52324dc024cdcbaee8c550d0c5b3cR\/200162319\/H02a52324dc024cdcbaee8c550d0c5b3cR.png\" data-alt=\"Bathroom partition---polycarbonate Grinding sheet\" data-width=\"630\" data- title=\"\"><img decoding=\"async\" src=\"https:\/\/sc02.alicdn.com\/kf\/Hd05fdb0988024155a7956963ea5973acD\/200162319\/Hd05fdb0988024155a7956963ea5973acD.png\" alt=\"Cloison de salle de bains--plaque de broyage en polycarbonate\" width=\"630\" height=\"474.58885941644564\" data-src=\"\/\/sc02.alicdn.com\/kf\/Hd05fdb0988024155a7956963ea5973acD\/200162319\/Hd05fdb0988024155a7956963ea5973acD.png\" data-alt=\"Bathroom partition---polycarbonate Grinding sheet\" data-width=\"630\" data- title=\"\"><\/p>\n<\/div>\n<\/div>","protected":false},"featured_media":15412,"parent":0,"template":"","product-catagories":[170],"product-tag":[],"class_list":["post-15407","product","type-product","status-publish","has-post-thumbnail","hentry","product-catagories-polycarbonate-deep-processing"],"acf":[],"_links":{"self":[{"href":"https:\/\/www.tononplastics.com\/fr\/wp-json\/wp\/v2\/product\/15407","targetHints":{"allow":["GET"]}}],"collection":[{"href":"https:\/\/www.tononplastics.com\/fr\/wp-json\/wp\/v2\/product"}],"about":[{"href":"https:\/\/www.tononplastics.com\/fr\/wp-json\/wp\/v2\/types\/product"}],"version-history":[{"count":0,"href":"https:\/\/www.tononplastics.com\/fr\/wp-json\/wp\/v2\/product\/15407\/revisions"}],"wp:featuredmedia":[{"embeddable":true,"href":"https:\/\/www.tononplastics.com\/fr\/wp-json\/wp\/v2\/media\/15412"}],"wp:attachment":[{"href":"https:\/\/www.tononplastics.com\/fr\/wp-json\/wp\/v2\/media?parent=15407"}],"wp:term":[{"taxonomy":"product-catagories","embeddable":true,"href":"https:\/\/www.tononplastics.com\/fr\/wp-json\/wp\/v2\/product-catagories?post=15407"},{"taxonomy":"product-tag","embeddable":true,"href":"https:\/\/www.tononplastics.com\/fr\/wp-json\/wp\/v2\/product-tag?post=15407"}],"curies":[{"name":"wp","href":"https:\/\/api.w.org\/{rel}","templated":true}]}}