{"id":15417,"date":"2023-08-22T11:10:19","date_gmt":"2023-08-22T03:10:19","guid":{"rendered":"https:\/\/tononplastics.com\/?post_type=product&#038;p=15417"},"modified":"2024-03-25T10:58:10","modified_gmt":"2024-03-25T02:58:10","slug":"scratch-solution-resistant-polycarbonate-solid-frosted-polycarbonate-sheet-pc-sheets","status":"publish","type":"product","link":"https:\/\/www.tononplastics.com\/fr\/product\/scratch-solution-resistant-polycarbonate-solid-frosted-polycarbonate-sheet-pc-sheets\/","title":{"rendered":"Polycarbonate r\u00e9sistant aux rayures Plaques de polycarbonate massif d\u00e9poli Plaques de pc"},"content":{"rendered":"<figure class=\"wp-block-gallery has-nested-images columns-default is-cropped wp-block-gallery-1 is-layout-flex wp-block-gallery-is-layout-flex\">\n<figure class=\"wp-block-image size-full\"><img fetchpriority=\"high\" decoding=\"async\" width=\"640\" height=\"640\" data-id=\"15422\" src=\"https:\/\/www.tononplastics.com\/wp-content\/uploads\/2023\/08\/Hdce328a67d81495a812f963bcc590d4e8.jpg\" alt=\"\" class=\"wp-image-15422\" title=\"\" srcset=\"https:\/\/www.tononplastics.com\/wp-content\/uploads\/2023\/08\/Hdce328a67d81495a812f963bcc590d4e8.jpg 640w, https:\/\/www.tononplastics.com\/wp-content\/uploads\/2023\/08\/Hdce328a67d81495a812f963bcc590d4e8-300x300.jpg 300w, https:\/\/www.tononplastics.com\/wp-content\/uploads\/2023\/08\/Hdce328a67d81495a812f963bcc590d4e8-150x150.jpg 150w\" sizes=\"(max-width: 640px) 100vw, 640px\" \/><\/figure>\n\n\n\n<figure class=\"wp-block-image size-full\"><img decoding=\"async\" data-id=\"15954\" src=\"https:\/\/www.tononplastics.com\/wp-content\/uploads\/2024\/03\/HTB15gMmkMKTBuNkSne1q6yJoXXaN.webp\" alt=\"\" class=\"wp-image-15954\" title=\"\"><\/figure>\n<\/figure>\n\n\n<p><strong>Applications :<br \/><\/strong>1. Excellent mat\u00e9riau de couverture, largement utilis\u00e9 pour les lucarnes, les puits de lumi\u00e8re, les porches \u00e9tendus et les serres, les espaces commerciaux dans les h\u00f4tels, les caf\u00e9s, les boutiques et les salons de beaut\u00e9, les centres d'exposition et les cabines t\u00e9l\u00e9phoniques.<br \/>2. Mur d'insonorisation pour les autoroutes et les lignes ferroviaires \u00e0 grande vitesse.<br \/>3. Panneaux publicitaires.<br \/>4. \u00c9clairage de d\u00e9coration dans les banques, les h\u00f4pitaux, les a\u00e9roports, les gares routi\u00e8res et ferroviaires et les jardins d'enfants.<br \/>5. Non toxique, il reste en contact avec les aliments.<br \/>6. Remplacement du verre ordinaire en de nombreux endroits.<\/p>\n<p><strong>Caract\u00e9ristiques :<br \/><\/strong><span style=\"font-size: revert; color: initial;\">1. Excellentes performances physiques et m\u00e9caniques.<br \/><\/span><span style=\"font-size: revert; color: initial;\">2. Bonne isolation \u00e9lectrique, thermique et acoustique.<br \/>3. Bonne r\u00e9sistance aux chocs et haute t\u00e9nacit\u00e9.<br \/>4. Bonne transmission de la lumi\u00e8re.<br \/>5. Bonne r\u00e9sistance \u00e0 la temp\u00e9rature.<br \/>6. Retardateur d'incendie.<br \/>7. Non toxique.<br \/>8. Protection contre les UV.<br \/>9. Vieillissement de l'ours.<\/span><\/p>\n<p><img decoding=\"async\" src=\"https:\/\/sc01.alicdn.com\/kf\/Hee35153016fb4f64a8abd2cf77d8280dQ\/200162319\/Hee35153016fb4f64a8abd2cf77d8280dQ.jpg\" alt=\"Polycarbonate r\u00e9sistant aux rayures Plaques de polycarbonate massif d\u00e9poli Plaques de pc\" width=\"630\" height=\"404.88\" data-src=\"\/\/sc01.alicdn.com\/kf\/Hee35153016fb4f64a8abd2cf77d8280dQ\/200162319\/Hee35153016fb4f64a8abd2cf77d8280dQ.jpg\" data-alt=\"Scratch solution resistant polycarbonate solid frosted polycarbonate sheet pc sheets\" data-width=\"630\" data- title=\"\"><img decoding=\"async\" src=\"https:\/\/sc01.alicdn.com\/kf\/Hc6401cfcb4334b6db778c359d08238c0l\/200162319\/Hc6401cfcb4334b6db778c359d08238c0l.jpg\" alt=\"Polycarbonate r\u00e9sistant aux rayures Plaques de polycarbonate massif d\u00e9poli Plaques de pc\" width=\"630\" height=\"1226.3999999999999\" data-src=\"\/\/sc01.alicdn.com\/kf\/Hc6401cfcb4334b6db778c359d08238c0l\/200162319\/Hc6401cfcb4334b6db778c359d08238c0l.jpg\" data-alt=\"Scratch solution resistant polycarbonate solid frosted polycarbonate sheet pc sheets\" data-width=\"630\" data- title=\"\"><img decoding=\"async\" src=\"https:\/\/sc02.alicdn.com\/kf\/H02a52324dc024cdcbaee8c550d0c5b3cR\/200162319\/H02a52324dc024cdcbaee8c550d0c5b3cR.png\" alt=\"Polycarbonate r\u00e9sistant aux rayures Plaques de polycarbonate massif d\u00e9poli Plaques de pc\" width=\"630\" height=\"214.7347480106101\" data-src=\"\/\/sc02.alicdn.com\/kf\/H02a52324dc024cdcbaee8c550d0c5b3cR\/200162319\/H02a52324dc024cdcbaee8c550d0c5b3cR.png\" data-alt=\"Scratch solution resistant polycarbonate solid frosted polycarbonate sheet pc sheets\" data-width=\"630\" data- title=\"\"><\/p>\n<div id=\"ali-anchor-AliPostDhMb-bo0og\" data-section=\"AliPostDhMb-bo0og\" data-section-title=\"FAQ\">\n<div id=\"ali-title-AliPostDhMb-bo0og\"><strong>FAQ<\/strong><\/div>\n<div>\n<table border=\"0\" cellspacing=\"0\" cellpadding=\"0\">\n<tbody>\n<tr>\n<td colspan=\"2\" height=\"20\">1.Q:\u00cates-vous une soci\u00e9t\u00e9 commerciale ou un fabricant ?<\/td>\n<\/tr>\n<tr>\n<td colspan=\"2\" height=\"20\">R:Nous sommes fabricant.<\/td>\n<\/tr>\n<tr>\n<td colspan=\"2\" height=\"20\">2.Q : Quel est le d\u00e9lai de livraison ?<\/td>\n<\/tr>\n<tr>\n<td colspan=\"2\" height=\"20\">R : En fonction de la difficult\u00e9 et de la quantit\u00e9 de produits \u00e0 traiter, un d\u00e9lai de livraison raisonnable vous sera communiqu\u00e9.<\/td>\n<\/tr>\n<tr>\n<td colspan=\"2\" height=\"20\">3.Q:Fournissez-vous des \u00e9chantillons ? sont-ils gratuits ou en suppl\u00e9ment ?<\/td>\n<\/tr>\n<tr>\n<td colspan=\"2\" height=\"20\">R:Oui, nous pouvons proposer des \u00e9chantillons gratuitement, mais nous ne prenons pas en charge les frais de transport.<\/td>\n<\/tr>\n<tr>\n<td colspan=\"2\" height=\"20\">4.Q:Quels sont les services apr\u00e8s-vente ?<\/td>\n<\/tr>\n<tr>\n<td colspan=\"2\" height=\"20\">R : En cas de probl\u00e8me de qualit\u00e9, le colis peut \u00eatre \u00e9chang\u00e9 dans les 90 jours.<\/td>\n<\/tr>\n<\/tbody>\n<\/table>\n<\/div>\n<\/div>","protected":false},"featured_media":15998,"parent":0,"template":"","product-catagories":[170],"product-tag":[],"class_list":["post-15417","product","type-product","status-publish","has-post-thumbnail","hentry","product-catagories-polycarbonate-deep-processing"],"acf":[],"_links":{"self":[{"href":"https:\/\/www.tononplastics.com\/fr\/wp-json\/wp\/v2\/product\/15417","targetHints":{"allow":["GET"]}}],"collection":[{"href":"https:\/\/www.tononplastics.com\/fr\/wp-json\/wp\/v2\/product"}],"about":[{"href":"https:\/\/www.tononplastics.com\/fr\/wp-json\/wp\/v2\/types\/product"}],"version-history":[{"count":0,"href":"https:\/\/www.tononplastics.com\/fr\/wp-json\/wp\/v2\/product\/15417\/revisions"}],"wp:featuredmedia":[{"embeddable":true,"href":"https:\/\/www.tononplastics.com\/fr\/wp-json\/wp\/v2\/media\/15998"}],"wp:attachment":[{"href":"https:\/\/www.tononplastics.com\/fr\/wp-json\/wp\/v2\/media?parent=15417"}],"wp:term":[{"taxonomy":"product-catagories","embeddable":true,"href":"https:\/\/www.tononplastics.com\/fr\/wp-json\/wp\/v2\/product-catagories?post=15417"},{"taxonomy":"product-tag","embeddable":true,"href":"https:\/\/www.tononplastics.com\/fr\/wp-json\/wp\/v2\/product-tag?post=15417"}],"curies":[{"name":"wp","href":"https:\/\/api.w.org\/{rel}","templated":true}]}}