{"id":15420,"date":"2023-08-22T11:11:29","date_gmt":"2023-08-22T03:11:29","guid":{"rendered":"https:\/\/tononplastics.com\/?post_type=product&#038;p=15420"},"modified":"2024-03-25T15:40:17","modified_gmt":"2024-03-25T07:40:17","slug":"led-panel-lighting-diffuserled-light-diffusion-sheet-bulb-diffusing-polycarbonate","status":"publish","type":"product","link":"https:\/\/www.tononplastics.com\/fr\/product\/led-panel-lighting-diffuserled-light-diffusion-sheet-bulb-diffusing-polycarbonate\/","title":{"rendered":"diffuseur pour panneau d'\u00e9clairage \u00e0 led, feuille de diffusion de lumi\u00e8re \u00e0 led, diffuseur d'ampoule en polycarbonate"},"content":{"rendered":"<div id=\"ali-anchor-AliPostDhMb-payd1\" class=\"mceSectionContainer\" data-section=\"AliPostDhMb-payd1\" data-section-title=\"Product Description\">\n<div id=\"ali-title-AliPostDhMb-payd1\"><\/div>\n<div>\n<p>\u00a0<img fetchpriority=\"high\" decoding=\"async\" class=\"\" src=\"https:\/\/sc01.alicdn.com\/kf\/H600807c9a63446b58826fc05a3ec45f7R\/200162319\/H600807c9a63446b58826fc05a3ec45f7R.jpg\" alt=\"diffuseur pour panneau d&#039;\u00e9clairage \u00e0 led, feuille de diffusion de lumi\u00e8re \u00e0 led, diffuseur d&#039;ampoule en polycarbonate\" width=\"404\" height=\"404\" data-src=\"\/\/sc01.alicdn.com\/kf\/H600807c9a63446b58826fc05a3ec45f7R\/200162319\/H600807c9a63446b58826fc05a3ec45f7R.jpg\" data-alt=\"led panel lighting diffuser,led light diffusion sheet bulb diffusing polycarbonate\" data-width=\"630\" data-spm-anchor-id=\"a2700.details.0.i20.5a162df0k7iIjR\" data- title=\"\"><img decoding=\"async\" class=\"\" src=\"https:\/\/sc01.alicdn.com\/kf\/H6c56ad0c2a0e4d95bc8510ee16b89dd1q\/200162319\/H6c56ad0c2a0e4d95bc8510ee16b89dd1q.jpg\" alt=\"diffuseur pour panneau d&#039;\u00e9clairage \u00e0 led, feuille de diffusion de lumi\u00e8re \u00e0 led, diffuseur d&#039;ampoule en polycarbonate\" width=\"412\" height=\"412\" data-src=\"\/\/sc01.alicdn.com\/kf\/H6c56ad0c2a0e4d95bc8510ee16b89dd1q\/200162319\/H6c56ad0c2a0e4d95bc8510ee16b89dd1q.jpg\" data-alt=\"led panel lighting diffuser,led light diffusion sheet bulb diffusing polycarbonate\" data-width=\"630\" data- title=\"\"><\/p>\n<p><strong>Transmission de la lumi\u00e8re :<\/strong><br \/>\nLa transmission de la lumi\u00e8re atteint 12%-82% en fonction de la couleur et de l'\u00e9paisseur.<\/p>\n<p><strong>Protection contre les UV :<\/strong><br \/>\nGr\u00e2ce \u00e0 un rev\u00eatement anti-UV exclusif, la plaque ondul\u00e9e en polycarbonate conserve de parfaites performances m\u00e9caniques et optiques apr\u00e8s avoir \u00e9t\u00e9 expos\u00e9e.<\/p>\n<p><strong>Capacit\u00e9 m\u00e9t\u00e9orologique :<\/strong><br \/>\nIl est tr\u00e8s r\u00e9sistant aux intemp\u00e9ries et conserve d'excellentes performances dans une large gamme de temp\u00e9ratures allant de -40\u00b0C \u00e0 120\u00b0C.<\/p>\n<p><strong>Retardateur de flammes :<\/strong> Inflammabilit\u00e9 UL 94 V-2<\/p>\n<p><strong>Installation facile<\/strong><br \/>\nFacile \u00e0 installer et pliable \u00e0 froid<\/p>\n<p><strong>R\u00e9sistance aux chocs :<\/strong><br \/>\n250-300 fois la r\u00e9sistance aux chocs du verre ordinaire et 30 fois celle des panneaux acryliques de m\u00eame \u00e9paisseur, soit 2-20 fois la r\u00e9sistance du verre tremp\u00e9 tombant de deux m\u00e8tres sous un marteau de 3 kg, sans fissure ni cassure.<\/p>\n<p><strong>Application de la plaque ondul\u00e9e en polycarbonate :<br \/>\n<\/strong>Barri\u00e8res antibruit pour les autoroutes et les routes urbaines sur\u00e9lev\u00e9es ;<br \/>\nSerre agricole et hangar d'\u00e9levage ;<br \/>\nPlafond d'un \u00e9co-restaurant moderne ;<br \/>\nToutes les unit\u00e9s ou cellules de cycle sont remises, les balcons, les auvents et les kiosques de repos sur le toit sont remis ;<br \/>\nImmeubles de bureaux, grands magasins, h\u00f4tels, villas, \u00e9coles, h\u00f4pitaux, stades, centres de divertissement et installations publiques, \u00e9clairage de plafond et .<\/p>\n<\/div>\n<\/div>\n<p><img decoding=\"async\" class=\"\" src=\"https:\/\/sc02.alicdn.com\/kf\/Hdce328a67d81495a812f963bcc590d4e8\/200162319\/Hdce328a67d81495a812f963bcc590d4e8.jpg\" alt=\"diffuseur pour panneau d&#039;\u00e9clairage \u00e0 led, feuille de diffusion de lumi\u00e8re \u00e0 led, diffuseur d&#039;ampoule en polycarbonate\" width=\"322\" height=\"322\" data-src=\"\/\/sc02.alicdn.com\/kf\/Hdce328a67d81495a812f963bcc590d4e8\/200162319\/Hdce328a67d81495a812f963bcc590d4e8.jpg\" data-alt=\"led panel lighting diffuser,led light diffusion sheet bulb diffusing polycarbonate\" data-width=\"630\" data- title=\"\"><img loading=\"lazy\" decoding=\"async\" class=\"\" src=\"https:\/\/sc01.alicdn.com\/kf\/Ha35eb9523b0743dbbef517c1f6d500b5t\/200162319\/Ha35eb9523b0743dbbef517c1f6d500b5t.jpg\" alt=\"diffuseur pour panneau d&#039;\u00e9clairage \u00e0 led, feuille de diffusion de lumi\u00e8re \u00e0 led, diffuseur d&#039;ampoule en polycarbonate\" width=\"428\" height=\"428\" data-src=\"\/\/sc01.alicdn.com\/kf\/Ha35eb9523b0743dbbef517c1f6d500b5t\/200162319\/Ha35eb9523b0743dbbef517c1f6d500b5t.jpg\" data-alt=\"led panel lighting diffuser,led light diffusion sheet bulb diffusing polycarbonate\" data-width=\"630\" data- title=\"\"><\/p>\n<div id=\"ali-anchor-AliPostDhMb-101z7\" class=\"mceSectionContainer\" data-section=\"AliPostDhMb-101z7\" data-section-title=\"Company Information\">\n<div id=\"ali-title-AliPostDhMb-101z7\"><\/div>\n<\/div>\n<div id=\"ali-anchor-AliPostDhMb-vzyi1\" class=\"mceSectionContainer\" data-section=\"AliPostDhMb-vzyi1\" data-section-title=\"Packaging &amp; Shipping\">\n<div id=\"ali-title-AliPostDhMb-vzyi1\"><strong>Emballage et exp\u00e9dition<\/strong><\/div>\n<div>\n<p>\u00a0<img decoding=\"async\" src=\"https:\/\/sc02.alicdn.com\/kf\/Hd05fdb0988024155a7956963ea5973acD\/200162319\/Hd05fdb0988024155a7956963ea5973acD.png\" alt=\"diffuseur pour panneau d&#039;\u00e9clairage \u00e0 led, feuille de diffusion de lumi\u00e8re \u00e0 led, diffuseur d&#039;ampoule en polycarbonate\" width=\"630\" height=\"474.58885941644564\" data-src=\"\/\/sc02.alicdn.com\/kf\/Hd05fdb0988024155a7956963ea5973acD\/200162319\/Hd05fdb0988024155a7956963ea5973acD.png\" data-alt=\"led panel lighting diffuser,led light diffusion sheet bulb diffusing polycarbonate\" data-width=\"630\" data- title=\"\"><img decoding=\"async\" src=\"https:\/\/sc02.alicdn.com\/kf\/H02a52324dc024cdcbaee8c550d0c5b3cR\/200162319\/H02a52324dc024cdcbaee8c550d0c5b3cR.png\" alt=\"diffuseur pour panneau d&#039;\u00e9clairage \u00e0 led, feuille de diffusion de lumi\u00e8re \u00e0 led, diffuseur d&#039;ampoule en polycarbonate\" width=\"630\" height=\"214.7347480106101\" data-src=\"\/\/sc02.alicdn.com\/kf\/H02a52324dc024cdcbaee8c550d0c5b3cR\/200162319\/H02a52324dc024cdcbaee8c550d0c5b3cR.png\" data-alt=\"led panel lighting diffuser,led light diffusion sheet bulb diffusing polycarbonate\" data-width=\"630\" data- title=\"\"><\/p>\n<\/div>\n<\/div>\n<div id=\"ali-anchor-AliPostDhMb-ik3zy\" class=\"mceSectionContainer\" data-section=\"AliPostDhMb-ik3zy\" data-section-title=\"FAQ\">\n<div id=\"ali-title-AliPostDhMb-ik3zy\"><\/div>\n<\/div>","protected":false},"featured_media":15421,"parent":0,"template":"","product-catagories":[170],"product-tag":[],"class_list":["post-15420","product","type-product","status-publish","has-post-thumbnail","hentry","product-catagories-polycarbonate-deep-processing"],"acf":[],"_links":{"self":[{"href":"https:\/\/www.tononplastics.com\/fr\/wp-json\/wp\/v2\/product\/15420","targetHints":{"allow":["GET"]}}],"collection":[{"href":"https:\/\/www.tononplastics.com\/fr\/wp-json\/wp\/v2\/product"}],"about":[{"href":"https:\/\/www.tononplastics.com\/fr\/wp-json\/wp\/v2\/types\/product"}],"version-history":[{"count":0,"href":"https:\/\/www.tononplastics.com\/fr\/wp-json\/wp\/v2\/product\/15420\/revisions"}],"wp:featuredmedia":[{"embeddable":true,"href":"https:\/\/www.tononplastics.com\/fr\/wp-json\/wp\/v2\/media\/15421"}],"wp:attachment":[{"href":"https:\/\/www.tononplastics.com\/fr\/wp-json\/wp\/v2\/media?parent=15420"}],"wp:term":[{"taxonomy":"product-catagories","embeddable":true,"href":"https:\/\/www.tononplastics.com\/fr\/wp-json\/wp\/v2\/product-catagories?post=15420"},{"taxonomy":"product-tag","embeddable":true,"href":"https:\/\/www.tononplastics.com\/fr\/wp-json\/wp\/v2\/product-tag?post=15420"}],"curies":[{"name":"wp","href":"https:\/\/api.w.org\/{rel}","templated":true}]}}