{"id":15424,"date":"2023-08-22T11:12:36","date_gmt":"2023-08-22T03:12:36","guid":{"rendered":"https:\/\/tononplastics.com\/?post_type=product&#038;p=15424"},"modified":"2024-03-25T13:17:34","modified_gmt":"2024-03-25T05:17:34","slug":"plastic-products-custom-size-white-milk-polycarbonate-sheet-led-light-diffusion-polycarbonate-sheet","status":"publish","type":"product","link":"https:\/\/www.tononplastics.com\/fr\/product\/plastic-products-custom-size-white-milk-polycarbonate-sheet-led-light-diffusion-polycarbonate-sheet\/","title":{"rendered":"Produits en plastique Dimensions personnalis\u00e9es Feuille de polycarbonate blanc laiteux Feuille de polycarbonate pour la diffusion de la lumi\u00e8re LED"},"content":{"rendered":"<figure class=\"wp-block-gallery has-nested-images columns-default is-cropped wp-block-gallery-1 is-layout-flex wp-block-gallery-is-layout-flex\">\n<figure class=\"wp-block-image size-full\"><img fetchpriority=\"high\" decoding=\"async\" width=\"640\" height=\"640\" data-id=\"15422\" src=\"https:\/\/www.tononplastics.com\/wp-content\/uploads\/2023\/08\/Hdce328a67d81495a812f963bcc590d4e8.jpg\" alt=\"\" class=\"wp-image-15422\" title=\"\" srcset=\"https:\/\/www.tononplastics.com\/wp-content\/uploads\/2023\/08\/Hdce328a67d81495a812f963bcc590d4e8.jpg 640w, https:\/\/www.tononplastics.com\/wp-content\/uploads\/2023\/08\/Hdce328a67d81495a812f963bcc590d4e8-300x300.jpg 300w, https:\/\/www.tononplastics.com\/wp-content\/uploads\/2023\/08\/Hdce328a67d81495a812f963bcc590d4e8-150x150.jpg 150w\" sizes=\"(max-width: 640px) 100vw, 640px\" \/><\/figure>\n\n\n\n<figure class=\"wp-block-image size-full\"><img decoding=\"async\" width=\"1080\" height=\"1440\" data-id=\"15325\" src=\"https:\/\/www.tononplastics.com\/wp-content\/uploads\/2023\/08\/Hf18aec69ee4b444f8edf47e1d796fc1dB.jpg\" alt=\"\" class=\"wp-image-15325\" title=\"\" srcset=\"https:\/\/www.tononplastics.com\/wp-content\/uploads\/2023\/08\/Hf18aec69ee4b444f8edf47e1d796fc1dB.jpg 1080w, https:\/\/www.tononplastics.com\/wp-content\/uploads\/2023\/08\/Hf18aec69ee4b444f8edf47e1d796fc1dB-225x300.jpg 225w, https:\/\/www.tononplastics.com\/wp-content\/uploads\/2023\/08\/Hf18aec69ee4b444f8edf47e1d796fc1dB-768x1024.jpg 768w\" sizes=\"(max-width: 1080px) 100vw, 1080px\" \/><\/figure>\n<\/figure>\n\n\n<div id=\"ali-anchor-AliPostDhMb-pqocd\" class=\"mceSectionContainer\" data-section=\"AliPostDhMb-pqocd\" data-section-title=\"Product Description\">\n<p><strong style=\"font-size: revert; color: initial;\">blanc lait lumi\u00e8re<\/strong> <strong>diffusion<\/strong><strong style=\"font-size: revert; color: initial;\"> Description du produit<\/strong><\/p>\n<\/div>\n<table class=\"aliDataTable\">\n<tbody>\n<tr align=\"left\">\n<td rowspan=\"4\" valign=\"top\">\n<p>\u00a0<\/p>\n<p>\u00a0<\/p>\n<p>Taille des produits<\/p>\n<\/td>\n<td valign=\"top\">\n<p>\u00c9PAISSEUR : de 1,3 mm \u00e0 10 mm<\/p>\n<\/td>\n<\/tr>\n<tr align=\"left\">\n<td valign=\"top\">\n<p>DUR\u00c9E : non limit\u00e9e<\/p>\n<\/td>\n<\/tr>\n<tr align=\"left\">\n<td valign=\"top\">\n<p>LARGEUR : 1220mm, 1560mm, 1820mm et 2100mm<\/p>\n<\/td>\n<\/tr>\n<tr align=\"left\">\n<td valign=\"top\">\n<p>COULEUR : lait blanc<\/p>\n<p>Les sp\u00e9cifications et les couleurs peuvent \u00eatre personnalis\u00e9es.<\/p>\n<\/td>\n<\/tr>\n<tr align=\"left\">\n<td rowspan=\"7\" valign=\"top\">\n<p>\u00a0<\/p>\n<p>\u00a0<\/p>\n<p>\u00a0<\/p>\n<p>\u00a0<\/p>\n<p>\u00a0<\/p>\n<p>Caract\u00e9ristiques des produits<\/p>\n<\/td>\n<td valign=\"top\">\n<p>1. Transmission de la lumi\u00e8re : 12%-82% en fonction de la couleur et de l'\u00e9paisseur.<\/p>\n<\/td>\n<\/tr>\n<tr align=\"left\">\n<td valign=\"top\">\n<p>2. ignifugation : le grade B1 est d\u00e9termin\u00e9 par le test national GB8624-1997, sans goutte de feu ni gaz toxique.<\/p>\n<\/td>\n<\/tr>\n<tr align=\"left\">\n<td valign=\"top\">\n<p>3. R\u00e9sistance aux chocs : la r\u00e9sistance aux chocs des feuilles de PC est 250 \u00e0 300 fois sup\u00e9rieure \u00e0 celle des verres ordinaires.<\/p>\n<\/td>\n<\/tr>\n<tr align=\"left\">\n<td valign=\"top\">\n<p>4. installation facile<\/p>\n<\/td>\n<\/tr>\n<tr align=\"left\">\n<td valign=\"top\">\n<p>5. Isolation acoustique<\/p>\n<\/td>\n<\/tr>\n<tr align=\"left\">\n<td valign=\"top\">\n<p>6. capacit\u00e9 de r\u00e9sistance aux intemp\u00e9ries : plage de temp\u00e9rature de -40\u2103 \u00e0 120\u2103.<\/p>\n<\/td>\n<\/tr>\n<tr align=\"left\">\n<td valign=\"top\">\n<p>7. Protection contre les UV<\/p>\n<\/td>\n<\/tr>\n<\/tbody>\n<\/table>\n<p><strong>DOSSIER<\/strong>:<br \/>1) R\u00e9sistance aux chocs : La r\u00e9sistance \u00e0 l'impact de la feuille creuse en PC est 250 fois sup\u00e9rieure \u00e0 celle du verre.<br \/>2) Poids l\u00e9ger : Le poids de la feuille creuse en PC ne repr\u00e9sente que la moiti\u00e9 de celui du verre.<br \/>3) Transparence : La transmission de la lumi\u00e8re d'une feuille creuse de PC de 3 mm d'\u00e9paisseur est de 88%.<br \/>4) Protection contre les UV : Une feuille de PC est coextrud\u00e9e avec un rayon ultraviolet de haute densit\u00e9 qui emp\u00eache \u00e9galement la feuille de PC de se d\u00e9colorer.<br \/>5) R\u00e9sistance aux intemp\u00e9ries : La feuille creuse en PC r\u00e9siste aux intemp\u00e9ries et conserve d'excellentes performances dans une plage de temp\u00e9ratures allant de -40oC \u00e0 12oC.<br \/>6) Inhibition de la condensation : Lorsque la temp\u00e9rature ext\u00e9rieure est de 0oC et la temp\u00e9rature int\u00e9rieure de 23oC, la feuille de PC se condense jusqu'\u00e0 80%. <br \/><span style=\"font-size: revert; color: initial;\">7) Isolation thermique : La valeur K du verre est 1,2 fois sup\u00e9rieure \u00e0 celle de la feuille de PC solide. Les feuilles de PC permettent d'\u00e9conomiser de l'\u00e9nergie tout en \u00e9vitant les pertes de chaleur.<br \/><\/span><span style=\"font-size: revert; color: initial;\">8)Isolation acoustique : La feuille creuse en PC de 6 mm d'\u00e9paisseur peut r\u00e9duire le son de 20 dB.<br \/><\/span><span style=\"font-size: revert; color: initial;\">9) R\u00e9sistance aux flammes : Apr\u00e8s avoir \u00e9t\u00e9 test\u00e9 par le Centre national de supervision de la qualit\u00e9 et d'essai des mat\u00e9riaux de construction contre l'incendie, le mat\u00e9riau est class\u00e9 dans la cat\u00e9gorie 1 conform\u00e9ment \u00e0 la norme QB8624-1997.<br \/><\/span><span style=\"font-size: revert; color: initial;\">10)Installation facile : Une feuille de PC peut \u00eatre pli\u00e9e \u00e0 chaud ou \u00e0 froid et peut \u00eatre utilis\u00e9e sur des toits et des fen\u00eatres incurv\u00e9s. Le rayon de courbure minimal d'une feuille de PC est \u00e9gal \u00e0 175 fois son \u00e9paisseur.\u00a0<\/span><\/p>\n<p><strong>Domaines d'application des feuilles pleines et gaufr\u00e9es en PC<\/strong><\/p>\n<p><img decoding=\"async\" src=\"https:\/\/sc01.alicdn.com\/kf\/HTB1VgAYJVXXXXa5aXXXq6xXFXXXW\/200162319\/HTB1VgAYJVXXXXa5aXXXq6xXFXXXW.jpg\" alt=\"Produits en plastique Taille personnalis\u00e9e Feuille de polycarbonate lait blanc Feuille de polycarbonate pour la diffusion de la lumi\u00e8re LED\" width=\"630\" height=\"204.12\" data-src=\"\/\/sc01.alicdn.com\/kf\/HTB1VgAYJVXXXXa5aXXXq6xXFXXXW\/200162319\/HTB1VgAYJVXXXXa5aXXXq6xXFXXXW.jpg\" data-alt=\"plastic products custom size white milk polycarbonate sheet LED light diffusion polycarbonate sheet\" data-width=\"630\" data- title=\"\"><\/p>\n<p>1. B\u00e2timent : comme plafond d'\u00e9clairage naturel pour les immeubles de bureaux. Barri\u00e8res acoustiques pour les voies rapides et les routes a\u00e9riennes urbaines.<br \/>2. Pr\u00e9vention des vols : Comptoirs anti-effraction des banques, cabines de tr\u00e9sors, mat\u00e9riel d'\u00e9clairage de s\u00e9curit\u00e9 des bijouteries.<br \/>3. Publicit\u00e9 : Panneaux de lampes publicitaires, panneaux d'affichage.<br \/><span style=\"font-size: revert; color: initial;\">4. Pr\u00e9vention des explosions : Boucliers de police, vitres de camions-caisses.<br \/><\/span><span style=\"font-size: revert; color: initial;\">5. Propositions g\u00e9n\u00e9rales : panneaux de distributeurs automatiques, casques de moto, masques de protection, etc.<\/span><\/p>\n<div id=\"ali-anchor-AliPostDhMb-6096r\" class=\"mceSectionContainer\" data-section=\"AliPostDhMb-6096r\" data-section-title=\"Company Information\">\n<p><strong>Certification :<\/strong><\/p>\n<p><img decoding=\"async\" src=\"https:\/\/sc01.alicdn.com\/kf\/HTB1MXLWJVXXXXXSXXXXq6xXFXXXB\/200162319\/HTB1MXLWJVXXXXXSXXXXq6xXFXXXB.jpg\" alt=\"Produits en plastique Taille personnalis\u00e9e Feuille de polycarbonate lait blanc Feuille de polycarbonate pour la diffusion de la lumi\u00e8re LED\" width=\"630\" height=\"250.32000000000002\" data-src=\"\/\/sc01.alicdn.com\/kf\/HTB1MXLWJVXXXXXSXXXXq6xXFXXXB\/200162319\/HTB1MXLWJVXXXXXSXXXXq6xXFXXXB.jpg\" data-alt=\"plastic products custom size white milk polycarbonate sheet LED light diffusion polycarbonate sheet\" data-width=\"630\" data- title=\"\"><\/p>\n<p><strong>Les autres produits sont les suivants :<\/strong><\/p>\n<p><img decoding=\"async\" src=\"https:\/\/sc01.alicdn.com\/kf\/HTB1eDLCJVXXXXaMXFXXq6xXFXXXf\/200162319\/HTB1eDLCJVXXXXaMXFXXq6xXFXXXf.jpg\" alt=\"Produits en plastique Taille personnalis\u00e9e Feuille de polycarbonate lait blanc Feuille de polycarbonate pour la diffusion de la lumi\u00e8re LED\" width=\"630\" height=\"315\" data-src=\"\/\/sc01.alicdn.com\/kf\/HTB1eDLCJVXXXXaMXFXXq6xXFXXXf\/200162319\/HTB1eDLCJVXXXXaMXFXXq6xXFXXXf.jpg\" data-alt=\"plastic products custom size white milk polycarbonate sheet LED light diffusion polycarbonate sheet\" data-width=\"630\" data- title=\"\"><\/p>\n<p>1. Q : \u00cates-vous un fabricant ou une soci\u00e9t\u00e9 commerciale ?<br \/>R : Nous sommes une usine professionnelle, avec plus de 10 ans d'exp\u00e9rience dans la fabrication de plaques de polycarbonate de haute qualit\u00e9. Les OEM sont accept\u00e9s.<\/p>\n<p>2. Q:Quelle est la proc\u00e9dure de commande ?<\/p>\n<p>a.Demande de renseignements - nous fournir toutes les exigences claires.<br \/>b.Devis - Formulaire de devis officiel avec toutes les sp\u00e9cifications claires.<br \/>c.Personnalisation - Nous offrons une personnalisation ultime et des solutions personnalis\u00e9es.<br \/>d.\u00c9chantillon - \u00c9chantillon standard de notre usine.<br \/>e.Conditions de paiement : T\/T 30% \u00e0 l'avance, solde avant l'exp\u00e9dition.<br \/>f.Production - production de masse<br \/>g.Exp\u00e9dition : par voie maritime, a\u00e9rienne ou par service de messagerie. Une photo d\u00e9taill\u00e9e du colis sera fournie.<\/p>\n<p>3. Q:Quelles sont les conditions de paiement que vous utilisez ?<br \/>A : T\/T, PayPal, Esp\u00e8ces.<\/p>\n<p>4. Q : Quelle est votre mati\u00e8re premi\u00e8re pour les plaques de polycarbonate ?<br \/>R : Nous utilisons des mat\u00e9riaux import\u00e9s tels que Bayer, Sabic, Senyi, Samsung et d'autres marques c\u00e9l\u00e8bres.<\/p>\n<\/div>","protected":false},"featured_media":15421,"parent":0,"template":"","product-catagories":[170],"product-tag":[],"class_list":["post-15424","product","type-product","status-publish","has-post-thumbnail","hentry","product-catagories-polycarbonate-deep-processing"],"acf":[],"_links":{"self":[{"href":"https:\/\/www.tononplastics.com\/fr\/wp-json\/wp\/v2\/product\/15424","targetHints":{"allow":["GET"]}}],"collection":[{"href":"https:\/\/www.tononplastics.com\/fr\/wp-json\/wp\/v2\/product"}],"about":[{"href":"https:\/\/www.tononplastics.com\/fr\/wp-json\/wp\/v2\/types\/product"}],"version-history":[{"count":0,"href":"https:\/\/www.tononplastics.com\/fr\/wp-json\/wp\/v2\/product\/15424\/revisions"}],"wp:featuredmedia":[{"embeddable":true,"href":"https:\/\/www.tononplastics.com\/fr\/wp-json\/wp\/v2\/media\/15421"}],"wp:attachment":[{"href":"https:\/\/www.tononplastics.com\/fr\/wp-json\/wp\/v2\/media?parent=15424"}],"wp:term":[{"taxonomy":"product-catagories","embeddable":true,"href":"https:\/\/www.tononplastics.com\/fr\/wp-json\/wp\/v2\/product-catagories?post=15424"},{"taxonomy":"product-tag","embeddable":true,"href":"https:\/\/www.tononplastics.com\/fr\/wp-json\/wp\/v2\/product-tag?post=15424"}],"curies":[{"name":"wp","href":"https:\/\/api.w.org\/{rel}","templated":true}]}}