{"id":14552,"date":"2023-08-08T10:34:22","date_gmt":"2023-08-08T02:34:22","guid":{"rendered":"https:\/\/tononplastics.com\/?post_type=product&#038;p=14552"},"modified":"2024-03-25T14:17:02","modified_gmt":"2024-03-25T06:17:02","slug":"pc-embossed-sheet","status":"publish","type":"product","link":"https:\/\/www.tononplastics.com\/it\/product\/pc-embossed-sheet\/","title":{"rendered":"Lastra goffrata in PC"},"content":{"rendered":"<p>Gli strati impressi del PC sono fatti sulla base della tecnologia generale di fabbricazione dello strato solido del policarbonato, cambiando le parti dello strumento e del mestiere del modanatura, facendo l'aspetto di superficie si \u00e8 verificato il cambiamento di fisica, il suo cambiamento della costruzione di superficie fa la buona caratteristica leggera e la variet\u00e0 del senso della visione e dell'abbattimento. la funzione di meccanica, la funzione dell'elettricit\u00e0, la funzione ignifuga, l'abilit\u00e0 del raggio ultravioletto dell'anti ecc. dei due generi di materiale dello strato in conformit\u00e0 con lo strato solido generale del PC, \u00e8 differente ad un'apparenza esterna e la caratteristica leggera.<\/p>\n\n\n\n<figure class=\"wp-block-gallery has-nested-images columns-default is-cropped wp-block-gallery-1 is-layout-flex wp-block-gallery-is-layout-flex\">\n<figure class=\"wp-block-image size-large\"><img fetchpriority=\"high\" decoding=\"async\" width=\"640\" height=\"640\" data-id=\"15414\" src=\"https:\/\/www.tononplastics.com\/wp-content\/uploads\/2023\/08\/He8274ae2b415410ca5198fdb7cc29c56f.jpg\" alt=\"\" class=\"wp-image-15414\" title=\"\" srcset=\"https:\/\/www.tononplastics.com\/wp-content\/uploads\/2023\/08\/He8274ae2b415410ca5198fdb7cc29c56f.jpg 640w, https:\/\/www.tononplastics.com\/wp-content\/uploads\/2023\/08\/He8274ae2b415410ca5198fdb7cc29c56f-300x300.jpg 300w, https:\/\/www.tononplastics.com\/wp-content\/uploads\/2023\/08\/He8274ae2b415410ca5198fdb7cc29c56f-150x150.jpg 150w\" sizes=\"(max-width: 640px) 100vw, 640px\" \/><\/figure>\n\n\n\n<figure class=\"wp-block-image size-large\"><img decoding=\"async\" width=\"640\" height=\"640\" data-id=\"15412\" src=\"https:\/\/www.tononplastics.com\/wp-content\/uploads\/2023\/08\/Hbdfc9ad4c729484daa1291b1050c2c2fx.jpg\" alt=\"\" class=\"wp-image-15412\" title=\"\" srcset=\"https:\/\/www.tononplastics.com\/wp-content\/uploads\/2023\/08\/Hbdfc9ad4c729484daa1291b1050c2c2fx.jpg 640w, https:\/\/www.tononplastics.com\/wp-content\/uploads\/2023\/08\/Hbdfc9ad4c729484daa1291b1050c2c2fx-300x300.jpg 300w, https:\/\/www.tononplastics.com\/wp-content\/uploads\/2023\/08\/Hbdfc9ad4c729484daa1291b1050c2c2fx-150x150.jpg 150w\" sizes=\"(max-width: 640px) 100vw, 640px\" \/><\/figure>\n<\/figure>\n\n\n\n<p><strong>Vantaggi<br><\/strong>Blocco UV - Ecologico - Risparmio energetico - Anti-caldo - anti-freddo - Blocco del vento<br>Antincendio - Insonorizzazione - Elevata trasmissione della luce - Leggerezza - Facilit\u00e0 di installazione<\/p>\n\n\n\n<p><strong>Specifiche tecniche<br><\/strong>Lunghezza: lunghezza standard 6m (foglio), 30m (rotolo), lunghezza speciale personalizzata<br>Larghezza: standard 1,22 m\/1,56 m\/1,82 m\/2,1 m, max 2,1 m<br>Spessore: 0,8 mm - 20 mm<br>Colore: chiaro, blu lago, azzurro, verde erba, marrone, grigio chiaro, opale, marrone chiaro, giallo, arancione, nero, caff\u00e8, rosso ecc,<\/p>\n\n\n\n<figure class=\"wp-block-gallery has-nested-images columns-default is-cropped wp-block-gallery-2 is-layout-flex wp-block-gallery-is-layout-flex\">\n<figure class=\"wp-block-image size-large\"><img decoding=\"async\" width=\"179\" height=\"185\" data-id=\"16303\" src=\"https:\/\/www.tononplastics.com\/wp-content\/uploads\/2023\/08\/th-1.jpg\" alt=\"\" class=\"wp-image-16303\" title=\"\" srcset=\"https:\/\/www.tononplastics.com\/wp-content\/uploads\/2023\/08\/th-1.jpg 179w, https:\/\/www.tononplastics.com\/wp-content\/uploads\/2023\/08\/th-1-12x12.jpg 12w\" sizes=\"(max-width: 179px) 100vw, 179px\" \/><\/figure>\n\n\n\n<figure class=\"wp-block-image size-large\"><img loading=\"lazy\" decoding=\"async\" width=\"179\" height=\"185\" data-id=\"16304\" src=\"https:\/\/www.tononplastics.com\/wp-content\/uploads\/2023\/08\/th.jpg\" alt=\"\" class=\"wp-image-16304\" title=\"\" srcset=\"https:\/\/www.tononplastics.com\/wp-content\/uploads\/2023\/08\/th.jpg 179w, https:\/\/www.tononplastics.com\/wp-content\/uploads\/2023\/08\/th-12x12.jpg 12w\" sizes=\"(max-width: 179px) 100vw, 179px\" \/><\/figure>\n<\/figure>","protected":false},"featured_media":14352,"parent":0,"template":"","product-catagories":[173],"product-tag":[],"class_list":["post-14552","product","type-product","status-publish","has-post-thumbnail","hentry","product-catagories-polycarbonate-embossed-sheet"],"acf":[],"_links":{"self":[{"href":"https:\/\/www.tononplastics.com\/it\/wp-json\/wp\/v2\/product\/14552","targetHints":{"allow":["GET"]}}],"collection":[{"href":"https:\/\/www.tononplastics.com\/it\/wp-json\/wp\/v2\/product"}],"about":[{"href":"https:\/\/www.tononplastics.com\/it\/wp-json\/wp\/v2\/types\/product"}],"version-history":[{"count":0,"href":"https:\/\/www.tononplastics.com\/it\/wp-json\/wp\/v2\/product\/14552\/revisions"}],"wp:featuredmedia":[{"embeddable":true,"href":"https:\/\/www.tononplastics.com\/it\/wp-json\/wp\/v2\/media\/14352"}],"wp:attachment":[{"href":"https:\/\/www.tononplastics.com\/it\/wp-json\/wp\/v2\/media?parent=14552"}],"wp:term":[{"taxonomy":"product-catagories","embeddable":true,"href":"https:\/\/www.tononplastics.com\/it\/wp-json\/wp\/v2\/product-catagories?post=14552"},{"taxonomy":"product-tag","embeddable":true,"href":"https:\/\/www.tononplastics.com\/it\/wp-json\/wp\/v2\/product-tag?post=14552"}],"curies":[{"name":"wp","href":"https:\/\/api.w.org\/{rel}","templated":true}]}}