{"id":15068,"date":"2023-08-22T12:40:43","date_gmt":"2023-08-22T04:40:43","guid":{"rendered":"https:\/\/tononplastics.com\/?post_type=product&#038;p=15068"},"modified":"2024-03-25T14:20:26","modified_gmt":"2024-03-25T06:20:26","slug":"online-pc-solid-corrugated-sheet-price-list-polycarbonate-corrugated-plastic-roofing-sheets","status":"publish","type":"product","link":"https:\/\/www.tononplastics.com\/it\/product\/online-pc-solid-corrugated-sheet-price-list-polycarbonate-corrugated-plastic-roofing-sheets\/","title":{"rendered":"Online PC Lastre ondulate solide Listino prezzi. Lastre ondulate in policarbonato per coperture in plastica"},"content":{"rendered":"<style>\/*! elementor - v3.15.0 - 09-08-2023 *\/<br \/>\n.elementor-widget-image{text-align:center}.elementor-widget-image a{display:inline-block}.elementor-widget-image a img[src$=\".svg\"]{width:48px}.elementor-widget-image img{vertical-align:middle;display:inline-block}<\/style>\n<p><img fetchpriority=\"high\" decoding=\"async\" src=\"https:\/\/tononplastics.com\/wp-content\/uploads\/2023\/08\/img-51-1024x702.jpg\" sizes=\"(max-width: 800px) 100vw, 800px\" srcset=\"https:\/\/tononplastics.com\/wp-content\/uploads\/2023\/08\/img-51-1024x702.jpg 1024w, https:\/\/tononplastics.com\/wp-content\/uploads\/2023\/08\/img-51-300x206.jpg 300w, https:\/\/tononplastics.com\/wp-content\/uploads\/2023\/08\/img-51-768x527.jpg 768w, https:\/\/tononplastics.com\/wp-content\/uploads\/2023\/08\/img-51.jpg 1092w\" alt=\"\" width=\"800\" height=\"548\" title=\"\"><br \/>\n<img decoding=\"async\" src=\"https:\/\/tononplastics.com\/wp-content\/uploads\/2023\/05\/corrugated-polycarboante-sheet.jpg\" sizes=\"(max-width: 800px) 100vw, 800px\" srcset=\"https:\/\/tononplastics.com\/wp-content\/uploads\/2023\/05\/corrugated-polycarboante-sheet.jpg 800w, https:\/\/tononplastics.com\/wp-content\/uploads\/2023\/05\/corrugated-polycarboante-sheet-300x209.jpg 300w, https:\/\/tononplastics.com\/wp-content\/uploads\/2023\/05\/corrugated-polycarboante-sheet-768x534.jpg 768w\" alt=\"\" width=\"800\" height=\"556\" title=\"\"><\/p>\n<p><strong>Dettagli del prodotto convenzionale:<\/strong><\/p>\n<p>1). Spessore della lastra di policarbonato a doppia parete: 3mm-12mm. Larghezza: 2100 mm.<\/p>\n<p>2). Spessore della lastra di policarbonato a tre pareti: 10 mm-18 mm. Larghezza: 2100 mm.<\/p>\n<p>3). Spessore della lastra di policarbonato a quattro pareti: 6 mm-14 mm. Larghezza: 2100 mm.<\/p>\n<p>4). Spessore della lastra di policarbonato alveolare: 6 mm-14 mm. Larghezza: 2100 mm.<\/p>\n<p>5). Possiamo anche personalizzare la larghezza, come 1220 mm, e lo spessore normale \u00e8 di 4 mm-6 mm. Ma il prezzo sar\u00e0 pi\u00f9 alto della larghezza di 2100 mm, perch\u00e9 ha la perdita di tasse.<\/p>\n<p>6). Lastra di policarbonato pieno di spessore standard:<\/p>\n<p>1,1 mm-18 mm. Larghezza: 1220, 1560, 1820, 2100 mm. Di solito 1220x2440 mm.<\/p>\n<p>7). Spessore delle lastre di policarbonato ondulato: 0,8 mm-1,8 mm.  Larghezza: 1000 mm e 1200 mm.<\/p>\n<p><em>A. Lunghezza: nessun limite (raccomandare 5800, 6000, 11800, 12000 mm per adattarsi al contenitore da 20 e al contenitore da 40).<\/em><\/p>\n<p><em>B. Colore: chiaro\/trasparente, blu lago, verde, blu, opale, marrone\/bronzo, grigio argenteo, rosso, giallo, ecc.<\/em><\/p>\n<p><img decoding=\"async\" src=\"https:\/\/tononplastics.com\/wp-content\/uploads\/2023\/08\/10006-1.jpg\" sizes=\"(max-width: 800px) 100vw, 800px\" srcset=\"https:\/\/tononplastics.com\/wp-content\/uploads\/2023\/08\/10006-1.jpg 800w, https:\/\/tononplastics.com\/wp-content\/uploads\/2023\/08\/10006-1-300x300.jpg 300w, https:\/\/tononplastics.com\/wp-content\/uploads\/2023\/08\/10006-1-150x150.jpg 150w, https:\/\/tononplastics.com\/wp-content\/uploads\/2023\/08\/10006-1-768x768.jpg 768w\" alt=\"\" width=\"800\" height=\"800\" title=\"\"><\/p>","protected":false},"featured_media":15072,"parent":0,"template":"","product-catagories":[168],"product-tag":[],"class_list":["post-15068","product","type-product","status-publish","has-post-thumbnail","hentry","product-catagories-acrylic-sheet"],"acf":[],"_links":{"self":[{"href":"https:\/\/www.tononplastics.com\/it\/wp-json\/wp\/v2\/product\/15068","targetHints":{"allow":["GET"]}}],"collection":[{"href":"https:\/\/www.tononplastics.com\/it\/wp-json\/wp\/v2\/product"}],"about":[{"href":"https:\/\/www.tononplastics.com\/it\/wp-json\/wp\/v2\/types\/product"}],"version-history":[{"count":0,"href":"https:\/\/www.tononplastics.com\/it\/wp-json\/wp\/v2\/product\/15068\/revisions"}],"wp:featuredmedia":[{"embeddable":true,"href":"https:\/\/www.tononplastics.com\/it\/wp-json\/wp\/v2\/media\/15072"}],"wp:attachment":[{"href":"https:\/\/www.tononplastics.com\/it\/wp-json\/wp\/v2\/media?parent=15068"}],"wp:term":[{"taxonomy":"product-catagories","embeddable":true,"href":"https:\/\/www.tononplastics.com\/it\/wp-json\/wp\/v2\/product-catagories?post=15068"},{"taxonomy":"product-tag","embeddable":true,"href":"https:\/\/www.tononplastics.com\/it\/wp-json\/wp\/v2\/product-tag?post=15068"}],"curies":[{"name":"wp","href":"https:\/\/api.w.org\/{rel}","templated":true}]}}