{"id":15195,"date":"2023-08-23T16:50:26","date_gmt":"2023-08-23T08:50:26","guid":{"rendered":"https:\/\/tononplastics.com\/?post_type=product&#038;p=15195"},"modified":"2024-04-16T14:01:43","modified_gmt":"2024-04-16T06:01:43","slug":"multiwall-polycarbonate-sheets-for-roofing","status":"publish","type":"product","link":"https:\/\/www.tononplastics.com\/it\/product\/multiwall-polycarbonate-sheets-for-roofing\/","title":{"rendered":"Lastre di policarbonato alveolare per coperture"},"content":{"rendered":"<div id=\"ali-anchor-AliPostDhMb-0uto1\" class=\"mceSectionContainer\" data-section=\"AliPostDhMb-0uto1\" data-section-title=\"Product Description\">\n<div>\n<p><strong>Foglio di plastica a nido d'ape <\/strong>qualit\u00e0 di leggerezza, resistenza, elevata rigidit\u00e0, con vantaggi di antiurto, isolamento, isolamento termico, isolamento acustico, ma anche di resistenza all'umidit\u00e0, alla corrosione e altre caratteristiche, ha un ampio spazio di sviluppo, \u00e8 ampiamente utilizzato nell'edilizia, nella produzione di autoveicoli, nella produzione di mobili, nell'imballaggio di materiali e nel trasporto e cos\u00ec via.<\/p>\n<\/div>\n<\/div>\n<p>L'ampio utilizzo di questo tipo di materiale consente di risparmiare una grande quantit\u00e0 di risorse forestali, di proteggere e migliorare l'ambiente ecologico e di riciclare, in accordo con la protezione ambientale del nuovo materiale del 21\u00b0 secolo.<\/p>\n<p><strong>\u00a0<\/strong><\/p>\n<p><strong>Specifiche tecniche<\/strong><\/p>\n<p>1, resistenza all'urto: 850 J\/m<\/p>\n<p>2, tasso eufotico: 90%<\/p>\n<p>3, resistenza alla trazione: &gt; 60 N\/se<\/p>\n<p>4, resistenza alla flessione: 100 N\/ora<\/p>\n<p>5, temperatura di deformazione termica: 140 \u00b0C<\/p>\n<p>6, resistenza alla flessione longitudinale: 112 MPa<\/p>\n<p>7 e resistenza alla flessione laterale: 107 MPa<\/p>\n<p>8, l'indice di ossigeno: 21%<\/p>\n<p><img decoding=\"async\" src=\"https:\/\/sc02.alicdn.com\/kf\/H92b43e53800844b2bf93a66c9e3d9959h\/200162319\/H92b43e53800844b2bf93a66c9e3d9959h.png\" alt=\"lastre di policarbonato alveolare per coperture\" width=\"630\" height=\"484.9342105263158\" data-src=\"\/\/sc02.alicdn.com\/kf\/H92b43e53800844b2bf93a66c9e3d9959h\/200162319\/H92b43e53800844b2bf93a66c9e3d9959h.png\" data-alt=\"multiwall polycarbonate sheets for roofing\" data-width=\"630\" data- title=\"\"><\/p>\n<p><img decoding=\"async\" src=\"https:\/\/sc01.alicdn.com\/kf\/He259728edf5e4b8586df0e128f43a7dbI\/200162319\/He259728edf5e4b8586df0e128f43a7dbI.png\" width=\"630\" height=\"635.4941860465117\" data-src=\"\/\/sc01.alicdn.com\/kf\/He259728edf5e4b8586df0e128f43a7dbI\/200162319\/He259728edf5e4b8586df0e128f43a7dbI.png\" data-width=\"630\" data- alt=\"\" title=\"\"><\/p>\n<div id=\"ali-anchor-AliPostDhMb-2k9gx\" class=\"mceSectionContainer\" data-section=\"AliPostDhMb-2k9gx\" data-section-title=\"Packaging &amp; Shipping\">\n<div id=\"ali-title-AliPostDhMb-2k9gx\">Imballaggio e spedizione<\/div>\n<div>\n<\/div>\n<\/div>\n<p><img decoding=\"async\" src=\"https:\/\/sc02.alicdn.com\/kf\/Hd05fdb0988024155a7956963ea5973acD\/200162319\/Hd05fdb0988024155a7956963ea5973acD.png\" alt=\"lastre di policarbonato alveolare per coperture\" width=\"630\" height=\"474.58885941644564\" data-src=\"\/\/sc02.alicdn.com\/kf\/Hd05fdb0988024155a7956963ea5973acD\/200162319\/Hd05fdb0988024155a7956963ea5973acD.png\" data-alt=\"multiwall polycarbonate sheets for roofing\" data-width=\"630\" data- title=\"\"><img decoding=\"async\" src=\"https:\/\/sc02.alicdn.com\/kf\/H02a52324dc024cdcbaee8c550d0c5b3cR\/200162319\/H02a52324dc024cdcbaee8c550d0c5b3cR.png\" alt=\"lastre di policarbonato alveolare per coperture\" width=\"630\" height=\"214.7347480106101\" data-src=\"\/\/sc02.alicdn.com\/kf\/H02a52324dc024cdcbaee8c550d0c5b3cR\/200162319\/H02a52324dc024cdcbaee8c550d0c5b3cR.png\" data-alt=\"multiwall polycarbonate sheets for roofing\" data-width=\"630\" data- title=\"\"><\/p>\n<div id=\"ali-anchor-AliPostDhMb-e6rme\" class=\"mceSectionContainer\" data-section=\"AliPostDhMb-e6rme\" data-section-title=\"FAQ\">\n<div id=\"ali-title-AliPostDhMb-e6rme\">FAQ<\/div>\n<div>\n<p>\u00a0<img decoding=\"async\" src=\"https:\/\/sc02.alicdn.com\/kf\/H4a5e33e5f1034bce8dde77f9a90d1cd9q\/200162319\/H4a5e33e5f1034bce8dde77f9a90d1cd9q.png\" alt=\"lastre di policarbonato alveolare per coperture\" width=\"630\" height=\"586.3781624500665\" data-src=\"\/\/sc02.alicdn.com\/kf\/H4a5e33e5f1034bce8dde77f9a90d1cd9q\/200162319\/H4a5e33e5f1034bce8dde77f9a90d1cd9q.png\" data-alt=\"multiwall polycarbonate sheets for roofing\" data-width=\"630\" data- title=\"\"><\/p>\n<\/div>\n<\/div>\n<div id=\"ali-anchor-AliPostDhMb-mn66s\" class=\"mceSectionContainer\" data-section=\"AliPostDhMb-mn66s\" data-section-title=\"Company Information\">\n<div id=\"ali-title-AliPostDhMb-mn66s\">Informazioni sulla societ\u00e0<\/div>\n<div>\n<p>\u00a0FOSHAN HUAXIA NATURE BUILDING MATERIALS CO. LTD, fondata nel 2004, \u00e8 un produttore professionista impegnato nella ricerca, nello sviluppo, nella produzione, nella vendita e nell'assistenza di lastre solide in policarbonato, lastre cave in policarbonato, staffe per tende da sole e tegole Wave in policarbonato. Siamo situati a Foshan, la nota base di produzione di materiali decorativi in Cina. La nostra azienda dispone di solide fondamenta, di una tecnologia di produzione matura e di rigorosi sistemi di controllo della qualit\u00e0, che garantiscono un'elevata stabilit\u00e0 del prodotto e l'affidabilit\u00e0.<\/p>\n<p><img fetchpriority=\"high\" decoding=\"async\" class=\"\" src=\"https:\/\/sc01.alicdn.com\/kf\/Hc5f7191285c94e4d86cc5809914ea53bP\/200162319\/Hc5f7191285c94e4d86cc5809914ea53bP.jpg\" alt=\"lastre di policarbonato alveolare per coperture\" width=\"414\" height=\"311\" data-src=\"\/\/sc01.alicdn.com\/kf\/Hc5f7191285c94e4d86cc5809914ea53bP\/200162319\/Hc5f7191285c94e4d86cc5809914ea53bP.jpg\" data-alt=\"multiwall polycarbonate sheets for roofing\" data-width=\"630\" data- title=\"\"><img decoding=\"async\" class=\"\" src=\"https:\/\/sc02.alicdn.com\/kf\/H2a17922ef88a4d7a9720b7ef006d891en\/200162319\/H2a17922ef88a4d7a9720b7ef006d891en.jpg\" alt=\"lastre di policarbonato alveolare per coperture\" width=\"323\" height=\"323\" data-src=\"\/\/sc02.alicdn.com\/kf\/H2a17922ef88a4d7a9720b7ef006d891en\/200162319\/H2a17922ef88a4d7a9720b7ef006d891en.jpg\" data-alt=\"multiwall polycarbonate sheets for roofing\" data-width=\"630\" data- title=\"\"><img decoding=\"async\" src=\"https:\/\/sc01.alicdn.com\/kf\/H7e71678b55314f2d8f97db71d085dddcz\/200162319\/H7e71678b55314f2d8f97db71d085dddcz.png\" width=\"628\" height=\"333\" data-src=\"\/\/sc01.alicdn.com\/kf\/H7e71678b55314f2d8f97db71d085dddcz\/200162319\/H7e71678b55314f2d8f97db71d085dddcz.png\" alt=\"\" title=\"\"><\/p>\n<\/div>\n<\/div>","protected":false},"featured_media":16793,"parent":0,"template":"","product-catagories":[178],"product-tag":[],"class_list":["post-15195","product","type-product","status-publish","has-post-thumbnail","hentry","product-catagories-polycarbonate-hollow-sheet"],"acf":[],"_links":{"self":[{"href":"https:\/\/www.tononplastics.com\/it\/wp-json\/wp\/v2\/product\/15195","targetHints":{"allow":["GET"]}}],"collection":[{"href":"https:\/\/www.tononplastics.com\/it\/wp-json\/wp\/v2\/product"}],"about":[{"href":"https:\/\/www.tononplastics.com\/it\/wp-json\/wp\/v2\/types\/product"}],"version-history":[{"count":0,"href":"https:\/\/www.tononplastics.com\/it\/wp-json\/wp\/v2\/product\/15195\/revisions"}],"wp:featuredmedia":[{"embeddable":true,"href":"https:\/\/www.tononplastics.com\/it\/wp-json\/wp\/v2\/media\/16793"}],"wp:attachment":[{"href":"https:\/\/www.tononplastics.com\/it\/wp-json\/wp\/v2\/media?parent=15195"}],"wp:term":[{"taxonomy":"product-catagories","embeddable":true,"href":"https:\/\/www.tononplastics.com\/it\/wp-json\/wp\/v2\/product-catagories?post=15195"},{"taxonomy":"product-tag","embeddable":true,"href":"https:\/\/www.tononplastics.com\/it\/wp-json\/wp\/v2\/product-tag?post=15195"}],"curies":[{"name":"wp","href":"https:\/\/api.w.org\/{rel}","templated":true}]}}