{"id":15253,"date":"2023-08-23T21:43:40","date_gmt":"2023-08-23T13:43:40","guid":{"rendered":"https:\/\/tononplastics.com\/?post_type=product&#038;p=15253"},"modified":"2024-04-16T13:58:03","modified_gmt":"2024-04-16T05:58:03","slug":"multiwall-plastic-sheet-for-roofing-decoration-plastic-roofing","status":"publish","type":"product","link":"https:\/\/www.tononplastics.com\/it\/product\/multiwall-plastic-sheet-for-roofing-decoration-plastic-roofing\/","title":{"rendered":"Lastra di plastica alveolare per coperture\/decorazione coperture in plastica"},"content":{"rendered":"<p><span data-spm-anchor-id=\"a2700.details.0.i31.60807358kqUSNH\">foglio di pc cavo<\/span><\/p>\n<p data-spm-anchor-id=\"a2700.details.0.i30.60807358kqUSNH\"><img decoding=\"async\" src=\"https:\/\/sc02.alicdn.com\/kf\/HTB1M5QmkMKTBuNkSne1q6yJoXXav\/200162319\/HTB1M5QmkMKTBuNkSne1q6yJoXXav.jpg\" alt=\"lastra di plastica alveolare per copertura\/decorazione tetto in plastica\" width=\"630\" height=\"471.515625\" data-src=\"\/\/sc02.alicdn.com\/kf\/HTB1M5QmkMKTBuNkSne1q6yJoXXav\/200162319\/HTB1M5QmkMKTBuNkSne1q6yJoXXav.jpg\" data-alt=\"multiwall plastic sheet for roofing\/decoration plastic roofing\" data-width=\"630\" data- title=\"\"><\/p>\n<p><strong>1. Caratteristiche:<\/strong><br \/>\n1) Alta trasmissione della luce: fino a 88% rispetto allo stesso spessore del vetro generale.<br \/>\n2) Eccellente resistenza agli urti: 80 volte quella del vetro.<br \/>\n3) Resistente agli agenti atmosferici e ai raggi UV: le propriet\u00e0 si mantengono per anni. L'intervallo di resistenza alla temperatura \u00e8 di -40\u00b0C ~ +120\u00b0C, con un film coestruso ai raggi ultravioletti sulla superficie della lastra. Pu\u00f2 prevenire l'affaticamento della resina o l'ingiallimento causato dai raggi ultravioletti.<br \/>\n4) Peso ridotto: solo 1\/12 del peso del vetro dello stesso spessore. Pu\u00f2 essere facilmente piegato a freddo e sagomato termicamente.<br \/>\n5) Resistenza alla fiamma: La classe di resistenza al fuoco \u00e8 B1.<br \/>\n6) Isolamento acustico e termico: Ottimo isolamento acustico per la barriera autostradale e super isolamento termico per il risparmio energetico.<br \/>\n7) Una plastica ingegneristica di eccellente capacit\u00e0 di integrazione. Ha eccezionali capacit\u00e0 fisiche, meccaniche, elettriche e termiche.<\/p>\n<p><img decoding=\"async\" src=\"https:\/\/sc01.alicdn.com\/kf\/HTB1qQtntbuWBuNjSszgq6z8jVXae\/200162319\/HTB1qQtntbuWBuNjSszgq6z8jVXae.jpg\" alt=\"lastra di plastica alveolare per copertura\/decorazione tetto in plastica\" width=\"630\" height=\"472.5\" data-src=\"\/\/sc01.alicdn.com\/kf\/HTB1qQtntbuWBuNjSszgq6z8jVXae\/200162319\/HTB1qQtntbuWBuNjSszgq6z8jVXae.jpg\" data-alt=\"multiwall plastic sheet for roofing\/decoration plastic roofing\" data-width=\"630\" data- title=\"\"><\/p>\n<p><strong>2. Specifiche:<\/strong><\/p>\n<p>1) Spessore: 4 mm, 6 mm, 8 mm, 10 mm, 12 mm, 14 mm, 16 mm.<br \/>\n2) Larghezza: 1, 220 mm, 2, 100 mm<br \/>\n3) Lunghezza: Non limitata<br \/>\n4) Peso (Kg\/M2): 0.8, 1.2, 1.4, 1.6, 1.9, 2.2, 2.4, 2.6<br \/>\n5) Colori: chiaro, blu lago, verde, blu, opale, marrone, grigio argenteo, rosso (l'altro colore pu\u00f2 essere ordinato secondo voi richiesta)<\/p>\n<p><img decoding=\"async\" src=\"https:\/\/sc02.alicdn.com\/kf\/HTB1YhFCtb5YBuNjSspoq6zeNFXaC\/200162319\/HTB1YhFCtb5YBuNjSspoq6zeNFXaC.jpg\" alt=\"lastra di plastica alveolare per copertura\/decorazione tetto in plastica\" width=\"630\" height=\"384.4852941176471\" data-src=\"\/\/sc02.alicdn.com\/kf\/HTB1YhFCtb5YBuNjSspoq6zeNFXaC\/200162319\/HTB1YhFCtb5YBuNjSspoq6zeNFXaC.jpg\" data-alt=\"multiwall plastic sheet for roofing\/decoration plastic roofing\" data-width=\"630\" data- title=\"\"><br \/>\n<strong>3. Applicazioni:<\/strong><br \/>\n1) Strato leggero di copertura e parasole per l'edificio per uffici, il grande magazzino, l'hotel, lo stadio, la scuola, il centro di divertimento, l'ospedale, ecc.<br \/>\n2) Lucernario, illuminazione di corridoi, balconi, passaggi e ingressi di metropolitane, passerelle.<br \/>\n3) Tenda da sole, tettoia, baldacchino, fai-da-te.<br \/>\n4) Scatole di lampade pubblicitarie, insegne luminose.<br \/>\n5) Scudo anti-sommossa, materiale antiproiettile, bancomat.<br \/>\n6) Conservatori, serre agricole, zoo, giardini botanici.<br \/>\n7) Coperture e vetrate industriali<br \/>\n8) Coperture e teli per piscine<\/p>\n<p><strong>4. PULIZIA E MANUTENZIONE<\/strong><br \/>\nPer pulire regolarmente le lenzuola si utilizzano detergenti e strumenti adeguati, secondo una procedura corretta. In questo modo le lenzuola si mantengono belle e la loro vita utile si allunga:<\/p>\n<p>1. Sciacquare il foglio con acqua tiepida (meno di 60\u00b0C).<\/p>\n<p>2. Scegliere un panno pulito e morbido o una spugna con sapone liquido neutro o detergente per pulire leggermente lo sporco sulla superficie.<\/p>\n<p>3. Risciacquare nuovamente il foglio<\/p>\n<p>4. Per la pulizia si pu\u00f2 utilizzare un panno morbido con alcool anidro, se sul foglio sono presenti olio, vernice bagnata, macchie di colla e altro.<\/p>\n<p>5. Risciacquare con acqua fredda e asciugare con un panno morbido per evitare macchie d'acqua dopo la pulizia.<\/p>\n<p>Raccomandazione di utilizzare un solvente per la pulizia<\/p>\n<p>Alcool assoluto, etere di petrolio, esano<\/p>\n<p><strong>\u00a05. AVVISO<\/strong><\/p>\n<p>Lana d'acciaio, spazzole e altri materiali grezzi non devono entrare in contatto con la lastra di PC. Non utilizzare coltelli, rasoi e altri strumenti taglienti per graffiare la lastra cava in PC.<\/p>\n<p>Metodo di installazione del policarbonato<\/p>\n<p>a) Il diametro del foro sul foglio di pc deve essere maggiore del diametro della vite, circa 50%, in caso di espansione con il calore e contrazione con il freddo.<\/p>\n<p>b) La distanza del foro sulla lastra del pc deve essere adeguata,<br \/>\nmaggiore \u00e8 la distanza, maggiore \u00e8 l'espansione termica. Se lo spazio del foro \u00e8<br \/>\ntroppo corto, limiter\u00e0 lo spostamento del foglio di pc.<\/p>\n<p>c) La distanza adeguata del foro di perforazione sul foglio di pc \u00e8 di 50 cm. La distanza adeguata tra il foro e il bordo della lastra \u00e8 di circa 3-5 cm.<\/p>\n<p>d) Il diametro della parte superiore del rivetto deve essere il doppio del gambo. Realizzare una guarnizione nel caso in cui la pressione danneggi il foglio di pc.<\/p>\n<p>e) La vite non deve essere serrata in caso di rottura della lastra di PC.<\/p>\n<p>f) Non si dovrebbe usare la guarnizione in pvc o il nastro adesivo per la pece, perch\u00e9 l'additivo chimico sar\u00e0 corrosivo per il foglio di pc.<\/p>\n<p>g) La parte di piegatura non deve utilizzare viti per fissare la lastra quando la lastra fa<br \/>\nprocesso di piegatura a freddo. Tutti i fori devono essere sigillati con silicone neutro.<br \/>\npieno nel caso in cui il detergente permei il bordo del foglio.<\/p>","protected":false},"featured_media":16790,"parent":0,"template":"","product-catagories":[178],"product-tag":[],"class_list":["post-15253","product","type-product","status-publish","has-post-thumbnail","hentry","product-catagories-polycarbonate-hollow-sheet"],"acf":[],"_links":{"self":[{"href":"https:\/\/www.tononplastics.com\/it\/wp-json\/wp\/v2\/product\/15253","targetHints":{"allow":["GET"]}}],"collection":[{"href":"https:\/\/www.tononplastics.com\/it\/wp-json\/wp\/v2\/product"}],"about":[{"href":"https:\/\/www.tononplastics.com\/it\/wp-json\/wp\/v2\/types\/product"}],"version-history":[{"count":0,"href":"https:\/\/www.tononplastics.com\/it\/wp-json\/wp\/v2\/product\/15253\/revisions"}],"wp:featuredmedia":[{"embeddable":true,"href":"https:\/\/www.tononplastics.com\/it\/wp-json\/wp\/v2\/media\/16790"}],"wp:attachment":[{"href":"https:\/\/www.tononplastics.com\/it\/wp-json\/wp\/v2\/media?parent=15253"}],"wp:term":[{"taxonomy":"product-catagories","embeddable":true,"href":"https:\/\/www.tononplastics.com\/it\/wp-json\/wp\/v2\/product-catagories?post=15253"},{"taxonomy":"product-tag","embeddable":true,"href":"https:\/\/www.tononplastics.com\/it\/wp-json\/wp\/v2\/product-tag?post=15253"}],"curies":[{"name":"wp","href":"https:\/\/api.w.org\/{rel}","templated":true}]}}