{"id":15256,"date":"2023-08-23T21:46:30","date_gmt":"2023-08-23T13:46:30","guid":{"rendered":"https:\/\/tononplastics.com\/?post_type=product&#038;p=15256"},"modified":"2024-04-16T14:01:47","modified_gmt":"2024-04-16T06:01:47","slug":"macrolux-multiwall-polycarbonate-sheetmakrolon","status":"publish","type":"product","link":"https:\/\/www.tononplastics.com\/it\/product\/macrolux-multiwall-polycarbonate-sheetmakrolon\/","title":{"rendered":"Lastra di policarbonato alveolare Macrolux (Makrolon)"},"content":{"rendered":"<p><span data-spm-anchor-id=\"a2700.details.0.i30.3649499cioTWq9\">Da utilizzare per la costruzione di serre, coperture di patio, protezione dagli uragani, coperture commerciali e altro ancora.<\/span><\/p>\n<p><strong>Specifiche tecniche Lastra compatta in PC protetta dai raggi UV<\/strong><br \/>\n1)Materiale 100% Bayer<br \/>\n2) Strato UV da 50 micron, tasso di filtrazione dei raggi UV: 99%<\/p>\n<p data-spm-anchor-id=\"a2700.details.0.i28.3649499cioTWq9\">3)Leggero<br \/>\n4)Stabile ai raggi UV<br \/>\n5)Forte<br \/>\n6)Isolamento<br \/>\n7)Facilmente lavorabile<\/p>\n<p><img fetchpriority=\"high\" decoding=\"async\" class=\"\" src=\"https:\/\/sc01.alicdn.com\/kf\/Hab9bd697ff3d43f4a68edc4263f778919\/200162319\/Hab9bd697ff3d43f4a68edc4263f778919.jpg\" alt=\"Lastra di policarbonato alveolare Macrolux (Makrolon)\" width=\"382\" height=\"382\" data-src=\"\/\/sc01.alicdn.com\/kf\/Hab9bd697ff3d43f4a68edc4263f778919\/200162319\/Hab9bd697ff3d43f4a68edc4263f778919.jpg\" data-alt=\"Macrolux multiwall polycarbonate sheet(Makrolon)\" data-width=\"630\" data- title=\"\"><img decoding=\"async\" class=\"\" src=\"https:\/\/sc02.alicdn.com\/kf\/H83eedc7040fe4889b253c55a4f03ec4e4\/200162319\/H83eedc7040fe4889b253c55a4f03ec4e4.jpg\" alt=\"Lastra di policarbonato alveolare Macrolux (Makrolon)\" width=\"384\" height=\"384\" data-src=\"\/\/sc02.alicdn.com\/kf\/H83eedc7040fe4889b253c55a4f03ec4e4\/200162319\/H83eedc7040fe4889b253c55a4f03ec4e4.jpg\" data-alt=\"Macrolux multiwall polycarbonate sheet(Makrolon)\" data-width=\"630\" data- title=\"\"><\/p>\n<p><strong>Lastra piena di policarbonato<\/strong><\/p>\n<p>Realizzata in resina di policarbonato Bayer Makrolon, la nostra lastra solida in policarbonato \u00e8 co-estrusa con uno strato protettivo UV su uno o due lati, il che fa s\u00ec che la lastra abbia un'eccellente resistenza all'invecchiamento e un'eccezionale resistenza agli urti, cos\u00ec da essere ampiamente utilizzata nell'industria architettonica.<\/p>\n<p>Spessore 1.0mm, 1.2mm, 1.5mm, 2mm, 3mm, 4mm, 4.5mm, 6mm, 8mm, 10mm, 12mm, 15mm<br \/>\nLarghezza standard 1220 mm, 1560 mm, 1820 mm, 2100 mm (pu\u00f2 essere personalizzata secondo i requisiti del cliente di qualsiasi larghezza inferiore a 2100 mm)<br \/>\nColore: chiaro, blu, verde, marrone, opale<\/p>\n<p>Struttura: liscia, goffrata, diamantata, abrasiva<\/p>\n<p><img decoding=\"async\" src=\"https:\/\/sc01.alicdn.com\/kf\/H32420328557d486eb5370e0cf573cf134\/200162319\/H32420328557d486eb5370e0cf573cf134.jpg\" alt=\"Lastra di policarbonato alveolare Macrolux (Makrolon)\" width=\"630\" height=\"840\" data-src=\"\/\/sc01.alicdn.com\/kf\/H32420328557d486eb5370e0cf573cf134\/200162319\/H32420328557d486eb5370e0cf573cf134.jpg\" data-alt=\"Macrolux multiwall polycarbonate sheet(Makrolon)\" data-width=\"630\" data- title=\"\"><img decoding=\"async\" src=\"https:\/\/sc01.alicdn.com\/kf\/Hde2b9ec7d1d24a39a08ed8018029c625e\/200162319\/Hde2b9ec7d1d24a39a08ed8018029c625e.jpg\" alt=\"Lastra di policarbonato alveolare Macrolux (Makrolon)\" width=\"630\" height=\"884.52\" data-src=\"\/\/sc01.alicdn.com\/kf\/Hde2b9ec7d1d24a39a08ed8018029c625e\/200162319\/Hde2b9ec7d1d24a39a08ed8018029c625e.jpg\" data-alt=\"Macrolux multiwall polycarbonate sheet(Makrolon)\" data-width=\"630\" data- title=\"\"><\/p>\n<div id=\"ali-anchor-AliPostDhMb-tjluo\" data-section=\"AliPostDhMb-tjluo\" data-section-title=\"Packaging &amp; Shipping\">\n<div id=\"ali-title-AliPostDhMb-tjluo\"><strong>Imballaggio e spedizione<\/strong><\/div>\n<div>\n<p>\u00a0<img decoding=\"async\" src=\"https:\/\/sc02.alicdn.com\/kf\/Hd05fdb0988024155a7956963ea5973acD\/200162319\/Hd05fdb0988024155a7956963ea5973acD.png\" alt=\"Lastra di policarbonato alveolare Macrolux (Makrolon)\" width=\"630\" height=\"474.58885941644564\" data-src=\"\/\/sc02.alicdn.com\/kf\/Hd05fdb0988024155a7956963ea5973acD\/200162319\/Hd05fdb0988024155a7956963ea5973acD.png\" data-alt=\"Macrolux multiwall polycarbonate sheet(Makrolon)\" data-width=\"630\" data- title=\"\"><img decoding=\"async\" src=\"https:\/\/sc02.alicdn.com\/kf\/H02a52324dc024cdcbaee8c550d0c5b3cR\/200162319\/H02a52324dc024cdcbaee8c550d0c5b3cR.png\" alt=\"Lastra di policarbonato alveolare Macrolux (Makrolon)\" width=\"630\" height=\"214.7347480106101\" data-src=\"\/\/sc02.alicdn.com\/kf\/H02a52324dc024cdcbaee8c550d0c5b3cR\/200162319\/H02a52324dc024cdcbaee8c550d0c5b3cR.png\" data-alt=\"Macrolux multiwall polycarbonate sheet(Makrolon)\" data-width=\"630\" data- title=\"\"><\/p>\n<\/div>\n<\/div>","protected":false},"featured_media":16796,"parent":0,"template":"","product-catagories":[178],"product-tag":[],"class_list":["post-15256","product","type-product","status-publish","has-post-thumbnail","hentry","product-catagories-polycarbonate-hollow-sheet"],"acf":[],"_links":{"self":[{"href":"https:\/\/www.tononplastics.com\/it\/wp-json\/wp\/v2\/product\/15256","targetHints":{"allow":["GET"]}}],"collection":[{"href":"https:\/\/www.tononplastics.com\/it\/wp-json\/wp\/v2\/product"}],"about":[{"href":"https:\/\/www.tononplastics.com\/it\/wp-json\/wp\/v2\/types\/product"}],"version-history":[{"count":0,"href":"https:\/\/www.tononplastics.com\/it\/wp-json\/wp\/v2\/product\/15256\/revisions"}],"wp:featuredmedia":[{"embeddable":true,"href":"https:\/\/www.tononplastics.com\/it\/wp-json\/wp\/v2\/media\/16796"}],"wp:attachment":[{"href":"https:\/\/www.tononplastics.com\/it\/wp-json\/wp\/v2\/media?parent=15256"}],"wp:term":[{"taxonomy":"product-catagories","embeddable":true,"href":"https:\/\/www.tononplastics.com\/it\/wp-json\/wp\/v2\/product-catagories?post=15256"},{"taxonomy":"product-tag","embeddable":true,"href":"https:\/\/www.tononplastics.com\/it\/wp-json\/wp\/v2\/product-tag?post=15256"}],"curies":[{"name":"wp","href":"https:\/\/api.w.org\/{rel}","templated":true}]}}