{"id":15299,"date":"2023-08-23T22:42:25","date_gmt":"2023-08-23T14:42:25","guid":{"rendered":"https:\/\/tononplastics.com\/?post_type=product&#038;p=15299"},"modified":"2024-03-25T12:11:10","modified_gmt":"2024-03-25T04:11:10","slug":"polycarbonate-solid-sheet-polycarbonate-sheet-solid","status":"publish","type":"product","link":"https:\/\/www.tononplastics.com\/it\/product\/polycarbonate-solid-sheet-polycarbonate-sheet-solid\/","title":{"rendered":"Lastra solida in policarbonato lastra solida in policarbonato"},"content":{"rendered":"<p><strong>Descrizione del prodotto<\/strong>:<br>La lastra PC \u00e8 costituita da un insieme di esteri dell'acido carbonico, con buone prestazioni in grado di sopportare lo scorrimento, e ha ancora un'elevata resistenza e resistenza all'intensit\u00e0 sotto la bassa temperatura. La rigidit\u00e0 mantiene la forza nell'intervallo di temperatura maggiore. \u00c8 ampiamente utilizzato nei settori dell'edilizia, della pubblicit\u00e0, della decorazione, del traffico, ecc.<\/p>\n\n\n\n<p><strong>&nbsp;Caratteristiche:<br><\/strong>1) Trasmissione della luce: fino a 88%<br>2) Resistenza agli urti: 80 volte quella del vetro, 15 volte quella delle lastre acriliche.<br>3) Gamma di resistenza alla temperatura: -40 ~ 120oC<br>4) Peso ridotto: solo 1\/12 del peso di un vetro dello stesso spessore.<br>5) Resistenza ai raggi ultravioletti: con strato protettivo UV<br>6) Resistenza alla fiamma: classe nominale B1<br>7) A prova di suono e di calore<\/p>\n\n\n\n<figure class=\"wp-block-gallery has-nested-images columns-default is-cropped wp-block-gallery-1 is-layout-flex wp-block-gallery-is-layout-flex\">\n<figure class=\"wp-block-image size-large\"><img decoding=\"async\" data-id=\"16096\" src=\"https:\/\/www.tononplastics.com\/wp-content\/uploads\/2023\/08\/ee820f11c6411bdff0f9803624957ea7.jpg\" alt=\"\" class=\"wp-image-16096\" title=\"\"><\/figure>\n\n\n\n<figure class=\"wp-block-image size-large\"><img fetchpriority=\"high\" decoding=\"async\" width=\"600\" height=\"600\" data-id=\"16095\" src=\"https:\/\/www.tononplastics.com\/wp-content\/uploads\/2023\/08\/eb443cb19045576e6c0bafaf2231dfae.jpg\" alt=\"\" class=\"wp-image-16095\" title=\"\" srcset=\"https:\/\/www.tononplastics.com\/wp-content\/uploads\/2023\/08\/eb443cb19045576e6c0bafaf2231dfae.jpg 600w, https:\/\/www.tononplastics.com\/wp-content\/uploads\/2023\/08\/eb443cb19045576e6c0bafaf2231dfae-300x300.jpg 300w, https:\/\/www.tononplastics.com\/wp-content\/uploads\/2023\/08\/eb443cb19045576e6c0bafaf2231dfae-150x150.jpg 150w, https:\/\/www.tononplastics.com\/wp-content\/uploads\/2023\/08\/eb443cb19045576e6c0bafaf2231dfae-12x12.jpg 12w\" sizes=\"(max-width: 600px) 100vw, 600px\" \/><\/figure>\n<\/figure>\n\n\n\n<p><strong>Applicazioni:<\/strong><\/p>\n\n\n\n<p>1. Eccellente materiale di copertura, ampiamente utilizzato per abbaini, lucernari, portici estesi e serre, spazi commerciali in hotel, caffetterie, boutique e saloni di bellezza, centri espositivi e cabine telefoniche.<br>2. Parete fonoassorbente per autostrade e ferrovie ad alta velocit\u00e0.<br>3. Cartelli pubblicitari.<br>4. Illuminazione decorativa di banche, ospedali, aeroporti, autobus, stazioni ferroviarie e asili.<br>5. Non tossico, mantiene il contatto con il cibo.<br>6. Sostituzione del vetro ordinario in molti punti.<\/p>\n\n\n\n<figure class=\"wp-block-image\"><img decoding=\"async\" src=\"https:\/\/sc01.alicdn.com\/kf\/Hb3bdebb96a2849458ce6dfcbaa19c5d15\/200162319\/Hb3bdebb96a2849458ce6dfcbaa19c5d15.png\" alt=\"lastra di policarbonato solida lastra di policarbonato solida\" title=\"\"><\/figure>\n\n\n\n<figure class=\"wp-block-image\"><img decoding=\"async\" src=\"https:\/\/sc01.alicdn.com\/kf\/H74247c1d61554ba2a775e9ce59244207e\/200162319\/H74247c1d61554ba2a775e9ce59244207e.jpg\" alt=\"lastra di policarbonato solida lastra di policarbonato solida\" title=\"\"><\/figure>\n\n\n\n<figure class=\"wp-block-image\"><img decoding=\"async\" src=\"https:\/\/sc01.alicdn.com\/kf\/Hee35153016fb4f64a8abd2cf77d8280dQ\/200162319\/Hee35153016fb4f64a8abd2cf77d8280dQ.jpg\" alt=\"lastra di policarbonato solida lastra di policarbonato solida\" title=\"\"><\/figure>","protected":false},"featured_media":0,"parent":0,"template":"","product-catagories":[177],"product-tag":[],"class_list":["post-15299","product","type-product","status-publish","hentry","product-catagories-polycarbonate-solid-sheet"],"acf":[],"_links":{"self":[{"href":"https:\/\/www.tononplastics.com\/it\/wp-json\/wp\/v2\/product\/15299","targetHints":{"allow":["GET"]}}],"collection":[{"href":"https:\/\/www.tononplastics.com\/it\/wp-json\/wp\/v2\/product"}],"about":[{"href":"https:\/\/www.tononplastics.com\/it\/wp-json\/wp\/v2\/types\/product"}],"version-history":[{"count":0,"href":"https:\/\/www.tononplastics.com\/it\/wp-json\/wp\/v2\/product\/15299\/revisions"}],"wp:attachment":[{"href":"https:\/\/www.tononplastics.com\/it\/wp-json\/wp\/v2\/media?parent=15299"}],"wp:term":[{"taxonomy":"product-catagories","embeddable":true,"href":"https:\/\/www.tononplastics.com\/it\/wp-json\/wp\/v2\/product-catagories?post=15299"},{"taxonomy":"product-tag","embeddable":true,"href":"https:\/\/www.tononplastics.com\/it\/wp-json\/wp\/v2\/product-tag?post=15299"}],"curies":[{"name":"wp","href":"https:\/\/api.w.org\/{rel}","templated":true}]}}