{"id":15304,"date":"2023-08-23T22:48:30","date_gmt":"2023-08-23T14:48:30","guid":{"rendered":"https:\/\/tononplastics.com\/?post_type=product&#038;p=15304"},"modified":"2024-03-25T11:03:49","modified_gmt":"2024-03-25T03:03:49","slug":"samsung-pc-sc-1100r-solid-polycarbonate-sheet-polycarbonate-solid-board-watertight-roofing-sheet-for-building","status":"publish","type":"product","link":"https:\/\/www.tononplastics.com\/it\/product\/samsung-pc-sc-1100r-solid-polycarbonate-sheet-polycarbonate-solid-board-watertight-roofing-sheet-for-building\/","title":{"rendered":"SAMSUNG PC SC-1100R lastra di policarbonato solido.Lastra di policarbonato solido.Lastra di copertura impermeabile per l'edilizia"},"content":{"rendered":"<figure class=\"wp-block-gallery has-nested-images columns-default is-cropped wp-block-gallery-1 is-layout-flex wp-block-gallery-is-layout-flex\">\n<figure class=\"wp-block-image size-large\"><img fetchpriority=\"high\" decoding=\"async\" width=\"640\" height=\"640\" data-id=\"15287\" src=\"https:\/\/www.tononplastics.com\/wp-content\/uploads\/2023\/08\/H905833aa270b428cb135157888c4d1ebN.jpg\" alt=\"\" class=\"wp-image-15287\" title=\"\" srcset=\"https:\/\/www.tononplastics.com\/wp-content\/uploads\/2023\/08\/H905833aa270b428cb135157888c4d1ebN.jpg 640w, https:\/\/www.tononplastics.com\/wp-content\/uploads\/2023\/08\/H905833aa270b428cb135157888c4d1ebN-300x300.jpg 300w, https:\/\/www.tononplastics.com\/wp-content\/uploads\/2023\/08\/H905833aa270b428cb135157888c4d1ebN-150x150.jpg 150w\" sizes=\"(max-width: 640px) 100vw, 640px\" \/><\/figure>\n\n\n\n<figure class=\"wp-block-image size-large\"><img decoding=\"async\" data-id=\"15134\" src=\"https:\/\/www.tononplastics.com\/wp-content\/uploads\/2023\/08\/10003-3.jpg\" alt=\"\" class=\"wp-image-15134\" title=\"\"><\/figure>\n<\/figure>\n\n\n\n<p><strong>Dettagli del prodotto convenzionale:<\/strong><\/p>\n\n\n\n<p>1). Spessore della lastra di policarbonato a doppia parete: 3mm-12mm. Larghezza: 2100 mm.<\/p>\n\n\n\n<p>2). Spessore della lastra di policarbonato a tre pareti: 10 mm-18 mm. Larghezza: 2100 mm.<\/p>\n\n\n\n<p>3). Spessore della lastra di policarbonato a quattro pareti: 6 mm-14 mm. Larghezza: 2100 mm.<\/p>\n\n\n\n<p>4). Spessore della lastra di policarbonato alveolare: 6 mm-14 mm. Larghezza: 2100 mm.<\/p>\n\n\n\n<p>5). Possiamo anche personalizzare la larghezza, come 1220 mm, e lo spessore normale \u00e8 di 4 mm-6 mm. Ma il prezzo sar\u00e0 pi\u00f9 alto della larghezza di 2100 mm, perch\u00e9 ha la perdita di tasse.<\/p>\n\n\n\n<p>6). Lastra di policarbonato pieno di spessore standard:<\/p>\n\n\n\n<p>&nbsp; &nbsp; &nbsp;1,1 mm-18 mm. Larghezza: 1220, 1560, 1820, 2100 mm. Di solito 1220x2440 mm.<\/p>\n\n\n\n<p>7). Spessore delle lastre di policarbonato ondulato: 0,8 mm-1,8 mm.  Larghezza: 1000 mm e 1220 mm.<\/p>\n\n\n\n<p><em><strong>A. Lunghezza: nessun limite (raccomandare 5800, 6000, 11800, 12000 mm per adattarsi al contenitore da 20 e al contenitore da 40).<\/strong><\/em><\/p>\n\n\n\n<p><em><strong>B. Colore: chiaro\/trasparente, blu lago, verde, blu, opale, marrone\/bronzo, grigio argentato, rosso, giallo, ecc.<\/strong><\/em><\/p>\n\n\n\n<figure class=\"wp-block-gallery has-nested-images columns-default is-cropped wp-block-gallery-2 is-layout-flex wp-block-gallery-is-layout-flex\">\n<figure class=\"wp-block-image size-large\"><img decoding=\"async\" data-id=\"15259\" src=\"https:\/\/www.tononplastics.com\/wp-content\/uploads\/2023\/08\/\u56fe\u72471.png\" alt=\"\" class=\"wp-image-15259\" title=\"\"><\/figure>\n\n\n\n<figure class=\"wp-block-image size-large\"><img decoding=\"async\" data-id=\"15258\" src=\"https:\/\/www.tononplastics.com\/wp-content\/uploads\/2023\/08\/\u56fe\u72471-1-1.png\" alt=\"\" class=\"wp-image-15258\" title=\"\"><\/figure>\n<\/figure>","protected":false},"featured_media":0,"parent":0,"template":"","product-catagories":[177],"product-tag":[],"class_list":["post-15304","product","type-product","status-publish","hentry","product-catagories-polycarbonate-solid-sheet"],"acf":[],"_links":{"self":[{"href":"https:\/\/www.tononplastics.com\/it\/wp-json\/wp\/v2\/product\/15304","targetHints":{"allow":["GET"]}}],"collection":[{"href":"https:\/\/www.tononplastics.com\/it\/wp-json\/wp\/v2\/product"}],"about":[{"href":"https:\/\/www.tononplastics.com\/it\/wp-json\/wp\/v2\/types\/product"}],"version-history":[{"count":0,"href":"https:\/\/www.tononplastics.com\/it\/wp-json\/wp\/v2\/product\/15304\/revisions"}],"wp:attachment":[{"href":"https:\/\/www.tononplastics.com\/it\/wp-json\/wp\/v2\/media?parent=15304"}],"wp:term":[{"taxonomy":"product-catagories","embeddable":true,"href":"https:\/\/www.tononplastics.com\/it\/wp-json\/wp\/v2\/product-catagories?post=15304"},{"taxonomy":"product-tag","embeddable":true,"href":"https:\/\/www.tononplastics.com\/it\/wp-json\/wp\/v2\/product-tag?post=15304"}],"curies":[{"name":"wp","href":"https:\/\/api.w.org\/{rel}","templated":true}]}}