{"id":15307,"date":"2023-08-23T22:49:32","date_gmt":"2023-08-23T14:49:32","guid":{"rendered":"https:\/\/tononplastics.com\/?post_type=product&#038;p=15307"},"modified":"2024-03-25T15:45:35","modified_gmt":"2024-03-25T07:45:35","slug":"macrolux-compact-polycarbonate-sheetpc-compact-sheet","status":"publish","type":"product","link":"https:\/\/www.tononplastics.com\/it\/product\/macrolux-compact-polycarbonate-sheetpc-compact-sheet\/","title":{"rendered":"Lastra in policarbonato compatto Macrolux&amp;pc lastra compatta"},"content":{"rendered":"<p align=\"left\"><strong><span data-spm-anchor-id=\"a2700.details.0.i30.3f1d3ae9AIp91n\">Descrizione:<\/span><\/strong><\/p>\n<p align=\"left\">China Nature PC Solid Sheet utilizza come materia prima la resina di policarbonato Bayer Makrolon\u00ae. Con uno strato di protezione an-UV su un lato, la lastra China Nature PC Solid possiede un'eccellente resistenza agli urti ed \u00e8 ampiamente utilizzata nel campo dell'edilizia.<br \/>\nLa lastra piena in PC \u00e8 comoda per la lavorazione e l'installazione, con un'elevata libert\u00e0 di progettazione. Pu\u00f2 essere formata a freddo per ottenere una forma perfetta ad arco, per lucernari, ponti pedonali, volte a botte, ecc. Pu\u00f2 anche essere formata a caldo in una variet\u00e0 di geometrie complesse.<\/p>\n<p align=\"left\">\u00a0<img fetchpriority=\"high\" decoding=\"async\" class=\"\" src=\"https:\/\/sc02.alicdn.com\/kf\/H5c16f39266364408a0b436a4a956b53c4\/200162319\/H5c16f39266364408a0b436a4a956b53c4.jpg\" alt=\"Lastra in policarbonato compatto Macrolux&amp;pc lastra compatta\" width=\"407\" height=\"229\" data-src=\"\/\/sc02.alicdn.com\/kf\/H5c16f39266364408a0b436a4a956b53c4\/200162319\/H5c16f39266364408a0b436a4a956b53c4.jpg\" data-alt=\"Macrolux compact polycarbonate sheet&amp;pc compact sheet\" data-width=\"630\" data- title=\"\"><img decoding=\"async\" class=\"\" src=\"https:\/\/sc01.alicdn.com\/kf\/H65cf6a5ee4c54ae2afbe6a33266cbbebV\/200162319\/H65cf6a5ee4c54ae2afbe6a33266cbbebV.jpg\" alt=\"Lastra in policarbonato compatto Macrolux&amp;pc lastra compatta\" width=\"344\" height=\"229\" data-src=\"\/\/sc01.alicdn.com\/kf\/H65cf6a5ee4c54ae2afbe6a33266cbbebV\/200162319\/H65cf6a5ee4c54ae2afbe6a33266cbbebV.jpg\" data-alt=\"Macrolux compact polycarbonate sheet&amp;pc compact sheet\" data-width=\"630\" data- title=\"\"><\/p>\n<p align=\"left\"><strong>Specifiche:<\/strong><\/p>\n<table class=\"aliDataTable\" border=\"1\" cellspacing=\"0\" cellpadding=\"0\">\n<tbody>\n<tr align=\"left\">\n<td valign=\"top\">Spessore<\/td>\n<td valign=\"top\">\u00a01,2 mm, 1,5 mm, 2 mm, 3 mm, 4 mm, 4,5 mm, 6 mm, 8 mm, 10 mm<\/td>\n<\/tr>\n<tr align=\"left\">\n<td valign=\"top\">Larghezza regolare<\/td>\n<td valign=\"top\">1220 mm, 1560 mm, 1820 mm, 2100 mm<\/td>\n<\/tr>\n<tr align=\"left\">\n<td valign=\"top\">Altre larghezze<\/td>\n<td valign=\"top\">Disponibile in base ai requisiti dei clienti meno di 2100 mm<\/td>\n<\/tr>\n<tr align=\"left\">\n<td valign=\"top\">Dimensioni pi\u00f9 comuni<\/td>\n<td valign=\"top\">1220mmx2440mm, 2100mmx5800mm, 2100mmx11800mm<\/td>\n<\/tr>\n<tr align=\"left\">\n<td valign=\"top\">Lunghezza in bobina<\/td>\n<td valign=\"top\">30m-50m per rotolo all'interno dello spessore 4,5 mm<\/td>\n<\/tr>\n<tr align=\"left\">\n<td valign=\"top\">Colore<\/td>\n<td valign=\"top\">Trasparente, Blu, Verde, Marrone, Opale<\/td>\n<\/tr>\n<\/tbody>\n<\/table>\n<p align=\"left\"><strong>Parametri tecnici:<\/strong><\/p>\n<p align=\"left\"><strong>1. Trasmissione della luce: 88%<\/strong><\/p>\n<p align=\"left\"><strong>2. Autoaccensione: 580 \u00b0 C<\/strong><\/p>\n<p align=\"left\"><strong>3. La resistenza al fuoco raggiunge il grado B secondo GB8624-1997, senza gocce di fuoco o gas tossici.<\/strong><\/p>\n<p align=\"left\"><strong>4. Temperatura applicabile: da -40\u00b0F a +248\u00b0F<\/strong><\/p>\n<p align=\"left\"><strong>5. Spettro di penetrazione della luce come da tabella sottostante:<\/strong><\/p>\n<p align=\"left\">\u00a0<img decoding=\"async\" class=\"\" src=\"https:\/\/sc01.alicdn.com\/kf\/Hfc9f0493ac81469fac5153cb936855a4q\/200162319\/Hfc9f0493ac81469fac5153cb936855a4q.jpg\" alt=\"Lastra in policarbonato compatto Macrolux&amp;pc lastra compatta\" width=\"380\" height=\"253\" data-src=\"\/\/sc01.alicdn.com\/kf\/Hfc9f0493ac81469fac5153cb936855a4q\/200162319\/Hfc9f0493ac81469fac5153cb936855a4q.jpg\" data-alt=\"Macrolux compact polycarbonate sheet&amp;pc compact sheet\" data-width=\"630\" data- title=\"\"><img loading=\"lazy\" decoding=\"async\" class=\"\" src=\"https:\/\/sc02.alicdn.com\/kf\/Hee5865885c604e7b942b364a9fc74f32U\/200162319\/Hee5865885c604e7b942b364a9fc74f32U.jpg\" alt=\"Lastra in policarbonato compatto Macrolux&amp;pc lastra compatta\" width=\"449\" height=\"299\" data-src=\"\/\/sc02.alicdn.com\/kf\/Hee5865885c604e7b942b364a9fc74f32U\/200162319\/Hee5865885c604e7b942b364a9fc74f32U.jpg\" data-alt=\"Macrolux compact polycarbonate sheet&amp;pc compact sheet\" data-width=\"630\" data- title=\"\"><\/p>\n<p align=\"left\"><strong>Caratteristiche del prodotto:<\/strong><\/p>\n<p align=\"left\"><strong>1. Eccellente resistenza agli urti: questa capacit\u00e0 \u00e8 pari a 250-300 volte il vetro ordinario, a 20-30 volte il vetro alcalino e a 2 volte il vetro temprato.<\/strong><\/p>\n<p align=\"left\"><strong>2. Buone prestazioni anti-UV (raggi ultravioletti): uno strato di co-estrusione che blocca i raggi UV sulla superficie, in grado di filtrare i raggi ultravioletti.<\/strong><\/p>\n<p align=\"left\"><strong>3. Forza della fotosintesi: i raggi ultravioletti filtrati vengono trasformati in luce visibile (che \u00e8 la parte principale della luce solare). La luce visibile viene aggiunta, accelerando la crescita delle piante.<\/strong><\/p>\n<p align=\"left\"><strong>4.  Uso conveniente: il peso ridotto e la lunghezza personalizzata consentono di risparmiare sul trasporto e sull'installazione, con conseguente risparmio sui costi. La buona flessibilit\u00e0 consente di assumere forme di tutti i tipi, come quella semicircolare, ad arco e cos\u00ec via, mediante formatura a freddo o a caldo.<\/strong><\/p>\n<p align=\"left\"><strong>5. Garanzia di qualit\u00e0 a lungo termine:<br \/>\nKCC General PC Solid Sheet offre una garanzia di qualit\u00e0 di 10 anni.<\/strong><\/p>\n<p align=\"left\"><strong>Applicazione:<\/strong><\/p>\n<table class=\"aliDataTable\" border=\"1\" cellspacing=\"0\" cellpadding=\"0\">\n<tbody>\n<tr align=\"left\">\n<td valign=\"top\">Campo agricolo<\/td>\n<td valign=\"top\">Serra, Garden Factory House<\/td>\n<\/tr>\n<tr align=\"left\">\n<td valign=\"top\">Area di costruzione<\/td>\n<td valign=\"top\">Illuminazione interna, Corridoi, illuminazione interna<\/td>\n<\/tr>\n<tr align=\"left\">\n<td valign=\"top\">Servizi pubblici<\/td>\n<td valign=\"top\">Capannoni, piscine, pareti fonoassorbenti su strade a scorrimento veloce, capannoni per il parcheggio, stadi, passaggi.<\/td>\n<\/tr>\n<tr align=\"left\">\n<td valign=\"top\">Settore industriale<\/td>\n<td valign=\"top\">Tetto illuminante per officine industriali e magazzini<\/td>\n<\/tr>\n<\/tbody>\n<\/table>\n<p><img decoding=\"async\" src=\"https:\/\/sc01.alicdn.com\/kf\/H74247c1d61554ba2a775e9ce59244207e\/200162319\/H74247c1d61554ba2a775e9ce59244207e.jpg\" alt=\"Lastra in policarbonato compatto Macrolux&amp;pc lastra compatta\" width=\"630\" height=\"509.04\" data-src=\"\/\/sc01.alicdn.com\/kf\/H74247c1d61554ba2a775e9ce59244207e\/200162319\/H74247c1d61554ba2a775e9ce59244207e.jpg\" data-alt=\"Macrolux compact polycarbonate sheet&amp;pc compact sheet\" data-width=\"630\" data- title=\"\"><img decoding=\"async\" src=\"https:\/\/sc01.alicdn.com\/kf\/Hee35153016fb4f64a8abd2cf77d8280dQ\/200162319\/Hee35153016fb4f64a8abd2cf77d8280dQ.jpg\" alt=\"Lastra in policarbonato compatto Macrolux&amp;pc lastra compatta\" width=\"630\" height=\"404.88\" data-src=\"\/\/sc01.alicdn.com\/kf\/Hee35153016fb4f64a8abd2cf77d8280dQ\/200162319\/Hee35153016fb4f64a8abd2cf77d8280dQ.jpg\" data-alt=\"Macrolux compact polycarbonate sheet&amp;pc compact sheet\" data-width=\"630\" data- title=\"\"><\/p>\n<div id=\"ali-anchor-AliPostDhMb-jc6po\" data-section=\"AliPostDhMb-jc6po\" data-section-title=\"Packaging &amp; Shipping\">\n<div id=\"ali-title-AliPostDhMb-jc6po\">Imballaggio e spedizione<\/div>\n<div>\n<p>\u00a0<img decoding=\"async\" src=\"https:\/\/sc01.alicdn.com\/kf\/Hb3bdebb96a2849458ce6dfcbaa19c5d15\/200162319\/Hb3bdebb96a2849458ce6dfcbaa19c5d15.png\" alt=\"Lastra in policarbonato compatto Macrolux&amp;pc lastra compatta\" width=\"630\" height=\"312.9083665338646\" data-src=\"\/\/sc01.alicdn.com\/kf\/Hb3bdebb96a2849458ce6dfcbaa19c5d15\/200162319\/Hb3bdebb96a2849458ce6dfcbaa19c5d15.png\" data-alt=\"Macrolux compact polycarbonate sheet&amp;pc compact sheet\" data-width=\"630\" data- title=\"\"><img decoding=\"async\" src=\"https:\/\/sc02.alicdn.com\/kf\/Hd05fdb0988024155a7956963ea5973acD\/200162319\/Hd05fdb0988024155a7956963ea5973acD.png\" alt=\"Lastra in policarbonato compatto Macrolux&amp;pc lastra compatta\" width=\"630\" height=\"474.58885941644564\" data-src=\"\/\/sc02.alicdn.com\/kf\/Hd05fdb0988024155a7956963ea5973acD\/200162319\/Hd05fdb0988024155a7956963ea5973acD.png\" data-alt=\"Macrolux compact polycarbonate sheet&amp;pc compact sheet\" data-width=\"630\" data- title=\"\"><img decoding=\"async\" src=\"https:\/\/sc02.alicdn.com\/kf\/H02a52324dc024cdcbaee8c550d0c5b3cR\/200162319\/H02a52324dc024cdcbaee8c550d0c5b3cR.png\" alt=\"Lastra in policarbonato compatto Macrolux&amp;pc lastra compatta\" width=\"630\" height=\"214.7347480106101\" data-src=\"\/\/sc02.alicdn.com\/kf\/H02a52324dc024cdcbaee8c550d0c5b3cR\/200162319\/H02a52324dc024cdcbaee8c550d0c5b3cR.png\" data-alt=\"Macrolux compact polycarbonate sheet&amp;pc compact sheet\" data-width=\"630\" data- title=\"\"><\/p>\n<\/div>\n<\/div>","protected":false},"featured_media":0,"parent":0,"template":"","product-catagories":[177],"product-tag":[],"class_list":["post-15307","product","type-product","status-publish","hentry","product-catagories-polycarbonate-solid-sheet"],"acf":[],"_links":{"self":[{"href":"https:\/\/www.tononplastics.com\/it\/wp-json\/wp\/v2\/product\/15307","targetHints":{"allow":["GET"]}}],"collection":[{"href":"https:\/\/www.tononplastics.com\/it\/wp-json\/wp\/v2\/product"}],"about":[{"href":"https:\/\/www.tononplastics.com\/it\/wp-json\/wp\/v2\/types\/product"}],"version-history":[{"count":0,"href":"https:\/\/www.tononplastics.com\/it\/wp-json\/wp\/v2\/product\/15307\/revisions"}],"wp:attachment":[{"href":"https:\/\/www.tononplastics.com\/it\/wp-json\/wp\/v2\/media?parent=15307"}],"wp:term":[{"taxonomy":"product-catagories","embeddable":true,"href":"https:\/\/www.tononplastics.com\/it\/wp-json\/wp\/v2\/product-catagories?post=15307"},{"taxonomy":"product-tag","embeddable":true,"href":"https:\/\/www.tononplastics.com\/it\/wp-json\/wp\/v2\/product-tag?post=15307"}],"curies":[{"name":"wp","href":"https:\/\/api.w.org\/{rel}","templated":true}]}}