{"id":15312,"date":"2023-08-23T22:55:40","date_gmt":"2023-08-23T14:55:40","guid":{"rendered":"https:\/\/tononplastics.com\/?post_type=product&#038;p=15312"},"modified":"2024-03-25T12:03:46","modified_gmt":"2024-03-25T04:03:46","slug":"polycarbonate-solid-sheet-scratch-solution-sun-sheets-pc-embossed-sheets","status":"publish","type":"product","link":"https:\/\/www.tononplastics.com\/it\/product\/polycarbonate-solid-sheet-scratch-solution-sun-sheets-pc-embossed-sheets\/","title":{"rendered":"Soluzione antigraffio per lastre solide in policarbonato Lastre solari e lastre goffrate in PC"},"content":{"rendered":"<figure class=\"wp-block-gallery has-nested-images columns-default is-cropped wp-block-gallery-1 is-layout-flex wp-block-gallery-is-layout-flex\">\n<figure class=\"wp-block-image size-large\"><img decoding=\"async\" data-id=\"15101\" src=\"https:\/\/www.tononplastics.com\/wp-content\/uploads\/2023\/08\/H8575ccec63db4612b95ede9a30b7cc782.jpg\" alt=\"\" class=\"wp-image-15101\" title=\"\"><\/figure>\n\n\n\n<figure class=\"wp-block-image size-large\"><img fetchpriority=\"high\" decoding=\"async\" width=\"822\" height=\"822\" data-id=\"15100\" src=\"https:\/\/www.tononplastics.com\/wp-content\/uploads\/2023\/08\/H0c09c837f0a54be1a8b5c6b0ad19f2766.jpg\" alt=\"\" class=\"wp-image-15100\" title=\"\" srcset=\"https:\/\/www.tononplastics.com\/wp-content\/uploads\/2023\/08\/H0c09c837f0a54be1a8b5c6b0ad19f2766.jpg 822w, https:\/\/www.tononplastics.com\/wp-content\/uploads\/2023\/08\/H0c09c837f0a54be1a8b5c6b0ad19f2766-300x300.jpg 300w, https:\/\/www.tononplastics.com\/wp-content\/uploads\/2023\/08\/H0c09c837f0a54be1a8b5c6b0ad19f2766-150x150.jpg 150w, https:\/\/www.tononplastics.com\/wp-content\/uploads\/2023\/08\/H0c09c837f0a54be1a8b5c6b0ad19f2766-768x768.jpg 768w\" sizes=\"(max-width: 822px) 100vw, 822px\" \/><\/figure>\n<\/figure>\n\n\n<div id=\"ali-anchor-AliPostDhMb-sfzs7\" class=\"mceSectionContainer\" data-section=\"AliPostDhMb-sfzs7\" data-section-title=\"Product Description\">\n<div id=\"ali-title-AliPostDhMb-sfzs7\"><strong>Dettagli del prodotto:<\/strong><\/div>\n<div><strong><br \/><\/strong><span style=\"font-size: revert; color: initial;\">1)Forza d'urto: la forza d'urto della lastra cava in PC \u00e8 250 volte quella del vetro.<\/span><\/div>\n<div><span style=\"font-size: revert; color: initial;\"><br \/>2) Peso ridotto: Il peso della lastra cava in PC \u00e8 solo la met\u00e0 di quello del vetro.<\/span><\/div>\n<div>\u00a0<\/div>\n<div><span style=\"font-size: revert; color: initial;\">3) Trasparenza: La trasmissione della luce di una lastra cava in PC di 3 mm di spessore \u00e8 88%.<\/span><\/div>\n<div><span style=\"font-size: revert; color: initial;\"><br \/>4) Protezione dai raggi UV: Una lastra di PC viene coestrusa con un raggio ultravioletto ad alta densit\u00e0 che impedisce alla lastra di PC di scolorire.<\/span><\/div>\n<div><span style=\"font-size: revert; color: initial;\"><br \/>5) Resistenza agli agenti atmosferici: La lastra cava in PC ha una resistenza alle intemperie <\/span><\/div>\n<div><span style=\"font-size: revert; color: initial;\">e mantenere prestazioni eccellenti in un intervallo di temperature compreso tra -40\u2103 e 12\u2103.<\/span><\/div>\n<div><span style=\"font-size: revert; color: initial;\"><br \/><\/span><span style=\"font-size: revert; color: initial;\">6) Inibizione della condensa: Quando la temperatura esterna \u00e8 pari a 0 e la temperatura interna \u00e8 di 23\u2103, la lastra del PC si condensa fino a 80%.<\/span><\/div>\n<div><span style=\"font-size: revert; color: initial;\"> <br \/><\/span><span style=\"font-size: revert; color: initial;\">7) Isolamento termico: Il valore K del vetro \u00e8 1,2 volte superiore a quello delle lastre in PC. Le lastre in PC consentono di risparmiare energia evitando la perdita di calore.<\/span><\/div>\n<div><span style=\"font-size: revert; color: initial;\"><br \/><\/span><span style=\"font-size: revert; color: initial;\">8) Isolamento acustico: La lastra cava in PC di 6 mm di spessore pu\u00f2 ridurre il suono di 20 db.<br \/><\/span><span style=\"font-size: revert; color: initial;\"><br \/>9) Resistenza alla fiamma: Grazie ai test condotti dal Centro nazionale per la supervisione e il controllo della qualit\u00e0 dei materiali da costruzione antincendio, il materiale \u00e8 classificato come classe 1 secondo la norma QB8624-1997.<br \/><br \/><\/span><span style=\"font-size: revert; color: initial;\">10) Facilit\u00e0 di installazione: Le lastre in PC possono essere piegate a caldo o a freddo e possono essere utilizzate su pareti e finestre curve. Il raggio di curvatura minimo di una lastra di PC \u00e8 pari a 175 volte il suo spessore.\u00a0<\/span><\/div>\n<\/div>\n<div id=\"ali-anchor-AliPostDhMb-2qskj\" class=\"mceSectionContainer\" data-section=\"AliPostDhMb-2qskj\" data-section-title=\"Company Information\">\n<p>\u00a0FOSHAN HUAXIA NATURE BUILDING MATERIALS CO. LTD, fondata nel 2004, \u00e8 un produttore professionista impegnato nella ricerca, nello sviluppo, nella produzione, nella vendita e nell'assistenza di lastre solide in policarbonato, lastre cave in policarbonato, staffe per tende da sole e tegole Wave in policarbonato. Siamo situati a Foshan, la nota base di produzione di materiali decorativi in Cina. La nostra azienda dispone di solide fondamenta, di una tecnologia di produzione matura e di rigorosi sistemi di controllo della qualit\u00e0, che garantiscono un'elevata stabilit\u00e0 del prodotto e l'affidabilit\u00e0.<\/p>\n<\/div>\n<div id=\"ali-anchor-AliPostDhMb-bktqy\" class=\"mceSectionContainer\" data-section=\"AliPostDhMb-bktqy\" data-section-title=\"Packaging &amp; Shipping\">\n<div id=\"ali-title-AliPostDhMb-bktqy\"><strong>Imballaggio e spedizione<\/strong><\/div>\n<div>\n<p>\u00a0<img decoding=\"async\" src=\"https:\/\/sc01.alicdn.com\/kf\/H74247c1d61554ba2a775e9ce59244207e\/200162319\/H74247c1d61554ba2a775e9ce59244207e.jpg\" alt=\"Soluzione antigraffio per lastre solide in policarbonato Lastre solari e lastre goffrate in PC\" width=\"630\" height=\"509.04\" data-src=\"\/\/sc01.alicdn.com\/kf\/H74247c1d61554ba2a775e9ce59244207e\/200162319\/H74247c1d61554ba2a775e9ce59244207e.jpg\" data-alt=\"polycarbonate solid sheet scratch solution Sun Sheets &amp; PC Embossed Sheets\" data-width=\"630\" data- title=\"\"><img decoding=\"async\" src=\"https:\/\/sc02.alicdn.com\/kf\/H02a52324dc024cdcbaee8c550d0c5b3cR\/200162319\/H02a52324dc024cdcbaee8c550d0c5b3cR.png\" alt=\"Soluzione antigraffio per lastre solide in policarbonato Lastre solari e lastre goffrate in PC\" width=\"630\" height=\"214.7347480106101\" data-src=\"\/\/sc02.alicdn.com\/kf\/H02a52324dc024cdcbaee8c550d0c5b3cR\/200162319\/H02a52324dc024cdcbaee8c550d0c5b3cR.png\" data-alt=\"polycarbonate solid sheet scratch solution Sun Sheets &amp; PC Embossed Sheets\" data-width=\"630\" data- title=\"\"><\/p>\n<p>\u00a0<img decoding=\"async\" src=\"https:\/\/sc02.alicdn.com\/kf\/H041aadba055e4601bc7a678fb8698a30S\/200162319\/H041aadba055e4601bc7a678fb8698a30S.jpg\" alt=\"Soluzione antigraffio per lastre solide in policarbonato Lastre solari e lastre goffrate in PC\" width=\"630\" height=\"472.5\" data-src=\"\/\/sc02.alicdn.com\/kf\/H041aadba055e4601bc7a678fb8698a30S\/200162319\/H041aadba055e4601bc7a678fb8698a30S.jpg\" data-alt=\"polycarbonate solid sheet scratch solution Sun Sheets &amp; PC Embossed Sheets\" data-width=\"630\" data- title=\"\"><img decoding=\"async\" src=\"https:\/\/sc01.alicdn.com\/kf\/H13a68bf757104e7f87240c10e9cd3dffH\/200162319\/H13a68bf757104e7f87240c10e9cd3dffH.jpg\" alt=\"Soluzione antigraffio per lastre solide in policarbonato Lastre solari e lastre goffrate in PC\" width=\"630\" height=\"472.5\" data-src=\"\/\/sc01.alicdn.com\/kf\/H13a68bf757104e7f87240c10e9cd3dffH\/200162319\/H13a68bf757104e7f87240c10e9cd3dffH.jpg\" data-alt=\"polycarbonate solid sheet scratch solution Sun Sheets &amp; PC Embossed Sheets\" data-width=\"630\" data- title=\"\"><\/p>\n<\/div>\n<\/div>","protected":false},"featured_media":0,"parent":0,"template":"","product-catagories":[177],"product-tag":[],"class_list":["post-15312","product","type-product","status-publish","hentry","product-catagories-polycarbonate-solid-sheet"],"acf":[],"_links":{"self":[{"href":"https:\/\/www.tononplastics.com\/it\/wp-json\/wp\/v2\/product\/15312","targetHints":{"allow":["GET"]}}],"collection":[{"href":"https:\/\/www.tononplastics.com\/it\/wp-json\/wp\/v2\/product"}],"about":[{"href":"https:\/\/www.tononplastics.com\/it\/wp-json\/wp\/v2\/types\/product"}],"version-history":[{"count":0,"href":"https:\/\/www.tononplastics.com\/it\/wp-json\/wp\/v2\/product\/15312\/revisions"}],"wp:attachment":[{"href":"https:\/\/www.tononplastics.com\/it\/wp-json\/wp\/v2\/media?parent=15312"}],"wp:term":[{"taxonomy":"product-catagories","embeddable":true,"href":"https:\/\/www.tononplastics.com\/it\/wp-json\/wp\/v2\/product-catagories?post=15312"},{"taxonomy":"product-tag","embeddable":true,"href":"https:\/\/www.tononplastics.com\/it\/wp-json\/wp\/v2\/product-tag?post=15312"}],"curies":[{"name":"wp","href":"https:\/\/api.w.org\/{rel}","templated":true}]}}