{"id":15381,"date":"2023-08-23T23:50:21","date_gmt":"2023-08-23T15:50:21","guid":{"rendered":"https:\/\/tononplastics.com\/?post_type=product&#038;p=15381"},"modified":"2024-03-25T15:35:57","modified_gmt":"2024-03-25T07:35:57","slug":"high-quality-rain-protect-canopy-rain-shelter-canopies-polycarbonate-clear-sheet","status":"publish","type":"product","link":"https:\/\/www.tononplastics.com\/it\/product\/high-quality-rain-protect-canopy-rain-shelter-canopies-polycarbonate-clear-sheet\/","title":{"rendered":"L'alta qualit\u00e0 della pioggia protegge il baldacchino del riparo della pioggia, il policarbonato \u00e8 una lastra trasparente."},"content":{"rendered":"<figure class=\"wp-block-gallery has-nested-images columns-default is-cropped wp-block-gallery-1 is-layout-flex wp-block-gallery-is-layout-flex\">\n<figure class=\"wp-block-image size-large\"><img fetchpriority=\"high\" decoding=\"async\" width=\"1024\" height=\"624\" data-id=\"16266\" src=\"https:\/\/www.tononplastics.com\/wp-content\/uploads\/2024\/03\/16995219633519-1-1024x624.png\" alt=\"\" class=\"wp-image-16266\" title=\"\" srcset=\"https:\/\/www.tononplastics.com\/wp-content\/uploads\/2024\/03\/16995219633519-1-1024x624.png 1024w, https:\/\/www.tononplastics.com\/wp-content\/uploads\/2024\/03\/16995219633519-1-300x183.png 300w, https:\/\/www.tononplastics.com\/wp-content\/uploads\/2024\/03\/16995219633519-1-768x468.png 768w, https:\/\/www.tononplastics.com\/wp-content\/uploads\/2024\/03\/16995219633519-1-1536x937.png 1536w, https:\/\/www.tononplastics.com\/wp-content\/uploads\/2024\/03\/16995219633519-1-18x12.png 18w, https:\/\/www.tononplastics.com\/wp-content\/uploads\/2024\/03\/16995219633519-1.png 1640w\" sizes=\"(max-width: 1024px) 100vw, 1024px\" \/><\/figure>\n<\/figure>\n\n\n<p><strong>Specifiche tecniche<\/strong><\/p>\n<div>\n<table border=\"1\">\n<tbody>\n<tr>\n<td>Tenda da sole in cartone massiccio Pc<\/td>\n<\/tr>\n<\/tbody>\n<\/table>\n<table border=\"1\">\n<tbody>\n<tr>\n<td>\u00a0No.<\/td>\n<td>Modello\u00a0<\/td>\n<td>\u00a0Spec. (D*L) mm<\/td>\n<td>\n<p>Spessore del pannello<\/p>\n<p>(mm)\u00a0<\/p>\n<\/td>\n<td>Osservazione\u00a0<\/td>\n<td>Materiale del corpo principale\u00a0<\/td>\n<\/tr>\n<tr>\n<td>\u00a0Tenda da sole Merican<\/td>\n<td>600-S (foglio pieno)\u00a0<\/td>\n<td>\u00a0600mm*600mm(700mm;800mm)<\/td>\n<td>3\u00a0<\/td>\n<td>1Scheda, 2 staffe, set completo di accessori\u00a0<\/td>\n<td rowspan=\"5\">\u00a0\u00a0Staffe plastiche di ingegneria<\/td>\n<\/tr>\n<tr>\n<td>\u00a0Tenda da sole Merican<\/td>\n<td>800-S (foglio pieno)<\/td>\n<td>800mm*800mm(1000mm;1200mm;1500mm)<\/td>\n<td>3<\/td>\n<td>1Scheda, 2 staffe, set completo di accessori<\/td>\n<\/tr>\n<tr>\n<td>\u00a0Tenda da sole Merican<\/td>\n<td>1000-S (foglio pieno)<\/td>\n<td>1000mm*800mm(1000mm;1200mm;1500mm)<\/td>\n<td>3<\/td>\n<td>1Scheda, 2 staffe, set completo di accessori<\/td>\n<\/tr>\n<tr>\n<td>\u00a0Tenda da sole Merican<\/td>\n<td>1200-S (foglio pieno)<\/td>\n<td>1200mm*800mm(1000mm;1200mm;1500mm)<\/td>\n<td>3<\/td>\n<td>1Scheda, 2 staffe, set completo di accessori<\/td>\n<\/tr>\n<tr>\n<td>\u00a0Tenda da sole Merican<\/td>\n<td>15100-S (foglio pieno)<\/td>\n<td>1500mm*800mm(1000mm;1200mm;1500mm)<\/td>\n<td>3<\/td>\n<td>1Scheda, 2 staffe, set completo di accessori<\/td>\n<\/tr>\n<\/tbody>\n<\/table>\n<p>\u00a0<\/p>\n<table border=\"1\">\n<tbody>\n<tr>\n<td colspan=\"6\">Tenda da sole Pc Hollow board<\/td>\n<\/tr>\n<tr>\n<td>No.<\/td>\n<td>Modello<\/td>\n<td>Spec. (D*L) mm<\/td>\n<td>\n<p>Spessore del pannello<\/p>\n<p>(mm)<\/p>\n<\/td>\n<td>Osservazione<\/td>\n<td>Materiale del corpo principale<\/td>\n<\/tr>\n<tr>\n<td>Tenda da sole Merican<\/td>\n<td>600-H (lastra cava)<\/td>\n<td>600mm*600mm(800mm;1000mm;1200mm)<\/td>\n<td>6<\/td>\n<td>1Scheda, 2Supporti, set completo di accessori<\/td>\n<td rowspan=\"5\">Staffe plastiche di ingegneria<\/td>\n<\/tr>\n<tr>\n<td>Tenda da sole Merican<\/td>\n<td>800-H (lastra cava)<\/td>\n<td>800mm*800mm(1000mm;1200mm;1500mm)<\/td>\n<td>6<\/td>\n<td>1Scheda, 2Supporti, set completo di accessori<\/td>\n<\/tr>\n<tr>\n<td>Tenda da sole Merican<\/td>\n<td>1000-H (lastra cava)<\/td>\n<td>1000mm*800mm(1000mm;1200mm;1500mm)<\/td>\n<td>6<\/td>\n<td>1Scheda, 2Supporti, set completo di accessori<\/td>\n<\/tr>\n<tr>\n<td>Tenda da sole Merican<\/td>\n<td>1200-H (lastra cava)<\/td>\n<td>1200mm*800mm(1000mm;1200mm;1500mm)<\/td>\n<td>6<\/td>\n<td>1Scheda, 2Supporti, set completo di accessori<\/td>\n<\/tr>\n<tr>\n<td>Tenda da sole Merican<\/td>\n<td>1500-H (lastra cava)<\/td>\n<td>1500mm*800mm(1000mm;1200mm;1500mm)<\/td>\n<td>6<\/td>\n<td>1Scheda, 2Supporti, set completo di accessori<\/td>\n<\/tr>\n<\/tbody>\n<\/table>\n<\/div>\n<p>Supporto per tenda da sole bianca\u00a0<br \/>1)prezzo competitivo\u00a0<br \/>2)endoregolabile\u00a0<br \/><img decoding=\"async\" class=\"\" src=\"https:\/\/sc02.alicdn.com\/kf\/H9f08f5ed02234de4be18cc9d36d18cc91\/200162319\/H9f08f5ed02234de4be18cc9d36d18cc91.jpg\" alt=\"L&#039;alta qualit\u00e0 della pioggia protegge il baldacchino del riparo della pioggia, il policarbonato \u00e8 una lastra trasparente.\" width=\"376\" height=\"376\" data-src=\"\/\/sc02.alicdn.com\/kf\/H9f08f5ed02234de4be18cc9d36d18cc91\/200162319\/H9f08f5ed02234de4be18cc9d36d18cc91.jpg\" data-alt=\"High Quality Rain Protect Canopy rain shelter canopies polycarbonate clear sheet\" data-width=\"630\" data- title=\"\"><img decoding=\"async\" class=\"\" src=\"https:\/\/sc02.alicdn.com\/kf\/Had0756212dc14f48b5c605d06ad52305b\/200162319\/Had0756212dc14f48b5c605d06ad52305b.jpg\" alt=\"L&#039;alta qualit\u00e0 della pioggia protegge il baldacchino del riparo della pioggia, il policarbonato \u00e8 una lastra trasparente.\" width=\"377\" height=\"377\" data-src=\"\/\/sc02.alicdn.com\/kf\/Had0756212dc14f48b5c605d06ad52305b\/200162319\/Had0756212dc14f48b5c605d06ad52305b.jpg\" data-alt=\"High Quality Rain Protect Canopy rain shelter canopies polycarbonate clear sheet\" data-width=\"630\" data- title=\"\"><\/p>\n<div>\u00a0<\/div>\n<p><strong>Supporto per tenda da sole bianca<\/strong><\/p>\n<p>*Colori e dimensioni personalizzate disponibili su richiesta<\/p>\n<div>\n<p><strong>Caratteristiche del prodotto:<\/strong><\/p>\n<p>Resistenza al vento, resistenza agli urti, antinvecchiamento, anticorrosione, autopulizia dall'acqua piovana, design curvo per ridurre il rumore, filtrazione UV, trasmissione luminosa 80%.<\/p>\n<p>*Foglio: strato del soild del PC, strato del sole del PC, bordo alluminio-plastico, foglio di Reinous<\/p>\n<p>*Struttura del supporto della tenda: miscela di ABS e PVC.<\/p>\n<p>*Parti di collegamento: profilo H\/U<\/p>\n<p>*Accessori: bullone di espansione<\/p>\n<p>*Length:600mm,800mm,1000mm,1200mm<\/p>\n<p>*Aumento infinito dei supporti della tenda da sole e libera estensione per il montaggio<\/p>\n<p>*L'innovativa tenda da sole si discosta completamente dalle tradizionali tende da sole saldate su misura. *Una tenda da sole semplice nella sua struttura principale, composta da un pannello di copertura e da staffe stampate.<\/p>\n<p>*Essendo prodotta in serie e conforme ai rigidi standard di progettazione, la tenda da sole \u00e8 coerente con la sua superba qualit\u00e0 di prodotto.<\/p>\n<p>*La tenda da sole pu\u00f2 essere spedita in un set completo con i componenti principali della struttura e gli elementi di fissaggio standard.<\/p>\n<p>*Le tende da sole sono pronte per il fai-da-te e possono essere installate dai proprietari di casa. Il costo totale della manodopera e dei pezzi di ricambio potrebbe essere la met\u00e0 di quello delle tende da sole su misura.<\/p>\n<p>\u00a0*La tenda da sole \u00e8 realizzata con materiali avanzati, \u00e8 rigida nella sua struttura e pu\u00f2 resistere a forti tempeste di vento.<\/p>\n<p>*La tenda da sole \u00e8 ben costruita, anti-decadente e resistente agli urti, i rumori del vento e della pioggia sono in gran parte ridotti sulla tenda da sole scoverboard.<br \/><img loading=\"lazy\" decoding=\"async\" class=\"\" src=\"https:\/\/sc02.alicdn.com\/kf\/HTB1JnbWkNuTBuNkHFNRq6A9qpXaz\/200162319\/HTB1JnbWkNuTBuNkHFNRq6A9qpXaz.jpg\" alt=\"L&#039;alta qualit\u00e0 della pioggia protegge il baldacchino del riparo della pioggia, il policarbonato \u00e8 una lastra trasparente.\" width=\"395\" height=\"297\" data-src=\"\/\/sc02.alicdn.com\/kf\/HTB1JnbWkNuTBuNkHFNRq6A9qpXaz\/200162319\/HTB1JnbWkNuTBuNkHFNRq6A9qpXaz.jpg\" data-alt=\"High Quality Rain Protect Canopy rain shelter canopies polycarbonate clear sheet\" data-width=\"630\" data- title=\"\"><img loading=\"lazy\" decoding=\"async\" class=\"\" src=\"https:\/\/sc01.alicdn.com\/kf\/HTB1Om2YgCcqBKNjSZFgq6x_kXXaN\/200162319\/HTB1Om2YgCcqBKNjSZFgq6x_kXXaN.jpg\" alt=\"L&#039;alta qualit\u00e0 della pioggia protegge il baldacchino del riparo della pioggia, il policarbonato \u00e8 una lastra trasparente.\" width=\"394\" height=\"296\" data-src=\"\/\/sc01.alicdn.com\/kf\/HTB1Om2YgCcqBKNjSZFgq6x_kXXaN\/200162319\/HTB1Om2YgCcqBKNjSZFgq6x_kXXaN.jpg\" data-alt=\"High Quality Rain Protect Canopy rain shelter canopies polycarbonate clear sheet\" data-width=\"630\" data- title=\"\"><\/p>\n<\/div>\n<div id=\"ali-anchor-AliPostDhMb-4ly65\" class=\"mceSectionContainer\" data-section=\"AliPostDhMb-4ly65\" data-section-title=\"Packaging &amp; Shipping\">\n<div id=\"ali-title-AliPostDhMb-4ly65\">Imballaggio e spedizione<\/div>\n<div>\n<p>\u00a0<img decoding=\"async\" src=\"https:\/\/sc02.alicdn.com\/kf\/Hd05fdb0988024155a7956963ea5973acD\/200162319\/Hd05fdb0988024155a7956963ea5973acD.png\" alt=\"L&#039;alta qualit\u00e0 della pioggia protegge il baldacchino del riparo della pioggia, il policarbonato \u00e8 una lastra trasparente.\" width=\"630\" height=\"474.58885941644564\" data-src=\"\/\/sc02.alicdn.com\/kf\/Hd05fdb0988024155a7956963ea5973acD\/200162319\/Hd05fdb0988024155a7956963ea5973acD.png\" data-alt=\"High Quality Rain Protect Canopy rain shelter canopies polycarbonate clear sheet\" data-width=\"630\" data- title=\"\"><\/p>\n<\/div>\n<\/div>","protected":false},"featured_media":15376,"parent":0,"template":"","product-catagories":[171],"product-tag":[],"class_list":["post-15381","product","type-product","status-publish","has-post-thumbnail","hentry","product-catagories-awning"],"acf":[],"_links":{"self":[{"href":"https:\/\/www.tononplastics.com\/it\/wp-json\/wp\/v2\/product\/15381","targetHints":{"allow":["GET"]}}],"collection":[{"href":"https:\/\/www.tononplastics.com\/it\/wp-json\/wp\/v2\/product"}],"about":[{"href":"https:\/\/www.tononplastics.com\/it\/wp-json\/wp\/v2\/types\/product"}],"version-history":[{"count":0,"href":"https:\/\/www.tononplastics.com\/it\/wp-json\/wp\/v2\/product\/15381\/revisions"}],"wp:featuredmedia":[{"embeddable":true,"href":"https:\/\/www.tononplastics.com\/it\/wp-json\/wp\/v2\/media\/15376"}],"wp:attachment":[{"href":"https:\/\/www.tononplastics.com\/it\/wp-json\/wp\/v2\/media?parent=15381"}],"wp:term":[{"taxonomy":"product-catagories","embeddable":true,"href":"https:\/\/www.tononplastics.com\/it\/wp-json\/wp\/v2\/product-catagories?post=15381"},{"taxonomy":"product-tag","embeddable":true,"href":"https:\/\/www.tononplastics.com\/it\/wp-json\/wp\/v2\/product-tag?post=15381"}],"curies":[{"name":"wp","href":"https:\/\/api.w.org\/{rel}","templated":true}]}}