{"id":15385,"date":"2023-08-23T23:52:59","date_gmt":"2023-08-23T15:52:59","guid":{"rendered":"https:\/\/tononplastics.com\/?post_type=product&#038;p=15385"},"modified":"2024-03-25T16:59:58","modified_gmt":"2024-03-25T08:59:58","slug":"clear-plastic-awnings-balcony-awning","status":"publish","type":"product","link":"https:\/\/www.tononplastics.com\/it\/product\/clear-plastic-awnings-balcony-awning\/","title":{"rendered":"tende da sole in plastica trasparente tende da sole per balconi"},"content":{"rendered":"<p><strong data-spm-anchor-id=\"a2700.details.0.i30.7c753922cZjFN1\">A.Caratteristiche del prodotto<\/strong><br \/>\n1.Wind resistenza, resistenza agli urti, anti-invecchiamento, anti-corrosione, auto-pulizia da acqua piovana<br \/>\nDesign curvo per la riduzione del rumore, filtrazione UV, trasmissione della luce 80%<br \/>\n<strong>2.Sheet: strato solido del PC, strato del sole del PC<br \/>\n<\/strong><strong>3.La struttura del supporto della tenda da sole: miscela PA-Fiberglass<br \/>\n<\/strong><strong>4.Parti di collegamento: Profilo in alluminio<br \/>\n<\/strong><strong>5.Accessori: bullone di espansione<br \/>\n6.Dimension:600mm,800mm,1000mm,1200mm<\/strong><\/p>\n<p><img decoding=\"async\" src=\"https:\/\/sc02.alicdn.com\/kf\/Hab2ac95f2ca34cec9459c4b7915aac1ef\/200162319\/Hab2ac95f2ca34cec9459c4b7915aac1ef.png\" alt=\"tende da sole in plastica trasparente tende da sole per balconi\" width=\"630\" height=\"507.27272727272725\" data-src=\"\/\/sc02.alicdn.com\/kf\/Hab2ac95f2ca34cec9459c4b7915aac1ef\/200162319\/Hab2ac95f2ca34cec9459c4b7915aac1ef.png\" data-alt=\"clear plastic awnings balcony awning\" data-width=\"630\" data- title=\"\"><img fetchpriority=\"high\" decoding=\"async\" src=\"https:\/\/sc01.alicdn.com\/kf\/Hfab9aa3e90b44642984b609afb70ae5dW\/200162319\/Hfab9aa3e90b44642984b609afb70ae5dW.jpg\" alt=\"tende da sole in plastica trasparente tende da sole per balconi\" width=\"630\" height=\"840\" data-src=\"\/\/sc01.alicdn.com\/kf\/Hfab9aa3e90b44642984b609afb70ae5dW\/200162319\/Hfab9aa3e90b44642984b609afb70ae5dW.jpg\" data-alt=\"clear plastic awnings balcony awning\" data-width=\"630\" data- title=\"\"><\/p>\n<p><strong>B.Aumentare all'infinito i supporti della tenda da sole e libera di estendersi per il montaggio<\/strong><\/p>\n<p>L'innovativa tenda da sole Merican si discosta completamente dalle tradizionali tende da sole saldate su misura. La tenda da sole Merican \u00e8 semplice nella sua struttura principale, composta da una lastra di PC e dai supporti della tenda. Essendo prodotta in serie e conforme ai rigidi standard di progettazione, la tenda da sole Merican \u00e8 consistente nella sua super qualit\u00e0 di prodotto.<\/p>\n<p><img decoding=\"async\" src=\"https:\/\/sc01.alicdn.com\/kf\/H2f4db787a3b343c8b287bd745f006630r\/200162319\/H2f4db787a3b343c8b287bd745f006630r.png\" alt=\"tende da sole in plastica trasparente tende da sole per balconi\" width=\"630\" height=\"362.2162740899357\" data-src=\"\/\/sc01.alicdn.com\/kf\/H2f4db787a3b343c8b287bd745f006630r\/200162319\/H2f4db787a3b343c8b287bd745f006630r.png\" data-alt=\"clear plastic awnings balcony awning\" data-width=\"630\" data- title=\"\"><img decoding=\"async\" src=\"https:\/\/sc02.alicdn.com\/kf\/HTB1c_rWJVXXXXXfXXXXq6xXFXXX4\/200162319\/HTB1c_rWJVXXXXXfXXXXq6xXFXXX4.jpg\" alt=\"tende da sole in plastica trasparente tende da sole per balconi\" width=\"630\" height=\"436.9893899204244\" data-src=\"\/\/sc02.alicdn.com\/kf\/HTB1c_rWJVXXXXXfXXXXq6xXFXXX4\/200162319\/HTB1c_rWJVXXXXXfXXXXq6xXFXXX4.jpg\" data-alt=\"clear plastic awnings balcony awning\" data-width=\"630\" data- title=\"\"><img decoding=\"async\" src=\"https:\/\/sc01.alicdn.com\/kf\/Hd35db4f291a3474c9fed03fab96b343dt\/200162319\/Hd35db4f291a3474c9fed03fab96b343dt.jpg\" alt=\"tende da sole in plastica trasparente tende da sole per balconi\" width=\"630\" height=\"420.21000000000004\" data-src=\"\/\/sc01.alicdn.com\/kf\/Hd35db4f291a3474c9fed03fab96b343dt\/200162319\/Hd35db4f291a3474c9fed03fab96b343dt.jpg\" data-alt=\"clear plastic awnings balcony awning\" data-width=\"630\" data- title=\"\"><img decoding=\"async\" src=\"https:\/\/sc01.alicdn.com\/kf\/H8ab2ccf15d5542e7a82269c541d00856p\/200162319\/H8ab2ccf15d5542e7a82269c541d00856p.jpg\" alt=\"tende da sole in plastica trasparente tende da sole per balconi\" width=\"630\" height=\"420.21000000000004\" data-src=\"\/\/sc01.alicdn.com\/kf\/H8ab2ccf15d5542e7a82269c541d00856p\/200162319\/H8ab2ccf15d5542e7a82269c541d00856p.jpg\" data-alt=\"clear plastic awnings balcony awning\" data-width=\"630\" data- title=\"\"><\/p>\n<p><strong><em>C. Pu\u00f2 resistere in modo sicuro ai tifoni (categoria 12).<\/em><\/strong><\/p>\n<p>Il supporto della tenda da sole \u00e8 forte e resistente. Non \u00e8 evidente la lesione causata dall'impatto con la palla di ferro da 4,5 chilogrammi. La durata di vita \u00e8 8-15 volte superiore a quella delle tende da sole ordinarie.<\/p>\n<p>L'attuale struttura originale della tenda da sole non \u00e8 abbastanza buona, \u00e8 pericolosa per la resistenza ai tifoni, la tenda da sole in tessuto e la tenda da sole in plexiglass non possono resistere ai tifoni in modo duraturo, ma i supporti della tenda da sole Merican sono realizzati con materiali avanzati, quindi i supporti della tenda da sole Merican possono resistere ai tifoni in modo duraturo e ridurre il rumore.<\/p>\n<p>La tenda da sole Merican \u00e8 pronta per il fai-da-te e pu\u00f2 essere installata facilmente dai proprietari di casa, con un risparmio totale di costi e di spazio.<\/p>\n<p><img decoding=\"async\" src=\"https:\/\/sc02.alicdn.com\/kf\/H6b8b7471225e4da188c697e918c01fe17\/200162319\/H6b8b7471225e4da188c697e918c01fe17.png\" width=\"630\" height=\"982.8\" data-src=\"\/\/sc02.alicdn.com\/kf\/H6b8b7471225e4da188c697e918c01fe17\/200162319\/H6b8b7471225e4da188c697e918c01fe17.png\" data-width=\"630\" data- alt=\"\" title=\"\"><\/p>\n<p><img decoding=\"async\" src=\"https:\/\/sc01.alicdn.com\/kf\/H0ae698f80b9840449576927fcabf54feZ\/200162319\/H0ae698f80b9840449576927fcabf54feZ.jpg\" alt=\"tende da sole in plastica trasparente tende da sole per balconi\" width=\"630\" height=\"662.76\" data-src=\"\/\/sc01.alicdn.com\/kf\/H0ae698f80b9840449576927fcabf54feZ\/200162319\/H0ae698f80b9840449576927fcabf54feZ.jpg\" data-alt=\"clear plastic awnings balcony awning\" data-width=\"630\" data- title=\"\"><\/p>","protected":false},"featured_media":15374,"parent":0,"template":"","product-catagories":[171],"product-tag":[],"class_list":["post-15385","product","type-product","status-publish","has-post-thumbnail","hentry","product-catagories-awning"],"acf":[],"_links":{"self":[{"href":"https:\/\/www.tononplastics.com\/it\/wp-json\/wp\/v2\/product\/15385","targetHints":{"allow":["GET"]}}],"collection":[{"href":"https:\/\/www.tononplastics.com\/it\/wp-json\/wp\/v2\/product"}],"about":[{"href":"https:\/\/www.tononplastics.com\/it\/wp-json\/wp\/v2\/types\/product"}],"version-history":[{"count":0,"href":"https:\/\/www.tononplastics.com\/it\/wp-json\/wp\/v2\/product\/15385\/revisions"}],"wp:featuredmedia":[{"embeddable":true,"href":"https:\/\/www.tononplastics.com\/it\/wp-json\/wp\/v2\/media\/15374"}],"wp:attachment":[{"href":"https:\/\/www.tononplastics.com\/it\/wp-json\/wp\/v2\/media?parent=15385"}],"wp:term":[{"taxonomy":"product-catagories","embeddable":true,"href":"https:\/\/www.tononplastics.com\/it\/wp-json\/wp\/v2\/product-catagories?post=15385"},{"taxonomy":"product-tag","embeddable":true,"href":"https:\/\/www.tononplastics.com\/it\/wp-json\/wp\/v2\/product-tag?post=15385"}],"curies":[{"name":"wp","href":"https:\/\/api.w.org\/{rel}","templated":true}]}}