{"id":15400,"date":"2023-08-22T11:03:53","date_gmt":"2023-08-22T03:03:53","guid":{"rendered":"https:\/\/tononplastics.com\/?post_type=product&#038;p=15400"},"modified":"2024-03-25T17:01:23","modified_gmt":"2024-03-25T09:01:23","slug":"clear-plastic-h-shape-profile-for-pc-sheet-plastic-h-profile","status":"publish","type":"product","link":"https:\/\/www.tononplastics.com\/it\/product\/clear-plastic-h-shape-profile-for-pc-sheet-plastic-h-profile\/","title":{"rendered":"Chiaro profilo di plastica di forma di H per il profilo di plastica di h dello strato del pc"},"content":{"rendered":"<p><strong data-spm-anchor-id=\"a2700.details.0.i27.5b8cd6130ierTZ\">4-16 mm policarbonato accessorio profilo H e U<\/strong><\/p>\n<p><strong><img decoding=\"async\" src=\"https:\/\/sc02.alicdn.com\/kf\/He979813a31034a4dad4c712088b4d5e0z\/200162319\/He979813a31034a4dad4c712088b4d5e0z.jpg\" alt=\"4-16 mm policarbonato accessorio profilo H e U\" width=\"630\" height=\"419.895\" data-src=\"\/\/sc02.alicdn.com\/kf\/He979813a31034a4dad4c712088b4d5e0z\/200162319\/He979813a31034a4dad4c712088b4d5e0z.jpg\" data-alt=\"4-16mm polycarbonate accessory H and U profile\" data-width=\"630\" data- title=\"\"><\/strong><\/p>\n<div id=\"ali-anchor-AliPostDhMb-j4dxw\" data-section=\"AliPostDhMb-j4dxw\" data-section-title=\"Product Description\">\n<div id=\"ali-title-AliPostDhMb-j4dxw\"><strong>Descrizione del prodotto<\/strong><\/div>\n<div>\n<p>1.Resistenza al calore<\/p>\n<p>Il film PC con una buona resistenza al calore pu\u00f2 essere ampiamente utilizzato in molti campi, le propriet\u00e0 meccaniche sono cambiate in base alla temperatura, il che \u00e8 favorevole alla progettazione della forza.<\/p>\n<p>2. Resistenza agli urti<\/p>\n<p>Il film PC \u00e8 un tipo di plastica di ingegneria con la resistenza all'urto eccellente, anche se \u00e8 nell'ambiente -40\u2103, la resistenza all'urto cos\u00ec come nella temperatura normale.<\/p>\n<p>3.Resistenza agli urti<\/p>\n<p>La sua eccezionale resistenza offre una maggiore protezione contro le rotture durante il trasporto, l'installazione e l'utilizzo. La forza d'urto \u00e8 10-27 volte superiore a quella del plexiglass.<\/p>\n<p>4.Trasparenza<\/p>\n<p>Pellicola PC trasparente con eccellente trasparenza in materiali altamente trasparenti, ampiamente applicata nella stampa e nell'ottica al posto del vetro inorganico. La trasmissione della luce \u00e8 88%.<\/p>\n<p>5.Capacit\u00e0 meteorologica<\/p>\n<p>Ha una buona capacit\u00e0 di resistenza agli agenti atmosferici, pu\u00f2 mantenere propriet\u00e0 eccellenti in un'ampia gamma di temperature da -40\u2103 a 120\u2103.<\/p>\n<p>6.Isolamento acustico<\/p>\n<p>La lastra strutturale cava (resina di policarbonato) presenta un vantaggio significativo per l'isolamento acustico.<\/p>\n<\/div>\n<\/div>\n<p><strong><img decoding=\"async\" src=\"https:\/\/sc01.alicdn.com\/kf\/Hd357ffc3316a4d49b018310865825bf17\/200162319\/Hd357ffc3316a4d49b018310865825bf17.jpg\" alt=\"4-16 mm policarbonato accessorio profilo H e U\" width=\"630\" height=\"419.895\" data-src=\"\/\/sc01.alicdn.com\/kf\/Hd357ffc3316a4d49b018310865825bf17\/200162319\/Hd357ffc3316a4d49b018310865825bf17.jpg\" data-alt=\"4-16mm polycarbonate accessory H and U profile\" data-width=\"630\" data- title=\"\"><img decoding=\"async\" src=\"https:\/\/sc01.alicdn.com\/kf\/HTB1e.EGkS8YBeNkSnb4q6yevFXaM\/200162319\/HTB1e.EGkS8YBeNkSnb4q6yevFXaM.jpg\" alt=\"4-16 mm policarbonato accessorio profilo H e U\" width=\"630\" height=\"472.5\" data-src=\"\/\/sc01.alicdn.com\/kf\/HTB1e.EGkS8YBeNkSnb4q6yevFXaM\/200162319\/HTB1e.EGkS8YBeNkSnb4q6yevFXaM.jpg\" data-alt=\"4-16mm polycarbonate accessory H and U profile\" data-width=\"630\" data- title=\"\"><img decoding=\"async\" src=\"https:\/\/sc02.alicdn.com\/kf\/HTB12Bt8th9YBuNjy0Ffq6xIsVXak\/200162319\/HTB12Bt8th9YBuNjy0Ffq6xIsVXak.jpg\" alt=\"4-16 mm policarbonato accessorio profilo H e U\" width=\"630\" height=\"472.5\" data-src=\"\/\/sc02.alicdn.com\/kf\/HTB12Bt8th9YBuNjy0Ffq6xIsVXak\/200162319\/HTB12Bt8th9YBuNjy0Ffq6xIsVXak.jpg\" data-alt=\"4-16mm polycarbonate accessory H and U profile\" data-width=\"630\" data- title=\"\"><\/strong><\/p>","protected":false},"featured_media":0,"parent":0,"template":"","product-catagories":[172],"product-tag":[],"class_list":["post-15400","product","type-product","status-publish","hentry","product-catagories-polycarbonate-light-diffuse-sheet"],"acf":[],"_links":{"self":[{"href":"https:\/\/www.tononplastics.com\/it\/wp-json\/wp\/v2\/product\/15400","targetHints":{"allow":["GET"]}}],"collection":[{"href":"https:\/\/www.tononplastics.com\/it\/wp-json\/wp\/v2\/product"}],"about":[{"href":"https:\/\/www.tononplastics.com\/it\/wp-json\/wp\/v2\/types\/product"}],"version-history":[{"count":0,"href":"https:\/\/www.tononplastics.com\/it\/wp-json\/wp\/v2\/product\/15400\/revisions"}],"wp:attachment":[{"href":"https:\/\/www.tononplastics.com\/it\/wp-json\/wp\/v2\/media?parent=15400"}],"wp:term":[{"taxonomy":"product-catagories","embeddable":true,"href":"https:\/\/www.tononplastics.com\/it\/wp-json\/wp\/v2\/product-catagories?post=15400"},{"taxonomy":"product-tag","embeddable":true,"href":"https:\/\/www.tononplastics.com\/it\/wp-json\/wp\/v2\/product-tag?post=15400"}],"curies":[{"name":"wp","href":"https:\/\/api.w.org\/{rel}","templated":true}]}}