{"id":15430,"date":"2023-08-22T11:21:17","date_gmt":"2023-08-22T03:21:17","guid":{"rendered":"https:\/\/tononplastics.com\/?post_type=product&#038;p=15430"},"modified":"2024-04-16T14:08:52","modified_gmt":"2024-04-16T06:08:52","slug":"factory-direct-sale-100-new-materials-four-wall-pc-hollow-sheet","status":"publish","type":"product","link":"https:\/\/www.tononplastics.com\/it\/product\/factory-direct-sale-100-new-materials-four-wall-pc-hollow-sheet\/","title":{"rendered":"Vendita diretta da parte della fabbrica 100% Nuovi materiali PC a quattro pareti foglio cavo"},"content":{"rendered":"<figure class=\"wp-block-gallery has-nested-images columns-default is-cropped wp-block-gallery-1 is-layout-flex wp-block-gallery-is-layout-flex\">\n<figure class=\"wp-block-image size-large\"><img decoding=\"async\" data-id=\"16139\" src=\"https:\/\/www.tononplastics.com\/wp-content\/uploads\/2024\/03\/H51343cdbb8f04c94a5295d3aa768236fu.webp\" alt=\"\" class=\"wp-image-16139\" title=\"\"><\/figure>\n\n\n\n<figure class=\"wp-block-image size-large\"><img fetchpriority=\"high\" decoding=\"async\" width=\"489\" height=\"296\" data-id=\"16195\" src=\"https:\/\/www.tononplastics.com\/wp-content\/uploads\/2023\/05\/d91baf45-3be1-4b5e-afdd-8735557e638e.png\" alt=\"\" class=\"wp-image-16195\" title=\"\" srcset=\"https:\/\/www.tononplastics.com\/wp-content\/uploads\/2023\/05\/d91baf45-3be1-4b5e-afdd-8735557e638e.png 489w, https:\/\/www.tononplastics.com\/wp-content\/uploads\/2023\/05\/d91baf45-3be1-4b5e-afdd-8735557e638e-300x182.png 300w, https:\/\/www.tononplastics.com\/wp-content\/uploads\/2023\/05\/d91baf45-3be1-4b5e-afdd-8735557e638e-18x12.png 18w\" sizes=\"(max-width: 489px) 100vw, 489px\" \/><\/figure>\n<\/figure>\n\n\n<div id=\"ali-anchor-AliPostDhMb-mrvpj\" data-section=\"AliPostDhMb-mrvpj\" data-section-title=\"Product details\">\n<p><strong>Dettagli del prodotto convenzionale:<\/strong><\/p>\n<p>1). Spessore della lastra di policarbonato a doppia parete: 3mm-12mm. Larghezza: 2100 mm.<\/p>\n<p>2). Spessore della lastra di policarbonato a tre pareti: 10 mm-18 mm. Larghezza: 2100 mm.<\/p>\n<p>3). Spessore della lastra di policarbonato a quattro pareti: 6 mm-14 mm. Larghezza: 2100 mm.<\/p>\n<p>4). Spessore della lastra di policarbonato alveolare: 6 mm-14 mm. Larghezza: 2100 mm.<\/p>\n<p>5). Possiamo anche personalizzare la larghezza, come 1220 mm, e lo spessore normale \u00e8 di 4 mm-6 mm. Ma il prezzo sar\u00e0 pi\u00f9 alto della larghezza di 2100 mm, perch\u00e9 ha la perdita di tasse.<\/p>\n<p>6). Lastra di policarbonato pieno di spessore standard:<\/p>\n<p>\u00a0 \u00a0 \u00a01,1 mm-18 mm. Larghezza: 1220, 1560, 1820, 2100 mm. Di solito 1220x2440 mm.<\/p>\n<p>7). Spessore delle lastre di policarbonato ondulato: 0,8 mm-1,8 mm.  Larghezza: 1000 mm e 1220 mm.<\/p>\n<p><em>A. Lunghezza: nessun limite (raccomandare 5800, 6000, 11800, 12000 mm per adattarsi al contenitore da 20 e al contenitore da 40).<\/em><\/p>\n<p><em>B. Colore: chiaro\/trasparente, blu lago, verde, blu, opale, marrone\/bronzo, grigio argenteo, rosso, giallo, ecc.<\/em><\/p>\n<p>\u00a0<\/p>\n<p><img decoding=\"async\" src=\"https:\/\/sc02.alicdn.com\/kf\/HTB1k6UuKVXXXXccXFXXq6xXFXXX9\/200162319\/HTB1k6UuKVXXXXccXFXXq6xXFXXX9.jpg\" width=\"750\" height=\"750\" data-src=\"\/\/sc02.alicdn.com\/kf\/HTB1k6UuKVXXXXccXFXXq6xXFXXX9\/200162319\/HTB1k6UuKVXXXXccXFXXq6xXFXXX9.jpg\" data-width=\"760\" data-height=\"760\" alt=\"\" title=\"\"><\/p>\n<\/div>\n<div id=\"ali-anchor-AliPostDhMb-ib723\" data-section=\"AliPostDhMb-ib723\" data-section-title=\"Packing &amp;Delivery\">\n<div id=\"ali-title-AliPostDhMb-ib723\"><strong>Imballaggio e consegna<\/strong><\/div>\n<div>\n<p><img decoding=\"async\" src=\"https:\/\/sc01.alicdn.com\/kf\/HTB1NDV9KXXXXXbsaXXXq6xXFXXX2\/200162319\/HTB1NDV9KXXXXXbsaXXXq6xXFXXX2.jpg\" width=\"750\" height=\"750\" data-src=\"\/\/sc01.alicdn.com\/kf\/HTB1NDV9KXXXXXbsaXXXq6xXFXXX2\/200162319\/HTB1NDV9KXXXXXbsaXXXq6xXFXXX2.jpg\" data-width=\"760\" data-height=\"760\" alt=\"\" title=\"\"><\/p>\n<p><img loading=\"lazy\" decoding=\"async\" src=\"https:\/\/sc02.alicdn.com\/kf\/HTB18hm4SpXXXXapXVXXq6xXFXXXV\/200162319\/HTB18hm4SpXXXXapXVXXq6xXFXXXV.jpg\" alt=\"Vendita diretta da parte della fabbrica 100% Nuovi materiali PC a quattro pareti foglio cavo\" width=\"750\" height=\"561\" data-src=\"\/\/sc02.alicdn.com\/kf\/HTB18hm4SpXXXXapXVXXq6xXFXXXV\/200162319\/HTB18hm4SpXXXXapXVXXq6xXFXXXV.jpg\" data-alt=\"Factory direct sale 100% New Materials Four-wall PC hollow sheet\" data-width=\"761\" data-height=\"569\" data- title=\"\"><\/p>\n<p>\u00a0<\/p>\n<\/div>\n<\/div>","protected":false},"featured_media":16806,"parent":0,"template":"","product-catagories":[178],"product-tag":[],"class_list":["post-15430","product","type-product","status-publish","has-post-thumbnail","hentry","product-catagories-polycarbonate-hollow-sheet"],"acf":[],"_links":{"self":[{"href":"https:\/\/www.tononplastics.com\/it\/wp-json\/wp\/v2\/product\/15430","targetHints":{"allow":["GET"]}}],"collection":[{"href":"https:\/\/www.tononplastics.com\/it\/wp-json\/wp\/v2\/product"}],"about":[{"href":"https:\/\/www.tononplastics.com\/it\/wp-json\/wp\/v2\/types\/product"}],"version-history":[{"count":0,"href":"https:\/\/www.tononplastics.com\/it\/wp-json\/wp\/v2\/product\/15430\/revisions"}],"wp:featuredmedia":[{"embeddable":true,"href":"https:\/\/www.tononplastics.com\/it\/wp-json\/wp\/v2\/media\/16806"}],"wp:attachment":[{"href":"https:\/\/www.tononplastics.com\/it\/wp-json\/wp\/v2\/media?parent=15430"}],"wp:term":[{"taxonomy":"product-catagories","embeddable":true,"href":"https:\/\/www.tononplastics.com\/it\/wp-json\/wp\/v2\/product-catagories?post=15430"},{"taxonomy":"product-tag","embeddable":true,"href":"https:\/\/www.tononplastics.com\/it\/wp-json\/wp\/v2\/product-tag?post=15430"}],"curies":[{"name":"wp","href":"https:\/\/api.w.org\/{rel}","templated":true}]}}