{"id":13936,"date":"2023-05-04T17:10:26","date_gmt":"2023-05-04T09:10:26","guid":{"rendered":"https:\/\/tononplastics.com\/?post_type=product&#038;p=13936"},"modified":"2024-03-25T12:52:26","modified_gmt":"2024-03-25T04:52:26","slug":"polycarbonate-crystal-hollow-sheet-colors","status":"publish","type":"product","link":"https:\/\/www.tononplastics.com\/lv\/product\/polycarbonate-crystal-hollow-sheet-colors\/","title":{"rendered":"Polikarbon\u0101ta krist\u0101la dob\u0101s loksnes kr\u0101sas"},"content":{"rendered":"<p><strong><b>Detaliz\u0113ta inform\u0101cija par produktu<\/b><\/strong><strong><b>:<\/b><\/strong><\/p>\n<p>Krist\u0101la polikarbon\u0101ta dob\u0101 loksne (paz\u012bstama ar\u012b k\u0101 saules loksne, stikla kaprona loksne, PC dob\u0101 loksne) ir izgatavota no augstas veiktsp\u0113jas in\u017eeniertehnisk\u0101s plastmasas - polikarbon\u0101ta (PC), tai piem\u012bt augsta caursp\u012bd\u012bguma, viegla svara, triecieniztur\u012bbas, ska\u0146as izol\u0101cijas, siltuma izol\u0101cijas, liesmu aizkav\u0113\u0161anas, pretnoveco\u0161an\u0101s u. c. \u012bpa\u0161\u012bbas. T\u0101 ir plastik\u0101ta loksne ar augsto tehnolo\u0123iju, \u0101rk\u0101rt\u012bgi visaptvero\u0161u veiktsp\u0113ju, ener\u0123ijas taup\u012b\u0161anu un vides aizsardz\u012bbu, kas pa\u0161laik ir starptautiski visp\u0101r\u0113jais plastmasas celtniec\u012bbas materi\u0101ls, ar to nevar sal\u012bdzin\u0101t citus celtniec\u012bbas apdares materi\u0101lus (piem\u0113ram, stiklu, pleksiglu u. c.). Pla\u0161i izmanto tirdzniec\u012bbas, r\u016bpn\u012bcu, sporta objektu, apgaismojuma griestu un \u0113nu nojumju, lauksaimniec\u012bbas siltumn\u012bcu, akvakult\u016bras un pu\u0137u siltumn\u012bcu, k\u0101 ar\u012b telefona kab\u012b\u0146u, kiosku, staciju un citu komun\u0101lo pakalpojumu, automa\u0123istr\u0101\u013cu trok\u0161\u0146a, rekl\u0101mas dekor\u0113\u0161anas jom\u0101.<\/p>\n<table border=\"1\" cellspacing=\"1\" cellpadding=\"1\">\n<tbody>\n<tr>\n<td width=\"355\">Produkta nosaukums<\/td>\n<td width=\"355\">Crystal Hollow polikarbon\u0101ta loksnes<\/td>\n<\/tr>\n<tr>\n<td width=\"355\">Izcelsmes vieta<\/td>\n<td width=\"355\">Foshan pils\u0113ta, Guangdong, \u0136\u012bna<\/td>\n<\/tr>\n<tr>\n<td width=\"355\">Materi\u0101ls<\/td>\n<td width=\"355\">100% Virg\u012bnija polikarbon\u0101ta materi\u0101ls<\/td>\n<\/tr>\n<tr>\n<td width=\"355\">Kr\u0101sas<\/td>\n<td width=\"355\">Caursp\u012bd\u012bgs, bronzas, zils, za\u013c\u0161, op\u0101ls, pel\u0113ks vai piel\u0101gots<\/td>\n<\/tr>\n<tr>\n<td width=\"355\">Biezums<\/td>\n<td width=\"355\">4-20 mm<\/td>\n<\/tr>\n<tr>\n<td width=\"355\">Platums<\/td>\n<td width=\"355\">2,1 m, 1,22 m vai piel\u0101gots<\/td>\n<\/tr>\n<tr>\n<td width=\"355\">Virsma<\/td>\n<td width=\"355\">Ar 50 mikronu UV aizsardz\u012bbu, karstumiztur\u012bba<\/td>\n<\/tr>\n<tr>\n<td width=\"355\">Retardants standarts<\/td>\n<td width=\"355\">A klase<\/td>\n<\/tr>\n<tr>\n<td width=\"355\">Iepakojums<\/td>\n<td width=\"355\">Abas puses ar PE pl\u0113vi, logotips uz PE pl\u0113ves. pieejams ar\u012b piel\u0101gots iepakojums.<\/td>\n<\/tr>\n<tr>\n<td width=\"355\">Pieg\u0101de<\/td>\n<td width=\"355\">7-10 dienu laik\u0101 p\u0113c depoz\u012bta sa\u0146em\u0161anas<\/td>\n<\/tr>\n<\/tbody>\n<\/table>\n<p><strong>Tonon polikarbon\u0101ta dob\u0101s loksnes specifik\u0101cija<\/strong><\/p>\n<table border=\"1\" cellspacing=\"1\" cellpadding=\"1\">\n<tbody>\n<tr>\n<td width=\"90\">Biezums<\/td>\n<td width=\"67\">Svars<\/td>\n<td width=\"58\">Platums<\/td>\n<td width=\"66\">Garums<\/td>\n<td colspan=\"6\" width=\"426\">Ligth p\u0101rraide% (\u00b13%)<\/td>\n<\/tr>\n<tr>\n<td width=\"90\">mm<\/td>\n<td width=\"67\">Kg\/m2<\/td>\n<td width=\"58\">mm<\/td>\n<td width=\"66\">mm<\/td>\n<td width=\"59\">Skaidrs<\/td>\n<td width=\"98\">Opalesc\u0113jo\u0161s<\/td>\n<td width=\"50\">Zilais<\/td>\n<td width=\"91\">Zils ezers<\/td>\n<td width=\"66\">Bronzas<\/td>\n<td width=\"58\">Za\u013c\u0101<\/td>\n<\/tr>\n<tr>\n<td width=\"90\">4<\/td>\n<td width=\"67\">1<\/td>\n<td width=\"58\">2100<\/td>\n<td width=\"66\">6000<\/td>\n<td width=\"59\">80<\/td>\n<td width=\"98\">57<\/td>\n<td width=\"50\">45<\/td>\n<td width=\"91\">55<\/td>\n<td width=\"66\">55<\/td>\n<td width=\"58\">45<\/td>\n<\/tr>\n<tr>\n<td width=\"90\">6<\/td>\n<td width=\"67\">1.3<\/td>\n<td width=\"58\">2100<\/td>\n<td width=\"66\">6000<\/td>\n<td width=\"59\">79<\/td>\n<td width=\"98\">56<\/td>\n<td width=\"50\">36<\/td>\n<td width=\"91\">50<\/td>\n<td width=\"66\">53<\/td>\n<td width=\"58\">42<\/td>\n<\/tr>\n<tr>\n<td width=\"90\">8<\/td>\n<td width=\"67\">1.5<\/td>\n<td width=\"58\">2100<\/td>\n<td width=\"66\">6000<\/td>\n<td width=\"59\">78<\/td>\n<td width=\"98\">52<\/td>\n<td width=\"50\">30<\/td>\n<td width=\"91\">47<\/td>\n<td width=\"66\">51<\/td>\n<td width=\"58\">40<\/td>\n<\/tr>\n<tr>\n<td width=\"90\">10<\/td>\n<td width=\"67\">1.7<\/td>\n<td width=\"58\">2100<\/td>\n<td width=\"66\">6000<\/td>\n<td width=\"59\">77<\/td>\n<td width=\"98\">44<\/td>\n<td width=\"50\">25<\/td>\n<td width=\"91\">42<\/td>\n<td width=\"66\">48<\/td>\n<td width=\"58\">35<\/td>\n<\/tr>\n<\/tbody>\n<\/table>\n<p><strong>Tonon polikarbon\u0101ta dob\u0101s loksnes tehniskie dati<\/strong><\/p>\n<table border=\"1\" cellspacing=\"1\" cellpadding=\"1\">\n<tbody>\n<tr>\n<td width=\"81\">N\u0113.<\/td>\n<td width=\"273\">Raksturojums<\/td>\n<td width=\"177\">Vien\u012bba<\/td>\n<td width=\"177\">Datums<\/td>\n<\/tr>\n<tr>\n<td width=\"81\">1<\/td>\n<td width=\"273\">Trieciena iztur\u012bba<\/td>\n<td width=\"177\">J\/M<\/td>\n<td width=\"177\">850<\/td>\n<\/tr>\n<tr>\n<td width=\"81\">2<\/td>\n<td width=\"273\">Gaismas p\u0101rraide<\/td>\n<td width=\"177\">%<\/td>\n<td width=\"177\">88<\/td>\n<\/tr>\n<tr>\n<td width=\"81\">3<\/td>\n<td width=\"273\">\u012apatn\u0113jais svars<\/td>\n<td width=\"177\">g\/cm<sup>3<\/sup><\/td>\n<td width=\"177\">1.2<\/td>\n<\/tr>\n<tr>\n<td width=\"81\">4<\/td>\n<td width=\"273\">Termisk\u0101s izple\u0161an\u0101s koeficients<\/td>\n<td width=\"177\">Mm\/m.\u2103<\/td>\n<td width=\"177\">0.065<\/td>\n<\/tr>\n<tr>\n<td width=\"81\">5<\/td>\n<td width=\"273\">Temperat\u016bras diapazons<\/td>\n<td width=\"177\">\u2103<\/td>\n<td width=\"177\">-40\uff5e+120<\/td>\n<\/tr>\n<tr>\n<td width=\"81\">6<\/td>\n<td width=\"273\">Siltuma vad\u012btsp\u0113ja<\/td>\n<td width=\"177\">W\/m<sup>2<\/sup>.\u2103<\/td>\n<td width=\"177\">2.3\uff5e3.9<\/td>\n<\/tr>\n<tr>\n<td width=\"81\">7<\/td>\n<td width=\"273\">Stiepes iztur\u012bba<\/td>\n<td width=\"177\">N\/mm<sup>2<\/sup><\/td>\n<td width=\"177\">\u226560<\/td>\n<\/tr>\n<tr>\n<td width=\"81\">8<\/td>\n<td width=\"273\">Elast\u012bbas iztur\u012bba<\/td>\n<td width=\"177\">N\/mm<sup>2<\/sup><\/td>\n<td width=\"177\">100<\/td>\n<\/tr>\n<tr>\n<td width=\"81\">9<\/td>\n<td width=\"273\">Elast\u012bbas modulis<\/td>\n<td width=\"177\">Mpa<\/td>\n<td width=\"177\">2400<\/td>\n<\/tr>\n<tr>\n<td width=\"81\">10<\/td>\n<td width=\"273\">Stiepes spriegums pie p\u0101rrau\u0161anas<\/td>\n<td width=\"177\">Mpa<\/td>\n<td width=\"177\">\u226565<\/td>\n<\/tr>\n<tr>\n<td width=\"81\">11<\/td>\n<td width=\"273\">Pagarin\u0101jums pie p\u0101rr\u0101vuma<\/td>\n<td width=\"177\">%<\/td>\n<td width=\"177\">&gt;100<\/td>\n<\/tr>\n<tr>\n<td width=\"81\">12<\/td>\n<td width=\"273\">\u012apatn\u0113jais siltums<\/td>\n<td width=\"177\">Kj\/Kg.K<\/td>\n<td width=\"177\">1.17<\/td>\n<\/tr>\n<tr>\n<td width=\"81\">13<\/td>\n<td width=\"273\">Siltuma novirzes temperat\u016bra<\/td>\n<td width=\"177\">\u2103<\/td>\n<td width=\"177\">140<\/td>\n<\/tr>\n<tr>\n<td width=\"81\">14<\/td>\n<td width=\"273\">Ska\u0146as izol\u0101cijas ietekme<\/td>\n<td width=\"177\">10 mm dobas loksnes<\/td>\n<td width=\"177\">V\u0101jin\u0101jums 20 dB<\/td>\n<\/tr>\n<\/tbody>\n<\/table>\n<p><strong><b>Divsienu polikarbon\u0101ta loksnes pielietojums<\/b><\/strong><\/p>\n<p>1.Roof civil\u0101s un sabiedrisk\u0101s \u0113k\u0101s, iek\u0161\u0113j\u0101s apdares un sabiedrisko objektu dabiskajam apgaismojumam. .<\/p>\n<p>2.Stadions un atp\u016btas objekti .<\/p>\n<p>3.Commercial siltumn\u012bcas un akvakult\u016bras un m\u0101jputnu nojumes. .<\/p>\n<p>4.Light box , z\u012bme un rekl\u0101mas d\u0113\u013ci tirdzniec\u012bbas viet\u0101s. .<\/p>\n<p>5.Gaid\u012b\u0161anas telpu jumti dzelzce\u013ca stacij\u0101s, metro, autoost\u0101s un lidost\u0101s. .<\/p>\n<p>\u00a0<\/p>\n\n\n<figure class=\"wp-block-image size-full\"><img fetchpriority=\"high\" decoding=\"async\" width=\"800\" height=\"440\" src=\"https:\/\/www.tononplastics.com\/wp-content\/uploads\/2024\/03\/Hec1893bdf96e4e68954f01c51046919cR.webp\" alt=\"\" class=\"wp-image-16180\" title=\"\" srcset=\"https:\/\/www.tononplastics.com\/wp-content\/uploads\/2024\/03\/Hec1893bdf96e4e68954f01c51046919cR.webp 800w, https:\/\/www.tononplastics.com\/wp-content\/uploads\/2024\/03\/Hec1893bdf96e4e68954f01c51046919cR-300x165.webp 300w, https:\/\/www.tononplastics.com\/wp-content\/uploads\/2024\/03\/Hec1893bdf96e4e68954f01c51046919cR-768x422.webp 768w, https:\/\/www.tononplastics.com\/wp-content\/uploads\/2024\/03\/Hec1893bdf96e4e68954f01c51046919cR-18x10.webp 18w\" sizes=\"(max-width: 800px) 100vw, 800px\" \/><\/figure>","protected":false},"featured_media":13751,"parent":0,"template":"","product-catagories":[181,178],"product-tag":[],"class_list":["post-13936","product","type-product","status-publish","has-post-thumbnail","hentry","product-catagories-crystal-polycarbonate-hollow-sheet","product-catagories-polycarbonate-hollow-sheet"],"acf":[],"_links":{"self":[{"href":"https:\/\/www.tononplastics.com\/lv\/wp-json\/wp\/v2\/product\/13936","targetHints":{"allow":["GET"]}}],"collection":[{"href":"https:\/\/www.tononplastics.com\/lv\/wp-json\/wp\/v2\/product"}],"about":[{"href":"https:\/\/www.tononplastics.com\/lv\/wp-json\/wp\/v2\/types\/product"}],"version-history":[{"count":0,"href":"https:\/\/www.tononplastics.com\/lv\/wp-json\/wp\/v2\/product\/13936\/revisions"}],"wp:featuredmedia":[{"embeddable":true,"href":"https:\/\/www.tononplastics.com\/lv\/wp-json\/wp\/v2\/media\/13751"}],"wp:attachment":[{"href":"https:\/\/www.tononplastics.com\/lv\/wp-json\/wp\/v2\/media?parent=13936"}],"wp:term":[{"taxonomy":"product-catagories","embeddable":true,"href":"https:\/\/www.tononplastics.com\/lv\/wp-json\/wp\/v2\/product-catagories?post=13936"},{"taxonomy":"product-tag","embeddable":true,"href":"https:\/\/www.tononplastics.com\/lv\/wp-json\/wp\/v2\/product-tag?post=13936"}],"curies":[{"name":"wp","href":"https:\/\/api.w.org\/{rel}","templated":true}]}}