{"id":14021,"date":"2023-05-04T21:03:27","date_gmt":"2023-05-04T13:03:27","guid":{"rendered":"https:\/\/tononplastics.com\/?post_type=product&#038;p=14021"},"modified":"2024-03-25T11:16:58","modified_gmt":"2024-03-25T03:16:58","slug":"roofing-polycarbonate-hollow-sheet","status":"publish","type":"product","link":"https:\/\/www.tononplastics.com\/lv\/product\/roofing-polycarbonate-hollow-sheet\/","title":{"rendered":"Jumta seguma polikarbon\u0101ta dobas loksnes"},"content":{"rendered":"<p>\u00a0<\/p>\n<table style=\"height: 507px; width: 967px; background-color: #ede8e8;\" border=\"1\" cellspacing=\"1\" cellpadding=\"1\">\n<tbody>\n<tr>\n<td style=\"width: 32.1355%; border-style: solid; background-color: #d6d6d6;\" width=\"355\">Produkta nosaukums<\/td>\n<td style=\"width: 67.0431%; background-color: #d6d6d6;\" width=\"355\">Doba polikarbon\u0101ta loksne<\/td>\n<\/tr>\n<tr>\n<td style=\"width: 32.1355%; border-style: solid; background-color: #d6d6d6;\" width=\"355\">Izcelsmes vieta<\/td>\n<td style=\"width: 67.0431%; background-color: #d6d6d6;\" width=\"355\">Foshan pils\u0113ta, Guangdong, \u0136\u012bna<\/td>\n<\/tr>\n<tr>\n<td style=\"width: 32.1355%; border-style: solid; background-color: #d6d6d6;\" width=\"355\">Materi\u0101ls<\/td>\n<td style=\"width: 67.0431%; background-color: #d6d6d6;\" width=\"355\">100% Virg\u012bnija polikarbon\u0101ta materi\u0101ls<\/td>\n<\/tr>\n<tr>\n<td style=\"width: 32.1355%; border-style: solid; background-color: #d6d6d6;\" width=\"355\">Kr\u0101sas<\/td>\n<td style=\"width: 67.0431%; background-color: #d6d6d6;\" width=\"355\">Caursp\u012bd\u012bgs, bronzas, zils, za\u013c\u0161, op\u0101ls, pel\u0113ks vai piel\u0101gots<\/td>\n<\/tr>\n<tr>\n<td style=\"width: 32.1355%; border-style: solid; background-color: #d6d6d6;\" width=\"355\">Biezums<\/td>\n<td style=\"width: 67.0431%; background-color: #d6d6d6;\" width=\"355\">3-20 mm<\/td>\n<\/tr>\n<tr>\n<td style=\"width: 32.1355%; border-style: solid; background-color: #d6d6d6;\" width=\"355\">Platums<\/td>\n<td style=\"width: 67.0431%; background-color: #d6d6d6;\" width=\"355\">2100m, 1220m vai piel\u0101gots<\/td>\n<\/tr>\n<tr>\n<td style=\"width: 32.1355%; border-style: solid; background-color: #d6d6d6;\" width=\"355\">Garums<\/td>\n<td style=\"width: 67.0431%; background-color: #d6d6d6;\" width=\"355\">5800mm\/11800mm.Pieejami ar\u012b citi izm\u0113ri.<\/td>\n<\/tr>\n<tr>\n<td style=\"width: 32.1355%; border-style: solid; background-color: #d6d6d6;\" width=\"355\">Sertifik\u0101ts<\/td>\n<td style=\"width: 67.0431%; background-color: #d6d6d6;\" width=\"355\">CE, ISO<\/td>\n<\/tr>\n<tr>\n<td style=\"width: 32.1355%; border-style: solid; background-color: #d6d6d6;\" width=\"355\">Virsma<\/td>\n<td style=\"width: 67.0431%; background-color: #d6d6d6;\" width=\"355\">Ar 50 mikronu UV aizsardz\u012bbu, karstumiztur\u012bba<\/td>\n<\/tr>\n<tr>\n<td style=\"width: 32.1355%; border-style: solid; background-color: #d6d6d6;\" width=\"355\">Retardants standarts<\/td>\n<td style=\"width: 67.0431%; background-color: #d6d6d6;\" width=\"355\">A klase<\/td>\n<\/tr>\n<tr>\n<td style=\"width: 32.1355%; border-style: solid; background-color: #d6d6d6;\" width=\"355\">Iepakojums<\/td>\n<td style=\"width: 67.0431%; background-color: #d6d6d6;\" width=\"355\">Abas puses ar PE pl\u0113vi, logotips uz PE pl\u0113ves. pieejams ar\u012b piel\u0101gots iepakojums.<\/td>\n<\/tr>\n<tr>\n<td style=\"width: 32.1355%; border-style: solid; background-color: #d6d6d6;\" width=\"355\">Pieg\u0101de<\/td>\n<td style=\"width: 67.0431%; background-color: #d6d6d6;\" width=\"355\">7-10 dienu laik\u0101 p\u0113c depoz\u012bta sa\u0146em\u0161anas<\/td>\n<\/tr>\n<\/tbody>\n<\/table>\n<p><strong style=\"font-size: revert; color: initial;\"><b>Tonon polikarbon\u0101ta dob\u0101s loksnes specifik\u0101cija<\/b><\/strong><\/p>\n<table style=\"width: 971px; height: 266px;\" border=\"1\" cellspacing=\"1\" cellpadding=\"1\">\n<tbody>\n<tr>\n<td style=\"width: 12.2853%;\" width=\"90\">Biezums<\/td>\n<td style=\"width: 9.24703%;\" width=\"67\">Svars<\/td>\n<td style=\"width: 8.05812%;\" width=\"58\">Platums<\/td>\n<td style=\"width: 9.11493%;\" width=\"66\">Garums<\/td>\n<td style=\"width: 57.992%;\" colspan=\"6\" width=\"426\">Ligth p\u0101rraide% (\u00b13%)<\/td>\n<\/tr>\n<tr>\n<td style=\"width: 12.2853%;\" width=\"90\">mm<\/td>\n<td style=\"width: 9.24703%;\" width=\"67\">Kg\/m2<\/td>\n<td style=\"width: 8.05812%;\" width=\"58\">mm<\/td>\n<td style=\"width: 9.11493%;\" width=\"66\">mm<\/td>\n<td style=\"width: 8.05812%;\" width=\"58\">Skaidrs<\/td>\n<td style=\"width: 13.4742%;\" width=\"99\">Opalesc\u0113jo\u0161s<\/td>\n<td style=\"width: 7.00132%;\" width=\"50\">Zilais<\/td>\n<td style=\"width: 12.2853%;\" width=\"91\">Zils ezers<\/td>\n<td style=\"width: 9.11493%;\" width=\"66\">Bronzas<\/td>\n<td style=\"width: 8.05812%;\" width=\"58\">Za\u013c\u0101<\/td>\n<\/tr>\n<tr>\n<td style=\"width: 12.2853%;\" width=\"90\">4<\/td>\n<td style=\"width: 9.24703%;\" width=\"67\">1<\/td>\n<td style=\"width: 8.05812%;\" width=\"58\">2100<\/td>\n<td style=\"width: 9.11493%;\" width=\"66\">6000<\/td>\n<td style=\"width: 8.05812%;\" width=\"58\">80<\/td>\n<td style=\"width: 13.4742%;\" width=\"99\">57<\/td>\n<td style=\"width: 7.00132%;\" width=\"50\">45<\/td>\n<td style=\"width: 12.2853%;\" width=\"91\">55<\/td>\n<td style=\"width: 9.11493%;\" width=\"66\">55<\/td>\n<td style=\"width: 8.05812%;\" width=\"58\">45<\/td>\n<\/tr>\n<tr>\n<td style=\"width: 12.2853%;\" width=\"90\">6<\/td>\n<td style=\"width: 9.24703%;\" width=\"67\">1.3<\/td>\n<td style=\"width: 8.05812%;\" width=\"58\">2100<\/td>\n<td style=\"width: 9.11493%;\" width=\"66\">6000<\/td>\n<td style=\"width: 8.05812%;\" width=\"58\">79<\/td>\n<td style=\"width: 13.4742%;\" width=\"99\">56<\/td>\n<td style=\"width: 7.00132%;\" width=\"50\">36<\/td>\n<td style=\"width: 12.2853%;\" width=\"91\">50<\/td>\n<td style=\"width: 9.11493%;\" width=\"66\">53<\/td>\n<td style=\"width: 8.05812%;\" width=\"58\">42<\/td>\n<\/tr>\n<tr>\n<td style=\"width: 12.2853%;\" width=\"90\">8<\/td>\n<td style=\"width: 9.24703%;\" width=\"67\">1.5<\/td>\n<td style=\"width: 8.05812%;\" width=\"58\">2100<\/td>\n<td style=\"width: 9.11493%;\" width=\"66\">6000<\/td>\n<td style=\"width: 8.05812%;\" width=\"58\">78<\/td>\n<td style=\"width: 13.4742%;\" width=\"99\">52<\/td>\n<td style=\"width: 7.00132%;\" width=\"50\">30<\/td>\n<td style=\"width: 12.2853%;\" width=\"91\">47<\/td>\n<td style=\"width: 9.11493%;\" width=\"66\">51<\/td>\n<td style=\"width: 8.05812%;\" width=\"58\">40<\/td>\n<\/tr>\n<tr>\n<td style=\"width: 12.2853%;\" width=\"90\">10<\/td>\n<td style=\"width: 9.24703%;\" width=\"67\">1.7<\/td>\n<td style=\"width: 8.05812%;\" width=\"58\">2100<\/td>\n<td style=\"width: 9.11493%;\" width=\"66\">6000<\/td>\n<td style=\"width: 8.05812%;\" width=\"58\">77<\/td>\n<td style=\"width: 13.4742%;\" width=\"99\">44<\/td>\n<td style=\"width: 7.00132%;\" width=\"50\">25<\/td>\n<td style=\"width: 12.2853%;\" width=\"91\">42<\/td>\n<td style=\"width: 9.11493%;\" width=\"66\">48<\/td>\n<td style=\"width: 8.05812%;\" width=\"58\">35<\/td>\n<\/tr>\n<\/tbody>\n<\/table>\n<p><strong style=\"font-size: revert; color: initial;\"><b>Tonon polikarbon\u0101ta dob\u0101s loksnes tehniskie dati<\/b><\/strong><\/p>\n<table style=\"height: 526px;\" border=\"1\" width=\"699\">\n<tbody>\n<tr>\n<td width=\"81\">N\u0113.<\/td>\n<td width=\"273\">Raksturojums<\/td>\n<td width=\"177\">Vien\u012bba<\/td>\n<td width=\"177\">Datums<\/td>\n<\/tr>\n<tr>\n<td width=\"81\">1<\/td>\n<td width=\"273\">Trieciena iztur\u012bba<\/td>\n<td width=\"177\">J\/M<\/td>\n<td width=\"177\">850<\/td>\n<\/tr>\n<tr>\n<td width=\"81\">2<\/td>\n<td width=\"273\">Gaismas p\u0101rraide<\/td>\n<td width=\"177\">%<\/td>\n<td width=\"177\">88<\/td>\n<\/tr>\n<tr>\n<td width=\"81\">3<\/td>\n<td width=\"273\">\u012apatn\u0113jais svars<\/td>\n<td width=\"177\">g\/cm<sup>3<\/sup><\/td>\n<td width=\"177\">1.2<\/td>\n<\/tr>\n<tr>\n<td width=\"81\">4<\/td>\n<td width=\"273\">Termisk\u0101s izple\u0161an\u0101s koeficients<\/td>\n<td width=\"177\">Mm\/m.\u2103<\/td>\n<td width=\"177\">0.065<\/td>\n<\/tr>\n<tr>\n<td width=\"81\">5<\/td>\n<td width=\"273\">Temperat\u016bras diapazons<\/td>\n<td width=\"177\">\u2103<\/td>\n<td width=\"177\">-40\uff5e+120<\/td>\n<\/tr>\n<tr>\n<td width=\"81\">6<\/td>\n<td width=\"273\">Siltuma vad\u012btsp\u0113ja<\/td>\n<td width=\"177\">W\/m<sup>2<\/sup>.\u2103<\/td>\n<td width=\"177\">2.3\uff5e3.9<\/td>\n<\/tr>\n<tr>\n<td width=\"81\">7<\/td>\n<td width=\"273\">Stiepes iztur\u012bba<\/td>\n<td width=\"177\">N\/mm<sup>2<\/sup><\/td>\n<td width=\"177\">\u226560<\/td>\n<\/tr>\n<tr>\n<td width=\"81\">8<\/td>\n<td width=\"273\">Elast\u012bbas iztur\u012bba<\/td>\n<td width=\"177\">N\/mm<sup>2<\/sup><\/td>\n<td width=\"177\">100<\/td>\n<\/tr>\n<tr>\n<td width=\"81\">9<\/td>\n<td width=\"273\">Elast\u012bbas modulis<\/td>\n<td width=\"177\">Mpa<\/td>\n<td width=\"177\">2400<\/td>\n<\/tr>\n<tr>\n<td width=\"81\">10<\/td>\n<td width=\"273\">Stiepes spriegums pie p\u0101rrau\u0161anas<\/td>\n<td width=\"177\">Mpa<\/td>\n<td width=\"177\">\u226565<\/td>\n<\/tr>\n<tr>\n<td width=\"81\">11<\/td>\n<td width=\"273\">Pagarin\u0101jums pie p\u0101rr\u0101vuma<\/td>\n<td width=\"177\">%<\/td>\n<td width=\"177\">&gt;100<\/td>\n<\/tr>\n<tr>\n<td width=\"81\">12<\/td>\n<td width=\"273\">\u012apatn\u0113jais siltums<\/td>\n<td width=\"177\">Kj\/Kg.K<\/td>\n<td width=\"177\">1.17<\/td>\n<\/tr>\n<tr>\n<td width=\"81\">13<\/td>\n<td width=\"273\">Siltuma novirzes temperat\u016bra<\/td>\n<td width=\"177\">\u2103<\/td>\n<td width=\"177\">140<\/td>\n<\/tr>\n<tr>\n<td width=\"81\">14<\/td>\n<td width=\"273\">Ska\u0146as izol\u0101cijas ietekme<\/td>\n<td width=\"177\">10 mm dobas loksnes<\/td>\n<td width=\"177\">V\u0101jin\u0101jums 20 dB<\/td>\n<\/tr>\n<\/tbody>\n<\/table>\n<p><strong style=\"font-size: revert; color: initial;\"><b>Divsienu polikarbon\u0101ta loksnes pielietojums<\/b><\/strong><\/p>\n<p>1.Roof civil\u0101s un sabiedrisk\u0101s \u0113k\u0101s, iek\u0161\u0113j\u0101s apdares un sabiedrisko objektu dabiskajam apgaismojumam. .<\/p>\n<p>2.Stadions un atp\u016btas objekti .<\/p>\n<p>3.Commercial siltumn\u012bcas un akvakult\u016bras un m\u0101jputnu nojumes. .<\/p>\n<p>4.Light box , z\u012bme un rekl\u0101mas d\u0113\u013ci tirdzniec\u012bbas viet\u0101s. .<\/p>\n<p>5.Gaid\u012b\u0161anas telpu jumti dzelzce\u013ca stacij\u0101s, metro, autoost\u0101s un lidost\u0101s. .<\/p>\n<p>\u00a0<\/p>\n\n\n<figure class=\"wp-block-gallery has-nested-images columns-default is-cropped wp-block-gallery-1 is-layout-flex wp-block-gallery-is-layout-flex\">\n<figure class=\"wp-block-image size-full\"><img fetchpriority=\"high\" decoding=\"async\" width=\"720\" height=\"674\" data-id=\"15126\" src=\"https:\/\/www.tononplastics.com\/wp-content\/uploads\/2023\/08\/10014.jpg\" alt=\"\" class=\"wp-image-15126\" title=\"\" srcset=\"https:\/\/www.tononplastics.com\/wp-content\/uploads\/2023\/08\/10014.jpg 720w, https:\/\/www.tononplastics.com\/wp-content\/uploads\/2023\/08\/10014-300x281.jpg 300w\" sizes=\"(max-width: 720px) 100vw, 720px\" \/><\/figure>\n\n\n\n<figure class=\"wp-block-image size-large\"><img decoding=\"async\" width=\"1000\" height=\"1000\" data-id=\"15120\" src=\"https:\/\/www.tononplastics.com\/wp-content\/uploads\/2023\/08\/10008-2.jpg\" alt=\"\" class=\"wp-image-15120\" title=\"\" srcset=\"https:\/\/www.tononplastics.com\/wp-content\/uploads\/2023\/08\/10008-2.jpg 1000w, https:\/\/www.tononplastics.com\/wp-content\/uploads\/2023\/08\/10008-2-300x300.jpg 300w, https:\/\/www.tononplastics.com\/wp-content\/uploads\/2023\/08\/10008-2-150x150.jpg 150w, https:\/\/www.tononplastics.com\/wp-content\/uploads\/2023\/08\/10008-2-768x768.jpg 768w\" sizes=\"(max-width: 1000px) 100vw, 1000px\" \/><\/figure>\n<\/figure>","protected":false},"featured_media":13745,"parent":0,"template":"","product-catagories":[178,179],"product-tag":[],"class_list":["post-14021","product","type-product","status-publish","has-post-thumbnail","hentry","product-catagories-polycarbonate-hollow-sheet","product-catagories-twin-wall-polycarbonate-sheet"],"acf":[],"_links":{"self":[{"href":"https:\/\/www.tononplastics.com\/lv\/wp-json\/wp\/v2\/product\/14021","targetHints":{"allow":["GET"]}}],"collection":[{"href":"https:\/\/www.tononplastics.com\/lv\/wp-json\/wp\/v2\/product"}],"about":[{"href":"https:\/\/www.tononplastics.com\/lv\/wp-json\/wp\/v2\/types\/product"}],"version-history":[{"count":0,"href":"https:\/\/www.tononplastics.com\/lv\/wp-json\/wp\/v2\/product\/14021\/revisions"}],"wp:featuredmedia":[{"embeddable":true,"href":"https:\/\/www.tononplastics.com\/lv\/wp-json\/wp\/v2\/media\/13745"}],"wp:attachment":[{"href":"https:\/\/www.tononplastics.com\/lv\/wp-json\/wp\/v2\/media?parent=14021"}],"wp:term":[{"taxonomy":"product-catagories","embeddable":true,"href":"https:\/\/www.tononplastics.com\/lv\/wp-json\/wp\/v2\/product-catagories?post=14021"},{"taxonomy":"product-tag","embeddable":true,"href":"https:\/\/www.tononplastics.com\/lv\/wp-json\/wp\/v2\/product-tag?post=14021"}],"curies":[{"name":"wp","href":"https:\/\/api.w.org\/{rel}","templated":true}]}}