{"id":14023,"date":"2023-05-04T21:05:05","date_gmt":"2023-05-04T13:05:05","guid":{"rendered":"https:\/\/tononplastics.com\/?post_type=product&#038;p=14023"},"modified":"2024-03-25T15:14:16","modified_gmt":"2024-03-25T07:14:16","slug":"green-house-polycarbonate-hollow-sheet","status":"publish","type":"product","link":"https:\/\/www.tononplastics.com\/lv\/product\/green-house-polycarbonate-hollow-sheet\/","title":{"rendered":"Green House polikarbon\u0101ta dob\u0101s loksnes"},"content":{"rendered":"<figure class=\"wp-block-gallery has-nested-images columns-default is-cropped wp-block-gallery-1 is-layout-flex wp-block-gallery-is-layout-flex\">\n<figure class=\"wp-block-image size-large\"><img decoding=\"async\" data-id=\"16138\" src=\"https:\/\/www.tononplastics.com\/wp-content\/uploads\/2024\/03\/H8c2216795864433d9334feab5642fc17J.webp\" alt=\"\" class=\"wp-image-16138\" title=\"\"><\/figure>\n\n\n\n<figure class=\"wp-block-image size-large\"><img decoding=\"async\" data-id=\"16139\" src=\"https:\/\/www.tononplastics.com\/wp-content\/uploads\/2024\/03\/H51343cdbb8f04c94a5295d3aa768236fu.webp\" alt=\"\" class=\"wp-image-16139\" title=\"\"><\/figure>\n<\/figure>\n\n\n<p><strong><b>Detaliz\u0113ta inform\u0101cija par produktu<\/b><\/strong><strong><b>:<\/b><\/strong><\/p>\n<p>Green House polikarbon\u0101ta dob\u0101s loksnes (paz\u012bstamas ar\u012b k\u0101 saules loksnes, stikla kaprona loksnes, PC dob\u0101s loksnes) ir izgatavotas no augstas veiktsp\u0113jas in\u017eeniertehnisk\u0101s plastmasas - polikarbon\u0101ta (PC), tam piem\u012bt augsta caursp\u012bd\u012bguma, viegla svara, triecieniztur\u012bbas, ska\u0146as izol\u0101cijas, siltuma izol\u0101cijas, liesmu sl\u0101p\u0113\u0161anas, pretnoveco\u0161an\u0101s u. c. \u012bpa\u0161\u012bbas. T\u0101 ir plastik\u0101ta loksne ar augsto tehnolo\u0123iju, \u0101rk\u0101rt\u012bgi visaptvero\u0161u veiktsp\u0113ju, ener\u0123ijas taup\u012b\u0161anu un vides aizsardz\u012bbu, kas pa\u0161laik ir starptautiski visp\u0101r\u0113jais plastmasas celtniec\u012bbas materi\u0101ls, ar to nevar sal\u012bdzin\u0101t citus celtniec\u012bbas apdares materi\u0101lus (piem\u0113ram, stiklu, pleksiglu u. c.). Pla\u0161i izmanto tirdzniec\u012bbas, r\u016bpn\u012bcu, sporta objektu, apgaismojuma griestu un \u0113nu nojumju, lauksaimniec\u012bbas siltumn\u012bcu, akvakult\u016bras un pu\u0137u siltumn\u012bcu, k\u0101 ar\u012b telefona kab\u012b\u0146u, kiosku, staciju un citu komun\u0101lo pakalpojumu, automa\u0123istr\u0101\u013cu trok\u0161\u0146a, rekl\u0101mas dekor\u0113\u0161anas jom\u0101.<\/p>\n<table style=\"height: 596px; width: 839px; background-color: #e0dede;\" border=\"1\" cellspacing=\"1\" cellpadding=\"1\">\n<tbody>\n<tr style=\"height: 28px;\">\n<td style=\"height: 28px; width: 49.6749%;\" width=\"284\">Produkta nosaukums<\/td>\n<td style=\"height: 28px; width: 49.6749%;\" width=\"284\">Doba polikarbon\u0101ta loksne<\/td>\n<\/tr>\n<tr style=\"height: 28px;\">\n<td style=\"height: 28px; width: 49.6749%;\" width=\"284\">Izcelsmes vieta<\/td>\n<td style=\"height: 28px; width: 49.6749%;\" width=\"284\">Foshan pils\u0113ta, Guangdong, \u0136\u012bna<\/td>\n<\/tr>\n<tr style=\"height: 28px;\">\n<td style=\"height: 28px; width: 49.6749%;\" width=\"284\">Materi\u0101ls<\/td>\n<td style=\"height: 28px; width: 49.6749%;\" width=\"284\">100% Virg\u012bnija polikarbon\u0101ta materi\u0101ls<\/td>\n<\/tr>\n<tr style=\"height: 57px;\">\n<td style=\"height: 57px; width: 49.6749%;\" width=\"284\">Kr\u0101sas<\/td>\n<td style=\"height: 57px; width: 49.6749%;\" width=\"284\">Caursp\u012bd\u012bgs, bronzas, zils, za\u013c\u0161, op\u0101ls, pel\u0113ks vai piel\u0101gots<\/td>\n<\/tr>\n<tr style=\"height: 28px;\">\n<td style=\"height: 28px; width: 49.6749%;\" width=\"284\">Biezums<\/td>\n<td style=\"height: 28px; width: 49.6749%;\" width=\"284\">3-20 mm<\/td>\n<\/tr>\n<tr style=\"height: 28px;\">\n<td style=\"height: 28px; width: 49.6749%;\" width=\"284\">Platums<\/td>\n<td style=\"height: 28px; width: 49.6749%;\" width=\"284\">2,1 m, 1,22 m vai piel\u0101gots<\/td>\n<\/tr>\n<tr style=\"height: 57px;\">\n<td style=\"height: 57px; width: 49.6749%;\" width=\"284\">Virsma<\/td>\n<td style=\"height: 57px; width: 49.6749%;\" width=\"284\">Ar 50 mikronu UV aizsardz\u012bbu, karstumiztur\u012bba<\/td>\n<\/tr>\n<tr style=\"height: 28px;\">\n<td style=\"height: 28px; width: 49.6749%;\" width=\"284\">Retardants standarts<\/td>\n<td style=\"height: 28px; width: 49.6749%;\" width=\"284\">A klase<\/td>\n<\/tr>\n<tr style=\"height: 57px;\">\n<td style=\"height: 57px; width: 49.6749%;\" width=\"284\">Iepakojums<\/td>\n<td style=\"height: 57px; width: 49.6749%;\" width=\"284\">Abas puses ar PE pl\u0113vi, logotips uz PE pl\u0113ves. pieejams ar\u012b piel\u0101gots iepakojums.<\/td>\n<\/tr>\n<tr style=\"height: 57px;\">\n<td style=\"height: 57px; width: 49.6749%;\" width=\"284\">Pieg\u0101de<\/td>\n<td style=\"height: 57px; width: 49.6749%;\" width=\"284\">7-10 dienu laik\u0101 p\u0113c depoz\u012bta sa\u0146em\u0161anas<\/td>\n<\/tr>\n<\/tbody>\n<\/table>\n<p><strong>Tonon polikarbon\u0101ta dob\u0101s loksnes specifik\u0101cija<\/strong><\/p>\n<table style=\"height: 236px; width: 838px;\" border=\"1\" cellspacing=\"1\" cellpadding=\"1\">\n<tbody>\n<tr>\n<td width=\"72\">Biezums<\/td>\n<td width=\"53\">Svars<\/td>\n<td width=\"47\">Platums<\/td>\n<td width=\"53\">Garums<\/td>\n<td colspan=\"6\" width=\"340\">Ligth p\u0101rraide% (\u00b13%)<\/td>\n<\/tr>\n<tr>\n<td width=\"72\">mm<\/td>\n<td width=\"53\">Kg\/m2<\/td>\n<td width=\"47\">mm<\/td>\n<td width=\"53\">mm<\/td>\n<td width=\"47\">Skaidrs<\/td>\n<td width=\"79\">Opalesc\u0113jo\u0161s<\/td>\n<td width=\"40\">Zilais<\/td>\n<td width=\"73\">Zils ezers<\/td>\n<td width=\"53\">Bronzas<\/td>\n<td width=\"47\">Za\u013c\u0101<\/td>\n<\/tr>\n<tr>\n<td width=\"72\">4<\/td>\n<td width=\"53\">1<\/td>\n<td width=\"47\">2100<\/td>\n<td width=\"53\">6000<\/td>\n<td width=\"47\">80<\/td>\n<td width=\"79\">57<\/td>\n<td width=\"40\">45<\/td>\n<td width=\"73\">55<\/td>\n<td width=\"53\">55<\/td>\n<td width=\"47\">45<\/td>\n<\/tr>\n<tr>\n<td width=\"72\">6<\/td>\n<td width=\"53\">1.3<\/td>\n<td width=\"47\">2100<\/td>\n<td width=\"53\">6000<\/td>\n<td width=\"47\">79<\/td>\n<td width=\"79\">56<\/td>\n<td width=\"40\">36<\/td>\n<td width=\"73\">50<\/td>\n<td width=\"53\">53<\/td>\n<td width=\"47\">42<\/td>\n<\/tr>\n<tr>\n<td width=\"72\">8<\/td>\n<td width=\"53\">1.5<\/td>\n<td width=\"47\">2100<\/td>\n<td width=\"53\">6000<\/td>\n<td width=\"47\">78<\/td>\n<td width=\"79\">52<\/td>\n<td width=\"40\">30<\/td>\n<td width=\"73\">47<\/td>\n<td width=\"53\">51<\/td>\n<td width=\"47\">40<\/td>\n<\/tr>\n<tr>\n<td width=\"72\">10<\/td>\n<td width=\"53\">1.7<\/td>\n<td width=\"47\">2100<\/td>\n<td width=\"53\">6000<\/td>\n<td width=\"47\">77<\/td>\n<td width=\"79\">44<\/td>\n<td width=\"40\">25<\/td>\n<td width=\"73\">42<\/td>\n<td width=\"53\">48<\/td>\n<td width=\"47\">35<\/td>\n<\/tr>\n<\/tbody>\n<\/table>\n<p><strong>Tonon polikarbon\u0101ta dob\u0101s loksnes tehniskie dati<\/strong><\/p>\n<table style=\"width: 842px; height: 562px;\" border=\"1\" cellspacing=\"1\" cellpadding=\"1\">\n<tbody>\n<tr>\n<td width=\"65\">N\u0113.<\/td>\n<td width=\"218\">Raksturojums<\/td>\n<td width=\"142\">Vien\u012bba<\/td>\n<td width=\"142\">Datums<\/td>\n<\/tr>\n<tr>\n<td width=\"65\">1<\/td>\n<td width=\"218\">Trieciena iztur\u012bba<\/td>\n<td width=\"142\">J\/M<\/td>\n<td width=\"142\">850<\/td>\n<\/tr>\n<tr>\n<td width=\"65\">2<\/td>\n<td width=\"218\">Gaismas p\u0101rraide<\/td>\n<td width=\"142\">%<\/td>\n<td width=\"142\">88<\/td>\n<\/tr>\n<tr>\n<td width=\"65\">3<\/td>\n<td width=\"218\">\u012apatn\u0113jais svars<\/td>\n<td width=\"142\">g\/cm<sup>3<\/sup><\/td>\n<td width=\"142\">1.2<\/td>\n<\/tr>\n<tr>\n<td width=\"65\">4<\/td>\n<td width=\"218\">Termisk\u0101s izple\u0161an\u0101s koeficients<\/td>\n<td width=\"142\">Mm\/m.\u2103<\/td>\n<td width=\"142\">0.065<\/td>\n<\/tr>\n<tr>\n<td width=\"65\">5<\/td>\n<td width=\"218\">Temperat\u016bras diapazons<\/td>\n<td width=\"142\">\u2103<\/td>\n<td width=\"142\">-40\uff5e+120<\/td>\n<\/tr>\n<tr>\n<td width=\"65\">6<\/td>\n<td width=\"218\">Siltuma vad\u012btsp\u0113ja<\/td>\n<td width=\"142\">W\/m<sup>2<\/sup>.\u2103<\/td>\n<td width=\"142\">2.3\uff5e3.9<\/td>\n<\/tr>\n<tr>\n<td width=\"65\">7<\/td>\n<td width=\"218\">Stiepes iztur\u012bba<\/td>\n<td width=\"142\">N\/mm<sup>2<\/sup><\/td>\n<td width=\"142\">\u226560<\/td>\n<\/tr>\n<tr>\n<td width=\"65\">8<\/td>\n<td width=\"218\">Elast\u012bbas iztur\u012bba<\/td>\n<td width=\"142\">N\/mm<sup>2<\/sup><\/td>\n<td width=\"142\">100<\/td>\n<\/tr>\n<tr>\n<td width=\"65\">9<\/td>\n<td width=\"218\">Elast\u012bbas modulis<\/td>\n<td width=\"142\">Mpa<\/td>\n<td width=\"142\">2400<\/td>\n<\/tr>\n<tr>\n<td width=\"65\">10<\/td>\n<td width=\"218\">Stiepes spriegums pie p\u0101rrau\u0161anas<\/td>\n<td width=\"142\">Mpa<\/td>\n<td width=\"142\">\u226565<\/td>\n<\/tr>\n<tr>\n<td width=\"65\">11<\/td>\n<td width=\"218\">Pagarin\u0101jums pie p\u0101rr\u0101vuma<\/td>\n<td width=\"142\">%<\/td>\n<td width=\"142\">&gt;100<\/td>\n<\/tr>\n<tr>\n<td width=\"65\">12<\/td>\n<td width=\"218\">\u012apatn\u0113jais siltums<\/td>\n<td width=\"142\">Kj\/Kg.K<\/td>\n<td width=\"142\">1.17<\/td>\n<\/tr>\n<tr>\n<td width=\"65\">13<\/td>\n<td width=\"218\">Siltuma novirzes temperat\u016bra<\/td>\n<td width=\"142\">\u2103<\/td>\n<td width=\"142\">140<\/td>\n<\/tr>\n<tr>\n<td width=\"65\">14<\/td>\n<td width=\"218\">Ska\u0146as izol\u0101cijas ietekme<\/td>\n<td width=\"142\">10 mm dobas loksnes<\/td>\n<td width=\"142\">V\u0101jin\u0101jums 20 dB<\/td>\n<\/tr>\n<\/tbody>\n<\/table>\n<p><strong><b>Divsienu polikarbon\u0101ta loksnes pielietojums<\/b><\/strong><\/p>\n<p>1.Roof civil\u0101s un sabiedrisk\u0101s \u0113k\u0101s, iek\u0161\u0113j\u0101s apdares un sabiedrisko objektu dabiskajam apgaismojumam. .<\/p>\n<p>2.Stadions un atp\u016btas objekti .<\/p>\n<p>3.Commercial siltumn\u012bcas un akvakult\u016bras un m\u0101jputnu nojumes. .<\/p>\n<p>4.Light box , z\u012bme un rekl\u0101mas d\u0113\u013ci tirdzniec\u012bbas viet\u0101s. .<\/p>\n<p>5.Gaid\u012b\u0161anas telpu jumti dzelzce\u013ca stacij\u0101s, metro, autoost\u0101s un lidost\u0101s. .<\/p>\n<p>\u00a0<\/p>","protected":false},"featured_media":14031,"parent":0,"template":"","product-catagories":[178,179],"product-tag":[],"class_list":["post-14023","product","type-product","status-publish","has-post-thumbnail","hentry","product-catagories-polycarbonate-hollow-sheet","product-catagories-twin-wall-polycarbonate-sheet"],"acf":[],"_links":{"self":[{"href":"https:\/\/www.tononplastics.com\/lv\/wp-json\/wp\/v2\/product\/14023","targetHints":{"allow":["GET"]}}],"collection":[{"href":"https:\/\/www.tononplastics.com\/lv\/wp-json\/wp\/v2\/product"}],"about":[{"href":"https:\/\/www.tononplastics.com\/lv\/wp-json\/wp\/v2\/types\/product"}],"version-history":[{"count":0,"href":"https:\/\/www.tononplastics.com\/lv\/wp-json\/wp\/v2\/product\/14023\/revisions"}],"wp:featuredmedia":[{"embeddable":true,"href":"https:\/\/www.tononplastics.com\/lv\/wp-json\/wp\/v2\/media\/14031"}],"wp:attachment":[{"href":"https:\/\/www.tononplastics.com\/lv\/wp-json\/wp\/v2\/media?parent=14023"}],"wp:term":[{"taxonomy":"product-catagories","embeddable":true,"href":"https:\/\/www.tononplastics.com\/lv\/wp-json\/wp\/v2\/product-catagories?post=14023"},{"taxonomy":"product-tag","embeddable":true,"href":"https:\/\/www.tononplastics.com\/lv\/wp-json\/wp\/v2\/product-tag?post=14023"}],"curies":[{"name":"wp","href":"https:\/\/api.w.org\/{rel}","templated":true}]}}