{"id":14546,"date":"2023-08-08T09:08:02","date_gmt":"2023-08-08T01:08:02","guid":{"rendered":"https:\/\/tononplastics.com\/?post_type=product&#038;p=14546"},"modified":"2024-03-25T13:01:39","modified_gmt":"2024-03-25T05:01:39","slug":"polycarbonate-corrugated-sheet","status":"publish","type":"product","link":"https:\/\/www.tononplastics.com\/lv\/product\/polycarbonate-corrugated-sheet\/","title":{"rendered":"Polikarbon\u0101ta gofr\u0113t\u0101 loksne"},"content":{"rendered":"<p><strong>S\u012bk\u0101ka inform\u0101cija<\/strong><\/p>\n\n\n\n<p>Tecplast ra\u017eo visu veidu polikarbon\u0101ta gofr\u0113tas loksnes. M\u0113s ra\u017eojam ar\u012b saska\u0146\u0101 ar j\u016bsu gofr\u0113tas formas veidni!<\/p>\n\n\n\n<p><strong>Produktu att\u0113ls<\/strong><\/p>\n\n\n\n<figure class=\"wp-block-image is-resized\"><img decoding=\"async\" src=\"https:\/\/www.techplast.com.cn\/d\/file\/polycarbonate-corrugated-solid-sheet\/2023-11-09\/16995219633519.png\" alt=\"\" style=\"width:840px;height:auto\" title=\"1.png\"><\/figure>\n\n\n\n<p><strong>Funkcijas<\/strong><\/p>\n\n\n\n<p>1.Super skaidr\u012bba un daudz sp\u0113c\u012bg\u0101ka nek\u0101 citi plastmasas materi\u0101li,<\/p>\n\n\n\n<p>2.Perfectly gluda virsma, ra\u017eota ar 100% neapstr\u0101d\u0101tiem sve\u0137iem un sare\u017e\u0123\u012btu tehnolo\u0123iju.<\/p>\n\n\n\n<p>3.Viegls, bet praktiski nesalau\u017eams, gaismas caurlaid\u012bba: l\u012bdz 88%<\/p>\n\n\n\n<p>4.Easy uzst\u0101d\u012b\u0161ana ar minim\u0101lu apkopi<\/p>\n\n\n\n<p>5.Absorb\u0113 gandr\u012bz 100% kait\u012bg\u0101 UV starojuma<\/p>\n\n\n\n<p>6.High triecieniztur\u012bba, 80 reizes vair\u0101k nek\u0101 stikls, 15 reizes vair\u0101k nek\u0101 akrila loksnes<\/p>\n\n\n\n<p>7.UV koekstr\u016bzija ilgam kalpo\u0161anas laikam, 10 gadu garantija<\/p>\n\n\n\n<p><strong>Inform\u0101cija par izm\u0113ru<\/strong><\/p>\n\n\n\n<p>Biezums: 0,8-2,5 mm<\/p>\n\n\n\n<p>Platums: 600-1800 mm<\/p>\n\n\n\n<p>Garums: nav ierobe\u017eots<\/p>\n\n\n\n<p><strong>Tehniskie dati<\/strong><\/p>\n\n\n\n<figure class=\"wp-block-table\"><table><tbody><tr><td><strong>Trieciena sp\u0113ks<\/strong><\/td><td><strong>P\u0101rredzam\u012bba<\/strong><\/td><td><strong>Specifiska smaguma pak\u0101pe<\/strong><\/td><td><strong>Termisk\u0101s izple\u0161an\u0101s koeficients<\/strong><\/td><td><strong>Pakalpojumu temperat\u016bra<\/strong><\/td><td><strong>Siltuma vad\u012btsp\u0113ja<\/strong><\/td><\/tr><tr><td>50j\/m<\/td><td>88%-92%<\/td><td>1200 kg\/m\u00b3<\/td><td>0,065 mm\/m\u00b0C<\/td><td>-40\u00b0C~+120\u00b0C<\/td><td>0,21w\/m\u00b2\u00b0C<\/td><\/tr><tr><td><strong>Stiepes iztur\u012bba<\/strong><\/td><td><strong>Liek\u0161anas iztur\u012bba<\/strong><\/td><td><strong>Elast\u012bbas modulis<\/strong><\/td><td><strong>Ska\u0146as izol\u0101cijas ietekme<\/strong><\/td><td><strong>Stiepes spriegums pie p\u0101rrau\u0161anas<\/strong><\/td><td><strong>Pagarin\u0101jums p\u0101rrau\u0161anas br\u012bd\u012b<\/strong><\/td><\/tr><tr><td>\u226560N\/mm<\/td><td>100 N\/mm\u00b2<\/td><td>2400 Mpa<\/td><td>35 decibelu samazin\u0101jums 6 mm cietai loksnei<\/td><td>\u2265130Mpa<\/td><td><\/td><\/tr><\/tbody><\/table><\/figure>\n\n\n\n<p><h3><span style=\"font-size: revert; color: initial;\"> <\/span><\/h3><table style=\"border-collapse: collapse; width: 100%;\"> <tbody> <tr style=\"background-color: #0e6fe6;\"> <td style=\"width: 18.1592%;\"> <p><span style=\"color: #ffffff;\"><b>Fotocaurlaid\u012bba<\/b><\/span><\/p> <\/td> <td style=\"width: 81.8408%;\"> <p><span style=\"color: #ffffff;\">Atkar\u012bb\u0101 no kr\u0101sas caurlaid\u012bba var sasniegt 0-89%.<\/span><\/p> <\/td> <\/tr> <tr> <td style=\"width: 18.1592%;\"> <p><b>Viegls svars<\/b><\/p> <\/td> <td style=\"width: 81.8408%;\"> <p>svars ir vien\u0101ds ar stikla biezumu 1\/15<\/p> <\/td> <\/tr> <tr> <td style=\"width: 18.1592%;\"> <p><b>Iztur\u012bba pret triecieniem <\/b><\/p> <\/td> <td style=\"width: 81.8408%;\"> <p>laba iztur\u012bba, to nav viegli saboj\u0101t transport\u0113\u0161anas, uzst\u0101d\u012b\u0161anas un lieto\u0161anas laik\u0101; triecieniztur\u012bba<\/p> <p>ir 250 rei\u017eu liel\u0101ks nek\u0101 stikls un 30 rei\u017eu liel\u0101ks nek\u0101 pleksiglass.<\/p> <\/td> <\/tr> <tr> <td style=\"width: 18.1592%;\"> <p><b>Iztur\u012bba pret noveco\u0161anu:<\/b><\/p> <\/td> <td style=\"width: 81.8408%;\"> <p>izstr\u0101d\u0101juma virsmai ir ultravioletais koekstr\u016bzijas sl\u0101nis, laba iztur\u012bba pret \u0101r\u0113jiem laikapst\u0101k\u013ciem,<\/p> <p>ilgsto\u0161a lieto\u0161ana joproj\u0101m saglab\u0101 labas optisk\u0101s \u012bpa\u0161\u012bbas un meh\u0101nisk\u0101s \u012bpa\u0161\u012bbas.<\/p> <\/td> <\/tr> <tr> <td style=\"width: 18.1592%;\"> <p><b>Iztur\u012bba pret v\u0113ju <\/b><\/p> <p><b>spiediens<\/b><\/p> <\/td> <td style=\"width: 81.8408%;\"> <p>Iztur\u012bba pret v\u0113ja spiedienu GB\/T 7106-2008 pirm\u0101 l\u012bme\u0146a veiktsp\u0113ja<\/p> <\/td> <\/tr> <tr> <td style=\"width: 18.1592%;\"> <p><b>Piel\u0101go\u0161an\u0101s lieliem <\/b><\/p> <p><b>temperat\u016bra <\/b><\/p> <p><b>at\u0161\u0137ir\u012bba<\/b><\/p> <\/td> <td style=\"width: 81.8408%;\"> <p>Ilgtermi\u0146a lieto\u0161anas temperat\u016bra: no m\u012bnus 40\u00b0C l\u012bdz 120\u00b0C.<\/p> <\/td> <\/tr> <tr> <td style=\"width: 18.1592%;\"> <p><b>Ska\u0146as izol\u0101cija<\/b><\/p> <\/td> <td style=\"width: 81.8408%;\"> <p>dobi strukt\u016bra polikarbon\u0101ta labas ska\u0146as izol\u0101cijas \u012bpa\u0161\u012bbas, var efekt\u012bvi samazin\u0101t<\/p> <p>troksnis<\/p> <\/td> <\/tr> <tr> <td style=\"width: 18.1592%;\"> <p><b>Uzliesmojo\u0161s <\/b><\/p> <\/td> <td style=\"width: 81.8408%;\"> <p>saska\u0146\u0101 ar valsts standartu GB8624-2012 ir uzliesmojo\u0161s B1 klase<\/p> <\/td> <\/tr> <tr> <td style=\"width: 18.1592%;\"> <p><b>Viegla uzst\u0101d\u012b\u0161ana <\/b><\/p> <\/td> <td style=\"width: 81.8408%;\"> <p>Aukst\u0101 lie\u0161ana ar minim\u0101lo lieces r\u0101diusu, kas 175 reizes p\u0101rsniedz loksnes biezumu.<\/p> <\/td> <\/tr> <tr> <td style=\"width: 18.1592%;\"> <p><b>Ener\u0123ijas taup\u012b\u0161ana <\/b><\/p> <\/td> <td style=\"width: 81.8408%;\"> <p>zems siltuma caurlaid\u012bbas koeficients (K v\u0113rt\u012bba), laba siltumizol\u0101cija, ener\u0123ijas ietaup\u012bjums ir 1,5-1,7 reizes liel\u0101ks nek\u0101 pie zema siltuma caurlaid\u012bbas koeficienta (K v\u0113rt\u012bba).<\/p> <p>t\u0101da pa\u0161a biezuma stikls<\/p> <\/td> <\/tr> <\/tbody> <\/table><\/p>","protected":false},"featured_media":14351,"parent":0,"template":"","product-catagories":[174],"product-tag":[],"class_list":["post-14546","product","type-product","status-publish","has-post-thumbnail","hentry","product-catagories-polycarbonate-corrugated-sheet"],"acf":[],"_links":{"self":[{"href":"https:\/\/www.tononplastics.com\/lv\/wp-json\/wp\/v2\/product\/14546","targetHints":{"allow":["GET"]}}],"collection":[{"href":"https:\/\/www.tononplastics.com\/lv\/wp-json\/wp\/v2\/product"}],"about":[{"href":"https:\/\/www.tononplastics.com\/lv\/wp-json\/wp\/v2\/types\/product"}],"version-history":[{"count":0,"href":"https:\/\/www.tononplastics.com\/lv\/wp-json\/wp\/v2\/product\/14546\/revisions"}],"wp:featuredmedia":[{"embeddable":true,"href":"https:\/\/www.tononplastics.com\/lv\/wp-json\/wp\/v2\/media\/14351"}],"wp:attachment":[{"href":"https:\/\/www.tononplastics.com\/lv\/wp-json\/wp\/v2\/media?parent=14546"}],"wp:term":[{"taxonomy":"product-catagories","embeddable":true,"href":"https:\/\/www.tononplastics.com\/lv\/wp-json\/wp\/v2\/product-catagories?post=14546"},{"taxonomy":"product-tag","embeddable":true,"href":"https:\/\/www.tononplastics.com\/lv\/wp-json\/wp\/v2\/product-tag?post=14546"}],"curies":[{"name":"wp","href":"https:\/\/api.w.org\/{rel}","templated":true}]}}