{"id":14552,"date":"2023-08-08T10:34:22","date_gmt":"2023-08-08T02:34:22","guid":{"rendered":"https:\/\/tononplastics.com\/?post_type=product&#038;p=14552"},"modified":"2024-03-25T14:17:02","modified_gmt":"2024-03-25T06:17:02","slug":"pc-embossed-sheet","status":"publish","type":"product","link":"https:\/\/www.tononplastics.com\/lv\/product\/pc-embossed-sheet\/","title":{"rendered":"PC reljefa loksne"},"content":{"rendered":"<p>PC reljefa loksnes ir izgatavotas, pamatojoties uz visp\u0101r\u0113jo polikarbon\u0101ta cietas loksnes ra\u017eo\u0161anas tehnolo\u0123iju, mainot da\u013cu no form\u0113\u0161anas r\u012bka un amatniec\u012bbas, padarot virsmas izskatu notiku\u0161as fizikas izmai\u0146as, t\u0101s virsmas konstrukcijas izmai\u0146as padara labu gaismas \u012bpa\u0161\u012bbu un da\u017e\u0101do redzes un cir\u0161anas saj\u016btu. meh\u0101nikas funkcija, elektr\u012bbas funkcija, ugunsdro\u0161\u012bbas funkcija, sp\u0113ja pret ultravioleto staru utt. divu veidu lok\u0161\u0146u materi\u0101la saska\u0146\u0101 ar visp\u0101r\u0113jo PC cieto loksni, t\u0101 at\u0161\u0137iras p\u0113c \u0101r\u0113j\u0101 izskata un gaismas \u012bpa\u0161\u012bb\u0101m.<\/p>\n\n\n\n<figure class=\"wp-block-gallery has-nested-images columns-default is-cropped wp-block-gallery-1 is-layout-flex wp-block-gallery-is-layout-flex\">\n<figure class=\"wp-block-image size-large\"><img fetchpriority=\"high\" decoding=\"async\" width=\"640\" height=\"640\" data-id=\"15414\" src=\"https:\/\/www.tononplastics.com\/wp-content\/uploads\/2023\/08\/He8274ae2b415410ca5198fdb7cc29c56f.jpg\" alt=\"\" class=\"wp-image-15414\" title=\"\" srcset=\"https:\/\/www.tononplastics.com\/wp-content\/uploads\/2023\/08\/He8274ae2b415410ca5198fdb7cc29c56f.jpg 640w, https:\/\/www.tononplastics.com\/wp-content\/uploads\/2023\/08\/He8274ae2b415410ca5198fdb7cc29c56f-300x300.jpg 300w, https:\/\/www.tononplastics.com\/wp-content\/uploads\/2023\/08\/He8274ae2b415410ca5198fdb7cc29c56f-150x150.jpg 150w\" sizes=\"(max-width: 640px) 100vw, 640px\" \/><\/figure>\n\n\n\n<figure class=\"wp-block-image size-large\"><img decoding=\"async\" width=\"640\" height=\"640\" data-id=\"15412\" src=\"https:\/\/www.tononplastics.com\/wp-content\/uploads\/2023\/08\/Hbdfc9ad4c729484daa1291b1050c2c2fx.jpg\" alt=\"\" class=\"wp-image-15412\" title=\"\" srcset=\"https:\/\/www.tononplastics.com\/wp-content\/uploads\/2023\/08\/Hbdfc9ad4c729484daa1291b1050c2c2fx.jpg 640w, https:\/\/www.tononplastics.com\/wp-content\/uploads\/2023\/08\/Hbdfc9ad4c729484daa1291b1050c2c2fx-300x300.jpg 300w, https:\/\/www.tononplastics.com\/wp-content\/uploads\/2023\/08\/Hbdfc9ad4c729484daa1291b1050c2c2fx-150x150.jpg 150w\" sizes=\"(max-width: 640px) 100vw, 640px\" \/><\/figure>\n<\/figure>\n\n\n\n<p><strong>Priek\u0161roc\u012bbas<br><\/strong>UV staru blo\u0137\u0113\u0161ana - Videi draudz\u012bgs - Ener\u0123ijas taup\u012b\u0161ana - Pret karstumu - pret aukstumu - V\u0113ja blo\u0137\u0113\u0161ana<br>Ugunsdro\u0161s - Ska\u0146as necaurlaid\u012bgs - Augsta gaismas caurlaid\u012bba - Viegls svars - viegla uzst\u0101d\u012b\u0161ana<\/p>\n\n\n\n<p><strong>Specifik\u0101cijas<br><\/strong>Garums: standarta garums 6m (loksne), 30m (rullis), \u012bpa\u0161s garums piel\u0101gots<br>Platums: standarta 1,22 m\/1,56 m\/1,82 m\/2,1 m, maksim\u0101lais 2,1 m.<br>Biezums: 0,8 mm - 20 mm<br>Kr\u0101sa: dzidra, ezera zila, zila, zila, z\u0101les za\u013ca, br\u016bna, gai\u0161i pel\u0113ka, op\u0101la, gai\u0161i br\u016bna, dzeltena, oran\u017ea, melna, kafijas, sarkana u. c.,<\/p>\n\n\n\n<figure class=\"wp-block-gallery has-nested-images columns-default is-cropped wp-block-gallery-2 is-layout-flex wp-block-gallery-is-layout-flex\">\n<figure class=\"wp-block-image size-large\"><img decoding=\"async\" width=\"179\" height=\"185\" data-id=\"16303\" src=\"https:\/\/www.tononplastics.com\/wp-content\/uploads\/2023\/08\/th-1.jpg\" alt=\"\" class=\"wp-image-16303\" title=\"\" srcset=\"https:\/\/www.tononplastics.com\/wp-content\/uploads\/2023\/08\/th-1.jpg 179w, https:\/\/www.tononplastics.com\/wp-content\/uploads\/2023\/08\/th-1-12x12.jpg 12w\" sizes=\"(max-width: 179px) 100vw, 179px\" \/><\/figure>\n\n\n\n<figure class=\"wp-block-image size-large\"><img loading=\"lazy\" decoding=\"async\" width=\"179\" height=\"185\" data-id=\"16304\" src=\"https:\/\/www.tononplastics.com\/wp-content\/uploads\/2023\/08\/th.jpg\" alt=\"\" class=\"wp-image-16304\" title=\"\" srcset=\"https:\/\/www.tononplastics.com\/wp-content\/uploads\/2023\/08\/th.jpg 179w, https:\/\/www.tononplastics.com\/wp-content\/uploads\/2023\/08\/th-12x12.jpg 12w\" sizes=\"(max-width: 179px) 100vw, 179px\" \/><\/figure>\n<\/figure>","protected":false},"featured_media":14352,"parent":0,"template":"","product-catagories":[173],"product-tag":[],"class_list":["post-14552","product","type-product","status-publish","has-post-thumbnail","hentry","product-catagories-polycarbonate-embossed-sheet"],"acf":[],"_links":{"self":[{"href":"https:\/\/www.tononplastics.com\/lv\/wp-json\/wp\/v2\/product\/14552","targetHints":{"allow":["GET"]}}],"collection":[{"href":"https:\/\/www.tononplastics.com\/lv\/wp-json\/wp\/v2\/product"}],"about":[{"href":"https:\/\/www.tononplastics.com\/lv\/wp-json\/wp\/v2\/types\/product"}],"version-history":[{"count":0,"href":"https:\/\/www.tononplastics.com\/lv\/wp-json\/wp\/v2\/product\/14552\/revisions"}],"wp:featuredmedia":[{"embeddable":true,"href":"https:\/\/www.tononplastics.com\/lv\/wp-json\/wp\/v2\/media\/14352"}],"wp:attachment":[{"href":"https:\/\/www.tononplastics.com\/lv\/wp-json\/wp\/v2\/media?parent=14552"}],"wp:term":[{"taxonomy":"product-catagories","embeddable":true,"href":"https:\/\/www.tononplastics.com\/lv\/wp-json\/wp\/v2\/product-catagories?post=14552"},{"taxonomy":"product-tag","embeddable":true,"href":"https:\/\/www.tononplastics.com\/lv\/wp-json\/wp\/v2\/product-tag?post=14552"}],"curies":[{"name":"wp","href":"https:\/\/api.w.org\/{rel}","templated":true}]}}