{"id":14555,"date":"2023-08-08T10:35:55","date_gmt":"2023-08-08T02:35:55","guid":{"rendered":"https:\/\/tononplastics.com\/?post_type=product&#038;p=14555"},"modified":"2024-04-16T14:10:09","modified_gmt":"2024-04-16T06:10:09","slug":"polycarbonate-hollow-sheet","status":"publish","type":"product","link":"https:\/\/www.tononplastics.com\/lv\/product\/polycarbonate-hollow-sheet\/","title":{"rendered":"Polikarbon\u0101ta dob\u0101s loksnes"},"content":{"rendered":"<p>TECHPLAST - POLIKARBON\u0100TA DOB\u0100S LOKSNES<\/p>\n\n\n\n<p>( 100% BAYER\/SABIC izejmateri\u0101ls ar 10 gadu garantiju; UV staru biezums ir liel\u0101ks par 50 mikroniem)<\/p>\n\n\n\n<p>Polikarbon\u0101ta dob\u0101s loksnes apvieno polikarbon\u0101ta iztur\u012bbu ar izcilu izol\u0101ciju, ko nodro\u0161ina t\u0101 \u0161\u016bnu strukt\u016bra.<\/p>\n\n\n\n<p>Standarta apr\u012bkojum\u0101 ir ar\u012b vienpus\u0113ja UV aizsardz\u012bba, kas nodro\u0161ina 99,9% aizsardz\u012bbu pret kait\u012bgajiem UV stariem un 250 reizes liel\u0101ku triecieniztur\u012bbu nek\u0101 stikls.<\/p>\n\n\n\n<p>\u0160\u012b kombin\u0101cija padara Techplast par ide\u0101lu materi\u0101lu gan komerci\u0101l\u0101m, gan viet\u0113j\u0101m konstrukcij\u0101m.<\/p>\n\n\n\n<p>piem\u0113ram, pergolas, celi\u0146i, fas\u0101des, jumta logi un caursp\u012bd\u012bgas sienas.<\/p>\n\n\n\n<p>\u25b6 Augsta siltumizol\u0101cija<\/p>\n\n\n\n<p>\u25b6 \u013boti viegls, bet triecieniztur\u012bgs<\/p>\n\n\n\n<p>\u25b6 Augsta gaismas caurlaid\u012bba<\/p>\n\n\n\n<p>\u25b6 Lieliska konstrukcijas iztur\u012bba<\/p>\n\n\n\n<p>\u25b6 Iztur\u012bba pret laikapst\u0101k\u013ciem un UV starojumu<\/p>\n\n\n\n<p>\u25b6 Blo\u0137\u0113 praktiski visu UV starojumu<\/p>\n\n\n\n<p>\u25b6 Viegli lietojams un uzst\u0101d\u0101ms<\/p>\n\n\n\n<p>\u25b6 Augstas ugunsdro\u0161\u012bbas pak\u0101pes<\/p>\n\n\n\n<p><strong>STRUKT\u016aRA UN IZM\u0112RS<\/strong><\/p>\n\n\n\n<figure class=\"wp-block-table\"><table><tbody><tr><td>Tips<\/td><td>Biezums (mm)<\/td><td>Standarta garums (mm)<\/td><td>Svars (kg\/\u33a1)<\/td><td>K-v\u0113rt\u012bba (w\/m\u00b2*k)<\/td><td>LT skaidri&nbsp;<\/td><td>Minim\u0101lais l\u012bkuma r\u0101diuss (mm)<\/td><td>Pretdiskrimin\u0101cija(DB)<\/td><\/tr><tr><td rowspan=\"5\">2 sienu R-strukt\u016bra<\/td><td>4<\/td><td>2100,1050,700<\/td><td>0.85<\/td><td>3.96<\/td><td>80<\/td><td>700<\/td><td>15<\/td><\/tr><tr><td>6<\/td><td>2100,1050,700<\/td><td>1.3<\/td><td>3.56<\/td><td>78<\/td><td>1050<\/td><td>17<\/td><\/tr><tr><td>8<\/td><td>2100,1050,700<\/td><td>1.5<\/td><td>3.26<\/td><td>76<\/td><td>1400<\/td><td>18<\/td><\/tr><tr><td>10<\/td><td>2100,1050,700<\/td><td>1.7<\/td><td>3.02<\/td><td>73<\/td><td>1750<\/td><td>19<\/td><\/tr><tr><td>12<\/td><td>2100,1050,700<\/td><td>1.9<\/td><td>2.78<\/td><td>72<\/td><td>2100<\/td><td>20<\/td><\/tr><tr><td rowspan=\"6\">3 sienu R-strukt\u016bra<\/td><td>8<\/td><td>2100,1050,700<\/td><td>1.6<\/td><td>2.76<\/td><td>73<\/td><td>1400<\/td><td>19<\/td><\/tr><tr><td>10<\/td><td>2100,1050,700<\/td><td>1.80<\/td><td>2.68<\/td><td>71<\/td><td>1750<\/td><td>19<\/td><\/tr><tr><td>12<\/td><td>2100,1050,700<\/td><td>2.10<\/td><td>2.60<\/td><td>71<\/td><td>2100<\/td><td>19<\/td><\/tr><tr><td>14<\/td><td>2100,1050,700<\/td><td>2.40<\/td><td>2.42<\/td><td>69<\/td><td>2450<\/td><td>20<\/td><\/tr><tr><td>16<\/td><td>2100,1050,700<\/td><td>2.70<\/td><td>2.27<\/td><td>68<\/td><td>2800<\/td><td>21<\/td><\/tr><tr><td>18<\/td><td>2100,1050,700<\/td><td>3.00<\/td><td>2.21<\/td><td>67<\/td><td>3150<\/td><td>22<\/td><\/tr><tr><td rowspan=\"7\">4 sienu R-strukt\u016bra<\/td><td>8<\/td><td>2100,1050,700<\/td><td>1.80<\/td><td>2.56<\/td><td>71<\/td><td>1400<\/td><td>18<\/td><\/tr><tr><td>10<\/td><td>2100,1050,700<\/td><td>2.10<\/td><td>2.39<\/td><td>71<\/td><td>1750<\/td><td>19<\/td><\/tr><tr><td>12<\/td><td>2100,1050,700<\/td><td>2.30<\/td><td>2.30<\/td><td>70<\/td><td>2100<\/td><td>20<\/td><\/tr><tr><td>14<\/td><td>2100,1050,700<\/td><td>2.50<\/td><td>2.10<\/td><td>69<\/td><td>2450<\/td><td>21<\/td><\/tr><tr><td>16<\/td><td>2100,1050,700<\/td><td>2.80<\/td><td>2.00<\/td><td>68<\/td><td>2800<\/td><td>22<\/td><\/tr><tr><td>18<\/td><td>2100,1050,700<\/td><td>3.10<\/td><td>1.88<\/td><td>66<\/td><td>3150<\/td><td>22<\/td><\/tr><tr><td>20<\/td><td>2100,1050,700<\/td><td>3.30<\/td><td>1.69<\/td><td>63<\/td><td>3500<\/td><td>23<\/td><\/tr><tr><td rowspan=\"6\">4 sienu H-strukt\u016bra<\/td><td>6<\/td><td>2100,1050,700<\/td><td>1.30<\/td><td>2.96<\/td><td>59<\/td><td>1050<\/td><td>18<\/td><\/tr><tr><td>8<\/td><td>2100,1050,700<\/td><td>1.7<\/td><td>2.58<\/td><td>58<\/td><td>1400<\/td><td>18<\/td><\/tr><tr><td>10<\/td><td>2100,1050,700<\/td><td>1.9<\/td><td>2.16<\/td><td>57<\/td><td>1750<\/td><td>19<\/td><\/tr><tr><td>12<\/td><td>2100,1050,700<\/td><td>2.20<\/td><td>1.98<\/td><td>56<\/td><td>2100<\/td><td>20<\/td><\/tr><tr><td>14<\/td><td>2100,1050,700<\/td><td>2.40<\/td><td>1.74<\/td><td>55<\/td><td>2450<\/td><td>20<\/td><\/tr><tr><td>16<\/td><td>2100,1050,700<\/td><td>2.70<\/td><td>1.56<\/td><td>53<\/td><td>2800<\/td><td>21<\/td><\/tr><tr><td rowspan=\"4\">5 sienu X-strukt\u016bra<\/td><td>12<\/td><td>2100,1050,700<\/td><td>2.10<\/td><td>2.56<\/td><td>66<\/td><td>2100<\/td><td>20<\/td><\/tr><tr><td>16<\/td><td>2100,1050,700<\/td><td>2.80<\/td><td>2.10<\/td><td>65<\/td><td>2800<\/td><td>21<\/td><\/tr><tr><td>20<\/td><td>2100,1050,700<\/td><td>2.95<\/td><td>2.27<\/td><td>63<\/td><td>3500<\/td><td>22<\/td><\/tr><tr><td>25<\/td><td>2100,1050,700<\/td><td>3.35<\/td><td>2.16<\/td><td>60<\/td><td>4375<\/td><td>23<\/td><\/tr><tr><td rowspan=\"5\">7 sienu D-strukt\u016bra<\/td><td>22<\/td><td>2100,1050,700<\/td><td>3.40<\/td><td>1.51<\/td><td>58<\/td><td>3850<\/td><td>22<\/td><\/tr><tr><td>25<\/td><td>2100,1050,700<\/td><td>3.60<\/td><td>1.41<\/td><td>57<\/td><td>4375<\/td><td>23<\/td><\/tr><tr><td>32<\/td><td>2100,1050,700<\/td><td>4.00<\/td><td>1.32<\/td><td>53<\/td><td>5600<\/td><td>23<\/td><\/tr><tr><td>35<\/td><td>2100,1050,700<\/td><td>4.50<\/td><td>1.19<\/td><td>50<\/td><td>6125<\/td><td>24<\/td><\/tr><tr><td>40<\/td><td>2100,1050,700<\/td><td>5.00<\/td><td>1.19<\/td><td>50<\/td><td>6125<\/td><td>24<\/td><\/tr><\/tbody><\/table><\/figure>\n\n\n\n<p><strong>COLOR<\/strong><\/p>\n\n\n\n<figure class=\"wp-block-image\"><img decoding=\"async\" src=\"https:\/\/www.techplast.com.cn\/d\/file\/polycarbonate-sheet\/1\/2023-10-31\/16987396803570.jpg\" alt=\"\" title=\"1.jpg\"><\/figure>\n\n\n\n<p><strong>MATERI\u0100LS<\/strong><\/p>\n\n\n\n<figure class=\"wp-block-image\"><img decoding=\"async\" src=\"https:\/\/www.techplast.com.cn\/d\/file\/polycarbonate-sheet\/1\/2023-11-09\/16995220514591.png\" alt=\"\" title=\"1.png\"><\/figure>\n\n\n\n<p><strong>DARBN\u012aCA<\/strong><\/p>\n\n\n\n<figure class=\"wp-block-image\"><img decoding=\"async\" src=\"https:\/\/www.techplast.com.cn\/d\/file\/polycarbonate-sheet\/1\/2023-11-08\/16994152714023.png\" alt=\"\" title=\"1.png\"><\/figure>\n\n\n\n<p><strong>LOGISTIKA<\/strong><\/p>\n\n\n\n<figure class=\"wp-block-image\"><img decoding=\"async\" src=\"https:\/\/www.techplast.com.cn\/d\/file\/polycarbonate-sheet\/1\/2023-11-09\/16995221347488.jpg\" alt=\"\" title=\"2.jpg\"><\/figure>\n\n\n\n<p><strong>PIETEIKUMS<\/strong><\/p>\n\n\n\n<figure class=\"wp-block-image\"><img decoding=\"async\" src=\"https:\/\/www.techplast.com.cn\/d\/file\/polycarbonate-sheet\/1\/2023-11-08\/16994268547308.png\" alt=\"\" title=\"1.png\"><\/figure>","protected":false},"featured_media":16744,"parent":0,"template":"","product-catagories":[178],"product-tag":[],"class_list":["post-14555","product","type-product","status-publish","has-post-thumbnail","hentry","product-catagories-polycarbonate-hollow-sheet"],"acf":[],"_links":{"self":[{"href":"https:\/\/www.tononplastics.com\/lv\/wp-json\/wp\/v2\/product\/14555","targetHints":{"allow":["GET"]}}],"collection":[{"href":"https:\/\/www.tononplastics.com\/lv\/wp-json\/wp\/v2\/product"}],"about":[{"href":"https:\/\/www.tononplastics.com\/lv\/wp-json\/wp\/v2\/types\/product"}],"version-history":[{"count":0,"href":"https:\/\/www.tononplastics.com\/lv\/wp-json\/wp\/v2\/product\/14555\/revisions"}],"wp:featuredmedia":[{"embeddable":true,"href":"https:\/\/www.tononplastics.com\/lv\/wp-json\/wp\/v2\/media\/16744"}],"wp:attachment":[{"href":"https:\/\/www.tononplastics.com\/lv\/wp-json\/wp\/v2\/media?parent=14555"}],"wp:term":[{"taxonomy":"product-catagories","embeddable":true,"href":"https:\/\/www.tononplastics.com\/lv\/wp-json\/wp\/v2\/product-catagories?post=14555"},{"taxonomy":"product-tag","embeddable":true,"href":"https:\/\/www.tononplastics.com\/lv\/wp-json\/wp\/v2\/product-tag?post=14555"}],"curies":[{"name":"wp","href":"https:\/\/api.w.org\/{rel}","templated":true}]}}