{"id":14567,"date":"2023-08-08T10:49:25","date_gmt":"2023-08-08T02:49:25","guid":{"rendered":"https:\/\/tononplastics.com\/?post_type=product&#038;p=14567"},"modified":"2024-03-25T14:11:31","modified_gmt":"2024-03-25T06:11:31","slug":"pc-finish-sheet","status":"publish","type":"product","link":"https:\/\/www.tononplastics.com\/lv\/product\/pc-finish-sheet\/","title":{"rendered":"PC apdares loksne"},"content":{"rendered":"<figure class=\"wp-block-gallery has-nested-images columns-default is-cropped wp-block-gallery-1 is-layout-flex wp-block-gallery-is-layout-flex\">\n<figure class=\"wp-block-image size-large\"><img decoding=\"async\" data-id=\"16103\" src=\"https:\/\/www.tononplastics.com\/wp-content\/uploads\/2023\/08\/H912578573bb64e5aa470cb700f63aee7a.webp\" alt=\"\" class=\"wp-image-16103\" title=\"\"><\/figure>\n\n\n\n<figure class=\"wp-block-image size-large\"><img fetchpriority=\"high\" decoding=\"async\" width=\"850\" height=\"567\" data-id=\"15130\" src=\"https:\/\/www.tononplastics.com\/wp-content\/uploads\/2023\/08\/UTB8n0ouXHnJXKJkSahGq6xhzFXaT.jpg\" alt=\"\" class=\"wp-image-15130\" title=\"\" srcset=\"https:\/\/www.tononplastics.com\/wp-content\/uploads\/2023\/08\/UTB8n0ouXHnJXKJkSahGq6xhzFXaT.jpg 850w, https:\/\/www.tononplastics.com\/wp-content\/uploads\/2023\/08\/UTB8n0ouXHnJXKJkSahGq6xhzFXaT-300x200.jpg 300w, https:\/\/www.tononplastics.com\/wp-content\/uploads\/2023\/08\/UTB8n0ouXHnJXKJkSahGq6xhzFXaT-768x512.jpg 768w\" sizes=\"(max-width: 850px) 100vw, 850px\" \/><\/figure>\n<\/figure>\n\n\n\n<h5 class=\"wp-block-heading\">APRAKSTS<\/h5>\n\n\n\n<p>PC (polikarbon\u0101ts): \u013boti augsta triecieniztur\u012bba, ska\u0146as izol\u0101cija, siltuma izol\u0101cija un iztur\u012bba pret noveco\u0161anu. T\u0101 ir amorfa, bez smar\u017eas, netoksiska, \u013coti caursp\u012bd\u012bga, bezkr\u0101saina vai viegli dzeltena termoplastiska in\u017eenierijas plastmasa, ko d\u0113v\u0113 par caursp\u012bd\u012bgu met\u0101lu.<\/p>\n\n\n\n<p><strong>Inform\u0101cija par produktu:<\/strong><br>Produkta nosaukums: Datorpl\u0101ksne<br>Pielietojums: prototipu mode\u013ci, elektronisk\u0101s ier\u012bces, automobi\u013ci, medic\u012bnas, r\u016bpniec\u012bbas piederumi, \u0137erme\u0146i, kosmisk\u0101 avi\u0101cija, elektronisk\u0101s \/ elektrisk\u0101s \u0161\u0137iedras utt.<br>Garums: Standarta: 2100MM var piel\u0101got atbilsto\u0161i pras\u012bb\u0101m<br>Platums: Standarta: 1200MM var piel\u0101got atbilsto\u0161i pras\u012bb\u0101m<br>Biezums: 1-120 mm<br>Materi\u0101ls: PC<br>Izskats: caursp\u012bd\u012bgs un plakans<br>Kr\u0101sa: caursp\u012bd\u012bga<br>Funkcijas: Pateicoties nobriedu\u0161ai iek\u0161\u0113j\u0101s spriedzes mazin\u0101\u0161anas tehnolo\u0123ijai, pl\u0101tnei ir labas plakn\u012bbas, augstas caursp\u012bd\u012bbas, bez deform\u0101cijas un bez burbu\u013ciem priek\u0161roc\u012bbas.<\/p>\n\n\n\n<figure class=\"wp-block-image size-large\"><img decoding=\"async\" src=\"https:\/\/www.tononplastics.com\/wp-content\/uploads\/2023\/08\/H5252f7bf19904b9295f135ab89a014f02-1024x683.webp\" alt=\"\" class=\"wp-image-16102\" title=\"\"><\/figure>","protected":false},"featured_media":0,"parent":0,"template":"","product-catagories":[168],"product-tag":[],"class_list":["post-14567","product","type-product","status-publish","hentry","product-catagories-acrylic-sheet"],"acf":[],"_links":{"self":[{"href":"https:\/\/www.tononplastics.com\/lv\/wp-json\/wp\/v2\/product\/14567","targetHints":{"allow":["GET"]}}],"collection":[{"href":"https:\/\/www.tononplastics.com\/lv\/wp-json\/wp\/v2\/product"}],"about":[{"href":"https:\/\/www.tononplastics.com\/lv\/wp-json\/wp\/v2\/types\/product"}],"version-history":[{"count":0,"href":"https:\/\/www.tononplastics.com\/lv\/wp-json\/wp\/v2\/product\/14567\/revisions"}],"wp:attachment":[{"href":"https:\/\/www.tononplastics.com\/lv\/wp-json\/wp\/v2\/media?parent=14567"}],"wp:term":[{"taxonomy":"product-catagories","embeddable":true,"href":"https:\/\/www.tononplastics.com\/lv\/wp-json\/wp\/v2\/product-catagories?post=14567"},{"taxonomy":"product-tag","embeddable":true,"href":"https:\/\/www.tononplastics.com\/lv\/wp-json\/wp\/v2\/product-tag?post=14567"}],"curies":[{"name":"wp","href":"https:\/\/api.w.org\/{rel}","templated":true}]}}