{"id":15068,"date":"2023-08-22T12:40:43","date_gmt":"2023-08-22T04:40:43","guid":{"rendered":"https:\/\/tononplastics.com\/?post_type=product&#038;p=15068"},"modified":"2024-03-25T14:20:26","modified_gmt":"2024-03-25T06:20:26","slug":"online-pc-solid-corrugated-sheet-price-list-polycarbonate-corrugated-plastic-roofing-sheets","status":"publish","type":"product","link":"https:\/\/www.tononplastics.com\/lv\/product\/online-pc-solid-corrugated-sheet-price-list-polycarbonate-corrugated-plastic-roofing-sheets\/","title":{"rendered":"Tie\u0161saistes PC Ciet\u0101s gofr\u0113t\u0101s loksnes Cenu saraksts. Polikarbon\u0101ta gofr\u0113tas plastmasas jumta seguma loksnes"},"content":{"rendered":"<style>\/*! elementor - v3.15.0 - 09-08-2023 *\/<br \/>\n.elementor-widget-image{text-align:center}.elementor-widget-image a{display:inline-block}.elementor-widget-image a img[src$=\".svg\"]{width:48px}.elementor-widget-image img{vertical-align:middle;display:inline-block}<\/style>\n<p><img fetchpriority=\"high\" decoding=\"async\" src=\"https:\/\/tononplastics.com\/wp-content\/uploads\/2023\/08\/img-51-1024x702.jpg\" sizes=\"(max-width: 800px) 100vw, 800px\" srcset=\"https:\/\/tononplastics.com\/wp-content\/uploads\/2023\/08\/img-51-1024x702.jpg 1024w, https:\/\/tononplastics.com\/wp-content\/uploads\/2023\/08\/img-51-300x206.jpg 300w, https:\/\/tononplastics.com\/wp-content\/uploads\/2023\/08\/img-51-768x527.jpg 768w, https:\/\/tononplastics.com\/wp-content\/uploads\/2023\/08\/img-51.jpg 1092w\" alt=\"\" width=\"800\" height=\"548\" title=\"\"><br \/>\n<img decoding=\"async\" src=\"https:\/\/tononplastics.com\/wp-content\/uploads\/2023\/05\/corrugated-polycarboante-sheet.jpg\" sizes=\"(max-width: 800px) 100vw, 800px\" srcset=\"https:\/\/tononplastics.com\/wp-content\/uploads\/2023\/05\/corrugated-polycarboante-sheet.jpg 800w, https:\/\/tononplastics.com\/wp-content\/uploads\/2023\/05\/corrugated-polycarboante-sheet-300x209.jpg 300w, https:\/\/tononplastics.com\/wp-content\/uploads\/2023\/05\/corrugated-polycarboante-sheet-768x534.jpg 768w\" alt=\"\" width=\"800\" height=\"556\" title=\"\"><\/p>\n<p><strong>Tradicion\u0101l\u0101 produkta inform\u0101cija:<\/strong><\/p>\n<p>1). Divsienu polikarbon\u0101ta loksnes biezums: 3mm-12mm. Platums: 2100 mm.<\/p>\n<p>2). Tr\u012bs sienu polikarbon\u0101ta loksnes biezums: 10-18 mm. Platums: 2100 mm.<\/p>\n<p>3). \u010cetru sienu polikarbon\u0101ta loksnes biezums: 6-14 mm. Platums: 2100 mm.<\/p>\n<p>4). Honeycomb polikarbon\u0101ta loksnes biezums: 6-14 mm. Platums: 2100 mm.<\/p>\n<p>5). M\u0113s varam ar\u012b piel\u0101got platumu, piem\u0113ram, 1220 mm, un parastais biezums ir 4 mm-6 mm. Bet cena b\u016bs augst\u0101ka nek\u0101 2100 mm platum\u0101, jo tai ir maksas zaud\u0113jumi.<\/p>\n<p>6). Ciet\u0101 polikarbon\u0101ta loksnes standarta biezums:<\/p>\n<p>1,1-18 mm. Platums: 1220, 1560, 1820, 2100 mm. Parasti 1220x2440 mm.<\/p>\n<p>7). Gofr\u0113tas polikarbon\u0101ta loksnes biezums: 0,8-1,8 mm.  Platums ir 1000 mm un 1200 mm.<\/p>\n<p><em>A. Garums: nav ierobe\u017eojumu (ieteicams 5800, 6000, 11800, 12000 mm, lai atbilstu 20\u2032 konteineram un 40\u2032 konteineram).<\/em><\/p>\n<p><em>B. Kr\u0101sa: dzidra\/caursp\u012bd\u012bga, ezera zila, za\u013ca, zila, op\u0101la, br\u016bna\/bronzas, sudrabaini pel\u0113ka, sarkana, dzeltena utt.<\/em><\/p>\n<p><img decoding=\"async\" src=\"https:\/\/tononplastics.com\/wp-content\/uploads\/2023\/08\/10006-1.jpg\" sizes=\"(max-width: 800px) 100vw, 800px\" srcset=\"https:\/\/tononplastics.com\/wp-content\/uploads\/2023\/08\/10006-1.jpg 800w, https:\/\/tononplastics.com\/wp-content\/uploads\/2023\/08\/10006-1-300x300.jpg 300w, https:\/\/tononplastics.com\/wp-content\/uploads\/2023\/08\/10006-1-150x150.jpg 150w, https:\/\/tononplastics.com\/wp-content\/uploads\/2023\/08\/10006-1-768x768.jpg 768w\" alt=\"\" width=\"800\" height=\"800\" title=\"\"><\/p>","protected":false},"featured_media":15072,"parent":0,"template":"","product-catagories":[168],"product-tag":[],"class_list":["post-15068","product","type-product","status-publish","has-post-thumbnail","hentry","product-catagories-acrylic-sheet"],"acf":[],"_links":{"self":[{"href":"https:\/\/www.tononplastics.com\/lv\/wp-json\/wp\/v2\/product\/15068","targetHints":{"allow":["GET"]}}],"collection":[{"href":"https:\/\/www.tononplastics.com\/lv\/wp-json\/wp\/v2\/product"}],"about":[{"href":"https:\/\/www.tononplastics.com\/lv\/wp-json\/wp\/v2\/types\/product"}],"version-history":[{"count":0,"href":"https:\/\/www.tononplastics.com\/lv\/wp-json\/wp\/v2\/product\/15068\/revisions"}],"wp:featuredmedia":[{"embeddable":true,"href":"https:\/\/www.tononplastics.com\/lv\/wp-json\/wp\/v2\/media\/15072"}],"wp:attachment":[{"href":"https:\/\/www.tononplastics.com\/lv\/wp-json\/wp\/v2\/media?parent=15068"}],"wp:term":[{"taxonomy":"product-catagories","embeddable":true,"href":"https:\/\/www.tononplastics.com\/lv\/wp-json\/wp\/v2\/product-catagories?post=15068"},{"taxonomy":"product-tag","embeddable":true,"href":"https:\/\/www.tononplastics.com\/lv\/wp-json\/wp\/v2\/product-tag?post=15068"}],"curies":[{"name":"wp","href":"https:\/\/api.w.org\/{rel}","templated":true}]}}