{"id":15108,"date":"2023-08-22T16:06:27","date_gmt":"2023-08-22T08:06:27","guid":{"rendered":"https:\/\/tononplastics.com\/?post_type=product&#038;p=15108"},"modified":"2024-03-25T14:01:23","modified_gmt":"2024-03-25T06:01:23","slug":"pc-plastic-board-endurance-plate-1mm-polycarbonate-corrugate-sheet-scratch-solution","status":"publish","type":"product","link":"https:\/\/www.tononplastics.com\/lv\/product\/pc-plastic-board-endurance-plate-1mm-polycarbonate-corrugate-sheet-scratch-solution\/","title":{"rendered":"PC plastmasas pl\u0101tnes iztur\u012bbas pl\u0101ksne 1mm polikarbon\u0101ta gofr\u0113ta loksnes skr\u0101p\u0113jumiem risin\u0101jums"},"content":{"rendered":"<p><strong>\u012ass ievads:<\/strong><\/p>\n<p>A. Produktu kl\u0101sts<\/p>\n<p>1). polikarbon\u0101ta loksnes biezums: 4, 5, 6, 8 un 10 mm. Platums: 2100 mm.<\/p>\n<p>2). Tr\u012bssienu polikarbon\u0101ta loksnes biezums: 8, 10, 12, 16 mm. Platums: 2100 mm.<\/p>\n<p>3). \u010cetru sienu polikarbon\u0101ta loksnes biezums: 6, 8, 10, 12, 16 mm. Platums: 2100 mm.<\/p>\n<p>4). Honeycomb polikarbon\u0101ta loksnes biezums: 8, 10, 12 mm. Platums: 2100 mm.<\/p>\n<p>5). Polikarbon\u0101ta jumta seguma sist\u0113mas [\u010detru sl\u0101\u0146u taisnst\u016bra un \u0161\u016bnveida strukt\u016bra] biezums: 8, 10 un 12 mm. Platums: 600 mm.<\/p>\n<p>6). Cietas polikarbon\u0101ta loksnes [Compact] biezums: 0,9-8,0 mm.<\/p>\n<p>Platums: 1220, 1560, 1820, 2100 mm, parasti 1220x2440 mm, 2050x3000 mm<\/p>\n<p>7). Gofr\u0113ta polikarbon\u0101ta loksne [Roma &amp; Greca &amp; Trimdek &amp; Minwave]<br \/>\nA. Biezums: 0,8-2,5 mm. Platums ir at\u0161\u0137ir\u012bgs.<\/p>\n<p>B. Garums: Ieteicams 5800, 6000, 11800, 12000 mm, lai atbilstu 20\u2032 konteineram un 40\u2032 konteineram).<br \/>\nC. Kr\u0101sa: dzidra\/caursp\u012bd\u012bga, ezera zila, za\u013ca, zila, op\u0101la, balta, br\u016bna\/bronzas, sudrabaini pel\u0113ka, sarkana, dzeltena utt.<\/p>\n<p><img fetchpriority=\"high\" decoding=\"async\" class=\"\" src=\"https:\/\/sc01.alicdn.com\/kf\/H4924704161ca4407afe395c32f2f1217O\/200162319\/H4924704161ca4407afe395c32f2f1217O.jpg\" alt=\"PC plastmasas pl\u0101tnes iztur\u012bbas pl\u0101ksne 1mm polikarbon\u0101ta gofr\u0113ta loksnes skr\u0101p\u0113jumiem risin\u0101jums\" width=\"397\" height=\"397\" data-src=\"\/\/sc01.alicdn.com\/kf\/H4924704161ca4407afe395c32f2f1217O\/200162319\/H4924704161ca4407afe395c32f2f1217O.jpg\" data-alt=\"PC plastic board endurance plate 1mm polycarbonate corrugate sheet scratch solution\" data-width=\"630\" data- title=\"\"><img decoding=\"async\" class=\"\" src=\"https:\/\/sc02.alicdn.com\/kf\/H6a84f70266a1495594600983849c9e3cP\/200162319\/H6a84f70266a1495594600983849c9e3cP.jpg\" alt=\"PC plastmasas pl\u0101tnes iztur\u012bbas pl\u0101ksne 1mm polikarbon\u0101ta gofr\u0113ta loksnes skr\u0101p\u0113jumiem risin\u0101jums\" width=\"354\" height=\"354\" data-src=\"\/\/sc02.alicdn.com\/kf\/H6a84f70266a1495594600983849c9e3cP\/200162319\/H6a84f70266a1495594600983849c9e3cP.jpg\" data-alt=\"PC plastic board endurance plate 1mm polycarbonate corrugate sheet scratch solution\" data-width=\"630\" data- title=\"\"><br \/>\n<strong>Inform\u0101cija par produktu<\/strong><br \/>\n<strong>Galven\u0101s konkurences priek\u0161roc\u012bbas:<\/strong><br \/>\nIepakojumsMar\u0137\u0113juma nosaukums Deta\u013casIzcelsmes valstsElektronisk\u0101 saitePiedz\u012bvots person\u0101lsForma AGZa\u013cais produktsGarantija\/GarantijaStarptautiskie apstiprin\u0101jumiCenaProdukta \u012bpa\u0161\u012bbasProdukta veiktsp\u0113ja\u0101tra pieg\u0101deKvalit\u0101tes apstiprin\u0101jumiReput\u0101cijaPakalpojums<br \/>\nGalvenie eksporta tirgi:<br \/>\n\u0100zijaAustr\u0101lazijaCentr\u0101laj\u0101\/ Dienvidamerik\u0101AustrumeiropaVid\u0113jie Austrumi\/AfrikaZieme\u013c\u0101 AmerikaRietumeiropa<br \/>\nPieg\u0101des inform\u0101cija:<br \/>\nFOB cena: US$ 3 - 5 \/ kvadr\u0101tmetri<br \/>\nFOB osta: Guangzhou<br \/>\nIzpildes laiks: 3-5 dienas<\/p>\n<p><img decoding=\"async\" class=\"\" src=\"https:\/\/sc01.alicdn.com\/kf\/H0df9a838554943d78a9da9ed19748703l\/200162319\/H0df9a838554943d78a9da9ed19748703l.jpg\" alt=\"PC plastmasas pl\u0101tnes iztur\u012bbas pl\u0101ksne 1mm polikarbon\u0101ta gofr\u0113ta loksnes skr\u0101p\u0113jumiem risin\u0101jums\" width=\"350\" height=\"350\" data-src=\"\/\/sc01.alicdn.com\/kf\/H0df9a838554943d78a9da9ed19748703l\/200162319\/H0df9a838554943d78a9da9ed19748703l.jpg\" data-alt=\"PC plastic board endurance plate 1mm polycarbonate corrugate sheet scratch solution\" data-width=\"630\" data- title=\"\"><img loading=\"lazy\" decoding=\"async\" class=\"\" src=\"https:\/\/sc02.alicdn.com\/kf\/H50ae5977d66849c9b99788f6bf113f2ck\/200162319\/H50ae5977d66849c9b99788f6bf113f2ck.jpg\" alt=\"PC plastmasas pl\u0101tnes iztur\u012bbas pl\u0101ksne 1mm polikarbon\u0101ta gofr\u0113ta loksnes skr\u0101p\u0113jumiem risin\u0101jums\" width=\"365\" height=\"365\" data-src=\"\/\/sc02.alicdn.com\/kf\/H50ae5977d66849c9b99788f6bf113f2ck\/200162319\/H50ae5977d66849c9b99788f6bf113f2ck.jpg\" data-alt=\"PC plastic board endurance plate 1mm polycarbonate corrugate sheet scratch solution\" data-width=\"630\" data- title=\"\"><\/p>","protected":false},"featured_media":0,"parent":0,"template":"","product-catagories":[168],"product-tag":[],"class_list":["post-15108","product","type-product","status-publish","hentry","product-catagories-acrylic-sheet"],"acf":[],"_links":{"self":[{"href":"https:\/\/www.tononplastics.com\/lv\/wp-json\/wp\/v2\/product\/15108","targetHints":{"allow":["GET"]}}],"collection":[{"href":"https:\/\/www.tononplastics.com\/lv\/wp-json\/wp\/v2\/product"}],"about":[{"href":"https:\/\/www.tononplastics.com\/lv\/wp-json\/wp\/v2\/types\/product"}],"version-history":[{"count":0,"href":"https:\/\/www.tononplastics.com\/lv\/wp-json\/wp\/v2\/product\/15108\/revisions"}],"wp:attachment":[{"href":"https:\/\/www.tononplastics.com\/lv\/wp-json\/wp\/v2\/media?parent=15108"}],"wp:term":[{"taxonomy":"product-catagories","embeddable":true,"href":"https:\/\/www.tononplastics.com\/lv\/wp-json\/wp\/v2\/product-catagories?post=15108"},{"taxonomy":"product-tag","embeddable":true,"href":"https:\/\/www.tononplastics.com\/lv\/wp-json\/wp\/v2\/product-tag?post=15108"}],"curies":[{"name":"wp","href":"https:\/\/api.w.org\/{rel}","templated":true}]}}