{"id":15133,"date":"2023-08-23T10:15:53","date_gmt":"2023-08-23T02:15:53","guid":{"rendered":"https:\/\/tononplastics.com\/?post_type=product&#038;p=15133"},"modified":"2024-04-16T14:07:42","modified_gmt":"2024-04-16T06:07:42","slug":"pc-sheet-solid-sheet-uv-polycarbonate-sheet","status":"publish","type":"product","link":"https:\/\/www.tononplastics.com\/lv\/product\/pc-sheet-solid-sheet-uv-polycarbonate-sheet\/","title":{"rendered":"PC loksne\/ciet\u0101 loksne\/UV polikarbon\u0101ta loksne"},"content":{"rendered":"<figure class=\"wp-block-gallery has-nested-images columns-default is-cropped wp-block-gallery-1 is-layout-flex wp-block-gallery-is-layout-flex\">\n<figure class=\"wp-block-image size-large\"><img decoding=\"async\" data-id=\"16139\" src=\"https:\/\/www.tononplastics.com\/wp-content\/uploads\/2024\/03\/H51343cdbb8f04c94a5295d3aa768236fu.webp\" alt=\"\" class=\"wp-image-16139\" title=\"\"><\/figure>\n\n\n\n<figure class=\"wp-block-image size-large\"><img decoding=\"async\" data-id=\"16138\" src=\"https:\/\/www.tononplastics.com\/wp-content\/uploads\/2024\/03\/H8c2216795864433d9334feab5642fc17J.webp\" alt=\"\" class=\"wp-image-16138\" title=\"\"><\/figure>\n<\/figure>\n\n\n<table border=\"0\" cellspacing=\"0\" cellpadding=\"0\">\n<tbody>\n<tr>\n<td colspan=\"2\" height=\"27\"><span data-spm-anchor-id=\"a2700.details.0.i34.6678180bXkzxVd\">Polikarbon\u0101ta pl\u0113ves \u012bpa\u0161\u012bbas:<\/span><\/td>\n<\/tr>\n<tr>\n<td height=\"103\">Gaismas p\u0101rraide<br \/>Gaismas caurlaid\u012bba atkar\u012bb\u0101 no kr\u0101sas un biezuma sasniedz 12%-82%.<\/td>\n<td>Aizsardz\u012bba pret UV stariem<br \/>Pateicoties patent\u0113tam p\u0101rkl\u0101jumam pret UV starojumu, polikarbon\u0101ta pl\u0113ve saglab\u0101 nevainojamu meh\u0101nisko un optisko veiktsp\u0113ju p\u0113c pak\u013cau\u0161anas iedarb\u012bbai.<\/td>\n<\/tr>\n<tr>\n<td height=\"147\" data-spm-anchor-id=\"a2700.details.0.i33.6678180bXkzxVd\">Laikapst\u0101k\u013cu sp\u0113jas<br \/>Tam piem\u012bt \u012bpa\u0161i laba iztur\u012bba pret laikapst\u0101k\u013ciem, kas nodro\u0161ina lielisku veiktsp\u0113ju pla\u0161\u0101 temperat\u016bras diapazon\u0101 no -40 \u00b0C l\u012bdz 120 \u00b0C.<\/td>\n<td>Ugunsdro\u0161\u012bba: UL degam\u012bba 94 V-2<\/td>\n<\/tr>\n<tr>\n<td height=\"135\">Viegla uzst\u0101d\u012b\u0161ana<br \/>Viegli uzst\u0101d\u0101ms, un to var saliekt aukstum\u0101<\/td>\n<td>Triecieniztur\u012bba<br \/>250-300 rei\u017eu liel\u0101ka triecieniztur\u012bba nek\u0101 parastajam stiklam un 30 rei\u017eu liel\u0101ka nek\u0101 t\u0101da pa\u0161a biezuma akrila pane\u013ciem, kas ir 2-20 rei\u017eu liel\u0101ks nek\u0101 r\u016bd\u012btajam stiklam, kas kr\u012bt divus metrus zem 3 kg \u0101murs bez plais\u0101m, bez salauzt\u0101m da\u013c\u0101m.\u00a0<\/td>\n<\/tr>\n<tr>\n<td height=\"32\">\u00a0<\/td>\n<td>\u00a0<\/td>\n<\/tr>\n<tr>\n<td colspan=\"2\" height=\"54\">Polikarbon\u0101ta pl\u0113ves lieto\u0161ana<\/td>\n<\/tr>\n<tr>\n<td colspan=\"2\" height=\"263\">Galerija Paviljona d\u0101rzi, atrakciju d\u0101rzs, eksotiska dekor\u0113\u0161ana un atp\u016btas vietas;<br \/>Komerci\u0101l\u0101s \u0113kas, gan iek\u0161\u0113j\u0101s, gan \u0101r\u0113j\u0101s aizkaru sienas modern\u0101s pils\u0113tas \u0113k\u0101s;<br \/>Izst\u0101des izk\u0101rtojumu par\u0101da telefona kab\u012bnes, rekl\u0101mas izk\u0101rtnes, rekl\u0101mas gaismas kastes;<br \/>Sienas, jumts un citi augstas kvalit\u0101tes iek\u0161telpu dekorat\u012bvie materi\u0101li;<br \/>Lauksaimniec\u012bbas siltumn\u012bca un audz\u0113tava;<br \/>M\u016bsdien\u012bgi ekorestor\u0101na griesti;<br \/>Visas vien\u012bbas vai \u0161\u016bnu cikla nojume, balkona saulessargs un jumta atp\u016btas kioski nojume;<br \/>Biroju \u0113ku, univers\u0101lveikalu, viesn\u012bcu, villu, skolu, slimn\u012bcu, sporta stadionu, izklaides centru un sabiedrisko objektu griestu apgaismojums et<\/td>\n<\/tr>\n<\/tbody>\n<\/table>\n<p>\u00a0<\/p>\n<p><strong>Pieteikums<\/strong><\/p>\n<p><img decoding=\"async\" src=\"https:\/\/sc01.alicdn.com\/kf\/Hee35153016fb4f64a8abd2cf77d8280dQ\/200162319\/Hee35153016fb4f64a8abd2cf77d8280dQ.jpg\" alt=\"PC loksne\/ciet\u0101 loksne\/UV polikarbon\u0101ta loksne\" width=\"630\" height=\"404.88\" data-src=\"\/\/sc01.alicdn.com\/kf\/Hee35153016fb4f64a8abd2cf77d8280dQ\/200162319\/Hee35153016fb4f64a8abd2cf77d8280dQ.jpg\" data-alt=\"PC sheet\/solid sheet\/UV Polycarbonate sheet\" data-width=\"630\" data- title=\"\"><br \/><strong>Ra\u017eo\u0161ana un pieg\u0101de<\/strong><\/p>\n<p><img fetchpriority=\"high\" decoding=\"async\" src=\"https:\/\/sc01.alicdn.com\/kf\/HTB1wS_FPVXXXXaeXFXXq6xXFXXXX\/200162319\/HTB1wS_FPVXXXXaeXFXXq6xXFXXXX.jpg\" alt=\"PC loksne\/ciet\u0101 loksne\/UV polikarbon\u0101ta loksne\" width=\"630\" height=\"473\" data-src=\"\/\/sc01.alicdn.com\/kf\/HTB1wS_FPVXXXXaeXFXXq6xXFXXXX\/200162319\/HTB1wS_FPVXXXXaeXFXXq6xXFXXXX.jpg\" data-alt=\"PC sheet\/solid sheet\/UV Polycarbonate sheet\" data-width=\"630\" data-height=\"473\" data- title=\"\"><img decoding=\"async\" src=\"https:\/\/sc01.alicdn.com\/kf\/HTB1HX_MPVXXXXcuXpXXq6xXFXXXP\/200162319\/HTB1HX_MPVXXXXcuXpXXq6xXFXXXP.jpg\" alt=\"PC loksne\/ciet\u0101 loksne\/UV polikarbon\u0101ta loksne\" width=\"630\" height=\"473\" data-src=\"\/\/sc01.alicdn.com\/kf\/HTB1HX_MPVXXXXcuXpXXq6xXFXXXP\/200162319\/HTB1HX_MPVXXXXcuXpXXq6xXFXXXP.jpg\" data-alt=\"PC sheet\/solid sheet\/UV Polycarbonate sheet\" data-width=\"630\" data-height=\"473\" data- title=\"\"><\/p>","protected":false},"featured_media":16802,"parent":0,"template":"","product-catagories":[178],"product-tag":[],"class_list":["post-15133","product","type-product","status-publish","has-post-thumbnail","hentry","product-catagories-polycarbonate-hollow-sheet"],"acf":[],"_links":{"self":[{"href":"https:\/\/www.tononplastics.com\/lv\/wp-json\/wp\/v2\/product\/15133","targetHints":{"allow":["GET"]}}],"collection":[{"href":"https:\/\/www.tononplastics.com\/lv\/wp-json\/wp\/v2\/product"}],"about":[{"href":"https:\/\/www.tononplastics.com\/lv\/wp-json\/wp\/v2\/types\/product"}],"version-history":[{"count":0,"href":"https:\/\/www.tononplastics.com\/lv\/wp-json\/wp\/v2\/product\/15133\/revisions"}],"wp:featuredmedia":[{"embeddable":true,"href":"https:\/\/www.tononplastics.com\/lv\/wp-json\/wp\/v2\/media\/16802"}],"wp:attachment":[{"href":"https:\/\/www.tononplastics.com\/lv\/wp-json\/wp\/v2\/media?parent=15133"}],"wp:term":[{"taxonomy":"product-catagories","embeddable":true,"href":"https:\/\/www.tononplastics.com\/lv\/wp-json\/wp\/v2\/product-catagories?post=15133"},{"taxonomy":"product-tag","embeddable":true,"href":"https:\/\/www.tononplastics.com\/lv\/wp-json\/wp\/v2\/product-tag?post=15133"}],"curies":[{"name":"wp","href":"https:\/\/api.w.org\/{rel}","templated":true}]}}