{"id":15178,"date":"2023-08-23T12:23:07","date_gmt":"2023-08-23T04:23:07","guid":{"rendered":"https:\/\/tononplastics.com\/?post_type=product&#038;p=15178"},"modified":"2024-03-25T15:55:00","modified_gmt":"2024-03-25T07:55:00","slug":"makrolon-polycarbonate-sheet-architectural-decoration-materials","status":"publish","type":"product","link":"https:\/\/www.tononplastics.com\/lv\/product\/makrolon-polycarbonate-sheet-architectural-decoration-materials\/","title":{"rendered":"Makrolon polikarbon\u0101ta loksnes arhitekt\u016bras apdares materi\u0101li"},"content":{"rendered":"<h5 class=\"wp-block-heading\">Makrolona polikarbon\u0101ta loksnes gal\u012bgais FAQ ce\u013cvedis<\/h5>\n\n\n\n<p>Polikarbon\u0101ta loksnes var nodro\u0161in\u0101t ide\u0101lu energoefektivit\u0101tes, triecieniztur\u012bbas un rentabilit\u0101tes kombin\u0101ciju.<\/p>\n\n\n\n<p>Makrolon polikarbon\u0101ta loksne var pied\u0101v\u0101t izcilu veiktsp\u0113ju j\u016bsu polikarbon\u0101ta loksnei.<\/p>\n\n\n\n<p>T\u0101 sast\u0101v no l\u012bdz\u012bgiem materi\u0101liem k\u0101 stikla loksne, tikai t\u0101 ir simtiem rei\u017eu iztur\u012bg\u0101ka.<\/p>\n\n\n\n<p>Uzst\u0101d\u012b\u0161anas laik\u0101 \u0161o loksni var sagriezt vai auksti form\u0113t uz vietas.<\/p>\n\n\n\n<p>Pirms Makrolon polikarbon\u0101ta loksnes izv\u0113les ir svar\u012bgi uzzin\u0101t par t\u0101s \u012bpa\u0161\u012bb\u0101m un pielietojumu.<\/p>\n\n\n\n<p>\u0160aj\u0101 bie\u017ei uzdoto jaut\u0101jumu rokasgr\u0101mat\u0101 sniegtas padzi\u013cin\u0101tas zin\u0101\u0161anas par Makrolon polikarbon\u0101ta loksn\u0113m.<\/p>\n\n\n\n<p>Lasiet t\u0101l\u0101k, lai uzzin\u0101tu visu, kas jums j\u0101zina par Makrolon polikarbon\u0101ta loksn\u0113m.<\/p>\n\n\n<div id=\"ali-anchor-AliPostDhMb-871pu\" data-section=\"AliPostDhMb-871pu\" data-section-title=\"Product Description\">\n<div>\u00a0<\/div>\n<\/div>\n<p><img fetchpriority=\"high\" decoding=\"async\" class=\"\" src=\"https:\/\/sc02.alicdn.com\/kf\/H68c95226f5e6484bad9a88967daa18b5Y\/200162319\/H68c95226f5e6484bad9a88967daa18b5Y.jpg\" alt=\"Makrolon polikarbon\u0101ta loksnes arhitekt\u016bras apdares materi\u0101li\" width=\"364\" height=\"242\" data-src=\"\/\/sc02.alicdn.com\/kf\/H68c95226f5e6484bad9a88967daa18b5Y\/200162319\/H68c95226f5e6484bad9a88967daa18b5Y.jpg\" data-alt=\"Makrolon polycarbonate sheet architectural decoration materials\" data-width=\"630\" data- title=\"\"><img decoding=\"async\" class=\"\" src=\"https:\/\/sc02.alicdn.com\/kf\/Hee5865885c604e7b942b364a9fc74f32U\/200162319\/Hee5865885c604e7b942b364a9fc74f32U.jpg\" alt=\"Makrolon polikarbon\u0101ta loksnes arhitekt\u016bras apdares materi\u0101li\" width=\"371\" height=\"247\" data-src=\"\/\/sc02.alicdn.com\/kf\/Hee5865885c604e7b942b364a9fc74f32U\/200162319\/Hee5865885c604e7b942b364a9fc74f32U.jpg\" data-alt=\"Makrolon polycarbonate sheet architectural decoration materials\" data-width=\"630\" data- title=\"\"><\/p>\n<p><strong>Pieteikums:<br \/><\/strong><span style=\"font-size: revert; color: initial;\">Iek\u0161telpu ekr\u0101na apdare, Vannas istabas vai balkona starpsienas un durvis m\u0113bel\u0113s.<\/span><\/p>\n<p>\u00a0<img decoding=\"async\" src=\"https:\/\/sc01.alicdn.com\/kf\/H1e9fe17b44f749328783e7e54a362781z\/200162319\/H1e9fe17b44f749328783e7e54a362781z.jpg\" alt=\"Makrolon polikarbon\u0101ta loksnes arhitekt\u016bras apdares materi\u0101li\" width=\"630\" height=\"447.8313253012048\" data-src=\"\/\/sc01.alicdn.com\/kf\/H1e9fe17b44f749328783e7e54a362781z\/200162319\/H1e9fe17b44f749328783e7e54a362781z.jpg\" data-alt=\"Makrolon polycarbonate sheet architectural decoration materials\" data-width=\"630\" data- title=\"\"><img decoding=\"async\" src=\"https:\/\/sc02.alicdn.com\/kf\/H92ecf665b8eb44308439f8c77b9fd8953\/200162319\/H92ecf665b8eb44308439f8c77b9fd8953.jpg\" alt=\"Makrolon polikarbon\u0101ta loksnes arhitekt\u016bras apdares materi\u0101li\" width=\"630\" height=\"463.68\" data-src=\"\/\/sc02.alicdn.com\/kf\/H92ecf665b8eb44308439f8c77b9fd8953\/200162319\/H92ecf665b8eb44308439f8c77b9fd8953.jpg\" data-alt=\"Makrolon polycarbonate sheet architectural decoration materials\" data-width=\"630\" data- title=\"\"><img decoding=\"async\" src=\"https:\/\/sc01.alicdn.com\/kf\/Ha048cc0e548c4575a8d9ce33d4cc7027i\/200162319\/Ha048cc0e548c4575a8d9ce33d4cc7027i.jpg\" alt=\"Makrolon polikarbon\u0101ta loksnes arhitekt\u016bras apdares materi\u0101li\" width=\"630\" height=\"472.5\" data-src=\"\/\/sc01.alicdn.com\/kf\/Ha048cc0e548c4575a8d9ce33d4cc7027i\/200162319\/Ha048cc0e548c4575a8d9ce33d4cc7027i.jpg\" data-alt=\"Makrolon polycarbonate sheet architectural decoration materials\" data-width=\"630\" data- title=\"\"><\/p>\n<div id=\"ali-anchor-AliPostDhMb-tbjmy\" data-section=\"AliPostDhMb-tbjmy\" data-section-title=\"Company Information\">\n<div id=\"ali-title-AliPostDhMb-tbjmy\"><strong>Inform\u0101cija par uz\u0146\u0113mumu<\/strong><\/div>\n<div>\n<p data-spm-anchor-id=\"a2700.details.0.i50.47d02667U6FCIP\">\u00a0<img decoding=\"async\" src=\"https:\/\/sc01.alicdn.com\/kf\/Hee35153016fb4f64a8abd2cf77d8280dQ\/200162319\/Hee35153016fb4f64a8abd2cf77d8280dQ.jpg\" alt=\"Makrolon polikarbon\u0101ta loksnes arhitekt\u016bras apdares materi\u0101li\" width=\"630\" height=\"404.88\" data-src=\"\/\/sc01.alicdn.com\/kf\/Hee35153016fb4f64a8abd2cf77d8280dQ\/200162319\/Hee35153016fb4f64a8abd2cf77d8280dQ.jpg\" data-alt=\"Makrolon polycarbonate sheet architectural decoration materials\" data-width=\"630\" data-spm-anchor-id=\"a2700.details.0.i32.47d02667U6FCIP\" data- title=\"\"><img decoding=\"async\" src=\"https:\/\/sc02.alicdn.com\/kf\/H02a52324dc024cdcbaee8c550d0c5b3cR\/200162319\/H02a52324dc024cdcbaee8c550d0c5b3cR.png\" alt=\"Makrolon polikarbon\u0101ta loksnes arhitekt\u016bras apdares materi\u0101li\" width=\"630\" height=\"214.7347480106101\" data-src=\"\/\/sc02.alicdn.com\/kf\/H02a52324dc024cdcbaee8c550d0c5b3cR\/200162319\/H02a52324dc024cdcbaee8c550d0c5b3cR.png\" data-alt=\"Makrolon polycarbonate sheet architectural decoration materials\" data-width=\"630\" data- title=\"\"><img decoding=\"async\" src=\"https:\/\/sc02.alicdn.com\/kf\/Hb94ab340151648a1a8ecf6fb1863da57E\/200162319\/Hb94ab340151648a1a8ecf6fb1863da57E.jpg\" alt=\"Makrolon polikarbon\u0101ta loksnes arhitekt\u016bras apdares materi\u0101li\" width=\"630\" height=\"630\" data-src=\"\/\/sc02.alicdn.com\/kf\/Hb94ab340151648a1a8ecf6fb1863da57E\/200162319\/Hb94ab340151648a1a8ecf6fb1863da57E.jpg\" data-alt=\"Makrolon polycarbonate sheet architectural decoration materials\" data-width=\"630\" data- title=\"\"><img decoding=\"async\" src=\"https:\/\/sc01.alicdn.com\/kf\/HTB1ggLnJVXXXXcYXVXXq6xXFXXXP\/200162319\/HTB1ggLnJVXXXXcYXVXXq6xXFXXXP.jpg\" alt=\"Makrolon polikarbon\u0101ta loksnes arhitekt\u016bras apdares materi\u0101li\" width=\"630\" height=\"635.88\" data-src=\"\/\/sc01.alicdn.com\/kf\/HTB1ggLnJVXXXXcYXVXXq6xXFXXXP\/200162319\/HTB1ggLnJVXXXXcYXVXXq6xXFXXXP.jpg\" data-alt=\"Makrolon polycarbonate sheet architectural decoration materials\" data-width=\"630\" data- title=\"\"><\/p>\n<\/div>\n<\/div>","protected":false},"featured_media":0,"parent":0,"template":"","product-catagories":[168],"product-tag":[],"class_list":["post-15178","product","type-product","status-publish","hentry","product-catagories-acrylic-sheet"],"acf":[],"_links":{"self":[{"href":"https:\/\/www.tononplastics.com\/lv\/wp-json\/wp\/v2\/product\/15178","targetHints":{"allow":["GET"]}}],"collection":[{"href":"https:\/\/www.tononplastics.com\/lv\/wp-json\/wp\/v2\/product"}],"about":[{"href":"https:\/\/www.tononplastics.com\/lv\/wp-json\/wp\/v2\/types\/product"}],"version-history":[{"count":0,"href":"https:\/\/www.tononplastics.com\/lv\/wp-json\/wp\/v2\/product\/15178\/revisions"}],"wp:attachment":[{"href":"https:\/\/www.tononplastics.com\/lv\/wp-json\/wp\/v2\/media?parent=15178"}],"wp:term":[{"taxonomy":"product-catagories","embeddable":true,"href":"https:\/\/www.tononplastics.com\/lv\/wp-json\/wp\/v2\/product-catagories?post=15178"},{"taxonomy":"product-tag","embeddable":true,"href":"https:\/\/www.tononplastics.com\/lv\/wp-json\/wp\/v2\/product-tag?post=15178"}],"curies":[{"name":"wp","href":"https:\/\/api.w.org\/{rel}","templated":true}]}}