{"id":15180,"date":"2023-08-23T12:26:52","date_gmt":"2023-08-23T04:26:52","guid":{"rendered":"https:\/\/tononplastics.com\/?post_type=product&#038;p=15180"},"modified":"2024-03-25T14:22:19","modified_gmt":"2024-03-25T06:22:19","slug":"factory-0-8mm-1mm-1-2mm-polycarbonate-sheet-plastic-corrugated-plastic-skylight","status":"publish","type":"product","link":"https:\/\/www.tononplastics.com\/lv\/product\/factory-0-8mm-1mm-1-2mm-polycarbonate-sheet-plastic-corrugated-plastic-skylight\/","title":{"rendered":"R\u016bpn\u012bcas 0,8 mm 1 mm 1,2 mm polikarbon\u0101ta loksnes plastmasas gofr\u0113tas plastmasas jumta logu"},"content":{"rendered":"<div id=\"ali-anchor-AliPostDhMb-0i7ei\" class=\"mceSectionContainer\" data-section=\"AliPostDhMb-0i7ei\" data-section-title=\"Product Description\">\n<p><img decoding=\"async\" src=\"https:\/\/sc04.alicdn.com\/kf\/H7d771617473c465cabe0fb3942f8bddfF\/200162319\/H7d771617473c465cabe0fb3942f8bddfF.png\" alt=\"R\u016bpn\u012bcas 0,8 mm 1 mm 1,2 mm polikarbon\u0101ta loksnes plastmasas gofr\u0113tas plastmasas jumta logu\" width=\"630\" height=\"691.0231923601638\" data-src=\"\/\/sc04.alicdn.com\/kf\/H7d771617473c465cabe0fb3942f8bddfF\/200162319\/H7d771617473c465cabe0fb3942f8bddfF.png\" data-alt=\"Factory 0.8mm 1mm 1.2mm polycarbonate sheet plastic corrugated plastic skylight\" data-width=\"630\" data- title=\"\"><\/p>\n<p><strong>Specifik\u0101cija<\/strong><\/p>\n<p>Prece:  R\u016bpn\u012bcas 0,8 mm 1 mm 1,2 mm polikarbon\u0101ta plastmasas gofr\u0113tas plastmasas loksnes cena Filip\u012bnas<\/p>\n<p>Biezums: 0,8 mm-2,5 mm<\/p>\n<p>Garums: Pas\u016bt\u012bjums:<\/p>\n<p>Kr\u0101sa: caursp\u012bd\u012bga, op\u0101la, zila, za\u013ca, bronzas<\/p>\n<p>Platums: 820 mm, 930 mm<\/p>\n<table border=\"1\">\n<tbody>\n<tr>\n<td colspan=\"10\">R\u016bpn\u012bcas 0,8 mm 1 mm 1,2 mm polikarbon\u0101ta plastmasas gofr\u0113tas plastmasas loksnes cena Filip\u012bnas Funkcijas:<\/td>\n<\/tr>\n<tr>\n<td colspan=\"10\">1.Gaismas p\u0101rvade l\u012bdz 78%<\/td>\n<\/tr>\n<tr>\n<td colspan=\"10\">2.Triecieniztur\u012bba 80 reizes liel\u0101ka nek\u0101 stiklam, 15 reizes liel\u0101ka nek\u0101 akrila pl\u0113vei<\/td>\n<\/tr>\n<tr>\n<td colspan=\"10\">3.Temperat\u016bras pakalpojums: -40 \u2103 - + 120 \u2103<\/td>\n<\/tr>\n<tr>\n<td colspan=\"10\">4.Light svars tikai 1\/12 no stikla svara ar t\u0101du pa\u0161u biezumu<\/td>\n<\/tr>\n<tr>\n<td colspan=\"10\">5.UV aizsardz\u012bba<\/td>\n<\/tr>\n<tr>\n<td colspan=\"10\">6.Ugunsdro\u0161\u012bbas klase B1<\/td>\n<\/tr>\n<tr>\n<td colspan=\"10\">7.Sound &amp; Heal izol\u0101cija<\/td>\n<\/tr>\n<\/tbody>\n<\/table>\n<p><img fetchpriority=\"high\" decoding=\"async\" src=\"https:\/\/sc04.alicdn.com\/kf\/H714a5c6dbda442bcbd7bce1a68b14647J\/200162319\/H714a5c6dbda442bcbd7bce1a68b14647J.jpg\" alt=\"R\u016bpn\u012bcas 0,8 mm 1 mm 1,2 mm polikarbon\u0101ta loksnes plastmasas gofr\u0113tas plastmasas jumta logu\" width=\"630\" height=\"840\" data-src=\"\/\/sc04.alicdn.com\/kf\/H714a5c6dbda442bcbd7bce1a68b14647J\/200162319\/H714a5c6dbda442bcbd7bce1a68b14647J.jpg\" data-alt=\"Factory 0.8mm 1mm 1.2mm polycarbonate sheet plastic corrugated plastic skylight\" data-width=\"630\" data- title=\"\"><\/p>\n<\/div>\n<div id=\"ali-anchor-AliPostDhMb-yah4u\" class=\"mceSectionContainer\" data-section=\"AliPostDhMb-yah4u\" data-section-title=\"Packaging &amp; Shipping\">\n<div>\n<\/div>\n<\/div>","protected":false},"featured_media":15086,"parent":0,"template":"","product-catagories":[168],"product-tag":[],"class_list":["post-15180","product","type-product","status-publish","has-post-thumbnail","hentry","product-catagories-acrylic-sheet"],"acf":[],"_links":{"self":[{"href":"https:\/\/www.tononplastics.com\/lv\/wp-json\/wp\/v2\/product\/15180","targetHints":{"allow":["GET"]}}],"collection":[{"href":"https:\/\/www.tononplastics.com\/lv\/wp-json\/wp\/v2\/product"}],"about":[{"href":"https:\/\/www.tononplastics.com\/lv\/wp-json\/wp\/v2\/types\/product"}],"version-history":[{"count":0,"href":"https:\/\/www.tononplastics.com\/lv\/wp-json\/wp\/v2\/product\/15180\/revisions"}],"wp:featuredmedia":[{"embeddable":true,"href":"https:\/\/www.tononplastics.com\/lv\/wp-json\/wp\/v2\/media\/15086"}],"wp:attachment":[{"href":"https:\/\/www.tononplastics.com\/lv\/wp-json\/wp\/v2\/media?parent=15180"}],"wp:term":[{"taxonomy":"product-catagories","embeddable":true,"href":"https:\/\/www.tononplastics.com\/lv\/wp-json\/wp\/v2\/product-catagories?post=15180"},{"taxonomy":"product-tag","embeddable":true,"href":"https:\/\/www.tononplastics.com\/lv\/wp-json\/wp\/v2\/product-tag?post=15180"}],"curies":[{"name":"wp","href":"https:\/\/api.w.org\/{rel}","templated":true}]}}