{"id":15191,"date":"2023-08-23T14:45:12","date_gmt":"2023-08-23T06:45:12","guid":{"rendered":"https:\/\/tononplastics.com\/?post_type=product&#038;p=15191"},"modified":"2024-03-25T11:57:33","modified_gmt":"2024-03-25T03:57:33","slug":"polycarbonate-transparent-clear-corrugated-plastic-roof-sheet","status":"publish","type":"product","link":"https:\/\/www.tononplastics.com\/lv\/product\/polycarbonate-transparent-clear-corrugated-plastic-roof-sheet\/","title":{"rendered":"Polikarbon\u0101ta caursp\u012bd\u012bga caursp\u012bd\u012bga gofr\u0113ta plastmasas jumta loksne"},"content":{"rendered":"<table style=\"height: 336px;\" width=\"853\">\n<tbody>\n<tr>\n<td colspan=\"2\" height=\"66\" data-spm-anchor-id=\"a2700.details.0.i30.9f611a18aDyHpd\">\n<p><strong>Polikarbon\u0101ta gofr\u0113tas loksnes specifik\u0101cija<\/strong><\/p>\n<\/td>\n<\/tr>\n<tr>\n<td height=\"66\" data-spm-anchor-id=\"a2700.details.0.i23.9f611a18aDyHpd\">\n<p><strong>Platums:<\/strong><\/p>\n<\/td>\n<td height=\"66\">\n<p><strong>760,820,840,860,900,930,950,980.1050<\/strong><\/p>\n<\/td>\n<\/tr>\n<tr>\n<td height=\"66\">\n<p><strong>Garums:<\/strong><\/p>\n<\/td>\n<td height=\"66\">\n<p><strong>Nav ierobe\u017eots<\/strong><\/p>\n<\/td>\n<\/tr>\n<tr>\n<td height=\"66\">\n<p><strong>Biezums:<\/strong><\/p>\n<\/td>\n<td height=\"66\">\n<p><strong>0,7 mm l\u012bdz 2,5 mm<\/strong><\/p>\n<\/td>\n<\/tr>\n<tr>\n<td height=\"66\">\n<p><strong>Standarta kr\u0101sa:<\/strong><\/p>\n<\/td>\n<td height=\"66\">\n<p><strong>Skaidrs, zils, za\u013c\u0161, za\u013c\u0161, op\u0101ls, br\u016bns<\/strong><\/p>\n<\/td>\n<\/tr>\n<\/tbody>\n<\/table>\n<p><strong>Polikarbon\u0101ta gofr\u0113tas loksnes \u012bpa\u0161\u012bbas:<\/strong><\/p>\n<p><strong>Gaismas caurlaid\u012bba:<\/strong><br \/>Gaismas caurlaid\u012bba atkar\u012bb\u0101 no kr\u0101sas un biezuma sasniedz 12%-95%.<\/p>\n<p><strong>Aizsardz\u012bba pret UV starojumu:<\/strong><br \/>Pateicoties patent\u0113tajam anti-UV p\u0101rkl\u0101jumam, polikarbon\u0101ta gofr\u0113t\u0101 loksne p\u0113c pak\u013cau\u0161anas iedarb\u012bbai saglab\u0101 perfektu meh\u0101nisko un optisko veiktsp\u0113ju.<\/p>\n<p><strong>Laikapst\u0101k\u013cu sp\u0113jas:<\/strong><br \/>Tam piem\u012bt \u012bpa\u0161i laba iztur\u012bba pret laikapst\u0101k\u013ciem, kas nodro\u0161ina lielisku veiktsp\u0113ju pla\u0161\u0101 temperat\u016bras diapazon\u0101 no -40 \u00b0C l\u012bdz 120 \u00b0C.<\/p>\n<p><strong>Ugunsdro\u0161\u012bba :<\/strong>\u00a0UL Degam\u012bba 94 V-2<\/p>\n<p>Viegla uzst\u0101d\u012b\u0161ana<br \/>Viegli uzst\u0101d\u0101ms, un to var saliekt aukstum\u0101<\/p>\n<p><strong>Triecieniztur\u012bba:<\/strong><br \/>250-300 rei\u017eu liel\u0101ka triecieniztur\u012bba nek\u0101 parastajam stiklam un 30 rei\u017eu liel\u0101ka nek\u0101 t\u0101da pa\u0161a biezuma akrila pane\u013ciem, kas ir 2-20 rei\u017eu liel\u0101ks nek\u0101 r\u016bd\u012btajam stiklam, kas kr\u012bt divus metrus zem 3 kg \u0101murs bez plais\u0101m, bez salauzt\u0101m da\u013c\u0101m.<\/p>\n<p><strong>Polikarbon\u0101ta gofr\u0113tas loksnes pielietojums:<\/strong><\/p>\n<p>Automa\u0123istr\u0101\u013cu un pils\u0113tu paaugstin\u0101to ce\u013cu trok\u0161\u0146a barjeras;<br \/>Lauksaimniec\u012bbas siltumn\u012bca un audz\u0113tava;<br \/>M\u016bsdien\u012bgi ekorestor\u0101na griesti;<br \/>Visas vien\u012bbas vai \u0161\u016bnu cikla nojume, balkona saulessargs un jumta atp\u016btas kioski nojume;<br \/>Biroju \u0113ku, univers\u0101lveikalu, viesn\u012bcu, villu, skolu, slimn\u012bcu, sporta stadionu, izklaides centru un sabiedrisko objektu griestu apgaismojums et .<\/p>\n\n\n<p><strong>Tehniskie dati<\/strong><\/p>\n\n\n\n<figure class=\"wp-block-table\"><table><tbody><tr><td><strong>Trieciena sp\u0113ks<\/strong><\/td><td><strong>P\u0101rredzam\u012bba<\/strong><\/td><td><strong>Specifiska smaguma pak\u0101pe<\/strong><\/td><td><strong>Termisk\u0101s izple\u0161an\u0101s koeficients<\/strong><\/td><td><strong>Pakalpojumu temperat\u016bra<\/strong><\/td><td><strong>Siltuma vad\u012btsp\u0113ja<\/strong><\/td><\/tr><tr><td>50j\/m<\/td><td>88%-92%<\/td><td>1200 kg\/m\u00b3<\/td><td>0,065 mm\/m\u00b0C<\/td><td>-40\u00b0C~+120\u00b0C<\/td><td>0,21w\/m\u00b2\u00b0C<\/td><\/tr><tr><td><strong>Stiepes iztur\u012bba<\/strong><\/td><td><strong>Liek\u0161anas iztur\u012bba<\/strong><\/td><td><strong>Elast\u012bbas modulis<\/strong><\/td><td><strong>Ska\u0146as izol\u0101cijas ietekme<\/strong><\/td><td><strong>Stiepes spriegums pie p\u0101rrau\u0161anas<\/strong><\/td><td><strong>Pagarin\u0101jums p\u0101rrau\u0161anas br\u012bd\u012b<\/strong><\/td><\/tr><tr><td>\u226560N\/mm<\/td><td>100 N\/mm\u00b2<\/td><td>2400 Mpa<\/td><td>35 decibelu samazin\u0101jums 6 mm cietai loksnei<\/td><td>\u2265130Mpa<\/td><td><\/td><\/tr><\/tbody><\/table><\/figure>\n\n\n\n<figure class=\"wp-block-image size-large\"><img fetchpriority=\"high\" decoding=\"async\" width=\"1024\" height=\"624\" src=\"https:\/\/www.tononplastics.com\/wp-content\/uploads\/2024\/03\/16995219633519-1024x624.png\" alt=\"\" class=\"wp-image-16089\" title=\"1.png\" srcset=\"https:\/\/www.tononplastics.com\/wp-content\/uploads\/2024\/03\/16995219633519-1024x624.png 1024w, https:\/\/www.tononplastics.com\/wp-content\/uploads\/2024\/03\/16995219633519-300x183.png 300w, https:\/\/www.tononplastics.com\/wp-content\/uploads\/2024\/03\/16995219633519-768x468.png 768w, https:\/\/www.tononplastics.com\/wp-content\/uploads\/2024\/03\/16995219633519-1536x937.png 1536w, https:\/\/www.tononplastics.com\/wp-content\/uploads\/2024\/03\/16995219633519-18x12.png 18w, https:\/\/www.tononplastics.com\/wp-content\/uploads\/2024\/03\/16995219633519.png 1640w\" sizes=\"(max-width: 1024px) 100vw, 1024px\" \/><\/figure>","protected":false},"featured_media":16077,"parent":0,"template":"","product-catagories":[168],"product-tag":[],"class_list":["post-15191","product","type-product","status-publish","has-post-thumbnail","hentry","product-catagories-acrylic-sheet"],"acf":[],"_links":{"self":[{"href":"https:\/\/www.tononplastics.com\/lv\/wp-json\/wp\/v2\/product\/15191","targetHints":{"allow":["GET"]}}],"collection":[{"href":"https:\/\/www.tononplastics.com\/lv\/wp-json\/wp\/v2\/product"}],"about":[{"href":"https:\/\/www.tononplastics.com\/lv\/wp-json\/wp\/v2\/types\/product"}],"version-history":[{"count":0,"href":"https:\/\/www.tononplastics.com\/lv\/wp-json\/wp\/v2\/product\/15191\/revisions"}],"wp:featuredmedia":[{"embeddable":true,"href":"https:\/\/www.tononplastics.com\/lv\/wp-json\/wp\/v2\/media\/16077"}],"wp:attachment":[{"href":"https:\/\/www.tononplastics.com\/lv\/wp-json\/wp\/v2\/media?parent=15191"}],"wp:term":[{"taxonomy":"product-catagories","embeddable":true,"href":"https:\/\/www.tononplastics.com\/lv\/wp-json\/wp\/v2\/product-catagories?post=15191"},{"taxonomy":"product-tag","embeddable":true,"href":"https:\/\/www.tononplastics.com\/lv\/wp-json\/wp\/v2\/product-tag?post=15191"}],"curies":[{"name":"wp","href":"https:\/\/api.w.org\/{rel}","templated":true}]}}