{"id":15253,"date":"2023-08-23T21:43:40","date_gmt":"2023-08-23T13:43:40","guid":{"rendered":"https:\/\/tononplastics.com\/?post_type=product&#038;p=15253"},"modified":"2024-04-16T13:58:03","modified_gmt":"2024-04-16T05:58:03","slug":"multiwall-plastic-sheet-for-roofing-decoration-plastic-roofing","status":"publish","type":"product","link":"https:\/\/www.tononplastics.com\/lv\/product\/multiwall-plastic-sheet-for-roofing-decoration-plastic-roofing\/","title":{"rendered":"Daudzsienu plastmasas loksnes jumta segumam\/dekor\u0101cijai Plastmasas jumta segums"},"content":{"rendered":"<p><span data-spm-anchor-id=\"a2700.details.0.i31.60807358kqUSNH\">dobas pc loksnes<\/span><\/p>\n<p data-spm-anchor-id=\"a2700.details.0.i30.60807358kqUSNH\"><img decoding=\"async\" src=\"https:\/\/sc02.alicdn.com\/kf\/HTB1M5QmkMKTBuNkSne1q6yJoXXav\/200162319\/HTB1M5QmkMKTBuNkSne1q6yJoXXav.jpg\" alt=\"daudzsienu plastmasas loksnes jumta segumam\/dekor\u0101cijai plastmasas jumta segums\" width=\"630\" height=\"471.515625\" data-src=\"\/\/sc02.alicdn.com\/kf\/HTB1M5QmkMKTBuNkSne1q6yJoXXav\/200162319\/HTB1M5QmkMKTBuNkSne1q6yJoXXav.jpg\" data-alt=\"multiwall plastic sheet for roofing\/decoration plastic roofing\" data-width=\"630\" data- title=\"\"><\/p>\n<p><strong>1. Funkcijas:<\/strong><br \/>\n1) Augsta gaismas caurlaid\u012bba: l\u012bdz 88%, kas ir t\u0101da pa\u0161a biezuma visp\u0101r\u0113j\u0101 stikla.<br \/>\n2) Lieliska triecieniztur\u012bba: 80 reizes liel\u0101ka nek\u0101 stiklam.<br \/>\n3) iztur\u012bgs pret laikapst\u0101k\u013ciem un UV starojumu - \u012bpa\u0161\u012bbas saglab\u0101jas gadiem ilgi. Temperat\u016bras iztur\u012bbas diapazons ir -40\u00b0C ~ +120\u00b0C, ar ultravioleto koekstrud\u0113tu pl\u0113vi uz loksnes virsmas. T\u0101 var nov\u0113rst sve\u0137u nogurumu vai dzelt\u0113\u0161anu ultraviolet\u0101 starojuma ietekm\u0113.<br \/>\n4) neliels svars: tikai 1\/12 no t\u0101da pa\u0161a biezuma stikla svara. To var viegli saliekt aukstum\u0101, k\u0101 ar\u012b termiski form\u0113t.<br \/>\n5) Ugunsiztur\u012bba: Augsta ugunsiztur\u012bbas klase ir B1.<br \/>\n6) ska\u0146as un siltuma izol\u0101cija: Izcila ska\u0146as izol\u0101cija automa\u0123istr\u0101les barjerai un lieliska siltumizol\u0101cija ietaupa ener\u0123iju.<br \/>\n7) In\u017eeniertehnisk\u0101 plastmasa ar lielisk\u0101m integr\u0101cijas sp\u0113j\u0101m. Tai piem\u012bt izcilas fizik\u0101l\u0101s, meh\u0101nisk\u0101s, elektrisk\u0101s un siltumtehnisk\u0101s \u012bpa\u0161\u012bbas.<\/p>\n<p><img decoding=\"async\" src=\"https:\/\/sc01.alicdn.com\/kf\/HTB1qQtntbuWBuNjSszgq6z8jVXae\/200162319\/HTB1qQtntbuWBuNjSszgq6z8jVXae.jpg\" alt=\"daudzsienu plastmasas loksnes jumta segumam\/dekor\u0101cijai plastmasas jumta segums\" width=\"630\" height=\"472.5\" data-src=\"\/\/sc01.alicdn.com\/kf\/HTB1qQtntbuWBuNjSszgq6z8jVXae\/200162319\/HTB1qQtntbuWBuNjSszgq6z8jVXae.jpg\" data-alt=\"multiwall plastic sheet for roofing\/decoration plastic roofing\" data-width=\"630\" data- title=\"\"><\/p>\n<p><strong>2. Specifik\u0101cijas:<\/strong><\/p>\n<p>1) biezums: 4 mm, 6 mm, 8 mm, 10 mm, 12 mm, 14 mm, 16 mm.<br \/>\n2) Platums: 1, 220 mm, 2, 100 mm<br \/>\n3) garums: Nav ierobe\u017eots<br \/>\n4) Svars (kg\/m2): 0.8, 1.2, 1.4, 1.6, 1.9, 2.2, 2.4, 2.6<br \/>\n5) Kr\u0101sas: skaidra, ezera zila, za\u013ca, zila, op\u0101la, br\u016bna, sudrabaini pel\u0113ka, sarkana (citu kr\u0101su var pas\u016bt\u012bt p\u0113c j\u016bsu piepras\u012bjuma)<\/p>\n<p><img decoding=\"async\" src=\"https:\/\/sc02.alicdn.com\/kf\/HTB1YhFCtb5YBuNjSspoq6zeNFXaC\/200162319\/HTB1YhFCtb5YBuNjSspoq6zeNFXaC.jpg\" alt=\"daudzsienu plastmasas loksnes jumta segumam\/dekor\u0101cijai plastmasas jumta segums\" width=\"630\" height=\"384.4852941176471\" data-src=\"\/\/sc02.alicdn.com\/kf\/HTB1YhFCtb5YBuNjSspoq6zeNFXaC\/200162319\/HTB1YhFCtb5YBuNjSspoq6zeNFXaC.jpg\" data-alt=\"multiwall plastic sheet for roofing\/decoration plastic roofing\" data-width=\"630\" data- title=\"\"><br \/>\n<strong>3. Pieteikumi:<\/strong><br \/>\n1) jumta seguma gaismas loksnes un saulessargi biroja \u0113kai, univers\u0101lveikalam, viesn\u012bcai, stadionam, skolai, izklaides centram, slimn\u012bcai utt.<br \/>\n2) jumta logs, apgaismojums gaite\u0146iem, balkoniem, ej\u0101m un metro ieej\u0101m, g\u0101j\u0113ju celi\u0146iem.<br \/>\n3) DIY (Do-It-Yourself), nojume, nojume.<br \/>\n4) Rekl\u0101mas lampu kastes, izk\u0101rtnes.<br \/>\n5) Pret nemieriem aizsarg\u0101ts vairogs, lod\u0113m iztur\u012bgs materi\u0101ls, banku bankom\u0101ti.<br \/>\n6) Konservatorijas, lauksaimniec\u012bbas siltumn\u012bcas, zoolo\u0123iskie d\u0101rzi, bot\u0101niskie d\u0101rzi.<br \/>\n7) R\u016bpnieciskie jumti un stiklojums<br \/>\n8) Peldbaseinu jumta segums\/p\u0101rkl\u0101jums\/pl\u0113ve<\/p>\n<p><strong>4. T\u012aR\u012a\u0160ANA UN APKOPE<\/strong><br \/>\nSaska\u0146\u0101 ar pareizu proced\u016bru, lai regul\u0101ri not\u012br\u012btu loksnes, tiek izmantoti piem\u0113roti t\u012br\u012b\u0161anas l\u012bdzek\u013ci un instrumenti. Tas var saglab\u0101t palagus graciozus un paildzin\u0101t palagu kalpo\u0161anas laiku:<\/p>\n<p>1. Noskalojiet loksni ar remdenu \u016bdeni (l\u012bdz 60\u00b0C).<\/p>\n<p>2. Lai viegli not\u012br\u012btu net\u012brumus uz virsmas, izv\u0113lieties t\u012bru un m\u012bkstu dr\u0101nu vai s\u016bkli ar neitr\u0101l\u0101m \u0161\u0137idraj\u0101m ziep\u0113m vai mazg\u0101\u0161anas l\u012bdzekli.<\/p>\n<p>3. V\u0113lreiz noskalojiet lapu<\/p>\n<p>4. Ja uz loksnes ir e\u013c\u013ca, mitra kr\u0101sa, l\u012bmes plankumi un citas lietas, t\u012br\u012b\u0161anai var izmantot m\u012bkstu dr\u0101nu ar bez\u016bdens spirtu.<\/p>\n<p>5. P\u0113c t\u012br\u012b\u0161anas noskalojiet ar aukstu \u016bdeni un nosusiniet ar m\u012bkstu dr\u0101nu, lai nov\u0113rstu \u016bdens traipus.<\/p>\n<p>Ieteikums t\u012br\u012b\u0161anai izmantot \u0161\u0137\u012bdin\u0101t\u0101ju<\/p>\n<p>Absol\u016btais spirts, Petrol\u0113teris, Heks\u0101ns<\/p>\n<p><strong>\u00a05. IEV\u0112ROJUMS<\/strong><\/p>\n<p>T\u0113rauda vilna, birstes un citi neapstr\u0101d\u0101ti materi\u0101li nedr\u012bkst saskarties ar PC loksni. Neizmantojiet izvelkamo nazi, skuvekli un citus asus instrumentus, lai saskr\u0101p\u0113tu PC dob\u0101s loksnes.<\/p>\n<p>Polikarbon\u0101ta uzst\u0101d\u012b\u0161anas metode<\/p>\n<p>a) urbuma diametram uz pc loksnes j\u0101b\u016bt liel\u0101kam par skr\u016bves diametru aptuveni 50% , ja tas izple\u0161as karstum\u0101 un saraujas aukstum\u0101.<\/p>\n<p>b) Urbuma att\u0101lumam uz pc lapas j\u0101b\u016bt piem\u0113rotam,<br \/>\njo liel\u0101ks att\u0101lums, jo liel\u0101ka termisk\u0101 izple\u0161an\u0101s. Ja urbuma vieta ir<br \/>\np\u0101r\u0101k \u012bss, tas ierobe\u017eos datora loksnes kust\u012bbu.<\/p>\n<p>c) Atbilsto\u0161ais urbuma att\u0101lums uz pc loksnes ir 50 cm. Piem\u0113rotais att\u0101lums starp urbuma caurumu un datora loksnes malu ir aptuveni 3-5 cm.<\/p>\n<p>d) Kniedes aug\u0161da\u013cas diametram j\u0101b\u016bt divk\u0101r\u0161am k\u0101ta diametram. Izgatavojiet bl\u012bv\u0113jumu gad\u012bjum\u0101, ja spiediens boj\u0101 pc loksni.<\/p>\n<p>e) Skr\u016bvi nedr\u012bkst pievilkt, ja tiek salauzta pc loksne.<\/p>\n<p>f) Nevajadz\u0113tu izmantot pvc starpliku vai pi\u0137a l\u012bmlenti, jo \u0137\u012bmisk\u0101 piedeva b\u016bs kod\u012bga pc loksnei.<\/p>\n<p>g) saliekamaj\u0101 da\u013c\u0101 nedr\u012bkst izmantot skr\u016bvi, lai piestiprin\u0101tu loksni, kad loksne veido<br \/>\naukst\u0101 lieces process. Visiem caurumiem j\u0101izmanto neitr\u0101ls silikona struktur\u0101lais herm\u0113ti\u0137is, lai<br \/>\npilns, ja mazg\u0101\u0161anas l\u012bdzeklis ies\u016bcas lapas mal\u0101.<\/p>","protected":false},"featured_media":16790,"parent":0,"template":"","product-catagories":[178],"product-tag":[],"class_list":["post-15253","product","type-product","status-publish","has-post-thumbnail","hentry","product-catagories-polycarbonate-hollow-sheet"],"acf":[],"_links":{"self":[{"href":"https:\/\/www.tononplastics.com\/lv\/wp-json\/wp\/v2\/product\/15253","targetHints":{"allow":["GET"]}}],"collection":[{"href":"https:\/\/www.tononplastics.com\/lv\/wp-json\/wp\/v2\/product"}],"about":[{"href":"https:\/\/www.tononplastics.com\/lv\/wp-json\/wp\/v2\/types\/product"}],"version-history":[{"count":0,"href":"https:\/\/www.tononplastics.com\/lv\/wp-json\/wp\/v2\/product\/15253\/revisions"}],"wp:featuredmedia":[{"embeddable":true,"href":"https:\/\/www.tononplastics.com\/lv\/wp-json\/wp\/v2\/media\/16790"}],"wp:attachment":[{"href":"https:\/\/www.tononplastics.com\/lv\/wp-json\/wp\/v2\/media?parent=15253"}],"wp:term":[{"taxonomy":"product-catagories","embeddable":true,"href":"https:\/\/www.tononplastics.com\/lv\/wp-json\/wp\/v2\/product-catagories?post=15253"},{"taxonomy":"product-tag","embeddable":true,"href":"https:\/\/www.tononplastics.com\/lv\/wp-json\/wp\/v2\/product-tag?post=15253"}],"curies":[{"name":"wp","href":"https:\/\/api.w.org\/{rel}","templated":true}]}}