{"id":15263,"date":"2023-08-23T21:50:19","date_gmt":"2023-08-23T13:50:19","guid":{"rendered":"https:\/\/tononplastics.com\/?post_type=product&#038;p=15263"},"modified":"2024-04-16T13:53:40","modified_gmt":"2024-04-16T05:53:40","slug":"pc-layers-sheet-16mm-polycarbonate-honeycomb","status":"publish","type":"product","link":"https:\/\/www.tononplastics.com\/lv\/product\/pc-layers-sheet-16mm-polycarbonate-honeycomb\/","title":{"rendered":"PC sl\u0101\u0146u loksnes 16 mm polikarbon\u0101ta \u0161\u016bnveida k\u0101rtas"},"content":{"rendered":"<p><strong>Funkcijas:<\/strong><\/p>\n<p>1. Lieliskas fizisk\u0101s, meh\u0101nisk\u0101s \u012bpa\u0161\u012bbas.<\/p>\n<p>2. Laba elektrisk\u0101, siltuma un ska\u0146as izol\u0101cija.<\/p>\n<p>3. Laba triecieniztur\u012bba un augsta iztur\u012bba.<\/p>\n<p>4. Laba gaismas caurlaid\u012bba.<\/p>\n<p>5. Laba temperat\u016bras iztur\u012bba.<\/p>\n<p>6. Ugunsgr\u0113ka aizkav\u0113\u0161ana.<\/p>\n<p>7. Netoksisks.<\/p>\n<p>8. UV aizsardz\u012bba.<\/p>\n<p>9. L\u0101\u010da noveco\u0161an\u0101s.<\/p>\n<p><strong>Pieteikumi:<\/strong><\/p>\n<p>1. Lielisks jumta seguma materi\u0101ls, ko pla\u0161i izmanto mansarda logiem, jumta logiem, papla\u0161in\u0101t\u0101m verand\u0101m un siltumn\u012bc\u0101m, komerci\u0101l\u0101m telp\u0101m viesn\u012bc\u0101s,<br \/>\nkafejn\u012bcas, veikali, veikali\u0146i un skaistumkop\u0161anas saloni, izst\u0101\u017eu centrs un telefona kab\u012bne.<\/p>\n<p>2. Ska\u0146as izol\u0101cijas sienas automa\u0123istr\u0101l\u0113m, \u0101trgaitas dzelzce\u013cam.<\/p>\n<p>3. Rekl\u0101mas izk\u0101rtnes.<\/p>\n<p>4. Dekorat\u012bvais apgaismojums bank\u0101s, slimn\u012bc\u0101s, lidost\u0101s, autoost\u0101s, dzelzce\u013ca stacij\u0101s un b\u0113rnud\u0101rzos.<\/p>\n<p>5. Netoksisks, saglab\u0101jot saikni ar p\u0101rtiku.<\/p>\n<p>6. Parast\u0101 stikla aizvieto\u0161ana daudz\u0101s viet\u0101s.<\/p>\n<p><img decoding=\"async\" src=\"https:\/\/sc02.alicdn.com\/kf\/HTB1wYcHkS8YBeNkSnb4q6yevFXaH\/200162319\/HTB1wYcHkS8YBeNkSnb4q6yevFXaH.jpg\" alt=\"pc sl\u0101\u0146u loksnes 16 mm polikarbon\u0101ta \u0161\u016bnveida \u0161\u016bnu\" width=\"630\" height=\"470.925\" data-src=\"\/\/sc02.alicdn.com\/kf\/HTB1wYcHkS8YBeNkSnb4q6yevFXaH\/200162319\/HTB1wYcHkS8YBeNkSnb4q6yevFXaH.jpg\" data-alt=\"pc layers sheet 16mm polycarbonate honeycomb\" data-width=\"630\" data- title=\"\"><img decoding=\"async\" src=\"https:\/\/sc01.alicdn.com\/kf\/HTB1U5VQteuSBuNjy1Xcq6AYjFXan\/200162319\/HTB1U5VQteuSBuNjy1Xcq6AYjFXan.jpg\" alt=\"pc sl\u0101\u0146u loksnes 16 mm polikarbon\u0101ta \u0161\u016bnveida \u0161\u016bnu\" width=\"630\" height=\"472.5\" data-src=\"\/\/sc01.alicdn.com\/kf\/HTB1U5VQteuSBuNjy1Xcq6AYjFXan\/200162319\/HTB1U5VQteuSBuNjy1Xcq6AYjFXan.jpg\" data-alt=\"pc layers sheet 16mm polycarbonate honeycomb\" data-width=\"630\" data- title=\"\"><\/p>\n<p><img decoding=\"async\" src=\"https:\/\/sc02.alicdn.com\/kf\/H4a5e33e5f1034bce8dde77f9a90d1cd9q\/200162319\/H4a5e33e5f1034bce8dde77f9a90d1cd9q.png\" alt=\"pc sl\u0101\u0146u loksnes 16 mm polikarbon\u0101ta \u0161\u016bnveida \u0161\u016bnu\" width=\"630\" height=\"586.3781624500665\" data-src=\"\/\/sc02.alicdn.com\/kf\/H4a5e33e5f1034bce8dde77f9a90d1cd9q\/200162319\/H4a5e33e5f1034bce8dde77f9a90d1cd9q.png\" data-alt=\"pc layers sheet 16mm polycarbonate honeycomb\" data-width=\"630\" data- title=\"\"><\/p>\n<div id=\"ali-anchor-AliPostDhMb-grsmg\" data-section=\"AliPostDhMb-grsmg\" data-section-title=\"Packaging &amp; Shipping\">\n<div id=\"ali-title-AliPostDhMb-grsmg\"><strong>Iepakojums un pieg\u0101de<\/strong><\/div>\n<div>\n<p>\u00a0<img decoding=\"async\" src=\"https:\/\/sc02.alicdn.com\/kf\/H02a52324dc024cdcbaee8c550d0c5b3cR\/200162319\/H02a52324dc024cdcbaee8c550d0c5b3cR.png\" alt=\"pc sl\u0101\u0146u loksnes 16 mm polikarbon\u0101ta \u0161\u016bnveida \u0161\u016bnu\" width=\"630\" height=\"214.7347480106101\" data-src=\"\/\/sc02.alicdn.com\/kf\/H02a52324dc024cdcbaee8c550d0c5b3cR\/200162319\/H02a52324dc024cdcbaee8c550d0c5b3cR.png\" data-alt=\"pc layers sheet 16mm polycarbonate honeycomb\" data-width=\"630\" data- title=\"\"><img decoding=\"async\" src=\"https:\/\/sc02.alicdn.com\/kf\/Hd05fdb0988024155a7956963ea5973acD\/200162319\/Hd05fdb0988024155a7956963ea5973acD.png\" alt=\"pc sl\u0101\u0146u loksnes 16 mm polikarbon\u0101ta \u0161\u016bnveida \u0161\u016bnu\" width=\"630\" height=\"474.58885941644564\" data-src=\"\/\/sc02.alicdn.com\/kf\/Hd05fdb0988024155a7956963ea5973acD\/200162319\/Hd05fdb0988024155a7956963ea5973acD.png\" data-alt=\"pc layers sheet 16mm polycarbonate honeycomb\" data-width=\"630\" data- title=\"\"><img fetchpriority=\"high\" decoding=\"async\" src=\"https:\/\/sc01.alicdn.com\/kf\/HTB1S_lfKXXXXXbAXVXXq6xXFXXXA\/200162319\/HTB1S_lfKXXXXXbAXVXXq6xXFXXXA.jpg\" alt=\"pc sl\u0101\u0146u loksnes 16 mm polikarbon\u0101ta \u0161\u016bnveida \u0161\u016bnu\" width=\"630\" height=\"630\" data-src=\"\/\/sc01.alicdn.com\/kf\/HTB1S_lfKXXXXXbAXVXXq6xXFXXXA\/200162319\/HTB1S_lfKXXXXXbAXVXXq6xXFXXXA.jpg\" data-alt=\"pc layers sheet 16mm polycarbonate honeycomb\" data-width=\"630\" data- title=\"\"><\/p>\n<\/div>\n<\/div>","protected":false},"featured_media":16740,"parent":0,"template":"","product-catagories":[178],"product-tag":[],"class_list":["post-15263","product","type-product","status-publish","has-post-thumbnail","hentry","product-catagories-polycarbonate-hollow-sheet"],"acf":[],"_links":{"self":[{"href":"https:\/\/www.tononplastics.com\/lv\/wp-json\/wp\/v2\/product\/15263","targetHints":{"allow":["GET"]}}],"collection":[{"href":"https:\/\/www.tononplastics.com\/lv\/wp-json\/wp\/v2\/product"}],"about":[{"href":"https:\/\/www.tononplastics.com\/lv\/wp-json\/wp\/v2\/types\/product"}],"version-history":[{"count":0,"href":"https:\/\/www.tononplastics.com\/lv\/wp-json\/wp\/v2\/product\/15263\/revisions"}],"wp:featuredmedia":[{"embeddable":true,"href":"https:\/\/www.tononplastics.com\/lv\/wp-json\/wp\/v2\/media\/16740"}],"wp:attachment":[{"href":"https:\/\/www.tononplastics.com\/lv\/wp-json\/wp\/v2\/media?parent=15263"}],"wp:term":[{"taxonomy":"product-catagories","embeddable":true,"href":"https:\/\/www.tononplastics.com\/lv\/wp-json\/wp\/v2\/product-catagories?post=15263"},{"taxonomy":"product-tag","embeddable":true,"href":"https:\/\/www.tononplastics.com\/lv\/wp-json\/wp\/v2\/product-tag?post=15263"}],"curies":[{"name":"wp","href":"https:\/\/api.w.org\/{rel}","templated":true}]}}