{"id":15265,"date":"2023-08-23T21:52:58","date_gmt":"2023-08-23T13:52:58","guid":{"rendered":"https:\/\/tononplastics.com\/?post_type=product&#038;p=15265"},"modified":"2024-04-16T13:51:43","modified_gmt":"2024-04-16T05:51:43","slug":"fire-resistant-multiwall-polycarbonate-sheet-greenhouse-panel","status":"publish","type":"product","link":"https:\/\/www.tononplastics.com\/lv\/product\/fire-resistant-multiwall-polycarbonate-sheet-greenhouse-panel\/","title":{"rendered":"Ugunsiztur\u012bgs daudzsl\u0101\u0146u polikarbon\u0101ta loksnes siltumn\u012bcas panelis"},"content":{"rendered":"<div id=\"ali-anchor-AliPostDhMb-jrxlc\" data-section=\"AliPostDhMb-jrxlc\" data-section-title=\"Product Description\">\n<div>\n<p>Polikarbon\u0101ta loksnes biezums:\u00a0<\/p>\n<\/div>\n<\/div>\n<p>\n1).\u00a0<strong>Dv\u012b\u0146u sienu polikarbon\u0101ta loksnes<\/strong>\u00a0biezums: biezums: 4 mm, 6 mm, 8 mm, 10 mm, 12 mm utt.<\/p>\n<p>2).\u00a0<strong>Tr\u012bssienu polikarbon\u0101ta loksnes<\/strong>\u00a0biezums: 8 mm, 10 mm, 12 mm, 14 mm, 16 mm, 18 mm, 20 mm utt.<\/p>\n<p>3).\u00a0<strong>\u010cetru sienu polikarbon\u0101ta loksnes<\/strong>\u00a0biezums: 6 mm, 8 mm, 10 mm, 12 mm, 16 mm, 20 mm utt.<\/p>\n<p><img decoding=\"async\" src=\"https:\/\/sc01.alicdn.com\/kf\/HTB1U5VQteuSBuNjy1Xcq6AYjFXan\/200162319\/HTB1U5VQteuSBuNjy1Xcq6AYjFXan.jpg\" alt=\"ugunsiztur\u012bgs daudzsl\u0101\u0146u polikarbon\u0101ta lok\u0161\u0146u siltumn\u012bcas panelis\" width=\"630\" height=\"472.5\" data-src=\"\/\/sc01.alicdn.com\/kf\/HTB1U5VQteuSBuNjy1Xcq6AYjFXan\/200162319\/HTB1U5VQteuSBuNjy1Xcq6AYjFXan.jpg\" data-alt=\"fire resistant  multiwall polycarbonate sheet greenhouse panel\" data-width=\"630\" data- title=\"\"><\/p>\n<p>4).\u00a0<strong>Piecu sienu polikarbon\u0101ta loksnes<\/strong>\u00a0biezums: 8 mm, 10 mm, 12 mm utt.<\/p>\n<p>5).\u00a0<strong>Se\u0161u sienu polikarbon\u0101ta loksne<\/strong>\u00a0biezums: 16 mm, 20 mm, 25 mm utt.<\/p>\n<p>6).\u00a0<strong>X-Profile polikarbon\u0101ta loksnes<\/strong>\u00a0biezums: 10 mm, 12 mm, 14 mm, 16 mm, 18 mm, 20 mm utt.<\/p>\n<p>7).\u00a0<strong>Honeycomb polikarbon\u0101ta loksnes<\/strong>\u00a0biezums: 6 mm, 8 mm, 10 mm, 12 mm utt.<\/p>\n<p>(2). Polikarbon\u0101ta loksnes platums: 2100 mm<\/p>\n<p>(3). Polikarbon\u0101ta loksnes garums: Ieteicams 5800 mm, 6000 mm, 11800 mm, 12000 mm, lai atbilstu 20\u2032 konteineram un 40\u2032 konteineram).<\/p>\n<p>(4). Polikarbon\u0101ta loksnes kr\u0101sa: caursp\u012bd\u012bga, zila, za\u013ca, zila, op\u0101la, balta, br\u016bna\/bronzas, sudrabaini pel\u0113ka, sarkana, dzeltena utt.<\/p>\n<p><strong>2. Funkcijas:<\/strong><\/p>\n<p>(1). Augsta gaismas caurlaid\u012bba: l\u012bdz 88%, kas ir t\u0101da pa\u0161a biezuma visp\u0101r\u0113jam stiklam.<\/p>\n<p>(2). Lieliska triecieniztur\u012bba: 250 ~ 300 rei\u017eu liel\u0101ka nek\u0101 t\u0101da pa\u0161a biezuma stiklam, 30 rei\u017eu liel\u0101ka nek\u0101 akrila pl\u0113vei.<\/p>\n<p>(3). Laikapst\u0101k\u013cu un UV starojuma iztur\u012bba saglab\u0101jas gadiem ilgi.: Temperat\u016bras iztur\u012bbas diapazons ir -40 \u00b0C ~ 120 \u00b0C, ar ultravioleto koekstrud\u0113tu pl\u0113vi uz loksnes virsmas. T\u0101 var nov\u0113rst sve\u0137u nogurumu vai dzelt\u0113\u0161anu ultraviolet\u0101 starojuma ietekm\u0113.<\/p>\n<p>(4). Mazs svars: tikai 1\/12 no t\u0101da pa\u0161a biezuma stikla svara. To var viegli saliekt aukstum\u0101, k\u0101 ar\u012b termiski form\u0113t.<\/p>\n<p>(5). Iztur\u012bba pret liesmu: Augsta ugunsdro\u0161\u012bbas klase ir B1.<\/p>\n<p>(6). Ska\u0146as un siltuma izol\u0101cija: Izcila ska\u0146as izol\u0101cija automa\u0123istr\u0101les barjerai un lieliska siltumizol\u0101cija ietaupa ener\u0123iju.<\/p>\n<p>(7). Polikarbon\u0101ta ciet\u0101 pl\u0101ksne ir in\u017eenierijas plastmasa ar lielisk\u0101m integr\u0101cijas sp\u0113j\u0101m. Tai piem\u012bt izcilas fizik\u0101l\u0101s, meh\u0101nisk\u0101s, elektrisk\u0101s un siltumtehnisk\u0101s \u012bpa\u0161\u012bbas.<\/p>\n<p><img fetchpriority=\"high\" decoding=\"async\" src=\"https:\/\/sc01.alicdn.com\/kf\/H905833aa270b428cb135157888c4d1ebN\/200162319\/H905833aa270b428cb135157888c4d1ebN.jpg\" alt=\"ugunsiztur\u012bgs daudzsl\u0101\u0146u polikarbon\u0101ta lok\u0161\u0146u siltumn\u012bcas panelis\" width=\"630\" height=\"630\" data-src=\"\/\/sc01.alicdn.com\/kf\/H905833aa270b428cb135157888c4d1ebN\/200162319\/H905833aa270b428cb135157888c4d1ebN.jpg\" data-alt=\"fire resistant  multiwall polycarbonate sheet greenhouse panel\" data-width=\"630\" data- title=\"\"><img decoding=\"async\" src=\"https:\/\/sc01.alicdn.com\/kf\/Hab9bd697ff3d43f4a68edc4263f778919\/200162319\/Hab9bd697ff3d43f4a68edc4263f778919.jpg\" alt=\"ugunsiztur\u012bgs daudzsl\u0101\u0146u polikarbon\u0101ta lok\u0161\u0146u siltumn\u012bcas panelis\" width=\"630\" height=\"630\" data-src=\"\/\/sc01.alicdn.com\/kf\/Hab9bd697ff3d43f4a68edc4263f778919\/200162319\/Hab9bd697ff3d43f4a68edc4263f778919.jpg\" data-alt=\"fire resistant  multiwall polycarbonate sheet greenhouse panel\" data-width=\"630\" data- title=\"\"><\/p>\n<p><strong>3. Pieteikumi:<br \/>\n<\/strong><br \/>\n(1). Saulessargi stadioniem un autobusu pietur\u0101m u. c.<\/p>\n<p>(2). Gaismeklis, gaite\u0146u, balkonu, gaite\u0146u un apak\u0161zemes ieeju, g\u0101j\u0113ju celi\u0146u apgaismojums.<\/p>\n<p>(3). Uzst\u0101di pats (DIY), nojumes, nojumes, nojumes.<\/p>\n<p>(4). Rekl\u0101mas lampu kastes, izk\u0101rtnes<\/p>\n<p>(5). Pret nemieriem aizsarg\u0101ts vairogs, lod\u0113m iztur\u012bgs materi\u0101ls, banku bankom\u0101ti.<\/p>\n<p>(6). Konservatorijas, lauksaimniec\u012bbas siltumn\u012bcas, zoolo\u0123iskie d\u0101rzi, bot\u0101niskie d\u0101rzi.<\/p>\n<p>(7). R\u016bpnieciskie jumti un stiklojums<\/p>\n<p>(8). Peldbaseinu jumta segums\/p\u0101rkl\u0101jums\/pl\u0113ve<\/p>\n<p>&nbsp;<\/p>\n<p><img decoding=\"async\" src=\"https:\/\/sc02.alicdn.com\/kf\/HTB1LTKdtf1TBuNjy0Fjq6yjyXXaz\/200162319\/HTB1LTKdtf1TBuNjy0Fjq6yjyXXaz.jpg\" alt=\"ugunsiztur\u012bgs daudzsl\u0101\u0146u polikarbon\u0101ta lok\u0161\u0146u siltumn\u012bcas panelis\" width=\"630\" height=\"472.5\" data-src=\"\/\/sc02.alicdn.com\/kf\/HTB1LTKdtf1TBuNjy0Fjq6yjyXXaz\/200162319\/HTB1LTKdtf1TBuNjy0Fjq6yjyXXaz.jpg\" data-alt=\"fire resistant  multiwall polycarbonate sheet greenhouse panel\" data-width=\"630\" data- title=\"\"><\/p>\n<p>- H.S. kods: 39206100<\/p>\n<p>- Maks\u0101juma termi\u0146\u0161: T\/T, L\/C,.<\/p>\n<p>- Pieg\u0101des laiks: 7-15 dienas<\/p>\n<p>- Minim\u0101lais pas\u016bt\u012bjuma daudzums: Minim\u0101lais pas\u016bt\u012bjums: 1*20\u2032 konteiners<\/p>\n<p>- Iepakojums: Abas puses p\u0101rkl\u0101tas ar PE aizsargpl\u0113vi<\/p>\n<p>- Politikas paraugs: Nelielus paraugus var nodro\u0161in\u0101t ar kurjeru maksu sav\u0101kt.<\/p>\n<p>Polikarbon\u0101ta loksnes, polikarbon\u0101ta loksnes, polikarbon\u0101ta jumta seguma loksnes, polikarbon\u0101ta jumta loksnes, daudzsienu polikarbon\u0101ta loksnes, polikarbon\u0101ta panelis, polikarbon\u0101ta pl\u0101ksne, polikarbon\u0101ta dob\u0101s loksnes, dob\u0101s polikarbon\u0101ta loksnes, divu sienu polikarbon\u0101ta loksnes, 2 sienu polikarbon\u0101ta loksnes, tr\u012bs sienu polikarbon\u0101ta loksnes, 3 sienu polikarbon\u0101ta loksnes, polikarbon\u0101ta saules loksnes, polikarbon\u0101ta piederumi\/profili, datora piederumi\/profili, datora loksnes, datora panelis, datora pl\u0101ksne, saules loksnes, saules loksnes, saules panelis, saules panelis, saules d\u0113lis, saules loksne, mat\u0113ta polikarbon\u0101ta loksne, krist\u0101la polikarbon\u0101ta loksne, mat\u0113ta\/krist\u0101la polikarbon\u0101ta dobi loksne, celtniec\u012bbas materi\u0101li, jumta seguma materi\u0101li, polikarbon\u0101ta jumta logs, plastmasas loksnes, plastmasas loksnes, \u0161\u016bnveida polikarbon\u0101ta loksne, polikarbon\u0101ta \u0161\u016bnveida loksne, alveol\u0101ta polikarbon\u0101ta loksne, polikarbon\u0101ta alveol\u0101ta loksne, alveol\u0101ra pc loksne, \u010detru sienu polikarbon\u0101ta loksne, piecu sienu polikarbon\u0101ta loksne, se\u0161u sienu polikarbon\u0101ta loksne, X profila polikarbon\u0101ta loksne, X tipa polikarbon\u0101ta loksne utt.<\/p>\n<p><img decoding=\"async\" src=\"https:\/\/sc01.alicdn.com\/kf\/H276597fb63bf4e8ebb711e73f1e18dd4h\/200162319\/H276597fb63bf4e8ebb711e73f1e18dd4h.jpg\" alt=\"ugunsiztur\u012bgs daudzsl\u0101\u0146u polikarbon\u0101ta lok\u0161\u0146u siltumn\u012bcas panelis\" width=\"630\" height=\"427.0323325635104\" data-src=\"\/\/sc01.alicdn.com\/kf\/H276597fb63bf4e8ebb711e73f1e18dd4h\/200162319\/H276597fb63bf4e8ebb711e73f1e18dd4h.jpg\" data-alt=\"fire resistant  multiwall polycarbonate sheet greenhouse panel\" data-width=\"630\" data- title=\"\"><\/p>\n<div id=\"ali-anchor-AliPostDhMb-b6lc3\" data-section=\"AliPostDhMb-b6lc3\" data-section-title=\"Packaging &amp; Shipping\">\n<div id=\"ali-title-AliPostDhMb-b6lc3\">Iepakojums un pieg\u0101de<\/div>\n<div>\n<p>\u00a0<img decoding=\"async\" src=\"https:\/\/sc02.alicdn.com\/kf\/Hd05fdb0988024155a7956963ea5973acD\/200162319\/Hd05fdb0988024155a7956963ea5973acD.png\" alt=\"ugunsiztur\u012bgs daudzsl\u0101\u0146u polikarbon\u0101ta lok\u0161\u0146u siltumn\u012bcas panelis\" width=\"630\" height=\"474.58885941644564\" data-src=\"\/\/sc02.alicdn.com\/kf\/Hd05fdb0988024155a7956963ea5973acD\/200162319\/Hd05fdb0988024155a7956963ea5973acD.png\" data-alt=\"fire resistant  multiwall polycarbonate sheet greenhouse panel\" data-width=\"630\" data- title=\"\"><img decoding=\"async\" src=\"https:\/\/sc02.alicdn.com\/kf\/H02a52324dc024cdcbaee8c550d0c5b3cR\/200162319\/H02a52324dc024cdcbaee8c550d0c5b3cR.png\" alt=\"ugunsiztur\u012bgs daudzsl\u0101\u0146u polikarbon\u0101ta lok\u0161\u0146u siltumn\u012bcas panelis\" width=\"630\" height=\"214.7347480106101\" data-src=\"\/\/sc02.alicdn.com\/kf\/H02a52324dc024cdcbaee8c550d0c5b3cR\/200162319\/H02a52324dc024cdcbaee8c550d0c5b3cR.png\" data-alt=\"fire resistant  multiwall polycarbonate sheet greenhouse panel\" data-width=\"630\" data- title=\"\"><img decoding=\"async\" src=\"https:\/\/sc01.alicdn.com\/kf\/HTB1ggLnJVXXXXcYXVXXq6xXFXXXP\/200162319\/HTB1ggLnJVXXXXcYXVXXq6xXFXXXP.jpg\" alt=\"ugunsiztur\u012bgs daudzsl\u0101\u0146u polikarbon\u0101ta lok\u0161\u0146u siltumn\u012bcas panelis\" width=\"630\" height=\"635.88\" data-src=\"\/\/sc01.alicdn.com\/kf\/HTB1ggLnJVXXXXcYXVXXq6xXFXXXP\/200162319\/HTB1ggLnJVXXXXcYXVXXq6xXFXXXP.jpg\" data-alt=\"fire resistant  multiwall polycarbonate sheet greenhouse panel\" data-width=\"630\" data- title=\"\"><\/p>\n<\/div>\n<\/div>","protected":false},"featured_media":16767,"parent":0,"template":"","product-catagories":[178],"product-tag":[],"class_list":["post-15265","product","type-product","status-publish","has-post-thumbnail","hentry","product-catagories-polycarbonate-hollow-sheet"],"acf":[],"_links":{"self":[{"href":"https:\/\/www.tononplastics.com\/lv\/wp-json\/wp\/v2\/product\/15265","targetHints":{"allow":["GET"]}}],"collection":[{"href":"https:\/\/www.tononplastics.com\/lv\/wp-json\/wp\/v2\/product"}],"about":[{"href":"https:\/\/www.tononplastics.com\/lv\/wp-json\/wp\/v2\/types\/product"}],"version-history":[{"count":0,"href":"https:\/\/www.tononplastics.com\/lv\/wp-json\/wp\/v2\/product\/15265\/revisions"}],"wp:featuredmedia":[{"embeddable":true,"href":"https:\/\/www.tononplastics.com\/lv\/wp-json\/wp\/v2\/media\/16767"}],"wp:attachment":[{"href":"https:\/\/www.tononplastics.com\/lv\/wp-json\/wp\/v2\/media?parent=15265"}],"wp:term":[{"taxonomy":"product-catagories","embeddable":true,"href":"https:\/\/www.tononplastics.com\/lv\/wp-json\/wp\/v2\/product-catagories?post=15265"},{"taxonomy":"product-tag","embeddable":true,"href":"https:\/\/www.tononplastics.com\/lv\/wp-json\/wp\/v2\/product-tag?post=15265"}],"curies":[{"name":"wp","href":"https:\/\/api.w.org\/{rel}","templated":true}]}}