{"id":15277,"date":"2023-08-23T22:03:58","date_gmt":"2023-08-23T14:03:58","guid":{"rendered":"https:\/\/tononplastics.com\/?post_type=product&#038;p=15277"},"modified":"2024-04-16T13:41:58","modified_gmt":"2024-04-16T05:41:58","slug":"poly-carbonate-roofing-clear-plastic-craft-twin-wall-polycarbonate-hollow-sheet","status":"publish","type":"product","link":"https:\/\/www.tononplastics.com\/lv\/product\/poly-carbonate-roofing-clear-plastic-craft-twin-wall-polycarbonate-hollow-sheet\/","title":{"rendered":"Polikarbon\u0101ta jumta segums caursp\u012bd\u012bga plastmasas amatniec\u012bbas dv\u012b\u0146u sienas polikarbon\u0101ta dobas loksnes"},"content":{"rendered":"<p><span data-spm-anchor-id=\"a2700.details.0.i27.61bc5d17x3Rcyr\">Polikarbon\u0101ta jumta segums caursp\u012bd\u012bga plastmasas amatniec\u012bbas dv\u012b\u0146u sienas polikarbon\u0101ta dobas loksnes<\/span><\/p>\n<table border=\"1\">\n<tbody>\n<tr>\n<td>\u00a0Produkta nosaukums<\/td>\n<td>\u00a0Doba polikarbon\u0101ta loksne<\/td>\n<\/tr>\n<tr>\n<td>\u00a0Izcelsmes vieta<\/td>\n<td>\u00a0Foshan pils\u0113ta, Guangdong, \u0136\u012bna<\/td>\n<\/tr>\n<tr>\n<td>\u00a0Materi\u0101ls<\/td>\n<td>\u00a0100% Virg\u012bnija polikarbon\u0101ta materi\u0101ls<\/td>\n<\/tr>\n<tr>\n<td>\u00a0Kr\u0101sas<\/td>\n<td>\u00a0Caursp\u012bd\u012bgs, bronzas, zils, za\u013c\u0161, op\u0101ls, pel\u0113ks vai piel\u0101gots<\/td>\n<\/tr>\n<tr>\n<td>\u00a0Biezums<\/td>\n<td>\u00a03-20 mm<\/td>\n<\/tr>\n<tr>\n<td>\u00a0Platums<\/td>\n<td>\u00a02,1 m, 1,22 m vai piel\u0101gots<\/td>\n<\/tr>\n<tr>\n<td>\u00a0Virsma<\/td>\n<td>\u00a0Ar 50 mikronu UV aizsardz\u012bbu, karstumiztur\u012bba<\/td>\n<\/tr>\n<tr>\n<td>Retardants standarts<\/td>\n<td>\u00a0B1 pak\u0101pe (GB standarts)<\/td>\n<\/tr>\n<tr>\n<td>Iepakojums<\/td>\n<td>\u00a0Abas puses ar PE pl\u0113vi, logotips uz PE pl\u0113ves. pieejams ar\u012b piel\u0101gots iepakojums.<\/td>\n<\/tr>\n<tr>\n<td>Pieg\u0101de<\/td>\n<td>\u00a07-10 dienu laik\u0101 p\u0113c depoz\u012bta sa\u0146em\u0161anas<\/td>\n<\/tr>\n<\/tbody>\n<\/table>\n<p><img fetchpriority=\"high\" decoding=\"async\" src=\"https:\/\/sc04.alicdn.com\/kf\/Hf568a00564ff4febb2489ff33e1ef8e1R\/200162319\/Hf568a00564ff4febb2489ff33e1ef8e1R.png\" alt=\"Polikarbon\u0101ta jumta segums caursp\u012bd\u012bga plastmasas amatniec\u012bbas dv\u012b\u0146u sienas polikarbon\u0101ta dobas loksnes\" width=\"619\" height=\"466\" data-src=\"\/\/sc04.alicdn.com\/kf\/Hf568a00564ff4febb2489ff33e1ef8e1R\/200162319\/Hf568a00564ff4febb2489ff33e1ef8e1R.png\" data-alt=\"Poly carbonate roofing clear plastic craft twin wall polycarbonate hollow sheet\" data-width=\"619\" data-height=\"466\" data- title=\"\"><\/p>\n<div id=\"ali-anchor-AliPostDhMb-ig9ka\" class=\"mceSectionContainer\" data-section=\"AliPostDhMb-ig9ka\" data-section-title=\"Product Description\">\n<div id=\"ali-title-AliPostDhMb-ig9ka\"><strong>Produkta apraksts<\/strong><\/div>\n<div>\n<p>(1) caurlaid\u012bga gaismas kvalit\u0101te laba: caursp\u012bd\u012bga PC padome euphotic likme var sasniegt 88%<\/p>\n<p>(2) triecieniztur\u012bgs: triecieniztur\u012bba ir kop\u012bga stikla 250-300 reizes, t\u0101da pa\u0161a biezuma akrila loksnes 30 reizes, izmantojiet 3 kg \u0101muru, lai nov\u0113rstu ar\u012b \u0161\u0101du divu metru kritumu.<\/p>\n<\/div>\n<\/div>\n<p>(3) ultraviolet\u0101 profilakse: produkta virsmai ir uv koekstr\u016bzijas sl\u0101nis, var blo\u0137\u0113t ultravioleto staru caur, un piem\u0113rots d\u0101rgmet\u0101lu m\u0101kslas un ekspon\u0101tu aizsardz\u012bbai, lai to pasarg\u0101tu no uv boj\u0101jumiem.<\/p>\n<p><img decoding=\"async\" src=\"https:\/\/sc04.alicdn.com\/kf\/Hee35153016fb4f64a8abd2cf77d8280dQ\/200162319\/Hee35153016fb4f64a8abd2cf77d8280dQ.jpg\" alt=\"Polikarbon\u0101ta jumta segums caursp\u012bd\u012bga plastmasas amatniec\u012bbas dv\u012b\u0146u sienas polikarbon\u0101ta dobas loksnes\" width=\"630\" height=\"404.88\" data-src=\"\/\/sc04.alicdn.com\/kf\/Hee35153016fb4f64a8abd2cf77d8280dQ\/200162319\/Hee35153016fb4f64a8abd2cf77d8280dQ.jpg\" data-alt=\"Poly carbonate roofing clear plastic craft twin wall polycarbonate hollow sheet\" data-width=\"630\" data- title=\"\"><img decoding=\"async\" src=\"https:\/\/sc04.alicdn.com\/kf\/H3e961f45ef114d249ad9c4b4127c550c9\/200162319\/H3e961f45ef114d249ad9c4b4127c550c9.png\" alt=\"Polikarbon\u0101ta jumta segums caursp\u012bd\u012bga plastmasas amatniec\u012bbas dv\u012b\u0146u sienas polikarbon\u0101ta dobas loksnes\" width=\"630\" height=\"357.3333333333333\" data-src=\"\/\/sc04.alicdn.com\/kf\/H3e961f45ef114d249ad9c4b4127c550c9\/200162319\/H3e961f45ef114d249ad9c4b4127c550c9.png\" data-alt=\"Poly carbonate roofing clear plastic craft twin wall polycarbonate hollow sheet\" data-width=\"630\" data- title=\"\"><img decoding=\"async\" src=\"https:\/\/sc04.alicdn.com\/kf\/H714a5c6dbda442bcbd7bce1a68b14647J\/200162319\/H714a5c6dbda442bcbd7bce1a68b14647J.jpg\" alt=\"Polikarbon\u0101ta jumta segums caursp\u012bd\u012bga plastmasas amatniec\u012bbas dv\u012b\u0146u sienas polikarbon\u0101ta dobas loksnes\" width=\"630\" height=\"840\" data-src=\"\/\/sc04.alicdn.com\/kf\/H714a5c6dbda442bcbd7bce1a68b14647J\/200162319\/H714a5c6dbda442bcbd7bce1a68b14647J.jpg\" data-alt=\"Poly carbonate roofing clear plastic craft twin wall polycarbonate hollow sheet\" data-width=\"630\" data- title=\"\"><\/p>\n<p><strong>Tehnisk\u0101s specifik\u0101cijas:<\/strong><\/p>\n<p>1, triecieniztur\u012bba: 850 J\/m<\/p>\n<p>2, eifotiskais \u0101trums: 90%<\/p>\n<p>3, stiepes iztur\u012bba: &gt; 60 N\/bija<\/p>\n<p>4, lieces iztur\u012bba: 100 N\/bija<\/p>\n<p><img decoding=\"async\" src=\"https:\/\/sc01.alicdn.com\/kf\/H74247c1d61554ba2a775e9ce59244207e\/200162319\/H74247c1d61554ba2a775e9ce59244207e.jpg\" alt=\"Polikarbon\u0101ta jumta segums caursp\u012bd\u012bga plastmasas amatniec\u012bbas dv\u012b\u0146u sienas polikarbon\u0101ta dobas loksnes\" width=\"630\" height=\"450\" data-src=\"\/\/sc01.alicdn.com\/kf\/H74247c1d61554ba2a775e9ce59244207e\/200162319\/H74247c1d61554ba2a775e9ce59244207e.jpg\" data-alt=\"Poly carbonate roofing clear plastic craft twin wall polycarbonate hollow sheet\" data-width=\"630\" data-height=\"450\" data- title=\"\"><img loading=\"lazy\" decoding=\"async\" src=\"https:\/\/sc02.alicdn.com\/kf\/H02a52324dc024cdcbaee8c550d0c5b3cR\/200162319\/H02a52324dc024cdcbaee8c550d0c5b3cR.png\" alt=\"Polikarbon\u0101ta jumta segums caursp\u012bd\u012bga plastmasas amatniec\u012bbas dv\u012b\u0146u sienas polikarbon\u0101ta dobas loksnes\" width=\"630\" height=\"450\" data-src=\"\/\/sc02.alicdn.com\/kf\/H02a52324dc024cdcbaee8c550d0c5b3cR\/200162319\/H02a52324dc024cdcbaee8c550d0c5b3cR.png\" data-alt=\"Poly carbonate roofing clear plastic craft twin wall polycarbonate hollow sheet\" data-width=\"630\" data-height=\"450\" data- title=\"\"><img loading=\"lazy\" decoding=\"async\" src=\"https:\/\/sc02.alicdn.com\/kf\/Hd05fdb0988024155a7956963ea5973acD\/200162319\/Hd05fdb0988024155a7956963ea5973acD.png\" alt=\"Polikarbon\u0101ta jumta segums caursp\u012bd\u012bga plastmasas amatniec\u012bbas dv\u012b\u0146u sienas polikarbon\u0101ta dobas loksnes\" width=\"630\" height=\"450\" data-src=\"\/\/sc02.alicdn.com\/kf\/Hd05fdb0988024155a7956963ea5973acD\/200162319\/Hd05fdb0988024155a7956963ea5973acD.png\" data-alt=\"Poly carbonate roofing clear plastic craft twin wall polycarbonate hollow sheet\" data-width=\"630\" data-height=\"450\" data- title=\"\"><\/p>","protected":false},"featured_media":16770,"parent":0,"template":"","product-catagories":[178],"product-tag":[],"class_list":["post-15277","product","type-product","status-publish","has-post-thumbnail","hentry","product-catagories-polycarbonate-hollow-sheet"],"acf":[],"_links":{"self":[{"href":"https:\/\/www.tononplastics.com\/lv\/wp-json\/wp\/v2\/product\/15277","targetHints":{"allow":["GET"]}}],"collection":[{"href":"https:\/\/www.tononplastics.com\/lv\/wp-json\/wp\/v2\/product"}],"about":[{"href":"https:\/\/www.tononplastics.com\/lv\/wp-json\/wp\/v2\/types\/product"}],"version-history":[{"count":0,"href":"https:\/\/www.tononplastics.com\/lv\/wp-json\/wp\/v2\/product\/15277\/revisions"}],"wp:featuredmedia":[{"embeddable":true,"href":"https:\/\/www.tononplastics.com\/lv\/wp-json\/wp\/v2\/media\/16770"}],"wp:attachment":[{"href":"https:\/\/www.tononplastics.com\/lv\/wp-json\/wp\/v2\/media?parent=15277"}],"wp:term":[{"taxonomy":"product-catagories","embeddable":true,"href":"https:\/\/www.tononplastics.com\/lv\/wp-json\/wp\/v2\/product-catagories?post=15277"},{"taxonomy":"product-tag","embeddable":true,"href":"https:\/\/www.tononplastics.com\/lv\/wp-json\/wp\/v2\/product-tag?post=15277"}],"curies":[{"name":"wp","href":"https:\/\/api.w.org\/{rel}","templated":true}]}}