{"id":15281,"date":"2023-08-23T22:08:14","date_gmt":"2023-08-23T14:08:14","guid":{"rendered":"https:\/\/tononplastics.com\/?post_type=product&#038;p=15281"},"modified":"2024-04-16T13:36:55","modified_gmt":"2024-04-16T05:36:55","slug":"sun-sheets-polycarbonate-uv-resistant-roofing-pc-twin-hollow-sheet-for-green-house","status":"publish","type":"product","link":"https:\/\/www.tononplastics.com\/lv\/product\/sun-sheets-polycarbonate-uv-resistant-roofing-pc-twin-hollow-sheet-for-green-house\/","title":{"rendered":"Saules loksnes polikarbon\u0101ta uv iztur\u012bgs jumta segums pc dv\u012b\u0146u dobas loksnes za\u013cai m\u0101jai"},"content":{"rendered":"<table border=\"1\">\n<tbody>\n<tr>\n<td>\u00a0Produkta nosaukums<\/td>\n<td>\u00a0Doba polikarbon\u0101ta loksne<\/td>\n<\/tr>\n<tr>\n<td>\u00a0Izcelsmes vieta<\/td>\n<td>\u00a0Foshan pils\u0113ta, Guangdong, \u0136\u012bna<\/td>\n<\/tr>\n<tr>\n<td>\u00a0Materi\u0101ls<\/td>\n<td>\u00a0100% Virg\u012bnija polikarbon\u0101ta materi\u0101ls<\/td>\n<\/tr>\n<tr>\n<td>\u00a0Kr\u0101sas<\/td>\n<td>\u00a0Caursp\u012bd\u012bgs, bronzas, zils, za\u013c\u0161, op\u0101ls, pel\u0113ks vai piel\u0101gots<\/td>\n<\/tr>\n<tr>\n<td>\u00a0Biezums<\/td>\n<td>\u00a03-20 mm<\/td>\n<\/tr>\n<tr>\n<td>\u00a0Platums<\/td>\n<td>\u00a02,1 m, 1,22 m vai piel\u0101gots<\/td>\n<\/tr>\n<tr>\n<td>\u00a0Virsma<\/td>\n<td>\u00a0Ar 50 mikronu UV aizsardz\u012bbu, karstumiztur\u012bba<\/td>\n<\/tr>\n<tr>\n<td>Retardants standarts<\/td>\n<td>\u00a0B1 pak\u0101pe (GB standarts)<\/td>\n<\/tr>\n<tr>\n<td>Iepakojums<\/td>\n<td>\u00a0Abas puses ar PE pl\u0113vi, logotips uz PE pl\u0113ves. pieejams ar\u012b piel\u0101gots iepakojums.<\/td>\n<\/tr>\n<tr>\n<td>Pieg\u0101de<\/td>\n<td>\u00a07-10 dienu laik\u0101 p\u0113c depoz\u012bta sa\u0146em\u0161anas<\/td>\n<\/tr>\n<\/tbody>\n<\/table>\n<p><span style=\"color: initial;\">Produkta apraksts<\/span><\/p>\n<div id=\"ali-anchor-AliPostDhMb-ig9ka\" class=\"mceSectionContainer\" data-section=\"AliPostDhMb-ig9ka\" data-section-title=\"Product Description\">\n<div>\n<p>(1) caurlaid\u012bga gaismas kvalit\u0101te laba: caursp\u012bd\u012bga PC padome euphotic likme var sasniegt 88%<\/p>\n<p>(2) triecieniztur\u012bgs: triecieniztur\u012bba ir kop\u012bga stikla 250-300 reizes, t\u0101da pa\u0161a biezuma akrila loksnes 30 reizes, izmantojiet 3 kg \u0101muru, lai nov\u0113rstu ar\u012b \u0161\u0101du divu metru kritumu.<\/p>\n<\/div>\n<\/div>\n<p>(3) ultraviolet\u0101 profilakse: produkta virsmai ir uv koekstr\u016bzijas sl\u0101nis, var blo\u0137\u0113t ultravioleto staru caur, un piem\u0113rots d\u0101rgmet\u0101lu m\u0101kslas un ekspon\u0101tu aizsardz\u012bbai, lai to pasarg\u0101tu no uv boj\u0101jumiem.<\/p>\n<p><img decoding=\"async\" src=\"https:\/\/sc04.alicdn.com\/kf\/Hee35153016fb4f64a8abd2cf77d8280dQ\/200162319\/Hee35153016fb4f64a8abd2cf77d8280dQ.jpg\" alt=\"Saules loksnes polikarbon\u0101ta uv iztur\u012bgs jumta segums pc dv\u012b\u0146u dobas loksnes za\u013cai m\u0101jai\" width=\"630\" height=\"404.88\" data-src=\"\/\/sc04.alicdn.com\/kf\/Hee35153016fb4f64a8abd2cf77d8280dQ\/200162319\/Hee35153016fb4f64a8abd2cf77d8280dQ.jpg\" data-alt=\"Sun sheets polycarbonate uv resistant roofing pc twin hollow sheet for green house\" data-width=\"630\" data- title=\"\"><img decoding=\"async\" src=\"https:\/\/sc04.alicdn.com\/kf\/H3e961f45ef114d249ad9c4b4127c550c9\/200162319\/H3e961f45ef114d249ad9c4b4127c550c9.png\" alt=\"Saules loksnes polikarbon\u0101ta uv iztur\u012bgs jumta segums pc dv\u012b\u0146u dobas loksnes za\u013cai m\u0101jai\" width=\"630\" height=\"357.3333333333333\" data-src=\"\/\/sc04.alicdn.com\/kf\/H3e961f45ef114d249ad9c4b4127c550c9\/200162319\/H3e961f45ef114d249ad9c4b4127c550c9.png\" data-alt=\"Sun sheets polycarbonate uv resistant roofing pc twin hollow sheet for green house\" data-width=\"630\" data- title=\"\"><img fetchpriority=\"high\" decoding=\"async\" src=\"https:\/\/sc04.alicdn.com\/kf\/H714a5c6dbda442bcbd7bce1a68b14647J\/200162319\/H714a5c6dbda442bcbd7bce1a68b14647J.jpg\" alt=\"Saules loksnes polikarbon\u0101ta uv iztur\u012bgs jumta segums pc dv\u012b\u0146u dobas loksnes za\u013cai m\u0101jai\" width=\"630\" height=\"840\" data-src=\"\/\/sc04.alicdn.com\/kf\/H714a5c6dbda442bcbd7bce1a68b14647J\/200162319\/H714a5c6dbda442bcbd7bce1a68b14647J.jpg\" data-alt=\"Sun sheets polycarbonate uv resistant roofing pc twin hollow sheet for green house\" data-width=\"630\" data- title=\"\"><\/p>\n<p><strong>Tehnisk\u0101s specifik\u0101cijas:<\/strong><\/p>\n<p>1, triecieniztur\u012bba: 850 J\/m<br \/>\n2, eifotiskais \u0101trums: 90%<br \/>\n<span style=\"font-size: revert; color: initial;\">3, stiepes iztur\u012bba: &gt; 60 N\/bija<br \/>\n<\/span><span style=\"font-size: revert; color: initial;\">4, lieces iztur\u012bba: 100 N\/bija<\/span><\/p>\n<p><img decoding=\"async\" src=\"https:\/\/sc01.alicdn.com\/kf\/H74247c1d61554ba2a775e9ce59244207e\/200162319\/H74247c1d61554ba2a775e9ce59244207e.jpg\" alt=\"Saules loksnes polikarbon\u0101ta uv iztur\u012bgs jumta segums pc dv\u012b\u0146u dobas loksnes za\u013cai m\u0101jai\" width=\"630\" height=\"450\" data-src=\"\/\/sc01.alicdn.com\/kf\/H74247c1d61554ba2a775e9ce59244207e\/200162319\/H74247c1d61554ba2a775e9ce59244207e.jpg\" data-alt=\"Sun sheets polycarbonate uv resistant roofing pc twin hollow sheet for green house\" data-width=\"630\" data-height=\"450\" data- title=\"\"><img decoding=\"async\" src=\"https:\/\/sc02.alicdn.com\/kf\/H02a52324dc024cdcbaee8c550d0c5b3cR\/200162319\/H02a52324dc024cdcbaee8c550d0c5b3cR.png\" alt=\"Saules loksnes polikarbon\u0101ta uv iztur\u012bgs jumta segums pc dv\u012b\u0146u dobas loksnes za\u013cai m\u0101jai\" width=\"630\" height=\"450\" data-src=\"\/\/sc02.alicdn.com\/kf\/H02a52324dc024cdcbaee8c550d0c5b3cR\/200162319\/H02a52324dc024cdcbaee8c550d0c5b3cR.png\" data-alt=\"Sun sheets polycarbonate uv resistant roofing pc twin hollow sheet for green house\" data-width=\"630\" data-height=\"450\" data- title=\"\"><img loading=\"lazy\" decoding=\"async\" src=\"https:\/\/sc02.alicdn.com\/kf\/Hd05fdb0988024155a7956963ea5973acD\/200162319\/Hd05fdb0988024155a7956963ea5973acD.png\" alt=\"Saules loksnes polikarbon\u0101ta uv iztur\u012bgs jumta segums pc dv\u012b\u0146u dobas loksnes za\u013cai m\u0101jai\" width=\"630\" height=\"450\" data-src=\"\/\/sc02.alicdn.com\/kf\/Hd05fdb0988024155a7956963ea5973acD\/200162319\/Hd05fdb0988024155a7956963ea5973acD.png\" data-alt=\"Sun sheets polycarbonate uv resistant roofing pc twin hollow sheet for green house\" data-width=\"630\" data-height=\"450\" data- title=\"\"><\/p>","protected":false},"featured_media":16755,"parent":0,"template":"","product-catagories":[178],"product-tag":[],"class_list":["post-15281","product","type-product","status-publish","has-post-thumbnail","hentry","product-catagories-polycarbonate-hollow-sheet"],"acf":[],"_links":{"self":[{"href":"https:\/\/www.tononplastics.com\/lv\/wp-json\/wp\/v2\/product\/15281","targetHints":{"allow":["GET"]}}],"collection":[{"href":"https:\/\/www.tononplastics.com\/lv\/wp-json\/wp\/v2\/product"}],"about":[{"href":"https:\/\/www.tononplastics.com\/lv\/wp-json\/wp\/v2\/types\/product"}],"version-history":[{"count":0,"href":"https:\/\/www.tononplastics.com\/lv\/wp-json\/wp\/v2\/product\/15281\/revisions"}],"wp:featuredmedia":[{"embeddable":true,"href":"https:\/\/www.tononplastics.com\/lv\/wp-json\/wp\/v2\/media\/16755"}],"wp:attachment":[{"href":"https:\/\/www.tononplastics.com\/lv\/wp-json\/wp\/v2\/media?parent=15281"}],"wp:term":[{"taxonomy":"product-catagories","embeddable":true,"href":"https:\/\/www.tononplastics.com\/lv\/wp-json\/wp\/v2\/product-catagories?post=15281"},{"taxonomy":"product-tag","embeddable":true,"href":"https:\/\/www.tononplastics.com\/lv\/wp-json\/wp\/v2\/product-tag?post=15281"}],"curies":[{"name":"wp","href":"https:\/\/api.w.org\/{rel}","templated":true}]}}