{"id":15295,"date":"2023-08-23T22:40:06","date_gmt":"2023-08-23T14:40:06","guid":{"rendered":"https:\/\/tononplastics.com\/?post_type=product&#038;p=15295"},"modified":"2024-03-25T10:19:37","modified_gmt":"2024-03-25T02:19:37","slug":"taiwan-chimei-pc-122m-polycarbonate-solid-sheet","status":"publish","type":"product","link":"https:\/\/www.tononplastics.com\/lv\/product\/taiwan-chimei-pc-122m-polycarbonate-solid-sheet\/","title":{"rendered":"Taiv\u0101nas CHIMEI pc-122m polikarbon\u0101ta ciet\u0101 loksne"},"content":{"rendered":"<figure class=\"wp-block-gallery has-nested-images columns-default is-cropped wp-block-gallery-1 is-layout-flex wp-block-gallery-is-layout-flex\">\n<figure class=\"wp-block-image size-full\"><img fetchpriority=\"high\" decoding=\"async\" width=\"640\" height=\"640\" data-id=\"15401\" src=\"https:\/\/www.tononplastics.com\/wp-content\/uploads\/2023\/08\/H017024a0e2094472a595aeb265fe62e9K.jpg\" alt=\"\" class=\"wp-image-15401\" title=\"\" srcset=\"https:\/\/www.tononplastics.com\/wp-content\/uploads\/2023\/08\/H017024a0e2094472a595aeb265fe62e9K.jpg 640w, https:\/\/www.tononplastics.com\/wp-content\/uploads\/2023\/08\/H017024a0e2094472a595aeb265fe62e9K-300x300.jpg 300w, https:\/\/www.tononplastics.com\/wp-content\/uploads\/2023\/08\/H017024a0e2094472a595aeb265fe62e9K-150x150.jpg 150w\" sizes=\"(max-width: 640px) 100vw, 640px\" \/><\/figure>\n\n\n\n<figure class=\"wp-block-image size-large\"><img decoding=\"async\" width=\"822\" height=\"822\" data-id=\"15100\" src=\"https:\/\/www.tononplastics.com\/wp-content\/uploads\/2023\/08\/H0c09c837f0a54be1a8b5c6b0ad19f2766.jpg\" alt=\"\" class=\"wp-image-15100\" title=\"\" srcset=\"https:\/\/www.tononplastics.com\/wp-content\/uploads\/2023\/08\/H0c09c837f0a54be1a8b5c6b0ad19f2766.jpg 822w, https:\/\/www.tononplastics.com\/wp-content\/uploads\/2023\/08\/H0c09c837f0a54be1a8b5c6b0ad19f2766-300x300.jpg 300w, https:\/\/www.tononplastics.com\/wp-content\/uploads\/2023\/08\/H0c09c837f0a54be1a8b5c6b0ad19f2766-150x150.jpg 150w, https:\/\/www.tononplastics.com\/wp-content\/uploads\/2023\/08\/H0c09c837f0a54be1a8b5c6b0ad19f2766-768x768.jpg 768w\" sizes=\"(max-width: 822px) 100vw, 822px\" \/><\/figure>\n<\/figure>\n\n\n\n<div class=\"wp-block-group is-layout-constrained wp-block-group-is-layout-constrained\">\n<div id=\"ali-anchor-AliPostDhMb-72pbs\" class=\"mceSectionContainer\" data-section=\"AliPostDhMb-72pbs\" data-section-title=\"Product Description\">\n<p><span style=\"font-size: revert; color: initial;\"><strong style=\"font-size: revert; color: initial;\">Funkcijas:<\/strong><br \/>1) Gaismas caurlaid\u012bba: l\u012bdz 88%<br \/><\/span><span style=\"font-size: revert; color: initial;\">2) triecieniztur\u012bba: 80 reizes liel\u0101ka nek\u0101 stiklam, 15 reizes liel\u0101ka nek\u0101 akrila loksnei.<br \/><\/span><span style=\"font-size: revert; color: initial;\">3) Temperat\u016bras pretest\u012bbas diapazons: -40 ~ 120oC<br \/><\/span><span style=\"font-size: revert; color: initial;\">4) neliels svars: tikai 1\/12 no t\u0101da pa\u0161a biezuma stikla svara.<br \/><\/span><span style=\"font-size: revert; color: initial;\">5) Ultraviolet\u0101 starojuma iztur\u012bba: ar UV aizsargsl\u0101ni<br \/><\/span><span style=\"font-size: revert; color: initial;\">6) Ugunsiztur\u012bba: B1 klase<br \/><\/span><span style=\"font-size: revert; color: initial;\">7) Iztur\u012bba pret ska\u0146u un karstumu<\/span><\/p>\n<\/div>\n<p align=\"left\"><strong>Specifik\u0101cija<\/strong><br \/>1) Platums: 1220 mm - 2100 mm (m\u016bsu regul\u0101r\u0101 specifik\u0101cija)<br \/>2) garums: 20m - 50m (m\u016bsu regul\u0101r\u0101 specifik\u0101cija)<br \/>3) pieejams 4 mm, 5 mm, 6 mm, 7,5 mm, 8 mm, 10 mm, 12 mm, 14 mm, 16 mm, 18 mm.<br \/>4) Kr\u0101sa: dzidra, ezera zila, za\u013ca, zila, zila, op\u0101la, bronzas, pel\u0113ka, sarkana, bronzas (br\u016bna), zili za\u013ca, gai\u0161i za\u013ca, dzidra, melna, dzidra ar reljefu, gai\u0161i reljefa, zila ar reljefu, zila ar reljefu.<br \/>5) piel\u0101gotas kr\u0101sas un izm\u0113ri pieejami p\u0113c piepras\u012bjuma<br \/>6) Iepakojums: abas puses p\u0101rkl\u0101tas ar PE pl\u0113vi\u00a0\u00a0<\/p>\n<p align=\"left\"><strong>Pieteikumi:<\/strong><br \/>1) telefona kab\u012bnes<br \/>2) Ce\u013ca z\u012bmes un rekl\u0101mas<br \/>3) Rekl\u0101mas stendi uz lampu kast\u0113m<br \/>4) Apgaismojums un starpsienas bank\u0101m, slimn\u012bc\u0101m un stacij\u0101m<br \/>5) siltumn\u012bcas d\u0101rze\u0146iem, zoolo\u0123iskajiem d\u0101rziem, \u016bdens produktiem<br \/>6) \u0100trce\u013cu ska\u0146as un siltuma izol\u0101cija<br \/><span style=\"font-size: revert; color: initial;\">7) Instrumentu un kara r\u016bpniec\u012bba - v\u0113jstikli, armijas vairogi.\u00a0<\/span><\/p>\n<div id=\"ali-anchor-AliPostDhMb-l0fwj\" class=\"mceSectionContainer\" data-section=\"AliPostDhMb-l0fwj\" data-section-title=\"Company Information\">\n<div id=\"ali-title-AliPostDhMb-l0fwj\"><strong>Inform\u0101cija par uz\u0146\u0113mumu<\/strong><\/div>\n<div>\n<p>\u00a0<img decoding=\"async\" src=\"https:\/\/sc01.alicdn.com\/kf\/HTB1ggLnJVXXXXcYXVXXq6xXFXXXP\/200162319\/HTB1ggLnJVXXXXcYXVXXq6xXFXXXP.jpg\" alt=\"Taiv\u0101nas CHIMEI pc-122m polikarbon\u0101ta ciet\u0101 loksne\" width=\"630\" height=\"635.88\" data-src=\"\/\/sc01.alicdn.com\/kf\/HTB1ggLnJVXXXXcYXVXXq6xXFXXXP\/200162319\/HTB1ggLnJVXXXXcYXVXXq6xXFXXXP.jpg\" data-alt=\"Taiwan CHIMEI pc-122m polycarbonate solid sheet\" data-width=\"630\" data- title=\"\"><\/p>\n<\/div>\n<\/div>\n<div id=\"ali-anchor-AliPostDhMb-mijvw\" class=\"mceSectionContainer\" data-section=\"AliPostDhMb-mijvw\" data-section-title=\"Packaging &amp; Shipping\">\n<div id=\"ali-title-AliPostDhMb-mijvw\"><strong>Iepakojums un pieg\u0101de<\/strong><\/div>\n<div>\n<p>\u00a0<img decoding=\"async\" src=\"https:\/\/sc02.alicdn.com\/kf\/H041aadba055e4601bc7a678fb8698a30S\/200162319\/H041aadba055e4601bc7a678fb8698a30S.jpg\" alt=\"Taiv\u0101nas CHIMEI pc-122m polikarbon\u0101ta ciet\u0101 loksne\" width=\"630\" height=\"472.5\" data-src=\"\/\/sc02.alicdn.com\/kf\/H041aadba055e4601bc7a678fb8698a30S\/200162319\/H041aadba055e4601bc7a678fb8698a30S.jpg\" data-alt=\"Taiwan CHIMEI pc-122m polycarbonate solid sheet\" data-width=\"630\" data- title=\"\"><img decoding=\"async\" src=\"https:\/\/sc01.alicdn.com\/kf\/H9b2821fc64654ff9878ed6ed866d26df6\/200162319\/H9b2821fc64654ff9878ed6ed866d26df6.jpg\" alt=\"Taiv\u0101nas CHIMEI pc-122m polikarbon\u0101ta ciet\u0101 loksne\" width=\"630\" height=\"840\" data-src=\"\/\/sc01.alicdn.com\/kf\/H9b2821fc64654ff9878ed6ed866d26df6\/200162319\/H9b2821fc64654ff9878ed6ed866d26df6.jpg\" data-alt=\"Taiwan CHIMEI pc-122m polycarbonate solid sheet\" data-width=\"630\" data- title=\"\"><\/p>\n<\/div>\n<\/div>\n<div id=\"ali-anchor-AliPostDhMb-ay4jz\" class=\"mceSectionContainer\" data-section=\"AliPostDhMb-ay4jz\" data-section-title=\"FAQ\">\n<div id=\"ali-title-AliPostDhMb-ay4jz\">\u00a0<\/div>\n<\/div>\n<\/div>","protected":false},"featured_media":15138,"parent":0,"template":"","product-catagories":[177],"product-tag":[],"class_list":["post-15295","product","type-product","status-publish","has-post-thumbnail","hentry","product-catagories-polycarbonate-solid-sheet"],"acf":[],"_links":{"self":[{"href":"https:\/\/www.tononplastics.com\/lv\/wp-json\/wp\/v2\/product\/15295","targetHints":{"allow":["GET"]}}],"collection":[{"href":"https:\/\/www.tononplastics.com\/lv\/wp-json\/wp\/v2\/product"}],"about":[{"href":"https:\/\/www.tononplastics.com\/lv\/wp-json\/wp\/v2\/types\/product"}],"version-history":[{"count":0,"href":"https:\/\/www.tononplastics.com\/lv\/wp-json\/wp\/v2\/product\/15295\/revisions"}],"wp:featuredmedia":[{"embeddable":true,"href":"https:\/\/www.tononplastics.com\/lv\/wp-json\/wp\/v2\/media\/15138"}],"wp:attachment":[{"href":"https:\/\/www.tononplastics.com\/lv\/wp-json\/wp\/v2\/media?parent=15295"}],"wp:term":[{"taxonomy":"product-catagories","embeddable":true,"href":"https:\/\/www.tononplastics.com\/lv\/wp-json\/wp\/v2\/product-catagories?post=15295"},{"taxonomy":"product-tag","embeddable":true,"href":"https:\/\/www.tononplastics.com\/lv\/wp-json\/wp\/v2\/product-tag?post=15295"}],"curies":[{"name":"wp","href":"https:\/\/api.w.org\/{rel}","templated":true}]}}