{"id":15299,"date":"2023-08-23T22:42:25","date_gmt":"2023-08-23T14:42:25","guid":{"rendered":"https:\/\/tononplastics.com\/?post_type=product&#038;p=15299"},"modified":"2024-03-25T12:11:10","modified_gmt":"2024-03-25T04:11:10","slug":"polycarbonate-solid-sheet-polycarbonate-sheet-solid","status":"publish","type":"product","link":"https:\/\/www.tononplastics.com\/lv\/product\/polycarbonate-solid-sheet-polycarbonate-sheet-solid\/","title":{"rendered":"Polikarbon\u0101ta ciet\u0101 loksne polikarbon\u0101ta ciet\u0101 loksne"},"content":{"rendered":"<p><strong>Produkta apraksts<\/strong>:<br>PC loksne ir izgatavota no oglek\u013ca sk\u0101bes estera, tai ir laba veiktsp\u0113ja, lai sp\u0113tu iztur\u0113t r\u0101po\u0161anu, un tai joproj\u0101m ir \u013coti augsta iztur\u012bba un intensit\u0101tes uzbrukums zem\u0101 temperat\u016br\u0101. Stingr\u012bba saglab\u0101 iztur\u012bbu liel\u0101kas temperat\u016bras diapazon\u0101. To pla\u0161i izmanto b\u016bvniec\u012bb\u0101, rekl\u0101m\u0101, dekor\u0113\u0161an\u0101, satiksm\u0113 utt.<\/p>\n\n\n\n<p><strong>&nbsp;Funkcijas:<br><\/strong>1) Gaismas caurlaid\u012bba: l\u012bdz 88%<br>2) triecieniztur\u012bba: 80 reizes liel\u0101ka nek\u0101 stiklam, 15 reizes liel\u0101ka nek\u0101 akrila pl\u0113vei.<br>3) Temperat\u016bras pretest\u012bbas diapazons: -40 ~ 120oC<br>4) neliels svars: tikai 1\/12 no t\u0101da pa\u0161a biezuma stikla svara.<br>5) Ultraviolet\u0101 starojuma iztur\u012bba: ar UV aizsargsl\u0101ni<br>6) Ugunsiztur\u012bba: B1 klase<br>7) Iztur\u012bba pret ska\u0146u un karstumu<\/p>\n\n\n\n<figure class=\"wp-block-gallery has-nested-images columns-default is-cropped wp-block-gallery-1 is-layout-flex wp-block-gallery-is-layout-flex\">\n<figure class=\"wp-block-image size-large\"><img decoding=\"async\" data-id=\"16096\" src=\"https:\/\/www.tononplastics.com\/wp-content\/uploads\/2023\/08\/ee820f11c6411bdff0f9803624957ea7.jpg\" alt=\"\" class=\"wp-image-16096\" title=\"\"><\/figure>\n\n\n\n<figure class=\"wp-block-image size-large\"><img fetchpriority=\"high\" decoding=\"async\" width=\"600\" height=\"600\" data-id=\"16095\" src=\"https:\/\/www.tononplastics.com\/wp-content\/uploads\/2023\/08\/eb443cb19045576e6c0bafaf2231dfae.jpg\" alt=\"\" class=\"wp-image-16095\" title=\"\" srcset=\"https:\/\/www.tononplastics.com\/wp-content\/uploads\/2023\/08\/eb443cb19045576e6c0bafaf2231dfae.jpg 600w, https:\/\/www.tononplastics.com\/wp-content\/uploads\/2023\/08\/eb443cb19045576e6c0bafaf2231dfae-300x300.jpg 300w, https:\/\/www.tononplastics.com\/wp-content\/uploads\/2023\/08\/eb443cb19045576e6c0bafaf2231dfae-150x150.jpg 150w, https:\/\/www.tononplastics.com\/wp-content\/uploads\/2023\/08\/eb443cb19045576e6c0bafaf2231dfae-12x12.jpg 12w\" sizes=\"(max-width: 600px) 100vw, 600px\" \/><\/figure>\n<\/figure>\n\n\n\n<p><strong>Pieteikumi:<\/strong><\/p>\n\n\n\n<p>1. Lielisks jumta seguma materi\u0101ls, ko pla\u0161i izmanto mansarda logiem, jumta logiem, pagarin\u0101t\u0101m verand\u0101m un siltumn\u012bc\u0101m, komerci\u0101l\u0101m telp\u0101m viesn\u012bc\u0101s, kafejn\u012bc\u0101s, veikalos, butikos un skaistumkop\u0161anas salonos, izst\u0101\u017eu centr\u0101 un telefona kab\u012bn\u0113.<br>2. Ska\u0146as izol\u0101cijas sienas automa\u0123istr\u0101l\u0113m, \u0101trgaitas dzelzce\u013cam.<br>3. Rekl\u0101mas izk\u0101rtnes.<br>4. Dekorat\u012bvais apgaismojums bank\u0101s, slimn\u012bc\u0101s, lidost\u0101s, autoost\u0101s, dzelzce\u013ca stacij\u0101s un b\u0113rnud\u0101rzos.<br>5. Netoksisks, saglab\u0101jot saikni ar p\u0101rtiku.<br>6. Parast\u0101 stikla aizvieto\u0161ana daudz\u0101s viet\u0101s.<\/p>\n\n\n\n<figure class=\"wp-block-image\"><img decoding=\"async\" src=\"https:\/\/sc01.alicdn.com\/kf\/Hb3bdebb96a2849458ce6dfcbaa19c5d15\/200162319\/Hb3bdebb96a2849458ce6dfcbaa19c5d15.png\" alt=\"polikarbon\u0101ta ciet\u0101 loksne polikarbon\u0101ta ciet\u0101 loksne\" title=\"\"><\/figure>\n\n\n\n<figure class=\"wp-block-image\"><img decoding=\"async\" src=\"https:\/\/sc01.alicdn.com\/kf\/H74247c1d61554ba2a775e9ce59244207e\/200162319\/H74247c1d61554ba2a775e9ce59244207e.jpg\" alt=\"polikarbon\u0101ta ciet\u0101 loksne polikarbon\u0101ta ciet\u0101 loksne\" title=\"\"><\/figure>\n\n\n\n<figure class=\"wp-block-image\"><img decoding=\"async\" src=\"https:\/\/sc01.alicdn.com\/kf\/Hee35153016fb4f64a8abd2cf77d8280dQ\/200162319\/Hee35153016fb4f64a8abd2cf77d8280dQ.jpg\" alt=\"polikarbon\u0101ta ciet\u0101 loksne polikarbon\u0101ta ciet\u0101 loksne\" title=\"\"><\/figure>","protected":false},"featured_media":0,"parent":0,"template":"","product-catagories":[177],"product-tag":[],"class_list":["post-15299","product","type-product","status-publish","hentry","product-catagories-polycarbonate-solid-sheet"],"acf":[],"_links":{"self":[{"href":"https:\/\/www.tononplastics.com\/lv\/wp-json\/wp\/v2\/product\/15299","targetHints":{"allow":["GET"]}}],"collection":[{"href":"https:\/\/www.tononplastics.com\/lv\/wp-json\/wp\/v2\/product"}],"about":[{"href":"https:\/\/www.tononplastics.com\/lv\/wp-json\/wp\/v2\/types\/product"}],"version-history":[{"count":0,"href":"https:\/\/www.tononplastics.com\/lv\/wp-json\/wp\/v2\/product\/15299\/revisions"}],"wp:attachment":[{"href":"https:\/\/www.tononplastics.com\/lv\/wp-json\/wp\/v2\/media?parent=15299"}],"wp:term":[{"taxonomy":"product-catagories","embeddable":true,"href":"https:\/\/www.tononplastics.com\/lv\/wp-json\/wp\/v2\/product-catagories?post=15299"},{"taxonomy":"product-tag","embeddable":true,"href":"https:\/\/www.tononplastics.com\/lv\/wp-json\/wp\/v2\/product-tag?post=15299"}],"curies":[{"name":"wp","href":"https:\/\/api.w.org\/{rel}","templated":true}]}}