{"id":15302,"date":"2023-08-23T22:45:21","date_gmt":"2023-08-23T14:45:21","guid":{"rendered":"https:\/\/tononplastics.com\/?post_type=product&#038;p=15302"},"modified":"2024-03-25T13:57:42","modified_gmt":"2024-03-25T05:57:42","slug":"pc-polycarbonate-sheet-swimming-pool-cover-plastic-twinwall-tubular-skylight","status":"publish","type":"product","link":"https:\/\/www.tononplastics.com\/lv\/product\/pc-polycarbonate-sheet-swimming-pool-cover-plastic-twinwall-tubular-skylight\/","title":{"rendered":"PC polikarbon\u0101ta loksnes peldbaseina v\u0101ks plastmasas twinwall cauru\u013cveida jumta logu"},"content":{"rendered":"<p align=\"left\"><strong>Funkcijas:<\/strong><\/p>\n<p align=\"left\">1. Lieliskas fizisk\u0101s, meh\u0101nisk\u0101s \u012bpa\u0161\u012bbas.<\/p>\n<p align=\"left\">2. Laba elektrisk\u0101, siltuma un ska\u0146as izol\u0101cija.<\/p>\n<p align=\"left\">3. Laba triecieniztur\u012bba un augsta iztur\u012bba.<\/p>\n<p align=\"left\">4. Laba gaismas caurlaid\u012bba.<\/p>\n<p align=\"left\">5. Laba temperat\u016bras iztur\u012bba.<\/p>\n<p align=\"left\">6. Ugunsgr\u0113ka aizkav\u0113\u0161ana.<\/p>\n<p align=\"left\">7. Netoksisks.<\/p>\n<p align=\"left\">8. UV aizsardz\u012bba.<\/p>\n<p align=\"left\">9. L\u0101\u010da noveco\u0161an\u0101s.<\/p>\n<p align=\"left\"><img decoding=\"async\" src=\"https:\/\/sc01.alicdn.com\/kf\/Hd9e19d925ce84a0fa4b3eef7a61b9267P\/200162319\/Hd9e19d925ce84a0fa4b3eef7a61b9267P.jpg\" alt=\"PC polikarbon\u0101ta loksnes peldbaseina v\u0101ks plastmasas twinwall cauru\u013cveida jumta logu\" width=\"630\" height=\"419.895\" data-src=\"\/\/sc01.alicdn.com\/kf\/Hd9e19d925ce84a0fa4b3eef7a61b9267P\/200162319\/Hd9e19d925ce84a0fa4b3eef7a61b9267P.jpg\" data-alt=\"PC Polycarbonate sheet swimming pool cover plastic twinwall tubular skylight\" data-width=\"630\" data- title=\"\"><img decoding=\"async\" src=\"https:\/\/sc02.alicdn.com\/kf\/Hadca19b5f4ea4f39acb6e8d3fafd8dfah\/200162319\/Hadca19b5f4ea4f39acb6e8d3fafd8dfah.jpg\" alt=\"PC polikarbon\u0101ta loksnes peldbaseina v\u0101ks plastmasas twinwall cauru\u013cveida jumta logu\" width=\"630\" height=\"945.2363090772693\" data-src=\"\/\/sc02.alicdn.com\/kf\/Hadca19b5f4ea4f39acb6e8d3fafd8dfah\/200162319\/Hadca19b5f4ea4f39acb6e8d3fafd8dfah.jpg\" data-alt=\"PC Polycarbonate sheet swimming pool cover plastic twinwall tubular skylight\" data-width=\"630\" data- title=\"\"><\/p>\n<p align=\"left\"><strong>Pieteikumi:<\/strong><\/p>\n<p align=\"left\">1. Lielisks jumta seguma materi\u0101ls, ko pla\u0161i izmanto mansarda logiem, jumta logiem, pagarin\u0101t\u0101m verand\u0101m un siltumn\u012bc\u0101m, komerci\u0101l\u0101m telp\u0101m viesn\u012bc\u0101s, kafejn\u012bc\u0101s, veikalos, butikos un skaistumkop\u0161anas salonos, izst\u0101\u017eu centr\u0101 un telefona kab\u012bn\u0113.<\/p>\n<p align=\"left\">2. Ska\u0146as izol\u0101cijas sienas automa\u0123istr\u0101l\u0113m, \u0101trgaitas dzelzce\u013cam.<\/p>\n<p align=\"left\">3. Rekl\u0101mas izk\u0101rtnes.<\/p>\n<p align=\"left\">4. Dekorat\u012bvais apgaismojums bank\u0101s, slimn\u012bc\u0101s, lidost\u0101s, autoost\u0101s, dzelzce\u013ca stacij\u0101s un b\u0113rnud\u0101rzos.<\/p>\n<p align=\"left\">5. Netoksisks, saglab\u0101jot saikni ar p\u0101rtiku.<\/p>\n<p align=\"left\">6. Parast\u0101 stikla aizvieto\u0161ana daudz\u0101s viet\u0101s.<\/p>\n<p align=\"left\">Specifik\u0101cijas:<\/p>\n<p align=\"left\">Biezums: 2,0 mm 3,0 mm 4,0 mm 4,5 mm 5,0 mm 6,0 mm 8,0 mm 10,0 mm<\/p>\n<p align=\"left\">Garums: 20m-50m<\/p>\n<p align=\"left\">Dzi\u013cums: 1220 mm 1560 mm 1820 mm 2100 mm<\/p>\n<p align=\"left\">Kr\u0101sa: caursp\u012bd\u012bga zila za\u013ca br\u016bna opalesc\u0113jo\u0161a caursp\u012bd\u012bga reljefa<\/p>\n<p align=\"left\">Ja klientiem ir nepiecie\u0161amas citas specifik\u0101cijas, m\u0113s varam pieg\u0101d\u0101t p\u0113c vi\u0146u piepras\u012bjuma.<\/p>\n<p align=\"left\"><img decoding=\"async\" src=\"https:\/\/sc02.alicdn.com\/kf\/H404b7790b8704a329fe41e1da3d8fa7cf\/200162319\/H404b7790b8704a329fe41e1da3d8fa7cf.jpg\" alt=\"PC polikarbon\u0101ta loksnes peldbaseina v\u0101ks plastmasas twinwall cauru\u013cveida jumta logu\" width=\"630\" height=\"419.895\" data-src=\"\/\/sc02.alicdn.com\/kf\/H404b7790b8704a329fe41e1da3d8fa7cf\/200162319\/H404b7790b8704a329fe41e1da3d8fa7cf.jpg\" data-alt=\"PC Polycarbonate sheet swimming pool cover plastic twinwall tubular skylight\" data-width=\"630\" data- title=\"\"><\/p>\n<div id=\"ali-anchor-AliPostDhMb-q2pzl\" data-section=\"AliPostDhMb-q2pzl\" data-section-title=\"Company Information\">\n<div>\n<p><img decoding=\"async\" src=\"https:\/\/sc02.alicdn.com\/kf\/H02a52324dc024cdcbaee8c550d0c5b3cR\/200162319\/H02a52324dc024cdcbaee8c550d0c5b3cR.png\" alt=\"PC polikarbon\u0101ta loksnes peldbaseina v\u0101ks plastmasas twinwall cauru\u013cveida jumta logu\" width=\"630\" height=\"214.7347480106101\" data-src=\"\/\/sc02.alicdn.com\/kf\/H02a52324dc024cdcbaee8c550d0c5b3cR\/200162319\/H02a52324dc024cdcbaee8c550d0c5b3cR.png\" data-alt=\"PC Polycarbonate sheet swimming pool cover plastic twinwall tubular skylight\" data-width=\"630\" data- title=\"\"><\/p>\n<\/div>\n<\/div>","protected":false},"featured_media":15119,"parent":0,"template":"","product-catagories":[177],"product-tag":[],"class_list":["post-15302","product","type-product","status-publish","has-post-thumbnail","hentry","product-catagories-polycarbonate-solid-sheet"],"acf":[],"_links":{"self":[{"href":"https:\/\/www.tononplastics.com\/lv\/wp-json\/wp\/v2\/product\/15302","targetHints":{"allow":["GET"]}}],"collection":[{"href":"https:\/\/www.tononplastics.com\/lv\/wp-json\/wp\/v2\/product"}],"about":[{"href":"https:\/\/www.tononplastics.com\/lv\/wp-json\/wp\/v2\/types\/product"}],"version-history":[{"count":0,"href":"https:\/\/www.tononplastics.com\/lv\/wp-json\/wp\/v2\/product\/15302\/revisions"}],"wp:featuredmedia":[{"embeddable":true,"href":"https:\/\/www.tononplastics.com\/lv\/wp-json\/wp\/v2\/media\/15119"}],"wp:attachment":[{"href":"https:\/\/www.tononplastics.com\/lv\/wp-json\/wp\/v2\/media?parent=15302"}],"wp:term":[{"taxonomy":"product-catagories","embeddable":true,"href":"https:\/\/www.tononplastics.com\/lv\/wp-json\/wp\/v2\/product-catagories?post=15302"},{"taxonomy":"product-tag","embeddable":true,"href":"https:\/\/www.tononplastics.com\/lv\/wp-json\/wp\/v2\/product-tag?post=15302"}],"curies":[{"name":"wp","href":"https:\/\/api.w.org\/{rel}","templated":true}]}}