{"id":15310,"date":"2023-08-23T22:50:59","date_gmt":"2023-08-23T14:50:59","guid":{"rendered":"https:\/\/tononplastics.com\/?post_type=product&#038;p=15310"},"modified":"2024-03-25T16:34:01","modified_gmt":"2024-03-25T08:34:01","slug":"4mm-polycarbonate-gazebo-plastic-sheet-rolls-polycarbonate-plastic-sheet","status":"publish","type":"product","link":"https:\/\/www.tononplastics.com\/lv\/product\/4mm-polycarbonate-gazebo-plastic-sheet-rolls-polycarbonate-plastic-sheet\/","title":{"rendered":"4 mm polikarbon\u0101ta lapene lapene \/ ru\u013c\u013ci polikarbon\u0101ta plastmasas loksnes"},"content":{"rendered":"<div id=\"ali-anchor-AliPostDhMb-6qy3o\" data-section=\"AliPostDhMb-6qy3o\" data-section-title=\"Product Description\">\n<div id=\"ali-title-AliPostDhMb-6qy3o\"><strong>Produkta apraksts<\/strong><\/div>\n<div>\n<p>\u00a0<img fetchpriority=\"high\" decoding=\"async\" class=\"\" src=\"https:\/\/sc01.alicdn.com\/kf\/Hd9e19d925ce84a0fa4b3eef7a61b9267P\/200162319\/Hd9e19d925ce84a0fa4b3eef7a61b9267P.jpg\" alt=\"4 mm polikarbon\u0101ta lapene lapene \/ ru\u013c\u013ci polikarbon\u0101ta plastmasas loksnes\" width=\"413\" height=\"275\" data-src=\"\/\/sc01.alicdn.com\/kf\/Hd9e19d925ce84a0fa4b3eef7a61b9267P\/200162319\/Hd9e19d925ce84a0fa4b3eef7a61b9267P.jpg\" data-alt=\"4mm polycarbonate gazebo plastic sheet\/ rolls polycarbonate plastic sheet\" data-width=\"630\" data-height=\"468\" data- title=\"\"><img decoding=\"async\" class=\"\" src=\"https:\/\/sc01.alicdn.com\/kf\/H5252f7bf19904b9295f135ab89a014f02\/200162319\/H5252f7bf19904b9295f135ab89a014f02.jpg\" alt=\"4 mm polikarbon\u0101ta lapene lapene \/ ru\u013c\u013ci polikarbon\u0101ta plastmasas loksnes\" width=\"402\" height=\"268\" data-src=\"\/\/sc01.alicdn.com\/kf\/H5252f7bf19904b9295f135ab89a014f02\/200162319\/H5252f7bf19904b9295f135ab89a014f02.jpg\" data-alt=\"4mm polycarbonate gazebo plastic sheet\/ rolls polycarbonate plastic sheet\" data-width=\"630\" data-height=\"468\" data- title=\"\"><\/p>\n<\/div>\n<\/div>\n<p><strong>Introduction:<\/strong><\/p>\n<p>PC Sheet is made of gather of the carbonic acid ester, it has good performance<br \/>\n<span style=\"font-size: revert; color: initial;\">to able to bear the creep, and it still has very high resisting and assaulting<br \/>\n<\/span><span style=\"font-size: revert; color: initial;\">the intensity under the low temperature. Rigidity keeps strength within the<br \/>\n<\/span><span style=\"font-size: revert; color: initial;\">range of bigger temperature. It is widely used in the construction, advertisement,<br \/>\n<\/span><span style=\"font-size: revert; color: initial;\">decoration,\u00a0traffic\u00a0etc.<\/span><\/p>\n<p><strong>Funkcijas:<\/strong><\/p>\n<p>1. Lieliskas fizisk\u0101s, meh\u0101nisk\u0101s \u012bpa\u0161\u012bbas.<\/p>\n<p>2. Laba elektrisk\u0101, siltuma un ska\u0146as izol\u0101cija.<\/p>\n<p>3. Laba triecieniztur\u012bba un augsta iztur\u012bba.<\/p>\n<p>4. Laba gaismas caurlaid\u012bba.<\/p>\n<p>5. Laba temperat\u016bras iztur\u012bba.<\/p>\n<p>6. Ugunsgr\u0113ka aizkav\u0113\u0161ana.<\/p>\n<p>7. Netoksisks.<\/p>\n<p>8. UV aizsardz\u012bba.<\/p>\n<p>9. L\u0101\u010da noveco\u0161an\u0101s.<\/p>\n<p><img decoding=\"async\" src=\"https:\/\/sc01.alicdn.com\/kf\/Hee35153016fb4f64a8abd2cf77d8280dQ\/200162319\/Hee35153016fb4f64a8abd2cf77d8280dQ.jpg\" alt=\"4 mm polikarbon\u0101ta lapene lapene \/ ru\u013c\u013ci polikarbon\u0101ta plastmasas loksnes\" width=\"700\" height=\"520\" data-src=\"\/\/sc01.alicdn.com\/kf\/Hee35153016fb4f64a8abd2cf77d8280dQ\/200162319\/Hee35153016fb4f64a8abd2cf77d8280dQ.jpg\" data-alt=\"4mm polycarbonate gazebo plastic sheet\/ rolls polycarbonate plastic sheet\" data-width=\"700\" data-height=\"520\" data- title=\"\"><\/p>\n<div id=\"ali-anchor-AliPostDhMb-0kuep\" data-section=\"AliPostDhMb-0kuep\" data-section-title=\"FAQ\">\n<div id=\"ali-title-AliPostDhMb-0kuep\"><strong>BIE\u017d\u0100K UZDOTIE JAUT\u0100JUMI<\/strong><\/div>\n<div>\n<p>1.Q: Vai j\u016bs esat tirdzniec\u012bbas uz\u0146\u0113mums vai ra\u017eot\u0101js?<\/p>\n<p>A: M\u0113s esam ra\u017eot\u0101js.<\/p>\n<p>2.Q: Cik ilgs ir j\u016bsu pieg\u0101des laiks?<\/p>\n<p>A: Atbilsto\u0161i produkta apstr\u0101des sare\u017e\u0123\u012bt\u012bbai un daudzumam jums tiks dots sapr\u0101t\u012bgs iera\u0161an\u0101s laiks.<\/p>\n<p>3.Q: Vai j\u016bs sniedzat paraugus? vai tas ir bezmaksas vai papildus?<\/p>\n<p>A: J\u0101, m\u0113s var\u0113tu pied\u0101v\u0101t paraugu bez maksas, bet nemaks\u0101 kravas izmaksas.<\/p>\n<p>4.Q: K\u0101di ir p\u0113cp\u0101rdo\u0161anas pakalpojumi?<\/p>\n<p>A: Ja rodas kvalit\u0101tes probl\u0113mas, iepakojumu var apmain\u012bt 90 dienu laik\u0101.<\/p>\n<p><img loading=\"lazy\" decoding=\"async\" src=\"https:\/\/sc01.alicdn.com\/kf\/Hb3bdebb96a2849458ce6dfcbaa19c5d15\/200162319\/Hb3bdebb96a2849458ce6dfcbaa19c5d15.png\" alt=\"4 mm polikarbon\u0101ta lapene lapene \/ ru\u013c\u013ci polikarbon\u0101ta plastmasas loksnes\" width=\"700\" height=\"550\" data-src=\"\/\/sc01.alicdn.com\/kf\/Hb3bdebb96a2849458ce6dfcbaa19c5d15\/200162319\/Hb3bdebb96a2849458ce6dfcbaa19c5d15.png\" data-alt=\"4mm polycarbonate gazebo plastic sheet\/ rolls polycarbonate plastic sheet\" data-width=\"700\" data-height=\"550\" data- title=\"\"><\/p>\n<\/div>\n<\/div>","protected":false},"featured_media":15139,"parent":0,"template":"","product-catagories":[177],"product-tag":[],"class_list":["post-15310","product","type-product","status-publish","has-post-thumbnail","hentry","product-catagories-polycarbonate-solid-sheet"],"acf":[],"_links":{"self":[{"href":"https:\/\/www.tononplastics.com\/lv\/wp-json\/wp\/v2\/product\/15310","targetHints":{"allow":["GET"]}}],"collection":[{"href":"https:\/\/www.tononplastics.com\/lv\/wp-json\/wp\/v2\/product"}],"about":[{"href":"https:\/\/www.tononplastics.com\/lv\/wp-json\/wp\/v2\/types\/product"}],"version-history":[{"count":0,"href":"https:\/\/www.tononplastics.com\/lv\/wp-json\/wp\/v2\/product\/15310\/revisions"}],"wp:featuredmedia":[{"embeddable":true,"href":"https:\/\/www.tononplastics.com\/lv\/wp-json\/wp\/v2\/media\/15139"}],"wp:attachment":[{"href":"https:\/\/www.tononplastics.com\/lv\/wp-json\/wp\/v2\/media?parent=15310"}],"wp:term":[{"taxonomy":"product-catagories","embeddable":true,"href":"https:\/\/www.tononplastics.com\/lv\/wp-json\/wp\/v2\/product-catagories?post=15310"},{"taxonomy":"product-tag","embeddable":true,"href":"https:\/\/www.tononplastics.com\/lv\/wp-json\/wp\/v2\/product-tag?post=15310"}],"curies":[{"name":"wp","href":"https:\/\/api.w.org\/{rel}","templated":true}]}}