{"id":15315,"date":"2023-08-23T22:59:55","date_gmt":"2023-08-23T14:59:55","guid":{"rendered":"https:\/\/tononplastics.com\/?post_type=product&#038;p=15315"},"modified":"2024-03-25T15:56:55","modified_gmt":"2024-03-25T07:56:55","slug":"manufacturer-polycarbonate-light-diffuser-led-strip-light-diffuser-cover","status":"publish","type":"product","link":"https:\/\/www.tononplastics.com\/lv\/product\/manufacturer-polycarbonate-light-diffuser-led-strip-light-diffuser-cover\/","title":{"rendered":"ra\u017eot\u0101js polikarbon\u0101ta gaismas difuzors rezult\u0101t\u0101 joslu gaismas difuzoru v\u0101ks"},"content":{"rendered":"<figure class=\"wp-block-gallery has-nested-images columns-default is-cropped wp-block-gallery-1 is-layout-flex wp-block-gallery-is-layout-flex\">\n<figure class=\"wp-block-image size-large\"><img decoding=\"async\" data-id=\"16138\" src=\"https:\/\/www.tononplastics.com\/wp-content\/uploads\/2024\/03\/H8c2216795864433d9334feab5642fc17J.webp\" alt=\"\" class=\"wp-image-16138\" title=\"\"><\/figure>\n\n\n\n<figure class=\"wp-block-image size-large\"><img decoding=\"async\" data-id=\"16103\" src=\"https:\/\/www.tononplastics.com\/wp-content\/uploads\/2023\/08\/H912578573bb64e5aa470cb700f63aee7a.webp\" alt=\"\" class=\"wp-image-16103\" title=\"\"><\/figure>\n<\/figure>\n\n\n<p><b>Inform\u0101cija par produktu:<\/b><\/p>\n<p><img fetchpriority=\"high\" decoding=\"async\" src=\"https:\/\/sc02.alicdn.com\/kf\/H3cbcbd416388413795ef9aae9767675d6\/200162319\/H3cbcbd416388413795ef9aae9767675d6.png\" width=\"745\" height=\"579\" data-src=\"\/\/sc02.alicdn.com\/kf\/H3cbcbd416388413795ef9aae9767675d6\/200162319\/H3cbcbd416388413795ef9aae9767675d6.png\" data-width=\"745\" data-height=\"579\" data- alt=\"\" title=\"\"><\/p>\n<div id=\"ali-anchor-AliPostDhMb-bqd6a\" class=\"mceSectionContainer\" data-section=\"AliPostDhMb-bqd6a\" data-section-title=\"Company Information\">\n<div id=\"ali-title-AliPostDhMb-bqd6a\"><strong>Inform\u0101cija par uz\u0146\u0113mumu<\/strong><\/div>\n<div>\n<p>\u00a0<img decoding=\"async\" src=\"https:\/\/sc01.alicdn.com\/kf\/HTB1ggLnJVXXXXcYXVXXq6xXFXXXP\/200162319\/HTB1ggLnJVXXXXcYXVXXq6xXFXXXP.jpg\" alt=\"ra\u017eot\u0101js polikarbon\u0101ta gaismas difuzors rezult\u0101t\u0101 joslu gaismas difuzoru v\u0101ks\" width=\"630\" height=\"635.88\" data-src=\"\/\/sc01.alicdn.com\/kf\/HTB1ggLnJVXXXXcYXVXXq6xXFXXXP\/200162319\/HTB1ggLnJVXXXXcYXVXXq6xXFXXXP.jpg\" data-alt=\"manufacturer polycarbonate light diffuser led strip light diffuser cover\" data-width=\"630\" data- title=\"\"><img decoding=\"async\" src=\"https:\/\/sc01.alicdn.com\/kf\/H32573bcb715d41cf947325c6557a5675j\/200162319\/H32573bcb715d41cf947325c6557a5675j.png\" alt=\"ra\u017eot\u0101js polikarbon\u0101ta gaismas difuzors rezult\u0101t\u0101 joslu gaismas difuzoru v\u0101ks\" width=\"630\" height=\"623.0110935023772\" data-src=\"\/\/sc01.alicdn.com\/kf\/H32573bcb715d41cf947325c6557a5675j\/200162319\/H32573bcb715d41cf947325c6557a5675j.png\" data-alt=\"manufacturer polycarbonate light diffuser led strip light diffuser cover\" data-width=\"630\" data- title=\"\"><\/p>\n<p>\u00a0<\/p>\n<\/div>\n<\/div>","protected":false},"featured_media":0,"parent":0,"template":"","product-catagories":[177],"product-tag":[],"class_list":["post-15315","product","type-product","status-publish","hentry","product-catagories-polycarbonate-solid-sheet"],"acf":[],"_links":{"self":[{"href":"https:\/\/www.tononplastics.com\/lv\/wp-json\/wp\/v2\/product\/15315","targetHints":{"allow":["GET"]}}],"collection":[{"href":"https:\/\/www.tononplastics.com\/lv\/wp-json\/wp\/v2\/product"}],"about":[{"href":"https:\/\/www.tononplastics.com\/lv\/wp-json\/wp\/v2\/types\/product"}],"version-history":[{"count":0,"href":"https:\/\/www.tononplastics.com\/lv\/wp-json\/wp\/v2\/product\/15315\/revisions"}],"wp:attachment":[{"href":"https:\/\/www.tononplastics.com\/lv\/wp-json\/wp\/v2\/media?parent=15315"}],"wp:term":[{"taxonomy":"product-catagories","embeddable":true,"href":"https:\/\/www.tononplastics.com\/lv\/wp-json\/wp\/v2\/product-catagories?post=15315"},{"taxonomy":"product-tag","embeddable":true,"href":"https:\/\/www.tononplastics.com\/lv\/wp-json\/wp\/v2\/product-tag?post=15315"}],"curies":[{"name":"wp","href":"https:\/\/api.w.org\/{rel}","templated":true}]}}