{"id":15316,"date":"2023-08-23T22:57:51","date_gmt":"2023-08-23T14:57:51","guid":{"rendered":"https:\/\/tononplastics.com\/?post_type=product&#038;p=15316"},"modified":"2024-03-25T12:34:43","modified_gmt":"2024-03-25T04:34:43","slug":"polycarbonate-sheet-used-for-bus-stop-bus-station-roof-sheet","status":"publish","type":"product","link":"https:\/\/www.tononplastics.com\/lv\/product\/polycarbonate-sheet-used-for-bus-stop-bus-station-roof-sheet\/","title":{"rendered":"Polikarbon\u0101ta loksnes, ko izmanto autobusu pieturas autobusu stacijas jumta loksnei"},"content":{"rendered":"<figure class=\"wp-block-gallery has-nested-images columns-default is-cropped wp-block-gallery-1 is-layout-flex wp-block-gallery-is-layout-flex\">\n<figure class=\"wp-block-image size-large\"><img decoding=\"async\" data-id=\"16138\" src=\"https:\/\/www.tononplastics.com\/wp-content\/uploads\/2024\/03\/H8c2216795864433d9334feab5642fc17J.webp\" alt=\"\" class=\"wp-image-16138\" title=\"\"><\/figure>\n\n\n\n<figure class=\"wp-block-image size-large\"><img decoding=\"async\" data-id=\"16139\" src=\"https:\/\/www.tononplastics.com\/wp-content\/uploads\/2024\/03\/H51343cdbb8f04c94a5295d3aa768236fu.webp\" alt=\"\" class=\"wp-image-16139\" title=\"\"><\/figure>\n<\/figure>\n\n\n<p><strong>Funkcijas:<\/strong><\/p>\n<p>1)Impact strength: The impact strength of\u00a0plastic sheet is 250 times of glass.<\/p>\n<p>2)Light weight: The weight of plastic sheet is only about half of glass.<\/p>\n<p>3)Transparency: The light transmission of a 3mm thickness plastic sheet is 88%.<\/p>\n<p>4) aizsardz\u012bba pret UV starojumu: PC loksne ir ekstrud\u0113ta kop\u0101 ar augsta bl\u012bvuma ultravioleto staru, kas ar\u012b pasarg\u0101 PC loksni no kr\u0101sas mai\u0146as.<\/p>\n<p>5)Resistance to weather: plastic sheet has resistance to bad weather and maintain excellent performance in the temperature range from -40oCto 120oC<\/p>\n<p>6) kondens\u0101cijas kav\u0113\u0161ana: Ja \u0101ra temperat\u016bra ir 0oC un iek\u0161telpu temperat\u016bra ir 23oC, PC loksne kondens\u0113jas l\u012bdz 80%.<\/p>\n<p>7) Siltumizol\u0101cija: Stikla K-v\u0113rt\u012bba ir 1,2 reizes augst\u0101ka nek\u0101 PC cietas loksnes. PC loksnes var ietaup\u012bt ener\u0123iju, vienlaikus nov\u0113r\u0161ot siltuma zudumus.<\/p>\n<p>8)Sound insulation: 6mm thickness PC solid sheet can reduce sound 20db.<\/p>\n<p>9) Ugunsiztur\u012bba: Valsts ugunsdro\u0161\u012bbas b\u016bvmateri\u0101lu kvalit\u0101tes uzraudz\u012bbas un test\u0113\u0161anas centra veiktaj\u0101 test\u0113\u0161an\u0101 materi\u0101ls ir nov\u0113rt\u0113ts k\u0101 1. klases materi\u0101ls saska\u0146\u0101 ar QB8624-1997 standartu.<\/p>\n<p>10) Viegla uzst\u0101d\u012b\u0161ana: PC loksni var saliekt karstu vai aukstu, un to var izmantot uz izliekt\u0101m l\u012bkn\u0113m un logiem. Minim\u0101lais PC loksnes izliekuma r\u0101diuss ir 175 reizes liel\u0101ks par t\u0101s biezumu.<br \/><img fetchpriority=\"high\" decoding=\"async\" src=\"https:\/\/sc01.alicdn.com\/kf\/H32420328557d486eb5370e0cf573cf134\/200162319\/H32420328557d486eb5370e0cf573cf134.jpg\" alt=\"polycarbonate sheet used for bus stop bus station roof sheet\" width=\"630\" height=\"840\" data-src=\"\/\/sc01.alicdn.com\/kf\/H32420328557d486eb5370e0cf573cf134\/200162319\/H32420328557d486eb5370e0cf573cf134.jpg\" data-alt=\"polycarbonate sheet used for bus stop bus station roof sheet\" data-width=\"630\" data- title=\"\"><\/p>\n<p><strong>Specifik\u0101cija:<\/strong><\/p>\n<p>1) biezums: 1,5 mm - 16 mm<\/p>\n<p>2) Maksim\u0101lais platums: 2100 mm<\/p>\n<p>3) garums: Nav ierobe\u017eojumu<\/p>\n<p>4) \u012apatn\u0113jais svars: 1200 kg\/m3<\/p>\n<p>5) Kr\u0101sa: dzidra, zila, za\u013ca, op\u0101la, br\u016bna utt.<\/p>\n<p><img decoding=\"async\" src=\"https:\/\/sc01.alicdn.com\/kf\/Hde2b9ec7d1d24a39a08ed8018029c625e\/200162319\/Hde2b9ec7d1d24a39a08ed8018029c625e.jpg\" alt=\"polycarbonate sheet used for bus stop bus station roof sheet\" width=\"630\" height=\"884.52\" data-src=\"\/\/sc01.alicdn.com\/kf\/Hde2b9ec7d1d24a39a08ed8018029c625e\/200162319\/Hde2b9ec7d1d24a39a08ed8018029c625e.jpg\" data-alt=\"polycarbonate sheet used for bus stop bus station roof sheet\" data-width=\"630\" data- title=\"\"><\/p>\n<p><strong>Projekta gad\u012bjums:<\/strong><\/p>\n<p><strong><img decoding=\"async\" src=\"https:\/\/sc02.alicdn.com\/kf\/Hdd4004b411004005a6f45b41e9b6359cw\/200162319\/Hdd4004b411004005a6f45b41e9b6359cw.png\" alt=\"polycarbonate sheet used for bus stop bus station roof sheet\" width=\"630\" height=\"585.7438016528926\" data-src=\"\/\/sc02.alicdn.com\/kf\/Hdd4004b411004005a6f45b41e9b6359cw\/200162319\/Hdd4004b411004005a6f45b41e9b6359cw.png\" data-alt=\"polycarbonate sheet used for bus stop bus station roof sheet\" data-width=\"630\" data- title=\"\"><\/strong><\/p>","protected":false},"featured_media":15287,"parent":0,"template":"","product-catagories":[177],"product-tag":[],"class_list":["post-15316","product","type-product","status-publish","has-post-thumbnail","hentry","product-catagories-polycarbonate-solid-sheet"],"acf":[],"_links":{"self":[{"href":"https:\/\/www.tononplastics.com\/lv\/wp-json\/wp\/v2\/product\/15316","targetHints":{"allow":["GET"]}}],"collection":[{"href":"https:\/\/www.tononplastics.com\/lv\/wp-json\/wp\/v2\/product"}],"about":[{"href":"https:\/\/www.tononplastics.com\/lv\/wp-json\/wp\/v2\/types\/product"}],"version-history":[{"count":0,"href":"https:\/\/www.tononplastics.com\/lv\/wp-json\/wp\/v2\/product\/15316\/revisions"}],"wp:featuredmedia":[{"embeddable":true,"href":"https:\/\/www.tononplastics.com\/lv\/wp-json\/wp\/v2\/media\/15287"}],"wp:attachment":[{"href":"https:\/\/www.tononplastics.com\/lv\/wp-json\/wp\/v2\/media?parent=15316"}],"wp:term":[{"taxonomy":"product-catagories","embeddable":true,"href":"https:\/\/www.tononplastics.com\/lv\/wp-json\/wp\/v2\/product-catagories?post=15316"},{"taxonomy":"product-tag","embeddable":true,"href":"https:\/\/www.tononplastics.com\/lv\/wp-json\/wp\/v2\/product-tag?post=15316"}],"curies":[{"name":"wp","href":"https:\/\/api.w.org\/{rel}","templated":true}]}}