{"id":15321,"date":"2023-08-23T23:01:25","date_gmt":"2023-08-23T15:01:25","guid":{"rendered":"https:\/\/tononplastics.com\/?post_type=product&#038;p=15321"},"modified":"2024-03-25T13:22:19","modified_gmt":"2024-03-25T05:22:19","slug":"plastic-pc-light-diffusion-sheet","status":"publish","type":"product","link":"https:\/\/www.tononplastics.com\/lv\/product\/plastic-pc-light-diffusion-sheet\/","title":{"rendered":"Plastmasas PC gaismas dif\u016bzijas loksne"},"content":{"rendered":"<p>Plastmasas PC gaismas dif\u016bzijas loksne ir caursp\u012bd\u012bgs polikarbon\u0101ta izstr\u0101d\u0101jums, kas \u012bpa\u0161i paredz\u0113ts apgaismojuma l\u0113c\u0101m un gaismas kast\u0113m. Tai piem\u012bt unik\u0101la augstas gaismas izkliedes un augstas gaismas caurlaid\u012bbas kombin\u0101cija, ko nodro\u0161ina uzlabota izklied\u0113t\u0101ja tehnolo\u0123ija. T\u0101s vienm\u0113r\u012bg\u0101s izkliedes \u012bpa\u0161\u012bbas pal\u012bdz samazin\u0101t redzamos LED \u2018karstos punktus\u2019 uz loksnes. Sal\u012bdzinot ar citiem gaismas izklied\u0113\u0161anas produktiem, piem\u0113ram, stiklu un akrilu, Quanfu PC izklied\u0113tajai loksnei ir augst\u0101ka triecieniztur\u012bba. T\u0101s augst\u0101 temperat\u016bras iztur\u012bba \u013cauj veidot stingr\u0101kus dizainus, nek\u0101 tas ir iesp\u0113jams ar akrilu. Quanfu PC dif\u016bz\u0101s pl\u0113ves dro\u0161\u0101 ugunsdro\u0161\u012bba padara to ide\u0101li piem\u0113rotu izmanto\u0161anai viet\u0101s, kur to prasa b\u016bvnormat\u012bvi, piem\u0113ram, lidost\u0101s un metro stacij\u0101s.<\/p>\n\n\n\n<h2 class=\"wp-block-heading\">Funkcijas<\/h2>\n\n\n\n<p>Augsta gaismas caurlaid\u012bba \/ astigmatisma efekts \/ augsta triecieniztur\u012bba \/ laba iztur\u012bba pret laikapst\u0101k\u013ciem \/ liesmu sl\u0101p\u0113\u0161ana \/ viegls svars un viegla uzst\u0101d\u012b\u0161ana \/ var izgatavot.<\/p>\n\n\n\n<h2 class=\"wp-block-heading\">Pieteikuma lauks<\/h2>\n\n\n\n<p>Apgaismojuma lampa rekl\u0101mas gaismas kaste, gaismas logo aba\u017e\u016bra panelis, model\u0113\u0161anas lampa LED gaismas korpuss<\/p>\n\n\n\n<figure class=\"wp-block-image\"><img decoding=\"async\" src=\"https:\/\/www.qfzhpc.com\/repository\/image\/b9257523-08e8-4c15-bbb6-46a7283094f3.jpg\" alt=\"r\" title=\"\"><\/figure>\n\n\n\n<figure class=\"wp-block-image\"><img decoding=\"async\" src=\"https:\/\/www.qfzhpc.com\/repository\/image\/42e6d982-1a48-4b02-bfe7-d7b70a3a29f9.jpg\" alt=\"qf\" title=\"\"><\/figure>\n\n\n<p><strong>Gaismas p\u0101rraide<\/strong><br \/>Gaismas caurlaid\u012bba atkar\u012bb\u0101 no kr\u0101sas un biezuma sasniedz 12%-82%.<\/p>\n<p><strong>Aizsardz\u012bba pret UV stariem<\/strong><br \/>Pateicoties patent\u0113tajam pret UV starojuma p\u0101rkl\u0101jumam, polikarbon\u0101ta jumta logi saglab\u0101 perfektu meh\u0101nisko un optisko veiktsp\u0113ju p\u0113c pak\u013cau\u0161anas iedarb\u012bbai.<\/p>\n<p><strong>Laikapst\u0101k\u013cu sp\u0113jas<\/strong><br \/>Tam piem\u012bt \u012bpa\u0161i laba iztur\u012bba pret laikapst\u0101k\u013ciem, kas nodro\u0161ina lielisku veiktsp\u0113ju pla\u0161\u0101 temperat\u016bras diapazon\u0101 no -40 \u00b0C l\u012bdz 120 \u00b0C.<br \/>Ugunsdro\u0161\u012bba: UL degam\u012bba 94 V-2<\/p>\n<p><strong>Viegla uzst\u0101d\u012b\u0161ana<\/strong><br \/>Viegli uzst\u0101d\u0101ms, un to var saliekt aukstum\u0101<\/p>\n<p><strong>Triecieniztur\u012bba<\/strong><br \/>250-300 rei\u017eu liel\u0101ka triecieniztur\u012bba nek\u0101 parastajam stiklam un 30 rei\u017eu liel\u0101ka nek\u0101 t\u0101da pa\u0161a biezuma akrila pane\u013ciem, kas ir 2-20 reizes vair\u0101k nek\u0101 r\u016bd\u012bts stikls, kas kr\u012bt divus metrus zem 3 kg \u0101murs bez plais\u0101m, bez boj\u0101jumiem.<\/p>\n<p>\u00a0<\/p>\n<div id=\"ali-anchor-AliPostDhMb-lve6r\" class=\"mceSectionContainer\" data-section=\"AliPostDhMb-lve6r\" data-section-title=\"Company Information\">\n<div>\n<p><img decoding=\"async\" src=\"https:\/\/sc04.alicdn.com\/kf\/He65fe62b4fff4bceb9db2d8d443b0938x\/200162319\/He65fe62b4fff4bceb9db2d8d443b0938x.jpg\" alt=\"plastmasas pc gaismas dif\u016bzijas loksnes\" width=\"630\" height=\"472.5\" data-src=\"\/\/sc04.alicdn.com\/kf\/He65fe62b4fff4bceb9db2d8d443b0938x\/200162319\/He65fe62b4fff4bceb9db2d8d443b0938x.jpg\" data-alt=\"plastic pc light diffusion sheet\" data-width=\"630\" data- title=\"\"><img decoding=\"async\" src=\"https:\/\/sc04.alicdn.com\/kf\/Hec1893bdf96e4e68954f01c51046919cR\/200162319\/Hec1893bdf96e4e68954f01c51046919cR.jpg\" alt=\"plastmasas pc gaismas dif\u016bzijas loksnes\" width=\"630\" height=\"346.5\" data-src=\"\/\/sc04.alicdn.com\/kf\/Hec1893bdf96e4e68954f01c51046919cR\/200162319\/Hec1893bdf96e4e68954f01c51046919cR.jpg\" data-alt=\"plastic pc light diffusion sheet\" data-width=\"630\" data- title=\"\"><\/p>\n<\/div>\n<\/div>","protected":false},"featured_media":15323,"parent":0,"template":"","product-catagories":[177],"product-tag":[],"class_list":["post-15321","product","type-product","status-publish","has-post-thumbnail","hentry","product-catagories-polycarbonate-solid-sheet"],"acf":[],"_links":{"self":[{"href":"https:\/\/www.tononplastics.com\/lv\/wp-json\/wp\/v2\/product\/15321","targetHints":{"allow":["GET"]}}],"collection":[{"href":"https:\/\/www.tononplastics.com\/lv\/wp-json\/wp\/v2\/product"}],"about":[{"href":"https:\/\/www.tononplastics.com\/lv\/wp-json\/wp\/v2\/types\/product"}],"version-history":[{"count":0,"href":"https:\/\/www.tononplastics.com\/lv\/wp-json\/wp\/v2\/product\/15321\/revisions"}],"wp:featuredmedia":[{"embeddable":true,"href":"https:\/\/www.tononplastics.com\/lv\/wp-json\/wp\/v2\/media\/15323"}],"wp:attachment":[{"href":"https:\/\/www.tononplastics.com\/lv\/wp-json\/wp\/v2\/media?parent=15321"}],"wp:term":[{"taxonomy":"product-catagories","embeddable":true,"href":"https:\/\/www.tononplastics.com\/lv\/wp-json\/wp\/v2\/product-catagories?post=15321"},{"taxonomy":"product-tag","embeddable":true,"href":"https:\/\/www.tononplastics.com\/lv\/wp-json\/wp\/v2\/product-tag?post=15321"}],"curies":[{"name":"wp","href":"https:\/\/api.w.org\/{rel}","templated":true}]}}