{"id":15329,"date":"2023-08-23T23:03:50","date_gmt":"2023-08-23T15:03:50","guid":{"rendered":"https:\/\/tononplastics.com\/?post_type=product&#038;p=15329"},"modified":"2024-03-25T12:20:33","modified_gmt":"2024-03-25T04:20:33","slug":"swimming-pool-panels-clear-polycarbonate-5mm-solid-sheet","status":"publish","type":"product","link":"https:\/\/www.tononplastics.com\/lv\/product\/swimming-pool-panels-clear-polycarbonate-5mm-solid-sheet\/","title":{"rendered":"Peldbaseina pane\u013ci caursp\u012bd\u012bgs polikarbon\u0101ts 5mm cieta loksne"},"content":{"rendered":"<p>PC peldbaseina loksne ir izgatavota no oglek\u013ca sk\u0101bes estera, tai ir laba veiktsp\u0113ja, lai var\u0113tu iztur\u0113t r\u0101po\u0161anu, un tai joproj\u0101m ir \u013coti augsta iztur\u012bba un intensit\u0101tes uzbrukums zem\u0101 temperat\u016br\u0101. Stingr\u012bba saglab\u0101 iztur\u012bbu liel\u0101kas temperat\u016bras diapazon\u0101. To pla\u0161i izmanto b\u016bvniec\u012bb\u0101, rekl\u0101m\u0101, dekor\u0113\u0161an\u0101, satiksm\u0113 utt.<\/p>\n<p align=\"left\"><strong>Funkcijas<\/strong>:<br \/>\n<span style=\"font-size: revert; color: initial;\">1. Lieliskas fizisk\u0101s, meh\u0101nisk\u0101s \u012bpa\u0161\u012bbas.<br \/>\n<\/span><span style=\"color: initial; font-size: revert;\">2. Laba elektrisk\u0101, siltuma un ska\u0146as izol\u0101cija.<br \/>\n<\/span><span style=\"font-size: revert; color: initial;\">3. Laba triecieniztur\u012bba un augsta iztur\u012bba.<br \/>\n<\/span><span style=\"font-size: revert; color: initial;\">4. Laba gaismas caurlaid\u012bba.<br \/>\n<\/span><span style=\"font-size: revert; color: initial;\">5. Laba temperat\u016bras iztur\u012bba.<br \/>\n<\/span><span style=\"font-size: revert; color: initial;\">6. Ugunsgr\u0113ka aizkav\u0113\u0161ana.<br \/>\n<\/span><span style=\"font-size: revert; color: initial;\">7. Netoksisks.<br \/>\n<\/span><span style=\"font-size: revert; color: initial;\">8. UV aizsardz\u012bba.<br \/>\n<\/span><span style=\"font-size: revert; color: initial;\">9. L\u0101\u010da noveco\u0161an\u0101s.<\/span><\/p>\n<p align=\"left\"><img fetchpriority=\"high\" decoding=\"async\" src=\"https:\/\/sc02.alicdn.com\/kf\/H4222a39a7737419ea9160956cf0c50ffO\/200162319\/H4222a39a7737419ea9160956cf0c50ffO.jpg\" alt=\"baseina pane\u013ci caursp\u012bd\u012bga polikarbon\u0101ta 5mm cieta loksne\" width=\"630\" height=\"630\" data-src=\"\/\/sc02.alicdn.com\/kf\/H4222a39a7737419ea9160956cf0c50ffO\/200162319\/H4222a39a7737419ea9160956cf0c50ffO.jpg\" data-alt=\"swimming pool panels clear polycarbonate 5mm solid sheet\" data-width=\"630\" data- title=\"\"><img decoding=\"async\" src=\"https:\/\/sc01.alicdn.com\/kf\/H1baf83ff1ab74e6ab8f72a43aa68be89d\/200162319\/H1baf83ff1ab74e6ab8f72a43aa68be89d.jpg\" alt=\"baseina pane\u013ci caursp\u012bd\u012bga polikarbon\u0101ta 5mm cieta loksne\" width=\"630\" height=\"497.7\" data-src=\"\/\/sc01.alicdn.com\/kf\/H1baf83ff1ab74e6ab8f72a43aa68be89d\/200162319\/H1baf83ff1ab74e6ab8f72a43aa68be89d.jpg\" data-alt=\"swimming pool panels clear polycarbonate 5mm solid sheet\" data-width=\"630\" data- title=\"\"><\/p>\n<p align=\"left\"><strong>Pieteikumi:<\/strong><\/p>\n<p align=\"left\">1. Lielisks jumta seguma materi\u0101ls, ko pla\u0161i izmanto mansarda logiem, jumta logiem, pagarin\u0101t\u0101m verand\u0101m un siltumn\u012bc\u0101m, komerci\u0101l\u0101m telp\u0101m viesn\u012bc\u0101s, kafejn\u012bc\u0101s, veikalos, butikos un skaistumkop\u0161anas salonos, izst\u0101\u017eu centr\u0101 un telefona kab\u012bn\u0113.<br \/>\n<span style=\"font-size: revert; color: initial;\">2. Ska\u0146as izol\u0101cijas sienas automa\u0123istr\u0101l\u0113m, \u0101trgaitas dzelzce\u013cam.<br \/>\n<\/span><span style=\"font-size: revert; color: initial;\">3. Rekl\u0101mas izk\u0101rtnes.<br \/>\n<\/span><span style=\"font-size: revert; color: initial;\">4. Dekorat\u012bvais apgaismojums bank\u0101s, slimn\u012bc\u0101s, lidost\u0101s, autoost\u0101s, dzelzce\u013ca stacij\u0101s un b\u0113rnud\u0101rzos.<br \/>\n<\/span><span style=\"font-size: revert; color: initial;\">5. Netoksisks, saglab\u0101jot saikni ar p\u0101rtiku.<br \/>\n<\/span><span style=\"font-size: revert; color: initial;\">6. Parast\u0101 stikla aizvieto\u0161ana daudz\u0101s viet\u0101s.<\/span><\/p>\n<p align=\"left\"><strong>Specifik\u0101cijas:<\/strong><\/p>\n<p align=\"left\">Biezums: 2,0 mm 3,0 mm 4,0 mm 4,5 mm 5,0 mm 6,0 mm 8,0 mm 10,0 mm<br \/>\n<span style=\"font-size: revert; color: initial;\">Garums: 20m-50m<br \/>\n<\/span><span style=\"font-size: revert; color: initial;\">Dzi\u013cums: 1220 mm 1560 mm 1820 mm 2100 mm<br \/>\n<\/span><span style=\"font-size: revert; color: initial;\">Kr\u0101sa: caursp\u012bd\u012bga zila za\u013ca br\u016bna opalesc\u0113jo\u0161a caursp\u012bd\u012bga reljefa<br \/>\n<\/span><span style=\"font-size: revert; color: initial;\">Ja klientiem ir nepiecie\u0161amas citas specifik\u0101cijas, m\u0113s varam pieg\u0101d\u0101t p\u0113c vi\u0146u piepras\u012bjuma.\u00a0\u00a0<\/span><\/p>\n<div id=\"ali-anchor-AliPostDhMb-qyxny\" data-section=\"AliPostDhMb-qyxny\" data-section-title=\"Packaging &amp; Shipping\">\n<div id=\"ali-title-AliPostDhMb-qyxny\"><strong>Iepakojums un pieg\u0101de<\/strong><\/div>\n<div>\n<p>\u00a0<img decoding=\"async\" src=\"https:\/\/sc01.alicdn.com\/kf\/Hb3bdebb96a2849458ce6dfcbaa19c5d15\/200162319\/Hb3bdebb96a2849458ce6dfcbaa19c5d15.png\" alt=\"baseina pane\u013ci caursp\u012bd\u012bga polikarbon\u0101ta 5mm cieta loksne\" width=\"630\" height=\"312.9083665338646\" data-src=\"\/\/sc01.alicdn.com\/kf\/Hb3bdebb96a2849458ce6dfcbaa19c5d15\/200162319\/Hb3bdebb96a2849458ce6dfcbaa19c5d15.png\" data-alt=\"swimming pool panels clear polycarbonate 5mm solid sheet\" data-width=\"630\" data- title=\"\"><img decoding=\"async\" src=\"https:\/\/sc02.alicdn.com\/kf\/Hd05fdb0988024155a7956963ea5973acD\/200162319\/Hd05fdb0988024155a7956963ea5973acD.png\" alt=\"baseina pane\u013ci caursp\u012bd\u012bga polikarbon\u0101ta 5mm cieta loksne\" width=\"630\" height=\"474.58885941644564\" data-src=\"\/\/sc02.alicdn.com\/kf\/Hd05fdb0988024155a7956963ea5973acD\/200162319\/Hd05fdb0988024155a7956963ea5973acD.png\" data-alt=\"swimming pool panels clear polycarbonate 5mm solid sheet\" data-width=\"630\" data- title=\"\"><img decoding=\"async\" src=\"https:\/\/sc02.alicdn.com\/kf\/H02a52324dc024cdcbaee8c550d0c5b3cR\/200162319\/H02a52324dc024cdcbaee8c550d0c5b3cR.png\" alt=\"baseina pane\u013ci caursp\u012bd\u012bga polikarbon\u0101ta 5mm cieta loksne\" width=\"630\" height=\"214.7347480106101\" data-src=\"\/\/sc02.alicdn.com\/kf\/H02a52324dc024cdcbaee8c550d0c5b3cR\/200162319\/H02a52324dc024cdcbaee8c550d0c5b3cR.png\" data-alt=\"swimming pool panels clear polycarbonate 5mm solid sheet\" data-width=\"630\" data- title=\"\"><\/p>\n<\/div>\n<\/div>","protected":false},"featured_media":13740,"parent":0,"template":"","product-catagories":[177],"product-tag":[],"class_list":["post-15329","product","type-product","status-publish","has-post-thumbnail","hentry","product-catagories-polycarbonate-solid-sheet"],"acf":[],"_links":{"self":[{"href":"https:\/\/www.tononplastics.com\/lv\/wp-json\/wp\/v2\/product\/15329","targetHints":{"allow":["GET"]}}],"collection":[{"href":"https:\/\/www.tononplastics.com\/lv\/wp-json\/wp\/v2\/product"}],"about":[{"href":"https:\/\/www.tononplastics.com\/lv\/wp-json\/wp\/v2\/types\/product"}],"version-history":[{"count":0,"href":"https:\/\/www.tononplastics.com\/lv\/wp-json\/wp\/v2\/product\/15329\/revisions"}],"wp:featuredmedia":[{"embeddable":true,"href":"https:\/\/www.tononplastics.com\/lv\/wp-json\/wp\/v2\/media\/13740"}],"wp:attachment":[{"href":"https:\/\/www.tononplastics.com\/lv\/wp-json\/wp\/v2\/media?parent=15329"}],"wp:term":[{"taxonomy":"product-catagories","embeddable":true,"href":"https:\/\/www.tononplastics.com\/lv\/wp-json\/wp\/v2\/product-catagories?post=15329"},{"taxonomy":"product-tag","embeddable":true,"href":"https:\/\/www.tononplastics.com\/lv\/wp-json\/wp\/v2\/product-tag?post=15329"}],"curies":[{"name":"wp","href":"https:\/\/api.w.org\/{rel}","templated":true}]}}